{"id":32195,"date":"2022-06-20T15:12:29","date_gmt":"2022-06-20T13:12:29","guid":{"rendered":"https:\/\/staging.lucky-hunter.com\/product\/mousqueton-geant-rigem-right\/"},"modified":"2025-06-24T14:16:15","modified_gmt":"2025-06-24T12:16:15","slug":"mousqueton-geant-rigem-right","status":"publish","type":"product","link":"https:\/\/staging.lucky-hunter.com\/fr\/product\/mousqueton-geant-rigem-right\/","title":{"rendered":"Mousqueton g\u00e9ant &#8211; Rig&#8217;Em Right"},"content":{"rendered":"<p>R\u00e9cup\u00e9rez et rangez tout un attelage de leurres de canard Rig\u2019Em Right avec syst\u00e8me Texas Rig gr\u00e2ce \u00e0 ce mousqueton g\u00e9ant Rig&#8217; Em Right.<\/p>\n<p>Le mousqueton g\u00e9ant vous permet de regrouper un grand nombre de boucles de corde pour les jeter dans un sac, vous \u00e9vitant ainsi d&#8217;avoir \u00e0 les s\u00e9parer en 2 ou 3 paquets.<\/p>\n<p>Le mousqueton Jumbo est dot\u00e9 d&#8217;une poign\u00e9e rembourr\u00e9e pour un transport confortable et d&#8217;un ressort robuste pour une longue dur\u00e9e de vie.<\/p>\n<p>Taille : 14cm.<\/p>\n<p>Vendu \u00e0 l\u2019unit\u00e9.<\/p>\n","protected":false},"excerpt":{"rendered":"<p>Transportez une grande quantit\u00e9 de leurres Rig&#8217; Em Right ou Texas Rigged avec ce mousqueton g\u00e9ant.<\/p>\n","protected":false},"featured_media":984692,"template":"","meta":[],"product_brand":[8127],"product_cat":[8165],"product_tag":[],"yoast_head":"<!-- This site is optimized with the Yoast SEO plugin v24.3 - https:\/\/yoast.com\/wordpress\/plugins\/seo\/ -->\n<title>Mousqueton g\u00e9ant Rig&#039;Em Right avec poign\u00e9e rembourr\u00e9e<\/title>\n<meta name=\"description\" content=\"Transportez une grande quantit\u00e9 de leurres Rig&#039; Em Right ou Texas Rigged avec ce mousqueton g\u00e9ant. With heavy-duty spring and padded handle.\" \/>\n<meta name=\"robots\" content=\"noindex, follow, max-snippet:-1, max-image-preview:large, max-video-preview:-1\" \/>\n<meta property=\"og:locale\" content=\"fr_FR\" \/>\n<meta property=\"og:type\" content=\"article\" \/>\n<meta property=\"og:title\" content=\"Mousqueton g\u00e9ant Rig&#039;Em Right avec poign\u00e9e rembourr\u00e9e\" \/>\n<meta property=\"og:description\" content=\"Transportez une grande quantit\u00e9 de leurres Rig&#039; Em Right ou Texas Rigged avec ce mousqueton g\u00e9ant. With heavy-duty spring and padded handle.\" \/>\n<meta property=\"og:url\" content=\"https:\/\/staging.lucky-hunter.com\/fr\/product\/mousqueton-geant-rigem-right\/\" \/>\n<meta property=\"og:site_name\" content=\"Lucky-Hunter\" \/>\n<meta property=\"article:modified_time\" content=\"2025-06-24T12:16:15+00:00\" \/>\n<meta property=\"og:image\" content=\"https:\/\/staging.lucky-hunter.com\/wp-content\/uploads\/2022\/06\/LF-411-1-510x510-1.png\" \/>\n\t<meta property=\"og:image:width\" content=\"510\" \/>\n\t<meta property=\"og:image:height\" content=\"510\" \/>\n\t<meta property=\"og:image:type\" content=\"image\/png\" \/>\n<meta name=\"twitter:card\" content=\"summary_large_image\" \/>\n<meta name=\"twitter:label1\" content=\"Dur\u00e9e de lecture estim\u00e9e\" \/>\n\t<meta name=\"twitter:data1\" content=\"1 minute\" \/>\n<script type=\"application\/ld+json\" class=\"yoast-schema-graph\">{\"@context\":\"https:\/\/schema.org\",\"@graph\":[{\"@type\":\"WebPage\",\"@id\":\"https:\/\/staging.lucky-hunter.com\/fr\/product\/mousqueton-geant-rigem-right\/\",\"url\":\"https:\/\/staging.lucky-hunter.com\/fr\/product\/mousqueton-geant-rigem-right\/\",\"name\":\"Mousqueton g\u00e9ant Rig'Em Right avec poign\u00e9e rembourr\u00e9e\",\"isPartOf\":{\"@id\":\"https:\/\/staging.lucky-hunter.com\/#website\"},\"primaryImageOfPage\":{\"@id\":\"https:\/\/staging.lucky-hunter.com\/fr\/product\/mousqueton-geant-rigem-right\/#primaryimage\"},\"image\":{\"@id\":\"https:\/\/staging.lucky-hunter.com\/fr\/product\/mousqueton-geant-rigem-right\/#primaryimage\"},\"thumbnailUrl\":\"https:\/\/staging.lucky-hunter.com\/wp-content\/uploads\/2022\/06\/LF-411-1-510x510-1.png\",\"datePublished\":\"2022-06-20T13:12:29+00:00\",\"dateModified\":\"2025-06-24T12:16:15+00:00\",\"description\":\"Transportez une grande quantit\u00e9 de leurres Rig' Em Right ou Texas Rigged avec ce mousqueton g\u00e9ant. With heavy-duty spring and padded handle.\",\"breadcrumb\":{\"@id\":\"https:\/\/staging.lucky-hunter.com\/fr\/product\/mousqueton-geant-rigem-right\/#breadcrumb\"},\"inLanguage\":\"fr-FR\",\"potentialAction\":[{\"@type\":\"ReadAction\",\"target\":[\"https:\/\/staging.lucky-hunter.com\/fr\/product\/mousqueton-geant-rigem-right\/\"]}]},{\"@type\":\"ImageObject\",\"inLanguage\":\"fr-FR\",\"@id\":\"https:\/\/staging.lucky-hunter.com\/fr\/product\/mousqueton-geant-rigem-right\/#primaryimage\",\"url\":\"https:\/\/staging.lucky-hunter.com\/wp-content\/uploads\/2022\/06\/LF-411-1-510x510-1.png\",\"contentUrl\":\"https:\/\/staging.lucky-hunter.com\/wp-content\/uploads\/2022\/06\/LF-411-1-510x510-1.png\",\"width\":510,\"height\":510},{\"@type\":\"BreadcrumbList\",\"@id\":\"https:\/\/staging.lucky-hunter.com\/fr\/product\/mousqueton-geant-rigem-right\/#breadcrumb\",\"itemListElement\":[{\"@type\":\"ListItem\",\"position\":1,\"name\":\"Home\",\"item\":\"https:\/\/staging.lucky-hunter.com\/fr\/\"},{\"@type\":\"ListItem\",\"position\":2,\"name\":\"Boutique\",\"item\":\"https:\/\/staging.lucky-hunter.com\/fr\/shop\/\"},{\"@type\":\"ListItem\",\"position\":3,\"name\":\"Mousqueton g\u00e9ant &#8211; Rig&#8217;Em Right\"}]},{\"@type\":\"WebSite\",\"@id\":\"https:\/\/staging.lucky-hunter.com\/#website\",\"url\":\"https:\/\/staging.lucky-hunter.com\/\",\"name\":\"Lucky-Hunter\",\"description\":\"Gear Up or Give Up\",\"potentialAction\":[{\"@type\":\"SearchAction\",\"target\":{\"@type\":\"EntryPoint\",\"urlTemplate\":\"https:\/\/staging.lucky-hunter.com\/?s={search_term_string}\"},\"query-input\":{\"@type\":\"PropertyValueSpecification\",\"valueRequired\":true,\"valueName\":\"search_term_string\"}}],\"inLanguage\":\"fr-FR\"}]}<\/script>\n<!-- \/ Yoast SEO plugin. -->","yoast_head_json":{"title":"Mousqueton g\u00e9ant Rig'Em Right avec poign\u00e9e rembourr\u00e9e","description":"Transportez une grande quantit\u00e9 de leurres Rig' Em Right ou Texas Rigged avec ce mousqueton g\u00e9ant. With heavy-duty spring and padded handle.","robots":{"index":"noindex","follow":"follow","max-snippet":"max-snippet:-1","max-image-preview":"max-image-preview:large","max-video-preview":"max-video-preview:-1"},"og_locale":"fr_FR","og_type":"article","og_title":"Mousqueton g\u00e9ant Rig'Em Right avec poign\u00e9e rembourr\u00e9e","og_description":"Transportez une grande quantit\u00e9 de leurres Rig' Em Right ou Texas Rigged avec ce mousqueton g\u00e9ant. With heavy-duty spring and padded handle.","og_url":"https:\/\/staging.lucky-hunter.com\/fr\/product\/mousqueton-geant-rigem-right\/","og_site_name":"Lucky-Hunter","article_modified_time":"2025-06-24T12:16:15+00:00","og_image":[{"width":510,"height":510,"url":"https:\/\/staging.lucky-hunter.com\/wp-content\/uploads\/2022\/06\/LF-411-1-510x510-1.png","type":"image\/png"}],"twitter_card":"summary_large_image","twitter_misc":{"Dur\u00e9e de lecture estim\u00e9e":"1 minute"},"schema":{"@context":"https:\/\/schema.org","@graph":[{"@type":"WebPage","@id":"https:\/\/staging.lucky-hunter.com\/fr\/product\/mousqueton-geant-rigem-right\/","url":"https:\/\/staging.lucky-hunter.com\/fr\/product\/mousqueton-geant-rigem-right\/","name":"Mousqueton g\u00e9ant Rig'Em Right avec poign\u00e9e rembourr\u00e9e","isPartOf":{"@id":"https:\/\/staging.lucky-hunter.com\/#website"},"primaryImageOfPage":{"@id":"https:\/\/staging.lucky-hunter.com\/fr\/product\/mousqueton-geant-rigem-right\/#primaryimage"},"image":{"@id":"https:\/\/staging.lucky-hunter.com\/fr\/product\/mousqueton-geant-rigem-right\/#primaryimage"},"thumbnailUrl":"https:\/\/staging.lucky-hunter.com\/wp-content\/uploads\/2022\/06\/LF-411-1-510x510-1.png","datePublished":"2022-06-20T13:12:29+00:00","dateModified":"2025-06-24T12:16:15+00:00","description":"Transportez une grande quantit\u00e9 de leurres Rig' Em Right ou Texas Rigged avec ce mousqueton g\u00e9ant. With heavy-duty spring and padded handle.","breadcrumb":{"@id":"https:\/\/staging.lucky-hunter.com\/fr\/product\/mousqueton-geant-rigem-right\/#breadcrumb"},"inLanguage":"fr-FR","potentialAction":[{"@type":"ReadAction","target":["https:\/\/staging.lucky-hunter.com\/fr\/product\/mousqueton-geant-rigem-right\/"]}]},{"@type":"ImageObject","inLanguage":"fr-FR","@id":"https:\/\/staging.lucky-hunter.com\/fr\/product\/mousqueton-geant-rigem-right\/#primaryimage","url":"https:\/\/staging.lucky-hunter.com\/wp-content\/uploads\/2022\/06\/LF-411-1-510x510-1.png","contentUrl":"https:\/\/staging.lucky-hunter.com\/wp-content\/uploads\/2022\/06\/LF-411-1-510x510-1.png","width":510,"height":510},{"@type":"BreadcrumbList","@id":"https:\/\/staging.lucky-hunter.com\/fr\/product\/mousqueton-geant-rigem-right\/#breadcrumb","itemListElement":[{"@type":"ListItem","position":1,"name":"Home","item":"https:\/\/staging.lucky-hunter.com\/fr\/"},{"@type":"ListItem","position":2,"name":"Boutique","item":"https:\/\/staging.lucky-hunter.com\/fr\/shop\/"},{"@type":"ListItem","position":3,"name":"Mousqueton g\u00e9ant &#8211; Rig&#8217;Em Right"}]},{"@type":"WebSite","@id":"https:\/\/staging.lucky-hunter.com\/#website","url":"https:\/\/staging.lucky-hunter.com\/","name":"Lucky-Hunter","description":"Gear Up or Give Up","potentialAction":[{"@type":"SearchAction","target":{"@type":"EntryPoint","urlTemplate":"https:\/\/staging.lucky-hunter.com\/?s={search_term_string}"},"query-input":{"@type":"PropertyValueSpecification","valueRequired":true,"valueName":"search_term_string"}}],"inLanguage":"fr-FR"}]}},"_links":{"self":[{"href":"https:\/\/staging.lucky-hunter.com\/fr\/wp-json\/wp\/v2\/product\/32195"}],"collection":[{"href":"https:\/\/staging.lucky-hunter.com\/fr\/wp-json\/wp\/v2\/product"}],"about":[{"href":"https:\/\/staging.lucky-hunter.com\/fr\/wp-json\/wp\/v2\/types\/product"}],"wp:featuredmedia":[{"embeddable":true,"href":"https:\/\/staging.lucky-hunter.com\/fr\/wp-json\/wp\/v2\/media\/984692"}],"wp:attachment":[{"href":"https:\/\/staging.lucky-hunter.com\/fr\/wp-json\/wp\/v2\/media?parent=32195"}],"wp:term":[{"taxonomy":"product_brand","embeddable":true,"href":"https:\/\/staging.lucky-hunter.com\/fr\/wp-json\/wp\/v2\/product_brand?post=32195"},{"taxonomy":"product_cat","embeddable":true,"href":"https:\/\/staging.lucky-hunter.com\/fr\/wp-json\/wp\/v2\/product_cat?post=32195"},{"taxonomy":"product_tag","embeddable":true,"href":"https:\/\/staging.lucky-hunter.com\/fr\/wp-json\/wp\/v2\/product_tag?post=32195"}],"curies":[{"name":"wp","href":"https:\/\/api.w.org\/{rel}","templated":true}]}}