{"id":32193,"date":"2022-07-07T15:08:23","date_gmt":"2022-07-07T13:08:23","guid":{"rendered":"https:\/\/staging.lucky-hunter.com\/product\/sweat-a-capuche-tec-stalker-de-banded-timber\/"},"modified":"2023-03-14T15:13:21","modified_gmt":"2023-03-14T14:13:21","slug":"sweat-a-capuche-tec-stalker-de-banded-timber","status":"publish","type":"product","link":"https:\/\/staging.lucky-hunter.com\/fr\/product\/sweat-a-capuche-tec-stalker-de-banded-timber\/","title":{"rendered":"Sweat \u00e0 Capuche TEC Stalker de Banded &#8211; Timber"},"content":{"rendered":"<h4><a href=\"https:\/\/staging.lucky-hunter.com\/wp-content\/uploads\/2022\/08\/Storrelsesguide-Herre-Engelsk.pdf\" target=\"_blank\" rel=\"noopener\"><strong>Voir le guide des tailles ici<\/strong><\/a><\/h4>\n<h2><strong>Sweat \u00e0 capuche id\u00e9al pour la chasse \u00e0 l&#8217;arc<\/strong><\/h2>\n<p>Caract\u00e9ristiques du sweat \u00e0 capuche TEC Stalker de Banded\u00a0:<\/p>\n<ul>\n<li>Tissu ultra-l\u00e9ger extensible dans les quatre sens afin de faciliter les mouvements par temps chaud<\/li>\n<li>Cache-cou int\u00e9gr\u00e9, rapide et facile \u00e0 d\u00e9plier<\/li>\n<li>Fermeture \u00e9clair 1\/4<\/li>\n<li>Poche de poitrine Napol\u00e9on \u00e0 fermeture \u00e9clair<\/li>\n<li>Coupe ample pour plus de confort<\/li>\n<li>S\u00e9chage rapide<\/li>\n<li>Mouvements faciles gr\u00e2ce aux bras articul\u00e9s<\/li>\n<li>Poignets passe-pouce<\/li>\n<li>Motif camouflage Timber.<\/li>\n<\/ul>\n","protected":false},"excerpt":{"rendered":"<p>V\u00eatements pour le passionn\u00e9 de chasse au gibier d\u2019eau. Le sweat \u00e0 capuche TEC Stalker de Banded est dot\u00e9 d&#8217;un tissu ultra-l\u00e9ger extensible dans les 4 sens, pour des mouvements faciles.<\/p>\n","protected":false},"featured_media":54507,"template":"","meta":[],"product_brand":[8137],"product_cat":[9236],"product_tag":[],"yoast_head":"<!-- This site is optimized with the Yoast SEO plugin v24.3 - https:\/\/yoast.com\/wordpress\/plugins\/seo\/ -->\n<title>Sweat \u00e0 capuche TEC Stalker de Banded - Motif Timber pour passionn\u00e9s de chasse au gibier d\u2019eau<\/title>\n<meta name=\"description\" content=\"V\u00eatement pour le passionn\u00e9 de chasse au gibier d\u2019eau. Le sweat \u00e0 capuche TEC Stalker de Banded est dot\u00e9 d&#039;un tissu ultra-l\u00e9ger extensible dans les 4 sens, pour des mouvements faciles.\" \/>\n<meta name=\"robots\" content=\"noindex, follow, max-snippet:-1, max-image-preview:large, max-video-preview:-1\" \/>\n<meta property=\"og:locale\" content=\"fr_FR\" \/>\n<meta property=\"og:type\" content=\"article\" \/>\n<meta property=\"og:title\" content=\"Sweat \u00e0 capuche TEC Stalker de Banded - Motif Timber pour passionn\u00e9s de chasse au gibier d\u2019eau\" \/>\n<meta property=\"og:description\" content=\"V\u00eatement pour le passionn\u00e9 de chasse au gibier d\u2019eau. Le sweat \u00e0 capuche TEC Stalker de Banded est dot\u00e9 d&#039;un tissu ultra-l\u00e9ger extensible dans les 4 sens, pour des mouvements faciles.\" \/>\n<meta property=\"og:url\" content=\"https:\/\/staging.lucky-hunter.com\/fr\/product\/sweat-a-capuche-tec-stalker-de-banded-timber\/\" \/>\n<meta property=\"og:site_name\" content=\"Lucky-Hunter\" \/>\n<meta property=\"article:modified_time\" content=\"2023-03-14T14:13:21+00:00\" \/>\n<meta property=\"og:image\" content=\"https:\/\/staging.lucky-hunter.com\/wp-content\/uploads\/2022\/07\/Tech-stalker-Timber.png\" \/>\n\t<meta property=\"og:image:width\" content=\"1000\" \/>\n\t<meta property=\"og:image:height\" content=\"1000\" \/>\n\t<meta property=\"og:image:type\" content=\"image\/png\" \/>\n<meta name=\"twitter:card\" content=\"summary_large_image\" \/>\n<meta name=\"twitter:label1\" content=\"Dur\u00e9e de lecture estim\u00e9e\" \/>\n\t<meta name=\"twitter:data1\" content=\"1 minute\" \/>\n<script type=\"application\/ld+json\" class=\"yoast-schema-graph\">{\"@context\":\"https:\/\/schema.org\",\"@graph\":[{\"@type\":\"WebPage\",\"@id\":\"https:\/\/staging.lucky-hunter.com\/fr\/product\/sweat-a-capuche-tec-stalker-de-banded-timber\/\",\"url\":\"https:\/\/staging.lucky-hunter.com\/fr\/product\/sweat-a-capuche-tec-stalker-de-banded-timber\/\",\"name\":\"Sweat \u00e0 capuche TEC Stalker de Banded - Motif Timber pour passionn\u00e9s de chasse au gibier d\u2019eau\",\"isPartOf\":{\"@id\":\"https:\/\/staging.lucky-hunter.com\/#website\"},\"primaryImageOfPage\":{\"@id\":\"https:\/\/staging.lucky-hunter.com\/fr\/product\/sweat-a-capuche-tec-stalker-de-banded-timber\/#primaryimage\"},\"image\":{\"@id\":\"https:\/\/staging.lucky-hunter.com\/fr\/product\/sweat-a-capuche-tec-stalker-de-banded-timber\/#primaryimage\"},\"thumbnailUrl\":\"https:\/\/staging.lucky-hunter.com\/wp-content\/uploads\/2022\/07\/Tech-stalker-Timber.png\",\"datePublished\":\"2022-07-07T13:08:23+00:00\",\"dateModified\":\"2023-03-14T14:13:21+00:00\",\"description\":\"V\u00eatement pour le passionn\u00e9 de chasse au gibier d\u2019eau. Le sweat \u00e0 capuche TEC Stalker de Banded est dot\u00e9 d'un tissu ultra-l\u00e9ger extensible dans les 4 sens, pour des mouvements faciles.\",\"breadcrumb\":{\"@id\":\"https:\/\/staging.lucky-hunter.com\/fr\/product\/sweat-a-capuche-tec-stalker-de-banded-timber\/#breadcrumb\"},\"inLanguage\":\"fr-FR\",\"potentialAction\":[{\"@type\":\"ReadAction\",\"target\":[\"https:\/\/staging.lucky-hunter.com\/fr\/product\/sweat-a-capuche-tec-stalker-de-banded-timber\/\"]}]},{\"@type\":\"ImageObject\",\"inLanguage\":\"fr-FR\",\"@id\":\"https:\/\/staging.lucky-hunter.com\/fr\/product\/sweat-a-capuche-tec-stalker-de-banded-timber\/#primaryimage\",\"url\":\"https:\/\/staging.lucky-hunter.com\/wp-content\/uploads\/2022\/07\/Tech-stalker-Timber.png\",\"contentUrl\":\"https:\/\/staging.lucky-hunter.com\/wp-content\/uploads\/2022\/07\/Tech-stalker-Timber.png\",\"width\":1000,\"height\":1000},{\"@type\":\"BreadcrumbList\",\"@id\":\"https:\/\/staging.lucky-hunter.com\/fr\/product\/sweat-a-capuche-tec-stalker-de-banded-timber\/#breadcrumb\",\"itemListElement\":[{\"@type\":\"ListItem\",\"position\":1,\"name\":\"Home\",\"item\":\"https:\/\/staging.lucky-hunter.com\/fr\/\"},{\"@type\":\"ListItem\",\"position\":2,\"name\":\"Boutique\",\"item\":\"https:\/\/staging.lucky-hunter.com\/fr\/shop\/\"},{\"@type\":\"ListItem\",\"position\":3,\"name\":\"Sweat \u00e0 Capuche TEC Stalker de Banded &#8211; Timber\"}]},{\"@type\":\"WebSite\",\"@id\":\"https:\/\/staging.lucky-hunter.com\/#website\",\"url\":\"https:\/\/staging.lucky-hunter.com\/\",\"name\":\"Lucky-Hunter\",\"description\":\"Gear Up or Give Up\",\"potentialAction\":[{\"@type\":\"SearchAction\",\"target\":{\"@type\":\"EntryPoint\",\"urlTemplate\":\"https:\/\/staging.lucky-hunter.com\/?s={search_term_string}\"},\"query-input\":{\"@type\":\"PropertyValueSpecification\",\"valueRequired\":true,\"valueName\":\"search_term_string\"}}],\"inLanguage\":\"fr-FR\"}]}<\/script>\n<!-- \/ Yoast SEO plugin. -->","yoast_head_json":{"title":"Sweat \u00e0 capuche TEC Stalker de Banded - Motif Timber pour passionn\u00e9s de chasse au gibier d\u2019eau","description":"V\u00eatement pour le passionn\u00e9 de chasse au gibier d\u2019eau. Le sweat \u00e0 capuche TEC Stalker de Banded est dot\u00e9 d'un tissu ultra-l\u00e9ger extensible dans les 4 sens, pour des mouvements faciles.","robots":{"index":"noindex","follow":"follow","max-snippet":"max-snippet:-1","max-image-preview":"max-image-preview:large","max-video-preview":"max-video-preview:-1"},"og_locale":"fr_FR","og_type":"article","og_title":"Sweat \u00e0 capuche TEC Stalker de Banded - Motif Timber pour passionn\u00e9s de chasse au gibier d\u2019eau","og_description":"V\u00eatement pour le passionn\u00e9 de chasse au gibier d\u2019eau. Le sweat \u00e0 capuche TEC Stalker de Banded est dot\u00e9 d'un tissu ultra-l\u00e9ger extensible dans les 4 sens, pour des mouvements faciles.","og_url":"https:\/\/staging.lucky-hunter.com\/fr\/product\/sweat-a-capuche-tec-stalker-de-banded-timber\/","og_site_name":"Lucky-Hunter","article_modified_time":"2023-03-14T14:13:21+00:00","og_image":[{"width":1000,"height":1000,"url":"https:\/\/staging.lucky-hunter.com\/wp-content\/uploads\/2022\/07\/Tech-stalker-Timber.png","type":"image\/png"}],"twitter_card":"summary_large_image","twitter_misc":{"Dur\u00e9e de lecture estim\u00e9e":"1 minute"},"schema":{"@context":"https:\/\/schema.org","@graph":[{"@type":"WebPage","@id":"https:\/\/staging.lucky-hunter.com\/fr\/product\/sweat-a-capuche-tec-stalker-de-banded-timber\/","url":"https:\/\/staging.lucky-hunter.com\/fr\/product\/sweat-a-capuche-tec-stalker-de-banded-timber\/","name":"Sweat \u00e0 capuche TEC Stalker de Banded - Motif Timber pour passionn\u00e9s de chasse au gibier d\u2019eau","isPartOf":{"@id":"https:\/\/staging.lucky-hunter.com\/#website"},"primaryImageOfPage":{"@id":"https:\/\/staging.lucky-hunter.com\/fr\/product\/sweat-a-capuche-tec-stalker-de-banded-timber\/#primaryimage"},"image":{"@id":"https:\/\/staging.lucky-hunter.com\/fr\/product\/sweat-a-capuche-tec-stalker-de-banded-timber\/#primaryimage"},"thumbnailUrl":"https:\/\/staging.lucky-hunter.com\/wp-content\/uploads\/2022\/07\/Tech-stalker-Timber.png","datePublished":"2022-07-07T13:08:23+00:00","dateModified":"2023-03-14T14:13:21+00:00","description":"V\u00eatement pour le passionn\u00e9 de chasse au gibier d\u2019eau. Le sweat \u00e0 capuche TEC Stalker de Banded est dot\u00e9 d'un tissu ultra-l\u00e9ger extensible dans les 4 sens, pour des mouvements faciles.","breadcrumb":{"@id":"https:\/\/staging.lucky-hunter.com\/fr\/product\/sweat-a-capuche-tec-stalker-de-banded-timber\/#breadcrumb"},"inLanguage":"fr-FR","potentialAction":[{"@type":"ReadAction","target":["https:\/\/staging.lucky-hunter.com\/fr\/product\/sweat-a-capuche-tec-stalker-de-banded-timber\/"]}]},{"@type":"ImageObject","inLanguage":"fr-FR","@id":"https:\/\/staging.lucky-hunter.com\/fr\/product\/sweat-a-capuche-tec-stalker-de-banded-timber\/#primaryimage","url":"https:\/\/staging.lucky-hunter.com\/wp-content\/uploads\/2022\/07\/Tech-stalker-Timber.png","contentUrl":"https:\/\/staging.lucky-hunter.com\/wp-content\/uploads\/2022\/07\/Tech-stalker-Timber.png","width":1000,"height":1000},{"@type":"BreadcrumbList","@id":"https:\/\/staging.lucky-hunter.com\/fr\/product\/sweat-a-capuche-tec-stalker-de-banded-timber\/#breadcrumb","itemListElement":[{"@type":"ListItem","position":1,"name":"Home","item":"https:\/\/staging.lucky-hunter.com\/fr\/"},{"@type":"ListItem","position":2,"name":"Boutique","item":"https:\/\/staging.lucky-hunter.com\/fr\/shop\/"},{"@type":"ListItem","position":3,"name":"Sweat \u00e0 Capuche TEC Stalker de Banded &#8211; Timber"}]},{"@type":"WebSite","@id":"https:\/\/staging.lucky-hunter.com\/#website","url":"https:\/\/staging.lucky-hunter.com\/","name":"Lucky-Hunter","description":"Gear Up or Give Up","potentialAction":[{"@type":"SearchAction","target":{"@type":"EntryPoint","urlTemplate":"https:\/\/staging.lucky-hunter.com\/?s={search_term_string}"},"query-input":{"@type":"PropertyValueSpecification","valueRequired":true,"valueName":"search_term_string"}}],"inLanguage":"fr-FR"}]}},"_links":{"self":[{"href":"https:\/\/staging.lucky-hunter.com\/fr\/wp-json\/wp\/v2\/product\/32193"}],"collection":[{"href":"https:\/\/staging.lucky-hunter.com\/fr\/wp-json\/wp\/v2\/product"}],"about":[{"href":"https:\/\/staging.lucky-hunter.com\/fr\/wp-json\/wp\/v2\/types\/product"}],"wp:featuredmedia":[{"embeddable":true,"href":"https:\/\/staging.lucky-hunter.com\/fr\/wp-json\/wp\/v2\/media\/54507"}],"wp:attachment":[{"href":"https:\/\/staging.lucky-hunter.com\/fr\/wp-json\/wp\/v2\/media?parent=32193"}],"wp:term":[{"taxonomy":"product_brand","embeddable":true,"href":"https:\/\/staging.lucky-hunter.com\/fr\/wp-json\/wp\/v2\/product_brand?post=32193"},{"taxonomy":"product_cat","embeddable":true,"href":"https:\/\/staging.lucky-hunter.com\/fr\/wp-json\/wp\/v2\/product_cat?post=32193"},{"taxonomy":"product_tag","embeddable":true,"href":"https:\/\/staging.lucky-hunter.com\/fr\/wp-json\/wp\/v2\/product_tag?post=32193"}],"curies":[{"name":"wp","href":"https:\/\/api.w.org\/{rel}","templated":true}]}}