{"id":32192,"date":"2022-07-11T15:12:06","date_gmt":"2022-07-11T13:12:06","guid":{"rendered":"https:\/\/staging.lucky-hunter.com\/product\/sweat-a-capuche-banded-atchafalaya-max7\/"},"modified":"2023-03-14T15:11:45","modified_gmt":"2023-03-14T14:11:45","slug":"sweat-a-capuche-banded-atchafalaya-max7","status":"publish","type":"product","link":"https:\/\/staging.lucky-hunter.com\/fr\/product\/sweat-a-capuche-banded-atchafalaya-max7\/","title":{"rendered":"Sweat \u00e0 Capuche Banded Atchafalaya &#8211; Max7"},"content":{"rendered":"<h4><a href=\"https:\/\/staging.lucky-hunter.com\/wp-content\/uploads\/2022\/08\/Storrelsesguide-Herre-Engelsk.pdf\" target=\"_blank\" rel=\"noopener\"><strong>Voir le guide des tailles ici<\/strong><\/a><\/h4>\n<h2><strong>Le sweat \u00e0 capuche ultime pour les passionn\u00e9s de chasse au gibier d\u2019eau<\/strong><\/h2>\n<div>\n<div>Atchafalaya, de Banded, est un sweat-shirt coupe-vent et r\u00e9sistant aux intemp\u00e9ries, avec une tr\u00e8s belle doublure en polaire.<\/div>\n<div><\/div>\n<div>Fabriqu\u00e9 avec le tissu Q.W.A.S., une technologie sp\u00e9ciale au r\u00e9sultat silencieux, chaud et hydrofuge.<\/div>\n<div><\/div>\n<div><strong>Caract\u00e9ristiques principales\u00a0:<\/strong><\/div>\n<ul>\n<li>Tissu Q.W.A.S.<\/li>\n<li>Doublure en polaire velours qui procure chaleur et confort<\/li>\n<li>Poche avant doubl\u00e9e de polaire velours, id\u00e9ale pour les mains froides et disposant de beaucoup d&#8217;espace pour ranger de petits objets<\/li>\n<li>La capuche anatomique dispose de 3 r\u00e9glages et prot\u00e8ge du vent tout en pr\u00e9servant la chaleur<\/li>\n<li>L&#8217;ourlet \u00e0 cordon de serrage ajustable prot\u00e8ge du vent<\/li>\n<li>Motif camouflage Max7.<\/li>\n<\/ul>\n<div><\/div>\n<div>Tailles : S, M, L, XL, 2XL, 3XL.<\/div>\n<\/div>\n","protected":false},"excerpt":{"rendered":"<div>Atchafalaya, de Banded, est un sweat-shirt coupe-vent et r\u00e9sistant aux intemp\u00e9ries, avec une tr\u00e8s belle doublure en polaire. Le tissu est silencieux, chaud et r\u00e9sistant \u00e0 l\u2019eau.<\/div>\n","protected":false},"featured_media":51004,"template":"","meta":[],"product_brand":[8137],"product_cat":[9236],"product_tag":[],"yoast_head":"<!-- This site is optimized with the Yoast SEO plugin v24.3 - https:\/\/yoast.com\/wordpress\/plugins\/seo\/ -->\n<title>Sweat Banded Atchafalaya - Le meilleur sweat \u00e0 capuche Max7<\/title>\n<meta name=\"description\" content=\"Atchafalaya, de Banded, est un sweat-shirt coupe-vent et r\u00e9sistant aux intemp\u00e9ries, avec une tr\u00e8s belle doublure en polaire. Le tissu est silencieux, chaud et r\u00e9sistant \u00e0 l\u2019eau.\" \/>\n<meta name=\"robots\" content=\"noindex, follow, max-snippet:-1, max-image-preview:large, max-video-preview:-1\" \/>\n<meta property=\"og:locale\" content=\"fr_FR\" \/>\n<meta property=\"og:type\" content=\"article\" \/>\n<meta property=\"og:title\" content=\"Sweat Banded Atchafalaya - Le meilleur sweat \u00e0 capuche Max7\" \/>\n<meta property=\"og:description\" content=\"Atchafalaya, de Banded, est un sweat-shirt coupe-vent et r\u00e9sistant aux intemp\u00e9ries, avec une tr\u00e8s belle doublure en polaire. Le tissu est silencieux, chaud et r\u00e9sistant \u00e0 l\u2019eau.\" \/>\n<meta property=\"og:url\" content=\"https:\/\/staging.lucky-hunter.com\/fr\/product\/sweat-a-capuche-banded-atchafalaya-max7\/\" \/>\n<meta property=\"og:site_name\" content=\"Lucky-Hunter\" \/>\n<meta property=\"article:modified_time\" content=\"2023-03-14T14:11:45+00:00\" \/>\n<meta property=\"og:image\" content=\"https:\/\/staging.lucky-hunter.com\/wp-content\/uploads\/2022\/07\/JB-0044.png\" \/>\n\t<meta property=\"og:image:width\" content=\"1000\" \/>\n\t<meta property=\"og:image:height\" content=\"1000\" \/>\n\t<meta property=\"og:image:type\" content=\"image\/png\" \/>\n<meta name=\"twitter:card\" content=\"summary_large_image\" \/>\n<meta name=\"twitter:label1\" content=\"Dur\u00e9e de lecture estim\u00e9e\" \/>\n\t<meta name=\"twitter:data1\" content=\"1 minute\" \/>\n<script type=\"application\/ld+json\" class=\"yoast-schema-graph\">{\"@context\":\"https:\/\/schema.org\",\"@graph\":[{\"@type\":\"WebPage\",\"@id\":\"https:\/\/staging.lucky-hunter.com\/fr\/product\/sweat-a-capuche-banded-atchafalaya-max7\/\",\"url\":\"https:\/\/staging.lucky-hunter.com\/fr\/product\/sweat-a-capuche-banded-atchafalaya-max7\/\",\"name\":\"Sweat Banded Atchafalaya - Le meilleur sweat \u00e0 capuche Max7\",\"isPartOf\":{\"@id\":\"https:\/\/staging.lucky-hunter.com\/#website\"},\"primaryImageOfPage\":{\"@id\":\"https:\/\/staging.lucky-hunter.com\/fr\/product\/sweat-a-capuche-banded-atchafalaya-max7\/#primaryimage\"},\"image\":{\"@id\":\"https:\/\/staging.lucky-hunter.com\/fr\/product\/sweat-a-capuche-banded-atchafalaya-max7\/#primaryimage\"},\"thumbnailUrl\":\"https:\/\/staging.lucky-hunter.com\/wp-content\/uploads\/2022\/07\/JB-0044.png\",\"datePublished\":\"2022-07-11T13:12:06+00:00\",\"dateModified\":\"2023-03-14T14:11:45+00:00\",\"description\":\"Atchafalaya, de Banded, est un sweat-shirt coupe-vent et r\u00e9sistant aux intemp\u00e9ries, avec une tr\u00e8s belle doublure en polaire. Le tissu est silencieux, chaud et r\u00e9sistant \u00e0 l\u2019eau.\",\"breadcrumb\":{\"@id\":\"https:\/\/staging.lucky-hunter.com\/fr\/product\/sweat-a-capuche-banded-atchafalaya-max7\/#breadcrumb\"},\"inLanguage\":\"fr-FR\",\"potentialAction\":[{\"@type\":\"ReadAction\",\"target\":[\"https:\/\/staging.lucky-hunter.com\/fr\/product\/sweat-a-capuche-banded-atchafalaya-max7\/\"]}]},{\"@type\":\"ImageObject\",\"inLanguage\":\"fr-FR\",\"@id\":\"https:\/\/staging.lucky-hunter.com\/fr\/product\/sweat-a-capuche-banded-atchafalaya-max7\/#primaryimage\",\"url\":\"https:\/\/staging.lucky-hunter.com\/wp-content\/uploads\/2022\/07\/JB-0044.png\",\"contentUrl\":\"https:\/\/staging.lucky-hunter.com\/wp-content\/uploads\/2022\/07\/JB-0044.png\",\"width\":1000,\"height\":1000},{\"@type\":\"BreadcrumbList\",\"@id\":\"https:\/\/staging.lucky-hunter.com\/fr\/product\/sweat-a-capuche-banded-atchafalaya-max7\/#breadcrumb\",\"itemListElement\":[{\"@type\":\"ListItem\",\"position\":1,\"name\":\"Home\",\"item\":\"https:\/\/staging.lucky-hunter.com\/fr\/\"},{\"@type\":\"ListItem\",\"position\":2,\"name\":\"Boutique\",\"item\":\"https:\/\/staging.lucky-hunter.com\/fr\/shop\/\"},{\"@type\":\"ListItem\",\"position\":3,\"name\":\"Sweat \u00e0 Capuche Banded Atchafalaya &#8211; Max7\"}]},{\"@type\":\"WebSite\",\"@id\":\"https:\/\/staging.lucky-hunter.com\/#website\",\"url\":\"https:\/\/staging.lucky-hunter.com\/\",\"name\":\"Lucky-Hunter\",\"description\":\"Gear Up or Give Up\",\"potentialAction\":[{\"@type\":\"SearchAction\",\"target\":{\"@type\":\"EntryPoint\",\"urlTemplate\":\"https:\/\/staging.lucky-hunter.com\/?s={search_term_string}\"},\"query-input\":{\"@type\":\"PropertyValueSpecification\",\"valueRequired\":true,\"valueName\":\"search_term_string\"}}],\"inLanguage\":\"fr-FR\"}]}<\/script>\n<!-- \/ Yoast SEO plugin. -->","yoast_head_json":{"title":"Sweat Banded Atchafalaya - Le meilleur sweat \u00e0 capuche Max7","description":"Atchafalaya, de Banded, est un sweat-shirt coupe-vent et r\u00e9sistant aux intemp\u00e9ries, avec une tr\u00e8s belle doublure en polaire. Le tissu est silencieux, chaud et r\u00e9sistant \u00e0 l\u2019eau.","robots":{"index":"noindex","follow":"follow","max-snippet":"max-snippet:-1","max-image-preview":"max-image-preview:large","max-video-preview":"max-video-preview:-1"},"og_locale":"fr_FR","og_type":"article","og_title":"Sweat Banded Atchafalaya - Le meilleur sweat \u00e0 capuche Max7","og_description":"Atchafalaya, de Banded, est un sweat-shirt coupe-vent et r\u00e9sistant aux intemp\u00e9ries, avec une tr\u00e8s belle doublure en polaire. Le tissu est silencieux, chaud et r\u00e9sistant \u00e0 l\u2019eau.","og_url":"https:\/\/staging.lucky-hunter.com\/fr\/product\/sweat-a-capuche-banded-atchafalaya-max7\/","og_site_name":"Lucky-Hunter","article_modified_time":"2023-03-14T14:11:45+00:00","og_image":[{"width":1000,"height":1000,"url":"https:\/\/staging.lucky-hunter.com\/wp-content\/uploads\/2022\/07\/JB-0044.png","type":"image\/png"}],"twitter_card":"summary_large_image","twitter_misc":{"Dur\u00e9e de lecture estim\u00e9e":"1 minute"},"schema":{"@context":"https:\/\/schema.org","@graph":[{"@type":"WebPage","@id":"https:\/\/staging.lucky-hunter.com\/fr\/product\/sweat-a-capuche-banded-atchafalaya-max7\/","url":"https:\/\/staging.lucky-hunter.com\/fr\/product\/sweat-a-capuche-banded-atchafalaya-max7\/","name":"Sweat Banded Atchafalaya - Le meilleur sweat \u00e0 capuche Max7","isPartOf":{"@id":"https:\/\/staging.lucky-hunter.com\/#website"},"primaryImageOfPage":{"@id":"https:\/\/staging.lucky-hunter.com\/fr\/product\/sweat-a-capuche-banded-atchafalaya-max7\/#primaryimage"},"image":{"@id":"https:\/\/staging.lucky-hunter.com\/fr\/product\/sweat-a-capuche-banded-atchafalaya-max7\/#primaryimage"},"thumbnailUrl":"https:\/\/staging.lucky-hunter.com\/wp-content\/uploads\/2022\/07\/JB-0044.png","datePublished":"2022-07-11T13:12:06+00:00","dateModified":"2023-03-14T14:11:45+00:00","description":"Atchafalaya, de Banded, est un sweat-shirt coupe-vent et r\u00e9sistant aux intemp\u00e9ries, avec une tr\u00e8s belle doublure en polaire. Le tissu est silencieux, chaud et r\u00e9sistant \u00e0 l\u2019eau.","breadcrumb":{"@id":"https:\/\/staging.lucky-hunter.com\/fr\/product\/sweat-a-capuche-banded-atchafalaya-max7\/#breadcrumb"},"inLanguage":"fr-FR","potentialAction":[{"@type":"ReadAction","target":["https:\/\/staging.lucky-hunter.com\/fr\/product\/sweat-a-capuche-banded-atchafalaya-max7\/"]}]},{"@type":"ImageObject","inLanguage":"fr-FR","@id":"https:\/\/staging.lucky-hunter.com\/fr\/product\/sweat-a-capuche-banded-atchafalaya-max7\/#primaryimage","url":"https:\/\/staging.lucky-hunter.com\/wp-content\/uploads\/2022\/07\/JB-0044.png","contentUrl":"https:\/\/staging.lucky-hunter.com\/wp-content\/uploads\/2022\/07\/JB-0044.png","width":1000,"height":1000},{"@type":"BreadcrumbList","@id":"https:\/\/staging.lucky-hunter.com\/fr\/product\/sweat-a-capuche-banded-atchafalaya-max7\/#breadcrumb","itemListElement":[{"@type":"ListItem","position":1,"name":"Home","item":"https:\/\/staging.lucky-hunter.com\/fr\/"},{"@type":"ListItem","position":2,"name":"Boutique","item":"https:\/\/staging.lucky-hunter.com\/fr\/shop\/"},{"@type":"ListItem","position":3,"name":"Sweat \u00e0 Capuche Banded Atchafalaya &#8211; Max7"}]},{"@type":"WebSite","@id":"https:\/\/staging.lucky-hunter.com\/#website","url":"https:\/\/staging.lucky-hunter.com\/","name":"Lucky-Hunter","description":"Gear Up or Give Up","potentialAction":[{"@type":"SearchAction","target":{"@type":"EntryPoint","urlTemplate":"https:\/\/staging.lucky-hunter.com\/?s={search_term_string}"},"query-input":{"@type":"PropertyValueSpecification","valueRequired":true,"valueName":"search_term_string"}}],"inLanguage":"fr-FR"}]}},"_links":{"self":[{"href":"https:\/\/staging.lucky-hunter.com\/fr\/wp-json\/wp\/v2\/product\/32192"}],"collection":[{"href":"https:\/\/staging.lucky-hunter.com\/fr\/wp-json\/wp\/v2\/product"}],"about":[{"href":"https:\/\/staging.lucky-hunter.com\/fr\/wp-json\/wp\/v2\/types\/product"}],"wp:featuredmedia":[{"embeddable":true,"href":"https:\/\/staging.lucky-hunter.com\/fr\/wp-json\/wp\/v2\/media\/51004"}],"wp:attachment":[{"href":"https:\/\/staging.lucky-hunter.com\/fr\/wp-json\/wp\/v2\/media?parent=32192"}],"wp:term":[{"taxonomy":"product_brand","embeddable":true,"href":"https:\/\/staging.lucky-hunter.com\/fr\/wp-json\/wp\/v2\/product_brand?post=32192"},{"taxonomy":"product_cat","embeddable":true,"href":"https:\/\/staging.lucky-hunter.com\/fr\/wp-json\/wp\/v2\/product_cat?post=32192"},{"taxonomy":"product_tag","embeddable":true,"href":"https:\/\/staging.lucky-hunter.com\/fr\/wp-json\/wp\/v2\/product_tag?post=32192"}],"curies":[{"name":"wp","href":"https:\/\/api.w.org\/{rel}","templated":true}]}}