{"id":32191,"date":"2022-07-11T15:34:09","date_gmt":"2022-07-11T13:34:09","guid":{"rendered":"https:\/\/staging.lucky-hunter.com\/product\/sweat-a-capuche-banded-atchafalaya-timber\/"},"modified":"2023-03-14T15:11:55","modified_gmt":"2023-03-14T14:11:55","slug":"sweat-a-capuche-banded-atchafalaya-timber","status":"publish","type":"product","link":"https:\/\/staging.lucky-hunter.com\/fr\/product\/sweat-a-capuche-banded-atchafalaya-timber\/","title":{"rendered":"Sweat \u00e0 Capuche Banded Atchafalaya &#8211; Timber"},"content":{"rendered":"<h4><a href=\"https:\/\/staging.lucky-hunter.com\/wp-content\/uploads\/2022\/08\/Storrelsesguide-Herre-Engelsk.pdf\" target=\"_blank\" rel=\"noopener\"><strong>Voir le guide des tailles ici<\/strong><\/a><\/h4>\n<h2><strong>Le sweat \u00e0 capuche ultime pour les passionn\u00e9s de chasse<\/strong><\/h2>\n<div>\n<div>Atchafalaya, de Banded, est un sweat-shirt coupe-vent et r\u00e9sistant aux intemp\u00e9ries, avec une tr\u00e8s belle doublure en polaire.<\/div>\n<div><\/div>\n<div>Fabriqu\u00e9 avec le tissu Q.W.A.S., une technologie sp\u00e9ciale au r\u00e9sultat silencieux, chaud et hydrofuge.<\/div>\n<div><\/div>\n<div><strong>Caract\u00e9ristiques principales\u00a0:<\/strong><\/div>\n<ul>\n<li>Tissu Q.W.A.S.<\/li>\n<li>Doublure en polaire velours qui procure chaleur et confort<\/li>\n<li>Poche avant doubl\u00e9e de polaire velours, id\u00e9ale pour les mains froides et disposant de beaucoup d&#8217;espace pour ranger de petits objets<\/li>\n<li>La capuche anatomique dispose de 3 r\u00e9glages et prot\u00e8ge du vent tout en pr\u00e9servant la chaleur<\/li>\n<li>L&#8217;ourlet \u00e0 cordon de serrage ajustable prot\u00e8ge du vent<\/li>\n<li>Motif camouflage Timber.<\/li>\n<\/ul>\n<div><\/div>\n<div>Tailles : S, M, L, XL, 2XL, 3XL.<\/div>\n<\/div>\n","protected":false},"excerpt":{"rendered":"<div>Atchafalaya, de Banded, est un sweat-shirt coupe-vent et r\u00e9sistant aux intemp\u00e9ries, avec une tr\u00e8s belle doublure en polaire. Le tissu est silencieux, chaud et r\u00e9sistant \u00e0 l\u2019eau.<\/div>\n","protected":false},"featured_media":31257,"template":"","meta":[],"product_brand":[8137],"product_cat":[9236],"product_tag":[],"yoast_head":"<!-- This site is optimized with the Yoast SEO plugin v24.3 - https:\/\/yoast.com\/wordpress\/plugins\/seo\/ -->\n<title>Sweat Banded Atchafalaya - Le sweat \u00e0 capuche ultime pour chasseurs<\/title>\n<meta name=\"description\" content=\"Atchafalaya, de Banded, est un sweat-shirt coupe-vent et r\u00e9sistant aux intemp\u00e9ries, avec une tr\u00e8s belle doublure en polaire. Le tissu est silencieux, chaud et r\u00e9sistant \u00e0 l\u2019eau.\" \/>\n<meta name=\"robots\" content=\"noindex, follow, max-snippet:-1, max-image-preview:large, max-video-preview:-1\" \/>\n<meta property=\"og:locale\" content=\"fr_FR\" \/>\n<meta property=\"og:type\" content=\"article\" \/>\n<meta property=\"og:title\" content=\"Sweat Banded Atchafalaya - Le sweat \u00e0 capuche ultime pour chasseurs\" \/>\n<meta property=\"og:description\" content=\"Atchafalaya, de Banded, est un sweat-shirt coupe-vent et r\u00e9sistant aux intemp\u00e9ries, avec une tr\u00e8s belle doublure en polaire. Le tissu est silencieux, chaud et r\u00e9sistant \u00e0 l\u2019eau.\" \/>\n<meta property=\"og:url\" content=\"https:\/\/staging.lucky-hunter.com\/fr\/product\/sweat-a-capuche-banded-atchafalaya-timber\/\" \/>\n<meta property=\"og:site_name\" content=\"Lucky-Hunter\" \/>\n<meta property=\"article:modified_time\" content=\"2023-03-14T14:11:55+00:00\" \/>\n<meta property=\"og:image\" content=\"https:\/\/staging.lucky-hunter.com\/wp-content\/uploads\/2022\/07\/JB-0080.png\" \/>\n\t<meta property=\"og:image:width\" content=\"1000\" \/>\n\t<meta property=\"og:image:height\" content=\"1000\" \/>\n\t<meta property=\"og:image:type\" content=\"image\/png\" \/>\n<meta name=\"twitter:card\" content=\"summary_large_image\" \/>\n<meta name=\"twitter:label1\" content=\"Dur\u00e9e de lecture estim\u00e9e\" \/>\n\t<meta name=\"twitter:data1\" content=\"1 minute\" \/>\n<script type=\"application\/ld+json\" class=\"yoast-schema-graph\">{\"@context\":\"https:\/\/schema.org\",\"@graph\":[{\"@type\":\"WebPage\",\"@id\":\"https:\/\/staging.lucky-hunter.com\/fr\/product\/sweat-a-capuche-banded-atchafalaya-timber\/\",\"url\":\"https:\/\/staging.lucky-hunter.com\/fr\/product\/sweat-a-capuche-banded-atchafalaya-timber\/\",\"name\":\"Sweat Banded Atchafalaya - Le sweat \u00e0 capuche ultime pour chasseurs\",\"isPartOf\":{\"@id\":\"https:\/\/staging.lucky-hunter.com\/#website\"},\"primaryImageOfPage\":{\"@id\":\"https:\/\/staging.lucky-hunter.com\/fr\/product\/sweat-a-capuche-banded-atchafalaya-timber\/#primaryimage\"},\"image\":{\"@id\":\"https:\/\/staging.lucky-hunter.com\/fr\/product\/sweat-a-capuche-banded-atchafalaya-timber\/#primaryimage\"},\"thumbnailUrl\":\"https:\/\/staging.lucky-hunter.com\/wp-content\/uploads\/2022\/07\/JB-0080.png\",\"datePublished\":\"2022-07-11T13:34:09+00:00\",\"dateModified\":\"2023-03-14T14:11:55+00:00\",\"description\":\"Atchafalaya, de Banded, est un sweat-shirt coupe-vent et r\u00e9sistant aux intemp\u00e9ries, avec une tr\u00e8s belle doublure en polaire. Le tissu est silencieux, chaud et r\u00e9sistant \u00e0 l\u2019eau.\",\"breadcrumb\":{\"@id\":\"https:\/\/staging.lucky-hunter.com\/fr\/product\/sweat-a-capuche-banded-atchafalaya-timber\/#breadcrumb\"},\"inLanguage\":\"fr-FR\",\"potentialAction\":[{\"@type\":\"ReadAction\",\"target\":[\"https:\/\/staging.lucky-hunter.com\/fr\/product\/sweat-a-capuche-banded-atchafalaya-timber\/\"]}]},{\"@type\":\"ImageObject\",\"inLanguage\":\"fr-FR\",\"@id\":\"https:\/\/staging.lucky-hunter.com\/fr\/product\/sweat-a-capuche-banded-atchafalaya-timber\/#primaryimage\",\"url\":\"https:\/\/staging.lucky-hunter.com\/wp-content\/uploads\/2022\/07\/JB-0080.png\",\"contentUrl\":\"https:\/\/staging.lucky-hunter.com\/wp-content\/uploads\/2022\/07\/JB-0080.png\",\"width\":1000,\"height\":1000},{\"@type\":\"BreadcrumbList\",\"@id\":\"https:\/\/staging.lucky-hunter.com\/fr\/product\/sweat-a-capuche-banded-atchafalaya-timber\/#breadcrumb\",\"itemListElement\":[{\"@type\":\"ListItem\",\"position\":1,\"name\":\"Home\",\"item\":\"https:\/\/staging.lucky-hunter.com\/fr\/\"},{\"@type\":\"ListItem\",\"position\":2,\"name\":\"Boutique\",\"item\":\"https:\/\/staging.lucky-hunter.com\/fr\/shop\/\"},{\"@type\":\"ListItem\",\"position\":3,\"name\":\"Sweat \u00e0 Capuche Banded Atchafalaya &#8211; Timber\"}]},{\"@type\":\"WebSite\",\"@id\":\"https:\/\/staging.lucky-hunter.com\/#website\",\"url\":\"https:\/\/staging.lucky-hunter.com\/\",\"name\":\"Lucky-Hunter\",\"description\":\"Gear Up or Give Up\",\"potentialAction\":[{\"@type\":\"SearchAction\",\"target\":{\"@type\":\"EntryPoint\",\"urlTemplate\":\"https:\/\/staging.lucky-hunter.com\/?s={search_term_string}\"},\"query-input\":{\"@type\":\"PropertyValueSpecification\",\"valueRequired\":true,\"valueName\":\"search_term_string\"}}],\"inLanguage\":\"fr-FR\"}]}<\/script>\n<!-- \/ Yoast SEO plugin. -->","yoast_head_json":{"title":"Sweat Banded Atchafalaya - Le sweat \u00e0 capuche ultime pour chasseurs","description":"Atchafalaya, de Banded, est un sweat-shirt coupe-vent et r\u00e9sistant aux intemp\u00e9ries, avec une tr\u00e8s belle doublure en polaire. Le tissu est silencieux, chaud et r\u00e9sistant \u00e0 l\u2019eau.","robots":{"index":"noindex","follow":"follow","max-snippet":"max-snippet:-1","max-image-preview":"max-image-preview:large","max-video-preview":"max-video-preview:-1"},"og_locale":"fr_FR","og_type":"article","og_title":"Sweat Banded Atchafalaya - Le sweat \u00e0 capuche ultime pour chasseurs","og_description":"Atchafalaya, de Banded, est un sweat-shirt coupe-vent et r\u00e9sistant aux intemp\u00e9ries, avec une tr\u00e8s belle doublure en polaire. Le tissu est silencieux, chaud et r\u00e9sistant \u00e0 l\u2019eau.","og_url":"https:\/\/staging.lucky-hunter.com\/fr\/product\/sweat-a-capuche-banded-atchafalaya-timber\/","og_site_name":"Lucky-Hunter","article_modified_time":"2023-03-14T14:11:55+00:00","og_image":[{"width":1000,"height":1000,"url":"https:\/\/staging.lucky-hunter.com\/wp-content\/uploads\/2022\/07\/JB-0080.png","type":"image\/png"}],"twitter_card":"summary_large_image","twitter_misc":{"Dur\u00e9e de lecture estim\u00e9e":"1 minute"},"schema":{"@context":"https:\/\/schema.org","@graph":[{"@type":"WebPage","@id":"https:\/\/staging.lucky-hunter.com\/fr\/product\/sweat-a-capuche-banded-atchafalaya-timber\/","url":"https:\/\/staging.lucky-hunter.com\/fr\/product\/sweat-a-capuche-banded-atchafalaya-timber\/","name":"Sweat Banded Atchafalaya - Le sweat \u00e0 capuche ultime pour chasseurs","isPartOf":{"@id":"https:\/\/staging.lucky-hunter.com\/#website"},"primaryImageOfPage":{"@id":"https:\/\/staging.lucky-hunter.com\/fr\/product\/sweat-a-capuche-banded-atchafalaya-timber\/#primaryimage"},"image":{"@id":"https:\/\/staging.lucky-hunter.com\/fr\/product\/sweat-a-capuche-banded-atchafalaya-timber\/#primaryimage"},"thumbnailUrl":"https:\/\/staging.lucky-hunter.com\/wp-content\/uploads\/2022\/07\/JB-0080.png","datePublished":"2022-07-11T13:34:09+00:00","dateModified":"2023-03-14T14:11:55+00:00","description":"Atchafalaya, de Banded, est un sweat-shirt coupe-vent et r\u00e9sistant aux intemp\u00e9ries, avec une tr\u00e8s belle doublure en polaire. Le tissu est silencieux, chaud et r\u00e9sistant \u00e0 l\u2019eau.","breadcrumb":{"@id":"https:\/\/staging.lucky-hunter.com\/fr\/product\/sweat-a-capuche-banded-atchafalaya-timber\/#breadcrumb"},"inLanguage":"fr-FR","potentialAction":[{"@type":"ReadAction","target":["https:\/\/staging.lucky-hunter.com\/fr\/product\/sweat-a-capuche-banded-atchafalaya-timber\/"]}]},{"@type":"ImageObject","inLanguage":"fr-FR","@id":"https:\/\/staging.lucky-hunter.com\/fr\/product\/sweat-a-capuche-banded-atchafalaya-timber\/#primaryimage","url":"https:\/\/staging.lucky-hunter.com\/wp-content\/uploads\/2022\/07\/JB-0080.png","contentUrl":"https:\/\/staging.lucky-hunter.com\/wp-content\/uploads\/2022\/07\/JB-0080.png","width":1000,"height":1000},{"@type":"BreadcrumbList","@id":"https:\/\/staging.lucky-hunter.com\/fr\/product\/sweat-a-capuche-banded-atchafalaya-timber\/#breadcrumb","itemListElement":[{"@type":"ListItem","position":1,"name":"Home","item":"https:\/\/staging.lucky-hunter.com\/fr\/"},{"@type":"ListItem","position":2,"name":"Boutique","item":"https:\/\/staging.lucky-hunter.com\/fr\/shop\/"},{"@type":"ListItem","position":3,"name":"Sweat \u00e0 Capuche Banded Atchafalaya &#8211; Timber"}]},{"@type":"WebSite","@id":"https:\/\/staging.lucky-hunter.com\/#website","url":"https:\/\/staging.lucky-hunter.com\/","name":"Lucky-Hunter","description":"Gear Up or Give Up","potentialAction":[{"@type":"SearchAction","target":{"@type":"EntryPoint","urlTemplate":"https:\/\/staging.lucky-hunter.com\/?s={search_term_string}"},"query-input":{"@type":"PropertyValueSpecification","valueRequired":true,"valueName":"search_term_string"}}],"inLanguage":"fr-FR"}]}},"_links":{"self":[{"href":"https:\/\/staging.lucky-hunter.com\/fr\/wp-json\/wp\/v2\/product\/32191"}],"collection":[{"href":"https:\/\/staging.lucky-hunter.com\/fr\/wp-json\/wp\/v2\/product"}],"about":[{"href":"https:\/\/staging.lucky-hunter.com\/fr\/wp-json\/wp\/v2\/types\/product"}],"wp:featuredmedia":[{"embeddable":true,"href":"https:\/\/staging.lucky-hunter.com\/fr\/wp-json\/wp\/v2\/media\/31257"}],"wp:attachment":[{"href":"https:\/\/staging.lucky-hunter.com\/fr\/wp-json\/wp\/v2\/media?parent=32191"}],"wp:term":[{"taxonomy":"product_brand","embeddable":true,"href":"https:\/\/staging.lucky-hunter.com\/fr\/wp-json\/wp\/v2\/product_brand?post=32191"},{"taxonomy":"product_cat","embeddable":true,"href":"https:\/\/staging.lucky-hunter.com\/fr\/wp-json\/wp\/v2\/product_cat?post=32191"},{"taxonomy":"product_tag","embeddable":true,"href":"https:\/\/staging.lucky-hunter.com\/fr\/wp-json\/wp\/v2\/product_tag?post=32191"}],"curies":[{"name":"wp","href":"https:\/\/api.w.org\/{rel}","templated":true}]}}