{"id":32188,"date":"2022-07-20T14:44:30","date_gmt":"2022-07-20T12:44:30","guid":{"rendered":"https:\/\/staging.lucky-hunter.com\/product\/sweat-shirt-a-capuche-banded-logo-max7\/"},"modified":"2023-03-14T15:12:25","modified_gmt":"2023-03-14T14:12:25","slug":"sweat-shirt-a-capuche-banded-logo-max7","status":"publish","type":"product","link":"https:\/\/staging.lucky-hunter.com\/fr\/product\/sweat-shirt-a-capuche-banded-logo-max7\/","title":{"rendered":"Sweat-shirt \u00e0 capuche Banded Logo &#8211; Max7"},"content":{"rendered":"<h4><a href=\"https:\/\/staging.lucky-hunter.com\/wp-content\/uploads\/2022\/08\/Storrelsesguide-Herre-Engelsk.pdf\" target=\"_blank\" rel=\"noopener\"><strong>Voir le guide des tailles ici<\/strong><\/a><\/h4>\n<h2><strong>V\u00eatements Urbains D\u00e9contract\u00e9s par Banded<\/strong><\/h2>\n<div>Lorsque Banded a d\u00e9cid\u00e9 de d\u00e9velopper Logo Wear, l&#8217;objectif \u00e9tait de cr\u00e9er des v\u00eatements confortables, attrayants et \u00e9l\u00e9gants.<\/div>\n<div><\/div>\n<div>Leur vision \u00e9tait de m\u00e9langer la passion pour le plein air avec une touche streetwear d\u00e9contract\u00e9e.<\/div>\n<div><\/div>\n<div>Les concepteurs de produits chez Banded se sont associ\u00e9s \u00e0 certains des graphistes les plus talentueux de l&#8217;industrie du plein air pour d\u00e9velopper la ligne Banded Logo Wear.<\/div>\n<div><\/div>\n<div>Une grande importance a \u00e9t\u00e9 accord\u00e9e \u00e0 la s\u00e9lection des meilleurs mat\u00e9riaux disponibles et \u00e0 l&#8217;incorporation de ces mat\u00e9riaux dans des processus de fabrication pr\u00e9cis.<\/div>\n<div><\/div>\n<div>Banded a ensuite combin\u00e9 des conceptions personnalis\u00e9es et des graphismes avant-gardistes avec un style \u00e0 la fois traditionnel et moderne. Banded Logo Wear est ainsi con\u00e7u pour s\u2019adapter parfaitement aux environnements sauvages et \u00e0 l&#8217;atmosph\u00e8re urbaine.<\/div>\n<div><\/div>\n<div><strong>Caract\u00e9ristiques\u00a0:<\/strong><\/div>\n<ul>\n<li>R\u00e9sistance \u00e0 l\u2019humidit\u00e9<\/li>\n<li>Fabrication en molleton<\/li>\n<li>Conception anatomique de la capuche<\/li>\n<li>Poche style kangourou qui r\u00e9chauffe les mains<\/li>\n<li>Motif camouflage Max7.<\/li>\n<\/ul>\n","protected":false},"excerpt":{"rendered":"<div>C\u00e9l\u00e8bre marque am\u00e9ricaine d\u2019\u00e9quipement de chasse, Banded voulait donner une touche urbaine et d\u00e9contract\u00e9e aux v\u00eatements des passionn\u00e9s de plein air.<\/div>\n<div><\/div>\n","protected":false},"featured_media":51064,"template":"","meta":[],"product_brand":[8137],"product_cat":[9236],"product_tag":[],"yoast_head":"<!-- This site is optimized with the Yoast SEO plugin v24.3 - https:\/\/yoast.com\/wordpress\/plugins\/seo\/ -->\n<title>Sweat \u00e0 Capuche Banded Logo - Max7 - V\u00eatement urbain d\u00e9contract\u00e9 avec une touche d&#039;originalit\u00e9<\/title>\n<meta name=\"description\" content=\"C\u00e9l\u00e8bre marque am\u00e9ricaine d\u2019\u00e9quipement de chasse, Banded voulait donner une touche urbaine et d\u00e9contract\u00e9e aux v\u00eatements des passionn\u00e9s de plein air.\" \/>\n<meta name=\"robots\" content=\"noindex, follow, max-snippet:-1, max-image-preview:large, max-video-preview:-1\" \/>\n<meta property=\"og:locale\" content=\"fr_FR\" \/>\n<meta property=\"og:type\" content=\"article\" \/>\n<meta property=\"og:title\" content=\"Sweat \u00e0 Capuche Banded Logo - Max7 - V\u00eatement urbain d\u00e9contract\u00e9 avec une touche d&#039;originalit\u00e9\" \/>\n<meta property=\"og:description\" content=\"C\u00e9l\u00e8bre marque am\u00e9ricaine d\u2019\u00e9quipement de chasse, Banded voulait donner une touche urbaine et d\u00e9contract\u00e9e aux v\u00eatements des passionn\u00e9s de plein air.\" \/>\n<meta property=\"og:url\" content=\"https:\/\/staging.lucky-hunter.com\/product\/banded-logo-hoodie-max7\/\" \/>\n<meta property=\"og:site_name\" content=\"Lucky-Hunter\" \/>\n<meta property=\"article:modified_time\" content=\"2023-03-14T14:12:25+00:00\" \/>\n<meta property=\"og:image\" content=\"https:\/\/staging.lucky-hunter.com\/wp-content\/uploads\/2022\/07\/JB-0204.png\" \/>\n\t<meta property=\"og:image:width\" content=\"1000\" \/>\n\t<meta property=\"og:image:height\" content=\"1000\" \/>\n\t<meta property=\"og:image:type\" content=\"image\/png\" \/>\n<meta name=\"twitter:card\" content=\"summary_large_image\" \/>\n<meta name=\"twitter:label1\" content=\"Dur\u00e9e de lecture estim\u00e9e\" \/>\n\t<meta name=\"twitter:data1\" content=\"1 minute\" \/>\n<script type=\"application\/ld+json\" class=\"yoast-schema-graph\">{\"@context\":\"https:\/\/schema.org\",\"@graph\":[{\"@type\":\"WebPage\",\"@id\":\"https:\/\/staging.lucky-hunter.com\/product\/banded-logo-hoodie-max7\/\",\"url\":\"https:\/\/staging.lucky-hunter.com\/product\/banded-logo-hoodie-max7\/\",\"name\":\"Sweat \u00e0 Capuche Banded Logo - Max7 - V\u00eatement urbain d\u00e9contract\u00e9 avec une touche d'originalit\u00e9\",\"isPartOf\":{\"@id\":\"https:\/\/staging.lucky-hunter.com\/#website\"},\"primaryImageOfPage\":{\"@id\":\"https:\/\/staging.lucky-hunter.com\/product\/banded-logo-hoodie-max7\/#primaryimage\"},\"image\":{\"@id\":\"https:\/\/staging.lucky-hunter.com\/product\/banded-logo-hoodie-max7\/#primaryimage\"},\"thumbnailUrl\":\"https:\/\/staging.lucky-hunter.com\/wp-content\/uploads\/2022\/07\/JB-0204.png\",\"datePublished\":\"2022-07-20T12:44:30+00:00\",\"dateModified\":\"2023-03-14T14:12:25+00:00\",\"description\":\"C\u00e9l\u00e8bre marque am\u00e9ricaine d\u2019\u00e9quipement de chasse, Banded voulait donner une touche urbaine et d\u00e9contract\u00e9e aux v\u00eatements des passionn\u00e9s de plein air.\",\"breadcrumb\":{\"@id\":\"https:\/\/staging.lucky-hunter.com\/product\/banded-logo-hoodie-max7\/#breadcrumb\"},\"inLanguage\":\"fr-FR\",\"potentialAction\":[{\"@type\":\"ReadAction\",\"target\":[\"https:\/\/staging.lucky-hunter.com\/product\/banded-logo-hoodie-max7\/\"]}]},{\"@type\":\"ImageObject\",\"inLanguage\":\"fr-FR\",\"@id\":\"https:\/\/staging.lucky-hunter.com\/product\/banded-logo-hoodie-max7\/#primaryimage\",\"url\":\"https:\/\/staging.lucky-hunter.com\/wp-content\/uploads\/2022\/07\/JB-0204.png\",\"contentUrl\":\"https:\/\/staging.lucky-hunter.com\/wp-content\/uploads\/2022\/07\/JB-0204.png\",\"width\":1000,\"height\":1000},{\"@type\":\"BreadcrumbList\",\"@id\":\"https:\/\/staging.lucky-hunter.com\/product\/banded-logo-hoodie-max7\/#breadcrumb\",\"itemListElement\":[{\"@type\":\"ListItem\",\"position\":1,\"name\":\"Home\",\"item\":\"https:\/\/staging.lucky-hunter.com\/fr\/\"},{\"@type\":\"ListItem\",\"position\":2,\"name\":\"Boutique\",\"item\":\"https:\/\/staging.lucky-hunter.com\/fr\/shop\/\"},{\"@type\":\"ListItem\",\"position\":3,\"name\":\"Sweat-shirt \u00e0 capuche Banded Logo &#8211; Max7\"}]},{\"@type\":\"WebSite\",\"@id\":\"https:\/\/staging.lucky-hunter.com\/#website\",\"url\":\"https:\/\/staging.lucky-hunter.com\/\",\"name\":\"Lucky-Hunter\",\"description\":\"Gear Up or Give Up\",\"potentialAction\":[{\"@type\":\"SearchAction\",\"target\":{\"@type\":\"EntryPoint\",\"urlTemplate\":\"https:\/\/staging.lucky-hunter.com\/?s={search_term_string}\"},\"query-input\":{\"@type\":\"PropertyValueSpecification\",\"valueRequired\":true,\"valueName\":\"search_term_string\"}}],\"inLanguage\":\"fr-FR\"}]}<\/script>\n<!-- \/ Yoast SEO plugin. -->","yoast_head_json":{"title":"Sweat \u00e0 Capuche Banded Logo - Max7 - V\u00eatement urbain d\u00e9contract\u00e9 avec une touche d'originalit\u00e9","description":"C\u00e9l\u00e8bre marque am\u00e9ricaine d\u2019\u00e9quipement de chasse, Banded voulait donner une touche urbaine et d\u00e9contract\u00e9e aux v\u00eatements des passionn\u00e9s de plein air.","robots":{"index":"noindex","follow":"follow","max-snippet":"max-snippet:-1","max-image-preview":"max-image-preview:large","max-video-preview":"max-video-preview:-1"},"og_locale":"fr_FR","og_type":"article","og_title":"Sweat \u00e0 Capuche Banded Logo - Max7 - V\u00eatement urbain d\u00e9contract\u00e9 avec une touche d'originalit\u00e9","og_description":"C\u00e9l\u00e8bre marque am\u00e9ricaine d\u2019\u00e9quipement de chasse, Banded voulait donner une touche urbaine et d\u00e9contract\u00e9e aux v\u00eatements des passionn\u00e9s de plein air.","og_url":"https:\/\/staging.lucky-hunter.com\/product\/banded-logo-hoodie-max7\/","og_site_name":"Lucky-Hunter","article_modified_time":"2023-03-14T14:12:25+00:00","og_image":[{"width":1000,"height":1000,"url":"https:\/\/staging.lucky-hunter.com\/wp-content\/uploads\/2022\/07\/JB-0204.png","type":"image\/png"}],"twitter_card":"summary_large_image","twitter_misc":{"Dur\u00e9e de lecture estim\u00e9e":"1 minute"},"schema":{"@context":"https:\/\/schema.org","@graph":[{"@type":"WebPage","@id":"https:\/\/staging.lucky-hunter.com\/product\/banded-logo-hoodie-max7\/","url":"https:\/\/staging.lucky-hunter.com\/product\/banded-logo-hoodie-max7\/","name":"Sweat \u00e0 Capuche Banded Logo - Max7 - V\u00eatement urbain d\u00e9contract\u00e9 avec une touche d'originalit\u00e9","isPartOf":{"@id":"https:\/\/staging.lucky-hunter.com\/#website"},"primaryImageOfPage":{"@id":"https:\/\/staging.lucky-hunter.com\/product\/banded-logo-hoodie-max7\/#primaryimage"},"image":{"@id":"https:\/\/staging.lucky-hunter.com\/product\/banded-logo-hoodie-max7\/#primaryimage"},"thumbnailUrl":"https:\/\/staging.lucky-hunter.com\/wp-content\/uploads\/2022\/07\/JB-0204.png","datePublished":"2022-07-20T12:44:30+00:00","dateModified":"2023-03-14T14:12:25+00:00","description":"C\u00e9l\u00e8bre marque am\u00e9ricaine d\u2019\u00e9quipement de chasse, Banded voulait donner une touche urbaine et d\u00e9contract\u00e9e aux v\u00eatements des passionn\u00e9s de plein air.","breadcrumb":{"@id":"https:\/\/staging.lucky-hunter.com\/product\/banded-logo-hoodie-max7\/#breadcrumb"},"inLanguage":"fr-FR","potentialAction":[{"@type":"ReadAction","target":["https:\/\/staging.lucky-hunter.com\/product\/banded-logo-hoodie-max7\/"]}]},{"@type":"ImageObject","inLanguage":"fr-FR","@id":"https:\/\/staging.lucky-hunter.com\/product\/banded-logo-hoodie-max7\/#primaryimage","url":"https:\/\/staging.lucky-hunter.com\/wp-content\/uploads\/2022\/07\/JB-0204.png","contentUrl":"https:\/\/staging.lucky-hunter.com\/wp-content\/uploads\/2022\/07\/JB-0204.png","width":1000,"height":1000},{"@type":"BreadcrumbList","@id":"https:\/\/staging.lucky-hunter.com\/product\/banded-logo-hoodie-max7\/#breadcrumb","itemListElement":[{"@type":"ListItem","position":1,"name":"Home","item":"https:\/\/staging.lucky-hunter.com\/fr\/"},{"@type":"ListItem","position":2,"name":"Boutique","item":"https:\/\/staging.lucky-hunter.com\/fr\/shop\/"},{"@type":"ListItem","position":3,"name":"Sweat-shirt \u00e0 capuche Banded Logo &#8211; Max7"}]},{"@type":"WebSite","@id":"https:\/\/staging.lucky-hunter.com\/#website","url":"https:\/\/staging.lucky-hunter.com\/","name":"Lucky-Hunter","description":"Gear Up or Give Up","potentialAction":[{"@type":"SearchAction","target":{"@type":"EntryPoint","urlTemplate":"https:\/\/staging.lucky-hunter.com\/?s={search_term_string}"},"query-input":{"@type":"PropertyValueSpecification","valueRequired":true,"valueName":"search_term_string"}}],"inLanguage":"fr-FR"}]}},"_links":{"self":[{"href":"https:\/\/staging.lucky-hunter.com\/fr\/wp-json\/wp\/v2\/product\/32188"}],"collection":[{"href":"https:\/\/staging.lucky-hunter.com\/fr\/wp-json\/wp\/v2\/product"}],"about":[{"href":"https:\/\/staging.lucky-hunter.com\/fr\/wp-json\/wp\/v2\/types\/product"}],"wp:featuredmedia":[{"embeddable":true,"href":"https:\/\/staging.lucky-hunter.com\/fr\/wp-json\/wp\/v2\/media\/51064"}],"wp:attachment":[{"href":"https:\/\/staging.lucky-hunter.com\/fr\/wp-json\/wp\/v2\/media?parent=32188"}],"wp:term":[{"taxonomy":"product_brand","embeddable":true,"href":"https:\/\/staging.lucky-hunter.com\/fr\/wp-json\/wp\/v2\/product_brand?post=32188"},{"taxonomy":"product_cat","embeddable":true,"href":"https:\/\/staging.lucky-hunter.com\/fr\/wp-json\/wp\/v2\/product_cat?post=32188"},{"taxonomy":"product_tag","embeddable":true,"href":"https:\/\/staging.lucky-hunter.com\/fr\/wp-json\/wp\/v2\/product_tag?post=32188"}],"curies":[{"name":"wp","href":"https:\/\/api.w.org\/{rel}","templated":true}]}}