{"id":32185,"date":"2017-06-21T09:51:11","date_gmt":"2017-06-21T07:51:11","guid":{"rendered":"https:\/\/staging.lucky-hunter.com\/product\/beavertail-final-attack-boat-backrest\/"},"modified":"2022-11-16T10:44:41","modified_gmt":"2022-11-16T09:44:41","slug":"beavertail-final-attack-boat-backrest","status":"publish","type":"product","link":"https:\/\/staging.lucky-hunter.com\/fr\/product\/beavertail-final-attack-boat-backrest\/","title":{"rendered":"Dossier de bateau d&#8217;attaque finale Beavertail"},"content":{"rendered":"<h2><strong>Dossier de bateau d&#8217;attaque finale Beavertail &#8211; reste confortable toute la journ\u00e9e<\/strong><\/h2>\n<p>Poly\u00e9thyl\u00e8ne compos\u00e9 sur mesure. Fournit un soutien dorsal et un confort tout au long de la journ\u00e9e dans votre bateau\/store Final Attack. Ce n&#8217;est que r\u00e9cemment que le fantastique Beavertail Attack Boat est arriv\u00e9 en Europe. Assurez-vous d&#8217;avoir tous les accessoires pour que votre prochaine chasse soit la meilleure !<\/p>\n<p>Assurez-vous d&#8217;avoir le meilleur soutien pour votre corps lors de vos longues sorties de chasse. Vous ne voulez pas avoir mal le lendemain \u00e0 cause d&#8217;un manque de soutien du dos. Rendez votre prochaine chasse m\u00e9morable pour les prix, pas pour la douleur.<\/p>\n<p>Ce dossier sur mesure est fabriqu\u00e9 dans une couleur gris clair, sp\u00e9cialement pour l&#8217;Europe.<\/p>\n<p>Poids : 3 kg.<\/p>\n<p>Dimensions :\u00a071 x 48 x 13 cm.<\/p>\n","protected":false},"excerpt":{"rendered":"<p>Confort toute la journ\u00e9e dans votre bateau Beavertail Final Attack. Aide \u00e0 soutenir votre dos lorsque vous chassez dans votre bateau Beavertail.<\/p>\n","protected":false},"featured_media":134120,"template":"","meta":[],"product_brand":[8133],"product_cat":[8171],"product_tag":[9235],"yoast_head":"<!-- This site is optimized with the Yoast SEO plugin v24.3 - https:\/\/yoast.com\/wordpress\/plugins\/seo\/ -->\n<title>Dossier de bateau d&#039;attaque finale Beavertail - maintenant en Europe\u00a0! | Chasseur chanceux<\/title>\n<meta name=\"description\" content=\"Rendez votre chasse confortable. Le dossier du bateau Beavertail Final Attack est sp\u00e9cialement con\u00e7u pour vous garder \u00e0 l&#039;aise toute la journ\u00e9e \u00e0 la chasse.\" \/>\n<meta name=\"robots\" content=\"noindex, follow, max-snippet:-1, max-image-preview:large, max-video-preview:-1\" \/>\n<meta property=\"og:locale\" content=\"fr_FR\" \/>\n<meta property=\"og:type\" content=\"article\" \/>\n<meta property=\"og:title\" content=\"Dossier de bateau d&#039;attaque finale Beavertail - maintenant en Europe\u00a0! | Chasseur chanceux\" \/>\n<meta property=\"og:description\" content=\"Rendez votre chasse confortable. Le dossier du bateau Beavertail Final Attack est sp\u00e9cialement con\u00e7u pour vous garder \u00e0 l&#039;aise toute la journ\u00e9e \u00e0 la chasse.\" \/>\n<meta property=\"og:url\" content=\"https:\/\/staging.lucky-hunter.com\/fr\/product\/beavertail-final-attack-boat-backrest\/\" \/>\n<meta property=\"og:site_name\" content=\"Lucky-Hunter\" \/>\n<meta property=\"article:modified_time\" content=\"2022-11-16T09:44:41+00:00\" \/>\n<meta property=\"og:image\" content=\"https:\/\/staging.lucky-hunter.com\/wp-content\/uploads\/2017\/06\/JP-20-removebg-preview-1.png\" \/>\n\t<meta property=\"og:image:width\" content=\"433\" \/>\n\t<meta property=\"og:image:height\" content=\"577\" \/>\n\t<meta property=\"og:image:type\" content=\"image\/png\" \/>\n<meta name=\"twitter:card\" content=\"summary_large_image\" \/>\n<meta name=\"twitter:title\" content=\"Dossier de bateau d&#039;attaque finale Beavertail - maintenant en Europe\u00a0! | Chasseur chanceux\" \/>\n<meta name=\"twitter:description\" content=\"Rendez votre chasse confortable. Le dossier du bateau Beavertail Final Attack est sp\u00e9cialement con\u00e7u pour vous garder \u00e0 l&#039;aise toute la journ\u00e9e \u00e0 la chasse.\" \/>\n<meta name=\"twitter:label1\" content=\"Dur\u00e9e de lecture estim\u00e9e\" \/>\n\t<meta name=\"twitter:data1\" content=\"1 minute\" \/>\n<script type=\"application\/ld+json\" class=\"yoast-schema-graph\">{\"@context\":\"https:\/\/schema.org\",\"@graph\":[{\"@type\":\"WebPage\",\"@id\":\"https:\/\/staging.lucky-hunter.com\/fr\/product\/beavertail-final-attack-boat-backrest\/\",\"url\":\"https:\/\/staging.lucky-hunter.com\/fr\/product\/beavertail-final-attack-boat-backrest\/\",\"name\":\"Dossier de bateau d'attaque finale Beavertail - maintenant en Europe\u00a0! | Chasseur chanceux\",\"isPartOf\":{\"@id\":\"https:\/\/staging.lucky-hunter.com\/#website\"},\"primaryImageOfPage\":{\"@id\":\"https:\/\/staging.lucky-hunter.com\/fr\/product\/beavertail-final-attack-boat-backrest\/#primaryimage\"},\"image\":{\"@id\":\"https:\/\/staging.lucky-hunter.com\/fr\/product\/beavertail-final-attack-boat-backrest\/#primaryimage\"},\"thumbnailUrl\":\"https:\/\/staging.lucky-hunter.com\/wp-content\/uploads\/2017\/06\/JP-20-removebg-preview-1.png\",\"datePublished\":\"2017-06-21T07:51:11+00:00\",\"dateModified\":\"2022-11-16T09:44:41+00:00\",\"description\":\"Rendez votre chasse confortable. Le dossier du bateau Beavertail Final Attack est sp\u00e9cialement con\u00e7u pour vous garder \u00e0 l'aise toute la journ\u00e9e \u00e0 la chasse.\",\"breadcrumb\":{\"@id\":\"https:\/\/staging.lucky-hunter.com\/fr\/product\/beavertail-final-attack-boat-backrest\/#breadcrumb\"},\"inLanguage\":\"fr-FR\",\"potentialAction\":[{\"@type\":\"ReadAction\",\"target\":[\"https:\/\/staging.lucky-hunter.com\/fr\/product\/beavertail-final-attack-boat-backrest\/\"]}]},{\"@type\":\"ImageObject\",\"inLanguage\":\"fr-FR\",\"@id\":\"https:\/\/staging.lucky-hunter.com\/fr\/product\/beavertail-final-attack-boat-backrest\/#primaryimage\",\"url\":\"https:\/\/staging.lucky-hunter.com\/wp-content\/uploads\/2017\/06\/JP-20-removebg-preview-1.png\",\"contentUrl\":\"https:\/\/staging.lucky-hunter.com\/wp-content\/uploads\/2017\/06\/JP-20-removebg-preview-1.png\",\"width\":433,\"height\":577},{\"@type\":\"BreadcrumbList\",\"@id\":\"https:\/\/staging.lucky-hunter.com\/fr\/product\/beavertail-final-attack-boat-backrest\/#breadcrumb\",\"itemListElement\":[{\"@type\":\"ListItem\",\"position\":1,\"name\":\"Home\",\"item\":\"https:\/\/staging.lucky-hunter.com\/fr\/\"},{\"@type\":\"ListItem\",\"position\":2,\"name\":\"Boutique\",\"item\":\"https:\/\/staging.lucky-hunter.com\/fr\/shop\/\"},{\"@type\":\"ListItem\",\"position\":3,\"name\":\"Dossier de bateau d&#8217;attaque finale Beavertail\"}]},{\"@type\":\"WebSite\",\"@id\":\"https:\/\/staging.lucky-hunter.com\/#website\",\"url\":\"https:\/\/staging.lucky-hunter.com\/\",\"name\":\"Lucky-Hunter\",\"description\":\"Gear Up or Give Up\",\"potentialAction\":[{\"@type\":\"SearchAction\",\"target\":{\"@type\":\"EntryPoint\",\"urlTemplate\":\"https:\/\/staging.lucky-hunter.com\/?s={search_term_string}\"},\"query-input\":{\"@type\":\"PropertyValueSpecification\",\"valueRequired\":true,\"valueName\":\"search_term_string\"}}],\"inLanguage\":\"fr-FR\"}]}<\/script>\n<!-- \/ Yoast SEO plugin. -->","yoast_head_json":{"title":"Dossier de bateau d'attaque finale Beavertail - maintenant en Europe\u00a0! | Chasseur chanceux","description":"Rendez votre chasse confortable. Le dossier du bateau Beavertail Final Attack est sp\u00e9cialement con\u00e7u pour vous garder \u00e0 l'aise toute la journ\u00e9e \u00e0 la chasse.","robots":{"index":"noindex","follow":"follow","max-snippet":"max-snippet:-1","max-image-preview":"max-image-preview:large","max-video-preview":"max-video-preview:-1"},"og_locale":"fr_FR","og_type":"article","og_title":"Dossier de bateau d'attaque finale Beavertail - maintenant en Europe\u00a0! | Chasseur chanceux","og_description":"Rendez votre chasse confortable. Le dossier du bateau Beavertail Final Attack est sp\u00e9cialement con\u00e7u pour vous garder \u00e0 l'aise toute la journ\u00e9e \u00e0 la chasse.","og_url":"https:\/\/staging.lucky-hunter.com\/fr\/product\/beavertail-final-attack-boat-backrest\/","og_site_name":"Lucky-Hunter","article_modified_time":"2022-11-16T09:44:41+00:00","og_image":[{"width":433,"height":577,"url":"https:\/\/staging.lucky-hunter.com\/wp-content\/uploads\/2017\/06\/JP-20-removebg-preview-1.png","type":"image\/png"}],"twitter_card":"summary_large_image","twitter_title":"Dossier de bateau d'attaque finale Beavertail - maintenant en Europe\u00a0! | Chasseur chanceux","twitter_description":"Rendez votre chasse confortable. Le dossier du bateau Beavertail Final Attack est sp\u00e9cialement con\u00e7u pour vous garder \u00e0 l'aise toute la journ\u00e9e \u00e0 la chasse.","twitter_misc":{"Dur\u00e9e de lecture estim\u00e9e":"1 minute"},"schema":{"@context":"https:\/\/schema.org","@graph":[{"@type":"WebPage","@id":"https:\/\/staging.lucky-hunter.com\/fr\/product\/beavertail-final-attack-boat-backrest\/","url":"https:\/\/staging.lucky-hunter.com\/fr\/product\/beavertail-final-attack-boat-backrest\/","name":"Dossier de bateau d'attaque finale Beavertail - maintenant en Europe\u00a0! | Chasseur chanceux","isPartOf":{"@id":"https:\/\/staging.lucky-hunter.com\/#website"},"primaryImageOfPage":{"@id":"https:\/\/staging.lucky-hunter.com\/fr\/product\/beavertail-final-attack-boat-backrest\/#primaryimage"},"image":{"@id":"https:\/\/staging.lucky-hunter.com\/fr\/product\/beavertail-final-attack-boat-backrest\/#primaryimage"},"thumbnailUrl":"https:\/\/staging.lucky-hunter.com\/wp-content\/uploads\/2017\/06\/JP-20-removebg-preview-1.png","datePublished":"2017-06-21T07:51:11+00:00","dateModified":"2022-11-16T09:44:41+00:00","description":"Rendez votre chasse confortable. Le dossier du bateau Beavertail Final Attack est sp\u00e9cialement con\u00e7u pour vous garder \u00e0 l'aise toute la journ\u00e9e \u00e0 la chasse.","breadcrumb":{"@id":"https:\/\/staging.lucky-hunter.com\/fr\/product\/beavertail-final-attack-boat-backrest\/#breadcrumb"},"inLanguage":"fr-FR","potentialAction":[{"@type":"ReadAction","target":["https:\/\/staging.lucky-hunter.com\/fr\/product\/beavertail-final-attack-boat-backrest\/"]}]},{"@type":"ImageObject","inLanguage":"fr-FR","@id":"https:\/\/staging.lucky-hunter.com\/fr\/product\/beavertail-final-attack-boat-backrest\/#primaryimage","url":"https:\/\/staging.lucky-hunter.com\/wp-content\/uploads\/2017\/06\/JP-20-removebg-preview-1.png","contentUrl":"https:\/\/staging.lucky-hunter.com\/wp-content\/uploads\/2017\/06\/JP-20-removebg-preview-1.png","width":433,"height":577},{"@type":"BreadcrumbList","@id":"https:\/\/staging.lucky-hunter.com\/fr\/product\/beavertail-final-attack-boat-backrest\/#breadcrumb","itemListElement":[{"@type":"ListItem","position":1,"name":"Home","item":"https:\/\/staging.lucky-hunter.com\/fr\/"},{"@type":"ListItem","position":2,"name":"Boutique","item":"https:\/\/staging.lucky-hunter.com\/fr\/shop\/"},{"@type":"ListItem","position":3,"name":"Dossier de bateau d&#8217;attaque finale Beavertail"}]},{"@type":"WebSite","@id":"https:\/\/staging.lucky-hunter.com\/#website","url":"https:\/\/staging.lucky-hunter.com\/","name":"Lucky-Hunter","description":"Gear Up or Give Up","potentialAction":[{"@type":"SearchAction","target":{"@type":"EntryPoint","urlTemplate":"https:\/\/staging.lucky-hunter.com\/?s={search_term_string}"},"query-input":{"@type":"PropertyValueSpecification","valueRequired":true,"valueName":"search_term_string"}}],"inLanguage":"fr-FR"}]}},"_links":{"self":[{"href":"https:\/\/staging.lucky-hunter.com\/fr\/wp-json\/wp\/v2\/product\/32185"}],"collection":[{"href":"https:\/\/staging.lucky-hunter.com\/fr\/wp-json\/wp\/v2\/product"}],"about":[{"href":"https:\/\/staging.lucky-hunter.com\/fr\/wp-json\/wp\/v2\/types\/product"}],"wp:featuredmedia":[{"embeddable":true,"href":"https:\/\/staging.lucky-hunter.com\/fr\/wp-json\/wp\/v2\/media\/134120"}],"wp:attachment":[{"href":"https:\/\/staging.lucky-hunter.com\/fr\/wp-json\/wp\/v2\/media?parent=32185"}],"wp:term":[{"taxonomy":"product_brand","embeddable":true,"href":"https:\/\/staging.lucky-hunter.com\/fr\/wp-json\/wp\/v2\/product_brand?post=32185"},{"taxonomy":"product_cat","embeddable":true,"href":"https:\/\/staging.lucky-hunter.com\/fr\/wp-json\/wp\/v2\/product_cat?post=32185"},{"taxonomy":"product_tag","embeddable":true,"href":"https:\/\/staging.lucky-hunter.com\/fr\/wp-json\/wp\/v2\/product_tag?post=32185"}],"curies":[{"name":"wp","href":"https:\/\/api.w.org\/{rel}","templated":true}]}}