{"id":32183,"date":"2021-03-16T15:25:08","date_gmt":"2021-03-16T14:25:08","guid":{"rendered":"https:\/\/staging.lucky-hunter.com\/product\/final-approach-s-u-b-x3-blind\/"},"modified":"2024-05-01T08:38:55","modified_gmt":"2024-05-01T06:38:55","slug":"final-approach-s-u-b-x3-blind","status":"publish","type":"product","link":"https:\/\/staging.lucky-hunter.com\/fr\/product\/final-approach-s-u-b-x3-blind\/","title":{"rendered":"Final Approach X3 AVEUGLE"},"content":{"rendered":"<p><iframe title=\"Final Approach S.U.B. X3 Blind\" width=\"1020\" height=\"574\" src=\"https:\/\/www.youtube.com\/embed\/6uWLRb4flKs?wmode=transparent&amp;rel=0&amp;feature=oembed&#038;enablejsapi=1&#038;origin=https:\/\/staging.lucky-hunter.com\" frameborder=\"0\" allow=\"accelerometer; autoplay; clipboard-write; encrypted-media; gyroscope; picture-in-picture\" allowfullscreen><\/iframe><\/p>\n<h1><strong>Store d&#8217;approche finale A-Frame pour la sauvagine<\/strong><\/h1>\n<p>En tant que chasseurs de sauvagine, nous voulons tirer le meilleur parti de notre \u00e9quipement. Que vous chassiez des \u00e9tangs, des champs ouverts, des marais, des cl\u00f4tures ou des bordures de champs, ce nouveau store de Final Approach vous gardera, vous et vos compagnons de chasse, cach\u00e9s dans toutes les situations.<\/p>\n<p>Ce store peut \u00eatre utilis\u00e9 comme un store traditionnel de style A-Frame avec 3 chasseurs ou il peut \u00eatre divis\u00e9 en deux et utilis\u00e9 comme deux stores de style panneau doublant le nombre de chasseurs et vous donnant la possibilit\u00e9 de choisir la meilleure fa\u00e7on de se cacher lors de l&#8217;installation. pour votre chasse.<\/p>\n<p>La housse du store a des sangles de chaume et des poches pour brosse pour vous permettre d&#8217;ajouter votre propre housse pour se fondre dans n&#8217;importe quel environnement et casser les bords durs.<\/p>\n<p>Les portes lat\u00e9rales qui se chevauchent aideront \u00e0 \u00e9liminer l&#8217;\u00e9cart lorsque les portes sont ferm\u00e9es, vous offrant une dissimulation optimale. \u00c0 l&#8217;int\u00e9rieur, vous trouverez des repose-pistolets et des poches d&#8217;\u00e9quipement pour garder vos objets essentiels juste devant vous.<\/p>\n<p>Tirez le meilleur parti de votre \u00e9quipement et chassez le nouveau Blind Final Approach SUB X3.<\/p>\n<p>REMARQUE : Le store est livr\u00e9 sans les gunholders sur les photos<\/p>\n<p><strong>Caract\u00e9ristiques\u00a0:<\/strong><\/p>\n<ul>\n<li>Peut \u00eatre utilis\u00e9 comme &#8220;A-Frame Style&#8221; ou comme panneau aveugle<\/li>\n<li>Tubes en aluminium de qualit\u00e9 a\u00e9ronautique<\/li>\n<li>Tissu 600D avec dos en PVC<\/li>\n<li>3 supports de pistolet r\u00e9glables<\/li>\n<li>Conception de passage<\/li>\n<li>Portes superpos\u00e9es<\/li>\n<li>4 sangles de chaume et 2 poches \u00e0 brosse par panneau<\/li>\n<li>Camouflage Mossy Oak\u00ae Shadow Grass\u00ae Habitat\u2122<\/li>\n<li>Dimensions\u00a0: 254 L x 152 l x 127 P cm<\/li>\n<li>Poids : Poids :<\/li>\n<\/ul>\n<p>\u00a0<\/p>\n","protected":false},"excerpt":{"rendered":"<p>Ce store peut \u00eatre utilis\u00e9 comme un store traditionnel de style A-Frame avec 3 chasseurs ou il peut \u00eatre divis\u00e9 en deux et utilis\u00e9 comme un store de style \u00e0 deux panneaux.<\/p>\n","protected":false},"featured_media":53435,"template":"","meta":[],"product_brand":[8136],"product_cat":[8166],"product_tag":[9235,9443,9250],"yoast_head":"<!-- This site is optimized with the Yoast SEO plugin v24.3 - https:\/\/yoast.com\/wordpress\/plugins\/seo\/ -->\n<title>Final Approach X3 AVEUGLE - Lucky-Hunter.com<\/title>\n<meta name=\"description\" content=\"Ce store peut \u00eatre utilis\u00e9 comme un store traditionnel de style A-Frame avec 3 chasseurs ou il peut \u00eatre divis\u00e9 en deux et utilis\u00e9 comme un store de style \u00e0 deux panneaux.\" \/>\n<meta name=\"robots\" content=\"noindex, follow, max-snippet:-1, max-image-preview:large, max-video-preview:-1\" \/>\n<meta property=\"og:locale\" content=\"fr_FR\" \/>\n<meta property=\"og:type\" content=\"article\" \/>\n<meta property=\"og:title\" content=\"Final Approach X3 AVEUGLE - Lucky-Hunter.com\" \/>\n<meta property=\"og:description\" content=\"Ce store peut \u00eatre utilis\u00e9 comme un store traditionnel de style A-Frame avec 3 chasseurs ou il peut \u00eatre divis\u00e9 en deux et utilis\u00e9 comme un store de style \u00e0 deux panneaux.\" \/>\n<meta property=\"og:url\" content=\"https:\/\/staging.lucky-hunter.com\/fr\/product\/final-approach-s-u-b-x3-blind\/\" \/>\n<meta property=\"og:site_name\" content=\"Lucky-Hunter\" \/>\n<meta property=\"article:modified_time\" content=\"2024-05-01T06:38:55+00:00\" \/>\n<meta property=\"og:image\" content=\"https:\/\/staging.lucky-hunter.com\/wp-content\/uploads\/2021\/03\/310415194_455094580063010_756981035443322622_n.png\" \/>\n\t<meta property=\"og:image:width\" content=\"1000\" \/>\n\t<meta property=\"og:image:height\" content=\"1000\" \/>\n\t<meta property=\"og:image:type\" content=\"image\/png\" \/>\n<meta name=\"twitter:card\" content=\"summary_large_image\" \/>\n<meta name=\"twitter:label1\" content=\"Dur\u00e9e de lecture estim\u00e9e\" \/>\n\t<meta name=\"twitter:data1\" content=\"2 minutes\" \/>\n<script type=\"application\/ld+json\" class=\"yoast-schema-graph\">{\"@context\":\"https:\/\/schema.org\",\"@graph\":[{\"@type\":\"WebPage\",\"@id\":\"https:\/\/staging.lucky-hunter.com\/fr\/product\/final-approach-s-u-b-x3-blind\/\",\"url\":\"https:\/\/staging.lucky-hunter.com\/fr\/product\/final-approach-s-u-b-x3-blind\/\",\"name\":\"Final Approach X3 AVEUGLE - Lucky-Hunter.com\",\"isPartOf\":{\"@id\":\"https:\/\/staging.lucky-hunter.com\/#website\"},\"primaryImageOfPage\":{\"@id\":\"https:\/\/staging.lucky-hunter.com\/fr\/product\/final-approach-s-u-b-x3-blind\/#primaryimage\"},\"image\":{\"@id\":\"https:\/\/staging.lucky-hunter.com\/fr\/product\/final-approach-s-u-b-x3-blind\/#primaryimage\"},\"thumbnailUrl\":\"https:\/\/staging.lucky-hunter.com\/wp-content\/uploads\/2021\/03\/310415194_455094580063010_756981035443322622_n.png\",\"datePublished\":\"2021-03-16T14:25:08+00:00\",\"dateModified\":\"2024-05-01T06:38:55+00:00\",\"description\":\"Ce store peut \u00eatre utilis\u00e9 comme un store traditionnel de style A-Frame avec 3 chasseurs ou il peut \u00eatre divis\u00e9 en deux et utilis\u00e9 comme un store de style \u00e0 deux panneaux.\",\"breadcrumb\":{\"@id\":\"https:\/\/staging.lucky-hunter.com\/fr\/product\/final-approach-s-u-b-x3-blind\/#breadcrumb\"},\"inLanguage\":\"fr-FR\",\"potentialAction\":[{\"@type\":\"ReadAction\",\"target\":[\"https:\/\/staging.lucky-hunter.com\/fr\/product\/final-approach-s-u-b-x3-blind\/\"]}]},{\"@type\":\"ImageObject\",\"inLanguage\":\"fr-FR\",\"@id\":\"https:\/\/staging.lucky-hunter.com\/fr\/product\/final-approach-s-u-b-x3-blind\/#primaryimage\",\"url\":\"https:\/\/staging.lucky-hunter.com\/wp-content\/uploads\/2021\/03\/310415194_455094580063010_756981035443322622_n.png\",\"contentUrl\":\"https:\/\/staging.lucky-hunter.com\/wp-content\/uploads\/2021\/03\/310415194_455094580063010_756981035443322622_n.png\",\"width\":1000,\"height\":1000},{\"@type\":\"BreadcrumbList\",\"@id\":\"https:\/\/staging.lucky-hunter.com\/fr\/product\/final-approach-s-u-b-x3-blind\/#breadcrumb\",\"itemListElement\":[{\"@type\":\"ListItem\",\"position\":1,\"name\":\"Home\",\"item\":\"https:\/\/staging.lucky-hunter.com\/fr\/\"},{\"@type\":\"ListItem\",\"position\":2,\"name\":\"Boutique\",\"item\":\"https:\/\/staging.lucky-hunter.com\/fr\/shop\/\"},{\"@type\":\"ListItem\",\"position\":3,\"name\":\"Final Approach X3 AVEUGLE\"}]},{\"@type\":\"WebSite\",\"@id\":\"https:\/\/staging.lucky-hunter.com\/#website\",\"url\":\"https:\/\/staging.lucky-hunter.com\/\",\"name\":\"Lucky-Hunter\",\"description\":\"Gear Up or Give Up\",\"potentialAction\":[{\"@type\":\"SearchAction\",\"target\":{\"@type\":\"EntryPoint\",\"urlTemplate\":\"https:\/\/staging.lucky-hunter.com\/?s={search_term_string}\"},\"query-input\":{\"@type\":\"PropertyValueSpecification\",\"valueRequired\":true,\"valueName\":\"search_term_string\"}}],\"inLanguage\":\"fr-FR\"}]}<\/script>\n<!-- \/ Yoast SEO plugin. -->","yoast_head_json":{"title":"Final Approach X3 AVEUGLE - Lucky-Hunter.com","description":"Ce store peut \u00eatre utilis\u00e9 comme un store traditionnel de style A-Frame avec 3 chasseurs ou il peut \u00eatre divis\u00e9 en deux et utilis\u00e9 comme un store de style \u00e0 deux panneaux.","robots":{"index":"noindex","follow":"follow","max-snippet":"max-snippet:-1","max-image-preview":"max-image-preview:large","max-video-preview":"max-video-preview:-1"},"og_locale":"fr_FR","og_type":"article","og_title":"Final Approach X3 AVEUGLE - Lucky-Hunter.com","og_description":"Ce store peut \u00eatre utilis\u00e9 comme un store traditionnel de style A-Frame avec 3 chasseurs ou il peut \u00eatre divis\u00e9 en deux et utilis\u00e9 comme un store de style \u00e0 deux panneaux.","og_url":"https:\/\/staging.lucky-hunter.com\/fr\/product\/final-approach-s-u-b-x3-blind\/","og_site_name":"Lucky-Hunter","article_modified_time":"2024-05-01T06:38:55+00:00","og_image":[{"width":1000,"height":1000,"url":"https:\/\/staging.lucky-hunter.com\/wp-content\/uploads\/2021\/03\/310415194_455094580063010_756981035443322622_n.png","type":"image\/png"}],"twitter_card":"summary_large_image","twitter_misc":{"Dur\u00e9e de lecture estim\u00e9e":"2 minutes"},"schema":{"@context":"https:\/\/schema.org","@graph":[{"@type":"WebPage","@id":"https:\/\/staging.lucky-hunter.com\/fr\/product\/final-approach-s-u-b-x3-blind\/","url":"https:\/\/staging.lucky-hunter.com\/fr\/product\/final-approach-s-u-b-x3-blind\/","name":"Final Approach X3 AVEUGLE - Lucky-Hunter.com","isPartOf":{"@id":"https:\/\/staging.lucky-hunter.com\/#website"},"primaryImageOfPage":{"@id":"https:\/\/staging.lucky-hunter.com\/fr\/product\/final-approach-s-u-b-x3-blind\/#primaryimage"},"image":{"@id":"https:\/\/staging.lucky-hunter.com\/fr\/product\/final-approach-s-u-b-x3-blind\/#primaryimage"},"thumbnailUrl":"https:\/\/staging.lucky-hunter.com\/wp-content\/uploads\/2021\/03\/310415194_455094580063010_756981035443322622_n.png","datePublished":"2021-03-16T14:25:08+00:00","dateModified":"2024-05-01T06:38:55+00:00","description":"Ce store peut \u00eatre utilis\u00e9 comme un store traditionnel de style A-Frame avec 3 chasseurs ou il peut \u00eatre divis\u00e9 en deux et utilis\u00e9 comme un store de style \u00e0 deux panneaux.","breadcrumb":{"@id":"https:\/\/staging.lucky-hunter.com\/fr\/product\/final-approach-s-u-b-x3-blind\/#breadcrumb"},"inLanguage":"fr-FR","potentialAction":[{"@type":"ReadAction","target":["https:\/\/staging.lucky-hunter.com\/fr\/product\/final-approach-s-u-b-x3-blind\/"]}]},{"@type":"ImageObject","inLanguage":"fr-FR","@id":"https:\/\/staging.lucky-hunter.com\/fr\/product\/final-approach-s-u-b-x3-blind\/#primaryimage","url":"https:\/\/staging.lucky-hunter.com\/wp-content\/uploads\/2021\/03\/310415194_455094580063010_756981035443322622_n.png","contentUrl":"https:\/\/staging.lucky-hunter.com\/wp-content\/uploads\/2021\/03\/310415194_455094580063010_756981035443322622_n.png","width":1000,"height":1000},{"@type":"BreadcrumbList","@id":"https:\/\/staging.lucky-hunter.com\/fr\/product\/final-approach-s-u-b-x3-blind\/#breadcrumb","itemListElement":[{"@type":"ListItem","position":1,"name":"Home","item":"https:\/\/staging.lucky-hunter.com\/fr\/"},{"@type":"ListItem","position":2,"name":"Boutique","item":"https:\/\/staging.lucky-hunter.com\/fr\/shop\/"},{"@type":"ListItem","position":3,"name":"Final Approach X3 AVEUGLE"}]},{"@type":"WebSite","@id":"https:\/\/staging.lucky-hunter.com\/#website","url":"https:\/\/staging.lucky-hunter.com\/","name":"Lucky-Hunter","description":"Gear Up or Give Up","potentialAction":[{"@type":"SearchAction","target":{"@type":"EntryPoint","urlTemplate":"https:\/\/staging.lucky-hunter.com\/?s={search_term_string}"},"query-input":{"@type":"PropertyValueSpecification","valueRequired":true,"valueName":"search_term_string"}}],"inLanguage":"fr-FR"}]}},"_links":{"self":[{"href":"https:\/\/staging.lucky-hunter.com\/fr\/wp-json\/wp\/v2\/product\/32183"}],"collection":[{"href":"https:\/\/staging.lucky-hunter.com\/fr\/wp-json\/wp\/v2\/product"}],"about":[{"href":"https:\/\/staging.lucky-hunter.com\/fr\/wp-json\/wp\/v2\/types\/product"}],"wp:featuredmedia":[{"embeddable":true,"href":"https:\/\/staging.lucky-hunter.com\/fr\/wp-json\/wp\/v2\/media\/53435"}],"wp:attachment":[{"href":"https:\/\/staging.lucky-hunter.com\/fr\/wp-json\/wp\/v2\/media?parent=32183"}],"wp:term":[{"taxonomy":"product_brand","embeddable":true,"href":"https:\/\/staging.lucky-hunter.com\/fr\/wp-json\/wp\/v2\/product_brand?post=32183"},{"taxonomy":"product_cat","embeddable":true,"href":"https:\/\/staging.lucky-hunter.com\/fr\/wp-json\/wp\/v2\/product_cat?post=32183"},{"taxonomy":"product_tag","embeddable":true,"href":"https:\/\/staging.lucky-hunter.com\/fr\/wp-json\/wp\/v2\/product_tag?post=32183"}],"curies":[{"name":"wp","href":"https:\/\/api.w.org\/{rel}","templated":true}]}}