{"id":32181,"date":"2017-03-01T17:33:59","date_gmt":"2017-03-01T16:33:59","guid":{"rendered":"https:\/\/staging.lucky-hunter.com\/product\/oies-des-neiges-avec-quilles-ghg\/"},"modified":"2025-07-01T14:49:38","modified_gmt":"2025-07-01T12:49:38","slug":"oies-des-neiges-ghg","status":"publish","type":"product","link":"https:\/\/staging.lucky-hunter.com\/fr\/product\/oies-des-neiges-ghg\/","title":{"rendered":"Oies des Neiges &#8211; GHG"},"content":{"rendered":"<h2><strong>Parfaites pour attirer l\u2019attention des canards et des oies lorsque vous chassez sur l\u2019eau<\/strong><\/h2>\n<p>Ces formes d\u2019oies des neiges Greenhead Gear peuvent se substituer \u00e0 des cygnes, ce qui constitue un excellent compl\u00e9ment \u00e0 vos formes flottantes lors de la chasse aux oies et aux canards sur l&#8217;eau. Les cygnes donnent l\u2019impression que la zone est sans danger, et ils peuvent \u00eatre vus \u00e0 une distance incroyablement longue.<\/p>\n<p>Ils agissent comme un signal qui indique aux autres oiseaux qu\u2019ils peuvent atterrir en toute s\u00e9curit\u00e9.<\/p>\n<p>Ces formes Greenhead Gear uniques sont con\u00e7ues par une \u00e9quipe hautement professionnelle : Del Herbert, champion du monde de sculpture de blettes, et Fred Zink.<\/p>\n<p>Les formes sont faites \u00e0 partir d&#8217;un plastique poly\u00e9thyl\u00e8ne lourd pour garantir leur stabilit\u00e9 sur l&#8217;eau et leur tr\u00e8s longue dur\u00e9e de vie.<\/p>\n<p>Vendues par pack de 4 oies flottantes avec quilles lest\u00e9es et d\u00e9tails ultra-r\u00e9alistes en termes d\u2019anatomie et de plumage.<\/p>\n","protected":false},"excerpt":{"rendered":"<p>Ces formes Greenhead Gear uniques sont con\u00e7ues par une \u00e9quipe hautement professionnelle.<\/p>\n","protected":false},"featured_media":30451,"template":"","meta":[],"product_brand":[8125],"product_cat":[9327],"product_tag":[],"yoast_head":"<!-- This site is optimized with the Yoast SEO plugin v24.3 - https:\/\/yoast.com\/wordpress\/plugins\/seo\/ -->\n<title>Oies des Neiges - GHG<\/title>\n<meta name=\"description\" content=\"Ces formes Greenhead Gear uniques sont con\u00e7ues par une \u00e9quipe hautement professionnelle.\" \/>\n<meta name=\"robots\" content=\"noindex, follow, max-snippet:-1, max-image-preview:large, max-video-preview:-1\" \/>\n<meta property=\"og:locale\" content=\"fr_FR\" \/>\n<meta property=\"og:type\" content=\"article\" \/>\n<meta property=\"og:title\" content=\"Oies des Neiges - GHG\" \/>\n<meta property=\"og:description\" content=\"Ces formes Greenhead Gear uniques sont con\u00e7ues par une \u00e9quipe hautement professionnelle.\" \/>\n<meta property=\"og:url\" content=\"https:\/\/staging.lucky-hunter.com\/product\/ghg-floating-snow-goose-the-perfect-eye-catcher-for-duck-and-goose-hunting\/\" \/>\n<meta property=\"og:site_name\" content=\"Lucky-Hunter\" \/>\n<meta property=\"article:modified_time\" content=\"2025-07-01T12:49:38+00:00\" \/>\n<meta property=\"og:image\" content=\"https:\/\/staging.lucky-hunter.com\/wp-content\/uploads\/2017\/03\/LF-92.png\" \/>\n\t<meta property=\"og:image:width\" content=\"1000\" \/>\n\t<meta property=\"og:image:height\" content=\"1000\" \/>\n\t<meta property=\"og:image:type\" content=\"image\/png\" \/>\n<meta name=\"twitter:card\" content=\"summary_large_image\" \/>\n<meta name=\"twitter:label1\" content=\"Dur\u00e9e de lecture estim\u00e9e\" \/>\n\t<meta name=\"twitter:data1\" content=\"1 minute\" \/>\n<script type=\"application\/ld+json\" class=\"yoast-schema-graph\">{\"@context\":\"https:\/\/schema.org\",\"@graph\":[{\"@type\":\"WebPage\",\"@id\":\"https:\/\/staging.lucky-hunter.com\/product\/ghg-floating-snow-goose-the-perfect-eye-catcher-for-duck-and-goose-hunting\/\",\"url\":\"https:\/\/staging.lucky-hunter.com\/product\/ghg-floating-snow-goose-the-perfect-eye-catcher-for-duck-and-goose-hunting\/\",\"name\":\"Oies des Neiges - GHG\",\"isPartOf\":{\"@id\":\"https:\/\/staging.lucky-hunter.com\/#website\"},\"primaryImageOfPage\":{\"@id\":\"https:\/\/staging.lucky-hunter.com\/product\/ghg-floating-snow-goose-the-perfect-eye-catcher-for-duck-and-goose-hunting\/#primaryimage\"},\"image\":{\"@id\":\"https:\/\/staging.lucky-hunter.com\/product\/ghg-floating-snow-goose-the-perfect-eye-catcher-for-duck-and-goose-hunting\/#primaryimage\"},\"thumbnailUrl\":\"https:\/\/staging.lucky-hunter.com\/wp-content\/uploads\/2017\/03\/LF-92.png\",\"datePublished\":\"2017-03-01T16:33:59+00:00\",\"dateModified\":\"2025-07-01T12:49:38+00:00\",\"description\":\"Ces formes Greenhead Gear uniques sont con\u00e7ues par une \u00e9quipe hautement professionnelle.\",\"breadcrumb\":{\"@id\":\"https:\/\/staging.lucky-hunter.com\/product\/ghg-floating-snow-goose-the-perfect-eye-catcher-for-duck-and-goose-hunting\/#breadcrumb\"},\"inLanguage\":\"fr-FR\",\"potentialAction\":[{\"@type\":\"ReadAction\",\"target\":[\"https:\/\/staging.lucky-hunter.com\/product\/ghg-floating-snow-goose-the-perfect-eye-catcher-for-duck-and-goose-hunting\/\"]}]},{\"@type\":\"ImageObject\",\"inLanguage\":\"fr-FR\",\"@id\":\"https:\/\/staging.lucky-hunter.com\/product\/ghg-floating-snow-goose-the-perfect-eye-catcher-for-duck-and-goose-hunting\/#primaryimage\",\"url\":\"https:\/\/staging.lucky-hunter.com\/wp-content\/uploads\/2017\/03\/LF-92.png\",\"contentUrl\":\"https:\/\/staging.lucky-hunter.com\/wp-content\/uploads\/2017\/03\/LF-92.png\",\"width\":1000,\"height\":1000},{\"@type\":\"BreadcrumbList\",\"@id\":\"https:\/\/staging.lucky-hunter.com\/product\/ghg-floating-snow-goose-the-perfect-eye-catcher-for-duck-and-goose-hunting\/#breadcrumb\",\"itemListElement\":[{\"@type\":\"ListItem\",\"position\":1,\"name\":\"Home\",\"item\":\"https:\/\/staging.lucky-hunter.com\/fr\/\"},{\"@type\":\"ListItem\",\"position\":2,\"name\":\"Boutique\",\"item\":\"https:\/\/staging.lucky-hunter.com\/fr\/shop\/\"},{\"@type\":\"ListItem\",\"position\":3,\"name\":\"Oies des Neiges &#8211; GHG\"}]},{\"@type\":\"WebSite\",\"@id\":\"https:\/\/staging.lucky-hunter.com\/#website\",\"url\":\"https:\/\/staging.lucky-hunter.com\/\",\"name\":\"Lucky-Hunter\",\"description\":\"Gear Up or Give Up\",\"potentialAction\":[{\"@type\":\"SearchAction\",\"target\":{\"@type\":\"EntryPoint\",\"urlTemplate\":\"https:\/\/staging.lucky-hunter.com\/?s={search_term_string}\"},\"query-input\":{\"@type\":\"PropertyValueSpecification\",\"valueRequired\":true,\"valueName\":\"search_term_string\"}}],\"inLanguage\":\"fr-FR\"}]}<\/script>\n<!-- \/ Yoast SEO plugin. -->","yoast_head_json":{"title":"Oies des Neiges - GHG","description":"Ces formes Greenhead Gear uniques sont con\u00e7ues par une \u00e9quipe hautement professionnelle.","robots":{"index":"noindex","follow":"follow","max-snippet":"max-snippet:-1","max-image-preview":"max-image-preview:large","max-video-preview":"max-video-preview:-1"},"og_locale":"fr_FR","og_type":"article","og_title":"Oies des Neiges - GHG","og_description":"Ces formes Greenhead Gear uniques sont con\u00e7ues par une \u00e9quipe hautement professionnelle.","og_url":"https:\/\/staging.lucky-hunter.com\/product\/ghg-floating-snow-goose-the-perfect-eye-catcher-for-duck-and-goose-hunting\/","og_site_name":"Lucky-Hunter","article_modified_time":"2025-07-01T12:49:38+00:00","og_image":[{"width":1000,"height":1000,"url":"https:\/\/staging.lucky-hunter.com\/wp-content\/uploads\/2017\/03\/LF-92.png","type":"image\/png"}],"twitter_card":"summary_large_image","twitter_misc":{"Dur\u00e9e de lecture estim\u00e9e":"1 minute"},"schema":{"@context":"https:\/\/schema.org","@graph":[{"@type":"WebPage","@id":"https:\/\/staging.lucky-hunter.com\/product\/ghg-floating-snow-goose-the-perfect-eye-catcher-for-duck-and-goose-hunting\/","url":"https:\/\/staging.lucky-hunter.com\/product\/ghg-floating-snow-goose-the-perfect-eye-catcher-for-duck-and-goose-hunting\/","name":"Oies des Neiges - GHG","isPartOf":{"@id":"https:\/\/staging.lucky-hunter.com\/#website"},"primaryImageOfPage":{"@id":"https:\/\/staging.lucky-hunter.com\/product\/ghg-floating-snow-goose-the-perfect-eye-catcher-for-duck-and-goose-hunting\/#primaryimage"},"image":{"@id":"https:\/\/staging.lucky-hunter.com\/product\/ghg-floating-snow-goose-the-perfect-eye-catcher-for-duck-and-goose-hunting\/#primaryimage"},"thumbnailUrl":"https:\/\/staging.lucky-hunter.com\/wp-content\/uploads\/2017\/03\/LF-92.png","datePublished":"2017-03-01T16:33:59+00:00","dateModified":"2025-07-01T12:49:38+00:00","description":"Ces formes Greenhead Gear uniques sont con\u00e7ues par une \u00e9quipe hautement professionnelle.","breadcrumb":{"@id":"https:\/\/staging.lucky-hunter.com\/product\/ghg-floating-snow-goose-the-perfect-eye-catcher-for-duck-and-goose-hunting\/#breadcrumb"},"inLanguage":"fr-FR","potentialAction":[{"@type":"ReadAction","target":["https:\/\/staging.lucky-hunter.com\/product\/ghg-floating-snow-goose-the-perfect-eye-catcher-for-duck-and-goose-hunting\/"]}]},{"@type":"ImageObject","inLanguage":"fr-FR","@id":"https:\/\/staging.lucky-hunter.com\/product\/ghg-floating-snow-goose-the-perfect-eye-catcher-for-duck-and-goose-hunting\/#primaryimage","url":"https:\/\/staging.lucky-hunter.com\/wp-content\/uploads\/2017\/03\/LF-92.png","contentUrl":"https:\/\/staging.lucky-hunter.com\/wp-content\/uploads\/2017\/03\/LF-92.png","width":1000,"height":1000},{"@type":"BreadcrumbList","@id":"https:\/\/staging.lucky-hunter.com\/product\/ghg-floating-snow-goose-the-perfect-eye-catcher-for-duck-and-goose-hunting\/#breadcrumb","itemListElement":[{"@type":"ListItem","position":1,"name":"Home","item":"https:\/\/staging.lucky-hunter.com\/fr\/"},{"@type":"ListItem","position":2,"name":"Boutique","item":"https:\/\/staging.lucky-hunter.com\/fr\/shop\/"},{"@type":"ListItem","position":3,"name":"Oies des Neiges &#8211; GHG"}]},{"@type":"WebSite","@id":"https:\/\/staging.lucky-hunter.com\/#website","url":"https:\/\/staging.lucky-hunter.com\/","name":"Lucky-Hunter","description":"Gear Up or Give Up","potentialAction":[{"@type":"SearchAction","target":{"@type":"EntryPoint","urlTemplate":"https:\/\/staging.lucky-hunter.com\/?s={search_term_string}"},"query-input":{"@type":"PropertyValueSpecification","valueRequired":true,"valueName":"search_term_string"}}],"inLanguage":"fr-FR"}]}},"_links":{"self":[{"href":"https:\/\/staging.lucky-hunter.com\/fr\/wp-json\/wp\/v2\/product\/32181"}],"collection":[{"href":"https:\/\/staging.lucky-hunter.com\/fr\/wp-json\/wp\/v2\/product"}],"about":[{"href":"https:\/\/staging.lucky-hunter.com\/fr\/wp-json\/wp\/v2\/types\/product"}],"wp:featuredmedia":[{"embeddable":true,"href":"https:\/\/staging.lucky-hunter.com\/fr\/wp-json\/wp\/v2\/media\/30451"}],"wp:attachment":[{"href":"https:\/\/staging.lucky-hunter.com\/fr\/wp-json\/wp\/v2\/media?parent=32181"}],"wp:term":[{"taxonomy":"product_brand","embeddable":true,"href":"https:\/\/staging.lucky-hunter.com\/fr\/wp-json\/wp\/v2\/product_brand?post=32181"},{"taxonomy":"product_cat","embeddable":true,"href":"https:\/\/staging.lucky-hunter.com\/fr\/wp-json\/wp\/v2\/product_cat?post=32181"},{"taxonomy":"product_tag","embeddable":true,"href":"https:\/\/staging.lucky-hunter.com\/fr\/wp-json\/wp\/v2\/product_tag?post=32181"}],"curies":[{"name":"wp","href":"https:\/\/api.w.org\/{rel}","templated":true}]}}