{"id":32179,"date":"2021-04-11T13:16:58","date_gmt":"2021-04-11T11:16:58","guid":{"rendered":"https:\/\/staging.lucky-hunter.com\/product\/final-approach-canada-lessers-entierement-floques\/"},"modified":"2025-06-26T14:23:53","modified_gmt":"2025-06-26T12:23:53","slug":"canada-lessers-entierement-floques-final-approach","status":"publish","type":"product","link":"https:\/\/staging.lucky-hunter.com\/fr\/product\/canada-lessers-entierement-floques-final-approach\/","title":{"rendered":"Canada Lessers Enti\u00e8rement floqu\u00e9s &#8211; Final Approach"},"content":{"rendered":"<p><iframe title=\"Final Approach Canada Lessers | Fully Flocked goose decoys\" width=\"1020\" height=\"574\" src=\"https:\/\/www.youtube.com\/embed\/uyI0Z_9AQG0?wmode=transparent&amp;rel=0&amp;feature=oembed&#038;enablejsapi=1&#038;origin=https:\/\/staging.lucky-hunter.com\" frameborder=\"0\" allow=\"accelerometer; autoplay; clipboard-write; encrypted-media; gyroscope; picture-in-picture; web-share\" referrerpolicy=\"strict-origin-when-cross-origin\" allowfullscreen><\/iframe><\/p>\n<h2><strong>Final Approach Canada Lessers avec 5 positions de t\u00eate<\/strong><\/h2>\n<p>American Final Approach est le fabricant derri\u00e8re ces leurres enti\u00e8rement floqu\u00e9s \u00e9quip\u00e9s du nouveau syst\u00e8me Zero Gravity Motion.<\/p>\n<p>Votre ensemble de leurres va prendre vie avec ce nouveau syst\u00e8me de mouvement. Les leurres \u00e9quip\u00e9s du syst\u00e8me Zero Gravity Motion se d\u00e9placent dans toutes les directions avec tr\u00e8s peu de vent. La mise en place est simplifi\u00e9e : posez simplement le leurre sur le piquet et passez au suivant. Les piquets ont des pointes aiguis\u00e9es et une poign\u00e9e en \u00ab T \u00bb qui facilite l&#8217;enfoncement et le retrait des piquets du sol. Vous serez \u00e9tonn\u00e9 lorsque vous verrez le mouvement r\u00e9aliste de nos leurres.<\/p>\n<p>Final Approach est l&#8217;une des marques de sauvagine les plus r\u00e9put\u00e9es aux \u00c9tats-Unis, et leur passion pour la chasse aux oiseaux et leurs exigences \u00e9lev\u00e9es en mati\u00e8re d&#8217;\u00e9quipement se retrouvent dans tous leurs produits : des leurres, aux sacs en passant par les accessoires.<\/p>\n<p>Ces bernaches enti\u00e8rement floqu\u00e9es sont disponibles avec une t\u00eate dans 5 positions diff\u00e9rentes et disposent d&#8217;un m\u00e9lange robuste de plastique plus souple pour une durabilit\u00e9 et une adh\u00e9rence de la peinture accrues. Le sch\u00e9ma de peinture am\u00e9lior\u00e9 donne un aspect plus r\u00e9aliste et les piquets en fibre de 18 pouces avec poign\u00e9e permettent de les enfoncer et de les retirer du sol tr\u00e8s facilement.<\/p>\n<p><strong>COMPREND :<\/strong><\/p>\n<ul>\n<li>4 mangeuses<\/li>\n<li>1 oie debout<\/li>\n<li>1 sentinelles<\/li>\n<\/ul>\n","protected":false},"excerpt":{"rendered":"<p>American Final Approach est le fabricant derri\u00e8re ces leurres enti\u00e8rement floqu\u00e9s \u00e9quip\u00e9s du nouveau syst\u00e8me Zero Gravity Motion.<\/p>\n","protected":false},"featured_media":30378,"template":"","meta":[],"product_brand":[8136],"product_cat":[8178],"product_tag":[9446],"yoast_head":"<!-- This site is optimized with the Yoast SEO plugin v24.3 - https:\/\/yoast.com\/wordpress\/plugins\/seo\/ -->\n<title>Canada Lessers Enti\u00e8rement floqu\u00e9s - Final Approach<\/title>\n<meta name=\"description\" content=\"American Final Approach est le fabricant derri\u00e8re ces leurres enti\u00e8rement floqu\u00e9s \u00e9quip\u00e9s du nouveau syst\u00e8me Zero Gravity Motion.\" \/>\n<meta name=\"robots\" content=\"noindex, follow, max-snippet:-1, max-image-preview:large, max-video-preview:-1\" \/>\n<meta property=\"og:locale\" content=\"fr_FR\" \/>\n<meta property=\"og:type\" content=\"article\" \/>\n<meta property=\"og:title\" content=\"Canada Lessers Enti\u00e8rement floqu\u00e9s - Final Approach\" \/>\n<meta property=\"og:description\" content=\"American Final Approach est le fabricant derri\u00e8re ces leurres enti\u00e8rement floqu\u00e9s \u00e9quip\u00e9s du nouveau syst\u00e8me Zero Gravity Motion.\" \/>\n<meta property=\"og:url\" content=\"https:\/\/staging.lucky-hunter.com\/fr\/product\/canada-lessers-entierement-floques-final-approach\/\" \/>\n<meta property=\"og:site_name\" content=\"Lucky-Hunter\" \/>\n<meta property=\"article:modified_time\" content=\"2025-06-26T12:23:53+00:00\" \/>\n<meta property=\"og:image\" content=\"https:\/\/staging.lucky-hunter.com\/wp-content\/uploads\/2021\/04\/LF-399-ALL.png\" \/>\n\t<meta property=\"og:image:width\" content=\"1000\" \/>\n\t<meta property=\"og:image:height\" content=\"1000\" \/>\n\t<meta property=\"og:image:type\" content=\"image\/png\" \/>\n<meta name=\"twitter:card\" content=\"summary_large_image\" \/>\n<meta name=\"twitter:label1\" content=\"Dur\u00e9e de lecture estim\u00e9e\" \/>\n\t<meta name=\"twitter:data1\" content=\"2 minutes\" \/>\n<script type=\"application\/ld+json\" class=\"yoast-schema-graph\">{\"@context\":\"https:\/\/schema.org\",\"@graph\":[{\"@type\":\"WebPage\",\"@id\":\"https:\/\/staging.lucky-hunter.com\/fr\/product\/canada-lessers-entierement-floques-final-approach\/\",\"url\":\"https:\/\/staging.lucky-hunter.com\/fr\/product\/canada-lessers-entierement-floques-final-approach\/\",\"name\":\"Canada Lessers Enti\u00e8rement floqu\u00e9s - Final Approach\",\"isPartOf\":{\"@id\":\"https:\/\/staging.lucky-hunter.com\/#website\"},\"primaryImageOfPage\":{\"@id\":\"https:\/\/staging.lucky-hunter.com\/fr\/product\/canada-lessers-entierement-floques-final-approach\/#primaryimage\"},\"image\":{\"@id\":\"https:\/\/staging.lucky-hunter.com\/fr\/product\/canada-lessers-entierement-floques-final-approach\/#primaryimage\"},\"thumbnailUrl\":\"https:\/\/staging.lucky-hunter.com\/wp-content\/uploads\/2021\/04\/LF-399-ALL.png\",\"datePublished\":\"2021-04-11T11:16:58+00:00\",\"dateModified\":\"2025-06-26T12:23:53+00:00\",\"description\":\"American Final Approach est le fabricant derri\u00e8re ces leurres enti\u00e8rement floqu\u00e9s \u00e9quip\u00e9s du nouveau syst\u00e8me Zero Gravity Motion.\",\"breadcrumb\":{\"@id\":\"https:\/\/staging.lucky-hunter.com\/fr\/product\/canada-lessers-entierement-floques-final-approach\/#breadcrumb\"},\"inLanguage\":\"fr-FR\",\"potentialAction\":[{\"@type\":\"ReadAction\",\"target\":[\"https:\/\/staging.lucky-hunter.com\/fr\/product\/canada-lessers-entierement-floques-final-approach\/\"]}]},{\"@type\":\"ImageObject\",\"inLanguage\":\"fr-FR\",\"@id\":\"https:\/\/staging.lucky-hunter.com\/fr\/product\/canada-lessers-entierement-floques-final-approach\/#primaryimage\",\"url\":\"https:\/\/staging.lucky-hunter.com\/wp-content\/uploads\/2021\/04\/LF-399-ALL.png\",\"contentUrl\":\"https:\/\/staging.lucky-hunter.com\/wp-content\/uploads\/2021\/04\/LF-399-ALL.png\",\"width\":1000,\"height\":1000},{\"@type\":\"BreadcrumbList\",\"@id\":\"https:\/\/staging.lucky-hunter.com\/fr\/product\/canada-lessers-entierement-floques-final-approach\/#breadcrumb\",\"itemListElement\":[{\"@type\":\"ListItem\",\"position\":1,\"name\":\"Home\",\"item\":\"https:\/\/staging.lucky-hunter.com\/fr\/\"},{\"@type\":\"ListItem\",\"position\":2,\"name\":\"Boutique\",\"item\":\"https:\/\/staging.lucky-hunter.com\/fr\/shop\/\"},{\"@type\":\"ListItem\",\"position\":3,\"name\":\"Canada Lessers Enti\u00e8rement floqu\u00e9s &#8211; Final Approach\"}]},{\"@type\":\"WebSite\",\"@id\":\"https:\/\/staging.lucky-hunter.com\/#website\",\"url\":\"https:\/\/staging.lucky-hunter.com\/\",\"name\":\"Lucky-Hunter\",\"description\":\"Gear Up or Give Up\",\"potentialAction\":[{\"@type\":\"SearchAction\",\"target\":{\"@type\":\"EntryPoint\",\"urlTemplate\":\"https:\/\/staging.lucky-hunter.com\/?s={search_term_string}\"},\"query-input\":{\"@type\":\"PropertyValueSpecification\",\"valueRequired\":true,\"valueName\":\"search_term_string\"}}],\"inLanguage\":\"fr-FR\"}]}<\/script>\n<!-- \/ Yoast SEO plugin. -->","yoast_head_json":{"title":"Canada Lessers Enti\u00e8rement floqu\u00e9s - Final Approach","description":"American Final Approach est le fabricant derri\u00e8re ces leurres enti\u00e8rement floqu\u00e9s \u00e9quip\u00e9s du nouveau syst\u00e8me Zero Gravity Motion.","robots":{"index":"noindex","follow":"follow","max-snippet":"max-snippet:-1","max-image-preview":"max-image-preview:large","max-video-preview":"max-video-preview:-1"},"og_locale":"fr_FR","og_type":"article","og_title":"Canada Lessers Enti\u00e8rement floqu\u00e9s - Final Approach","og_description":"American Final Approach est le fabricant derri\u00e8re ces leurres enti\u00e8rement floqu\u00e9s \u00e9quip\u00e9s du nouveau syst\u00e8me Zero Gravity Motion.","og_url":"https:\/\/staging.lucky-hunter.com\/fr\/product\/canada-lessers-entierement-floques-final-approach\/","og_site_name":"Lucky-Hunter","article_modified_time":"2025-06-26T12:23:53+00:00","og_image":[{"width":1000,"height":1000,"url":"https:\/\/staging.lucky-hunter.com\/wp-content\/uploads\/2021\/04\/LF-399-ALL.png","type":"image\/png"}],"twitter_card":"summary_large_image","twitter_misc":{"Dur\u00e9e de lecture estim\u00e9e":"2 minutes"},"schema":{"@context":"https:\/\/schema.org","@graph":[{"@type":"WebPage","@id":"https:\/\/staging.lucky-hunter.com\/fr\/product\/canada-lessers-entierement-floques-final-approach\/","url":"https:\/\/staging.lucky-hunter.com\/fr\/product\/canada-lessers-entierement-floques-final-approach\/","name":"Canada Lessers Enti\u00e8rement floqu\u00e9s - Final Approach","isPartOf":{"@id":"https:\/\/staging.lucky-hunter.com\/#website"},"primaryImageOfPage":{"@id":"https:\/\/staging.lucky-hunter.com\/fr\/product\/canada-lessers-entierement-floques-final-approach\/#primaryimage"},"image":{"@id":"https:\/\/staging.lucky-hunter.com\/fr\/product\/canada-lessers-entierement-floques-final-approach\/#primaryimage"},"thumbnailUrl":"https:\/\/staging.lucky-hunter.com\/wp-content\/uploads\/2021\/04\/LF-399-ALL.png","datePublished":"2021-04-11T11:16:58+00:00","dateModified":"2025-06-26T12:23:53+00:00","description":"American Final Approach est le fabricant derri\u00e8re ces leurres enti\u00e8rement floqu\u00e9s \u00e9quip\u00e9s du nouveau syst\u00e8me Zero Gravity Motion.","breadcrumb":{"@id":"https:\/\/staging.lucky-hunter.com\/fr\/product\/canada-lessers-entierement-floques-final-approach\/#breadcrumb"},"inLanguage":"fr-FR","potentialAction":[{"@type":"ReadAction","target":["https:\/\/staging.lucky-hunter.com\/fr\/product\/canada-lessers-entierement-floques-final-approach\/"]}]},{"@type":"ImageObject","inLanguage":"fr-FR","@id":"https:\/\/staging.lucky-hunter.com\/fr\/product\/canada-lessers-entierement-floques-final-approach\/#primaryimage","url":"https:\/\/staging.lucky-hunter.com\/wp-content\/uploads\/2021\/04\/LF-399-ALL.png","contentUrl":"https:\/\/staging.lucky-hunter.com\/wp-content\/uploads\/2021\/04\/LF-399-ALL.png","width":1000,"height":1000},{"@type":"BreadcrumbList","@id":"https:\/\/staging.lucky-hunter.com\/fr\/product\/canada-lessers-entierement-floques-final-approach\/#breadcrumb","itemListElement":[{"@type":"ListItem","position":1,"name":"Home","item":"https:\/\/staging.lucky-hunter.com\/fr\/"},{"@type":"ListItem","position":2,"name":"Boutique","item":"https:\/\/staging.lucky-hunter.com\/fr\/shop\/"},{"@type":"ListItem","position":3,"name":"Canada Lessers Enti\u00e8rement floqu\u00e9s &#8211; Final Approach"}]},{"@type":"WebSite","@id":"https:\/\/staging.lucky-hunter.com\/#website","url":"https:\/\/staging.lucky-hunter.com\/","name":"Lucky-Hunter","description":"Gear Up or Give Up","potentialAction":[{"@type":"SearchAction","target":{"@type":"EntryPoint","urlTemplate":"https:\/\/staging.lucky-hunter.com\/?s={search_term_string}"},"query-input":{"@type":"PropertyValueSpecification","valueRequired":true,"valueName":"search_term_string"}}],"inLanguage":"fr-FR"}]}},"_links":{"self":[{"href":"https:\/\/staging.lucky-hunter.com\/fr\/wp-json\/wp\/v2\/product\/32179"}],"collection":[{"href":"https:\/\/staging.lucky-hunter.com\/fr\/wp-json\/wp\/v2\/product"}],"about":[{"href":"https:\/\/staging.lucky-hunter.com\/fr\/wp-json\/wp\/v2\/types\/product"}],"wp:featuredmedia":[{"embeddable":true,"href":"https:\/\/staging.lucky-hunter.com\/fr\/wp-json\/wp\/v2\/media\/30378"}],"wp:attachment":[{"href":"https:\/\/staging.lucky-hunter.com\/fr\/wp-json\/wp\/v2\/media?parent=32179"}],"wp:term":[{"taxonomy":"product_brand","embeddable":true,"href":"https:\/\/staging.lucky-hunter.com\/fr\/wp-json\/wp\/v2\/product_brand?post=32179"},{"taxonomy":"product_cat","embeddable":true,"href":"https:\/\/staging.lucky-hunter.com\/fr\/wp-json\/wp\/v2\/product_cat?post=32179"},{"taxonomy":"product_tag","embeddable":true,"href":"https:\/\/staging.lucky-hunter.com\/fr\/wp-json\/wp\/v2\/product_tag?post=32179"}],"curies":[{"name":"wp","href":"https:\/\/api.w.org\/{rel}","templated":true}]}}