{"id":32176,"date":"2021-06-10T15:28:09","date_gmt":"2021-06-10T13:28:09","guid":{"rendered":"https:\/\/staging.lucky-hunter.com\/product\/sillosocks-barnacle-hypa-flap\/"},"modified":"2022-11-15T15:42:54","modified_gmt":"2022-11-15T14:42:54","slug":"sillosocks-barnacle-hypa-flap","status":"publish","type":"product","link":"https:\/\/staging.lucky-hunter.com\/fr\/product\/sillosocks-barnacle-hypa-flap\/","title":{"rendered":"Bernache Nonnette Sillosocks Hypa Flap"},"content":{"rendered":"<h2><strong>Les Sillosocks donnent vie \u00e0 vos formes<\/strong><\/h2>\n<p>La toute nouvelle forme de Bernache Nonnette Sillosocks va cr\u00e9er beaucoup de mouvement au sein de votre installation de blettes gr\u00e2ce \u00e0 son battement d\u2019ailes.<\/p>\n<p>Si vous faites du rep\u00e9rage dans une zone abritant des bernaches nonnettes, vous verrez qu&#8217;elles sont beaucoup plus agit\u00e9es que les autres esp\u00e8ces d&#8217;oies. Il est donc important que vous puissiez reproduire le m\u00eame comportement avec vos formes.<\/p>\n<p>Les oies migratrices apercevront la troupe en mouvement de loin.<\/p>\n<p>Inclus un piquet (divis\u00e9 en 2 parties) en fibre de verre, de sorte que la forme puisse \u00eatre plac\u00e9e \u00e0 env. 1 m\u00e8tre au-dessus du sol pour que ses ailes flottent au vent.<\/p>\n<p>La forme ne p\u00e8se presque rien, il est donc tr\u00e8s facile de transporter plusieurs Flappers dans un sac de chasse.<\/p>\n<p>La Bernache Nonnette Sillosocks Flapper est vendue \u00e0 l&#8217;unit\u00e9.<\/p>\n","protected":false},"excerpt":{"rendered":"<p>La toute nouvelle forme de Bernache Nonnette Sillosocks va cr\u00e9er beaucoup de mouvement au sein de votre installation de blettes gr\u00e2ce \u00e0 son battement d\u2019ailes.<\/p>\n","protected":false},"featured_media":31994,"template":"","meta":[],"product_brand":[8126],"product_cat":[8179,9736],"product_tag":[9446],"yoast_head":"<!-- This site is optimized with the Yoast SEO plugin v24.3 - https:\/\/yoast.com\/wordpress\/plugins\/seo\/ -->\n<title>Sillosocks Barnacle Hypa Flap - Lightweight Decoys | Lucky Hunter<\/title>\n<meta name=\"description\" content=\"Brand new Sillosocks barnacle goose decoy with flapping wings that will create a lot of motion in your sep-up of decoys.\" \/>\n<meta name=\"robots\" content=\"noindex, follow, max-snippet:-1, max-image-preview:large, max-video-preview:-1\" \/>\n<meta property=\"og:locale\" content=\"fr_FR\" \/>\n<meta property=\"og:type\" content=\"article\" \/>\n<meta property=\"og:title\" content=\"Sillosocks Barnacle Hypa Flap - Lightweight Decoys | Lucky Hunter\" \/>\n<meta property=\"og:description\" content=\"Wind-powered and lightweight. Sillosocks Specklebelly Flapper is perfect for lightweight, wind-powered additions to your decoy flock.\" \/>\n<meta property=\"og:url\" content=\"https:\/\/staging.lucky-hunter.com\/product\/sillosocks-barnacle-hypa-flap\/\" \/>\n<meta property=\"og:site_name\" content=\"Lucky-Hunter\" \/>\n<meta property=\"article:modified_time\" content=\"2022-11-15T14:42:54+00:00\" \/>\n<meta property=\"og:image\" content=\"https:\/\/staging.lucky-hunter.com\/wp-content\/uploads\/2021\/06\/LF-138.png\" \/>\n\t<meta property=\"og:image:width\" content=\"1000\" \/>\n\t<meta property=\"og:image:height\" content=\"1000\" \/>\n\t<meta property=\"og:image:type\" content=\"image\/png\" \/>\n<meta name=\"twitter:card\" content=\"summary_large_image\" \/>\n<meta name=\"twitter:title\" content=\"Sillosocks Specklebelly Flapper - Lightweight Decoys | Lucky Hunter\" \/>\n<meta name=\"twitter:description\" content=\"Wind-powered and lightweight. Sillosocks Specklebelly Flapper is perfect for lightweight, wind-powered additions to your decoy flock.\" \/>\n<meta name=\"twitter:label1\" content=\"Dur\u00e9e de lecture estim\u00e9e\" \/>\n\t<meta name=\"twitter:data1\" content=\"1 minute\" \/>\n<script type=\"application\/ld+json\" class=\"yoast-schema-graph\">{\"@context\":\"https:\/\/schema.org\",\"@graph\":[{\"@type\":\"WebPage\",\"@id\":\"https:\/\/staging.lucky-hunter.com\/product\/sillosocks-barnacle-hypa-flap\/\",\"url\":\"https:\/\/staging.lucky-hunter.com\/product\/sillosocks-barnacle-hypa-flap\/\",\"name\":\"Sillosocks Barnacle Hypa Flap - Lightweight Decoys | Lucky Hunter\",\"isPartOf\":{\"@id\":\"https:\/\/staging.lucky-hunter.com\/#website\"},\"primaryImageOfPage\":{\"@id\":\"https:\/\/staging.lucky-hunter.com\/product\/sillosocks-barnacle-hypa-flap\/#primaryimage\"},\"image\":{\"@id\":\"https:\/\/staging.lucky-hunter.com\/product\/sillosocks-barnacle-hypa-flap\/#primaryimage\"},\"thumbnailUrl\":\"https:\/\/staging.lucky-hunter.com\/wp-content\/uploads\/2021\/06\/LF-138.png\",\"datePublished\":\"2021-06-10T13:28:09+00:00\",\"dateModified\":\"2022-11-15T14:42:54+00:00\",\"description\":\"Brand new Sillosocks barnacle goose decoy with flapping wings that will create a lot of motion in your sep-up of decoys.\",\"breadcrumb\":{\"@id\":\"https:\/\/staging.lucky-hunter.com\/product\/sillosocks-barnacle-hypa-flap\/#breadcrumb\"},\"inLanguage\":\"fr-FR\",\"potentialAction\":[{\"@type\":\"ReadAction\",\"target\":[\"https:\/\/staging.lucky-hunter.com\/product\/sillosocks-barnacle-hypa-flap\/\"]}]},{\"@type\":\"ImageObject\",\"inLanguage\":\"fr-FR\",\"@id\":\"https:\/\/staging.lucky-hunter.com\/product\/sillosocks-barnacle-hypa-flap\/#primaryimage\",\"url\":\"https:\/\/staging.lucky-hunter.com\/wp-content\/uploads\/2021\/06\/LF-138.png\",\"contentUrl\":\"https:\/\/staging.lucky-hunter.com\/wp-content\/uploads\/2021\/06\/LF-138.png\",\"width\":1000,\"height\":1000},{\"@type\":\"BreadcrumbList\",\"@id\":\"https:\/\/staging.lucky-hunter.com\/product\/sillosocks-barnacle-hypa-flap\/#breadcrumb\",\"itemListElement\":[{\"@type\":\"ListItem\",\"position\":1,\"name\":\"Home\",\"item\":\"https:\/\/staging.lucky-hunter.com\/fr\/\"},{\"@type\":\"ListItem\",\"position\":2,\"name\":\"Boutique\",\"item\":\"https:\/\/staging.lucky-hunter.com\/fr\/shop\/\"},{\"@type\":\"ListItem\",\"position\":3,\"name\":\"Bernache Nonnette Sillosocks Hypa Flap\"}]},{\"@type\":\"WebSite\",\"@id\":\"https:\/\/staging.lucky-hunter.com\/#website\",\"url\":\"https:\/\/staging.lucky-hunter.com\/\",\"name\":\"Lucky-Hunter\",\"description\":\"Gear Up or Give Up\",\"potentialAction\":[{\"@type\":\"SearchAction\",\"target\":{\"@type\":\"EntryPoint\",\"urlTemplate\":\"https:\/\/staging.lucky-hunter.com\/?s={search_term_string}\"},\"query-input\":{\"@type\":\"PropertyValueSpecification\",\"valueRequired\":true,\"valueName\":\"search_term_string\"}}],\"inLanguage\":\"fr-FR\"}]}<\/script>\n<!-- \/ Yoast SEO plugin. -->","yoast_head_json":{"title":"Sillosocks Barnacle Hypa Flap - Lightweight Decoys | Lucky Hunter","description":"Brand new Sillosocks barnacle goose decoy with flapping wings that will create a lot of motion in your sep-up of decoys.","robots":{"index":"noindex","follow":"follow","max-snippet":"max-snippet:-1","max-image-preview":"max-image-preview:large","max-video-preview":"max-video-preview:-1"},"og_locale":"fr_FR","og_type":"article","og_title":"Sillosocks Barnacle Hypa Flap - Lightweight Decoys | Lucky Hunter","og_description":"Wind-powered and lightweight. Sillosocks Specklebelly Flapper is perfect for lightweight, wind-powered additions to your decoy flock.","og_url":"https:\/\/staging.lucky-hunter.com\/product\/sillosocks-barnacle-hypa-flap\/","og_site_name":"Lucky-Hunter","article_modified_time":"2022-11-15T14:42:54+00:00","og_image":[{"width":1000,"height":1000,"url":"https:\/\/staging.lucky-hunter.com\/wp-content\/uploads\/2021\/06\/LF-138.png","type":"image\/png"}],"twitter_card":"summary_large_image","twitter_title":"Sillosocks Specklebelly Flapper - Lightweight Decoys | Lucky Hunter","twitter_description":"Wind-powered and lightweight. Sillosocks Specklebelly Flapper is perfect for lightweight, wind-powered additions to your decoy flock.","twitter_misc":{"Dur\u00e9e de lecture estim\u00e9e":"1 minute"},"schema":{"@context":"https:\/\/schema.org","@graph":[{"@type":"WebPage","@id":"https:\/\/staging.lucky-hunter.com\/product\/sillosocks-barnacle-hypa-flap\/","url":"https:\/\/staging.lucky-hunter.com\/product\/sillosocks-barnacle-hypa-flap\/","name":"Sillosocks Barnacle Hypa Flap - Lightweight Decoys | Lucky Hunter","isPartOf":{"@id":"https:\/\/staging.lucky-hunter.com\/#website"},"primaryImageOfPage":{"@id":"https:\/\/staging.lucky-hunter.com\/product\/sillosocks-barnacle-hypa-flap\/#primaryimage"},"image":{"@id":"https:\/\/staging.lucky-hunter.com\/product\/sillosocks-barnacle-hypa-flap\/#primaryimage"},"thumbnailUrl":"https:\/\/staging.lucky-hunter.com\/wp-content\/uploads\/2021\/06\/LF-138.png","datePublished":"2021-06-10T13:28:09+00:00","dateModified":"2022-11-15T14:42:54+00:00","description":"Brand new Sillosocks barnacle goose decoy with flapping wings that will create a lot of motion in your sep-up of decoys.","breadcrumb":{"@id":"https:\/\/staging.lucky-hunter.com\/product\/sillosocks-barnacle-hypa-flap\/#breadcrumb"},"inLanguage":"fr-FR","potentialAction":[{"@type":"ReadAction","target":["https:\/\/staging.lucky-hunter.com\/product\/sillosocks-barnacle-hypa-flap\/"]}]},{"@type":"ImageObject","inLanguage":"fr-FR","@id":"https:\/\/staging.lucky-hunter.com\/product\/sillosocks-barnacle-hypa-flap\/#primaryimage","url":"https:\/\/staging.lucky-hunter.com\/wp-content\/uploads\/2021\/06\/LF-138.png","contentUrl":"https:\/\/staging.lucky-hunter.com\/wp-content\/uploads\/2021\/06\/LF-138.png","width":1000,"height":1000},{"@type":"BreadcrumbList","@id":"https:\/\/staging.lucky-hunter.com\/product\/sillosocks-barnacle-hypa-flap\/#breadcrumb","itemListElement":[{"@type":"ListItem","position":1,"name":"Home","item":"https:\/\/staging.lucky-hunter.com\/fr\/"},{"@type":"ListItem","position":2,"name":"Boutique","item":"https:\/\/staging.lucky-hunter.com\/fr\/shop\/"},{"@type":"ListItem","position":3,"name":"Bernache Nonnette Sillosocks Hypa Flap"}]},{"@type":"WebSite","@id":"https:\/\/staging.lucky-hunter.com\/#website","url":"https:\/\/staging.lucky-hunter.com\/","name":"Lucky-Hunter","description":"Gear Up or Give Up","potentialAction":[{"@type":"SearchAction","target":{"@type":"EntryPoint","urlTemplate":"https:\/\/staging.lucky-hunter.com\/?s={search_term_string}"},"query-input":{"@type":"PropertyValueSpecification","valueRequired":true,"valueName":"search_term_string"}}],"inLanguage":"fr-FR"}]}},"_links":{"self":[{"href":"https:\/\/staging.lucky-hunter.com\/fr\/wp-json\/wp\/v2\/product\/32176"}],"collection":[{"href":"https:\/\/staging.lucky-hunter.com\/fr\/wp-json\/wp\/v2\/product"}],"about":[{"href":"https:\/\/staging.lucky-hunter.com\/fr\/wp-json\/wp\/v2\/types\/product"}],"wp:featuredmedia":[{"embeddable":true,"href":"https:\/\/staging.lucky-hunter.com\/fr\/wp-json\/wp\/v2\/media\/31994"}],"wp:attachment":[{"href":"https:\/\/staging.lucky-hunter.com\/fr\/wp-json\/wp\/v2\/media?parent=32176"}],"wp:term":[{"taxonomy":"product_brand","embeddable":true,"href":"https:\/\/staging.lucky-hunter.com\/fr\/wp-json\/wp\/v2\/product_brand?post=32176"},{"taxonomy":"product_cat","embeddable":true,"href":"https:\/\/staging.lucky-hunter.com\/fr\/wp-json\/wp\/v2\/product_cat?post=32176"},{"taxonomy":"product_tag","embeddable":true,"href":"https:\/\/staging.lucky-hunter.com\/fr\/wp-json\/wp\/v2\/product_tag?post=32176"}],"curies":[{"name":"wp","href":"https:\/\/api.w.org\/{rel}","templated":true}]}}