{"id":32175,"date":"2021-04-11T11:57:11","date_gmt":"2021-04-11T09:57:11","guid":{"rendered":"https:\/\/staging.lucky-hunter.com\/product\/final-approach-last-pass-canada-goose-decoys-floaters\/"},"modified":"2022-11-15T15:52:15","modified_gmt":"2022-11-15T14:52:15","slug":"final-approach-last-pass-canada-goose-decoys-floaters","status":"publish","type":"product","link":"https:\/\/staging.lucky-hunter.com\/fr\/product\/final-approach-last-pass-canada-goose-decoys-floaters\/","title":{"rendered":"Approche Finale Dernier Passage Canada Goose Appelants &#8211; Flotteurs"},"content":{"rendered":"<p><iframe title=\"Final Approach  Canada Goose Floaters\" width=\"1020\" height=\"574\" src=\"https:\/\/www.youtube.com\/embed\/PgaSlm4Lh3E?wmode=transparent&amp;rel=0&amp;feature=oembed&#038;enablejsapi=1&#038;origin=https:\/\/staging.lucky-hunter.com\" frameborder=\"0\" allow=\"accelerometer; autoplay; clipboard-write; encrypted-media; gyroscope; picture-in-picture\" allowfullscreen><\/iframe><\/p>\n<h2><strong>Nouveau design de Wayne Simkin, le double champion du monde de sculpture de blettes<\/strong><\/h2>\n<p>Final Approach pr\u00e9sente ses nouvelles formes d\u2019Oies Cendr\u00e9es flottantes &#8211; magnifiques et \u00e0 un prix tr\u00e8s comp\u00e9titif. Il s&#8217;agit d&#8217;une version am\u00e9lior\u00e9e de la s\u00e9rie Standard.<\/p>\n<p>Sp\u00e9cialis\u00e9e dans l\u2019\u00e9quipement pour la chasse au gibier d\u2019eau, Final Approach est l&#8217;une des marques les plus r\u00e9put\u00e9es aux \u00c9tats-Unis. Leur passion pour la chasse aux oiseaux et leurs exigences \u00e9lev\u00e9es en mati\u00e8re d&#8217;\u00e9quipement se retrouvent dans tous leurs produits, des formes aux aff\u00fbts, en passant par les sacs et les accessoires.<\/p>\n<p>Le design monobloc de ces formes d\u2019oies cendr\u00e9es flottantes leur conf\u00e8re la durabilit\u00e9 dont tout chasseur de gibier d\u2019eau souhaite b\u00e9n\u00e9ficier. Les formes sont dot\u00e9es d\u2019un nouveau design d\u00e9taill\u00e9 et r\u00e9aliste, tant en termes de sculpture que de peinture. Elles seront sans aucun doute parmi les formes d\u2019oies les plus vendues. Essayez-les, vous comprendrez pourquoi.<\/p>\n<p><strong>Caract\u00e9ristiques\u00a0:<\/strong><\/p>\n<ul>\n<li>Fabrication F.A. robuste et durable, comme toujours !<\/li>\n<li>Design monobloc pour une durabilit\u00e9 accrue<\/li>\n<li>Quille lest\u00e9e avec syst\u00e8me de blocage de corde<\/li>\n<li>Sch\u00e9ma de peinture am\u00e9lior\u00e9 pour une apparence r\u00e9aliste<\/li>\n<li>Pack de 6 formes \u00e0 peinture mate<\/li>\n<li>Taille standard.<\/li>\n<\/ul>\n<p><strong>\u00c0 propos de Wayne Simkin\u00a0:<\/strong><\/p>\n<p>Wayne Simkin r\u00e9side \u00e0 Waverley, Ontario, Canada, mais a pass\u00e9 une partie de sa vie ant\u00e9rieure dans la colonie nord de Moosonee, parmi les Cris de la Baie James. Wayne organise pendant plusieurs ann\u00e9es des chasses au caribou et des exp\u00e9ditions de p\u00eache au touladi dans le nord du Qu\u00e9bec. L&#8217;initiation de Wayne \u00e0 la sculpture a eu lieu au milieu des ann\u00e9es 1970 alors qu&#8217;il n&#8217;avait encore que douze ou treize ans. Il a commenc\u00e9 \u00e0 produire des leurres fonctionnels avec son p\u00e8re et a rapidement fait preuve d&#8217;un talent rare pour la cr\u00e9ativit\u00e9 et d&#8217;une appr\u00e9ciation de la forme et de la fonction.<\/p>\n<p>Son moment d&#8217;\u00e9piphanie est venu quand il a pr\u00e9sent\u00e9 une partie de son travail au Sportsmen&#8217;s Show annuel \u00e0 Toronto et a remport\u00e9 treize rubans pour douze oiseaux, une r\u00e9alisation remarquable. Cela a valid\u00e9 son \u0153uvre et l&#8217;a convaincu qu&#8217;il avait ce qu&#8217;il fallait pour poursuivre la sculpture de mani\u00e8re s\u00e9rieuse. Wayne a \u00e9t\u00e9 assez talentueux pour remporter le prix Best in the World en 2010 pour une paire d\u00e9corative d&#8217;Eider de Stellar et Best in the World en 2013 pour une paire d\u00e9corative de Canvasbacks.<\/p>\n<p>\u00a0<\/p>\n<p>\u00a0<\/p>\n","protected":false},"excerpt":{"rendered":"<p>Final Approach pr\u00e9sente ses nouvelles formes d\u2019Oies Cendr\u00e9es flottantes &#8211; magnifiques et \u00e0 un prix tr\u00e8s comp\u00e9titif. Il s&#8217;agit d&#8217;une version am\u00e9lior\u00e9e des formes flottantes de la s\u00e9rie Standard, elles ont \u00e9t\u00e9 re-sculpt\u00e9es et dot\u00e9es d\u2019un nouveau sch\u00e9ma de peinture ultra mate plus r\u00e9aliste.<\/p>\n","protected":false},"featured_media":56537,"template":"","meta":[],"product_brand":[8136],"product_cat":[8178],"product_tag":[9446],"yoast_head":"<!-- This site is optimized with the Yoast SEO plugin v24.3 - https:\/\/yoast.com\/wordpress\/plugins\/seo\/ -->\n<title>Approche Finale Dernier Passage Canada Goose Appelants - Flotteurs<\/title>\n<meta name=\"description\" content=\"Final Approach pr\u00e9sente ses nouvelles formes d\u2019Oies Cendr\u00e9es flottantes - magnifiques et \u00e0 un prix tr\u00e8s comp\u00e9titif.\" \/>\n<meta name=\"robots\" content=\"noindex, follow, max-snippet:-1, max-image-preview:large, max-video-preview:-1\" \/>\n<meta property=\"og:locale\" content=\"fr_FR\" \/>\n<meta property=\"og:type\" content=\"article\" \/>\n<meta property=\"og:title\" content=\"Approche Finale Dernier Passage Canada Goose Appelants - Flotteurs\" \/>\n<meta property=\"og:description\" content=\"Final Approach pr\u00e9sente ses nouvelles formes d\u2019Oies Cendr\u00e9es flottantes - magnifiques et \u00e0 un prix tr\u00e8s comp\u00e9titif.\" \/>\n<meta property=\"og:url\" content=\"https:\/\/staging.lucky-hunter.com\/fr\/product\/final-approach-last-pass-canada-goose-decoys-floaters\/\" \/>\n<meta property=\"og:site_name\" content=\"Lucky-Hunter\" \/>\n<meta property=\"article:modified_time\" content=\"2022-11-15T14:52:15+00:00\" \/>\n<meta property=\"og:image\" content=\"https:\/\/staging.lucky-hunter.com\/wp-content\/uploads\/2021\/04\/LF-398.png\" \/>\n\t<meta property=\"og:image:width\" content=\"1000\" \/>\n\t<meta property=\"og:image:height\" content=\"1000\" \/>\n\t<meta property=\"og:image:type\" content=\"image\/png\" \/>\n<meta name=\"twitter:card\" content=\"summary_large_image\" \/>\n<meta name=\"twitter:label1\" content=\"Dur\u00e9e de lecture estim\u00e9e\" \/>\n\t<meta name=\"twitter:data1\" content=\"2 minutes\" \/>\n<script type=\"application\/ld+json\" class=\"yoast-schema-graph\">{\"@context\":\"https:\/\/schema.org\",\"@graph\":[{\"@type\":\"WebPage\",\"@id\":\"https:\/\/staging.lucky-hunter.com\/fr\/product\/final-approach-last-pass-canada-goose-decoys-floaters\/\",\"url\":\"https:\/\/staging.lucky-hunter.com\/fr\/product\/final-approach-last-pass-canada-goose-decoys-floaters\/\",\"name\":\"Approche Finale Dernier Passage Canada Goose Appelants - Flotteurs\",\"isPartOf\":{\"@id\":\"https:\/\/staging.lucky-hunter.com\/#website\"},\"primaryImageOfPage\":{\"@id\":\"https:\/\/staging.lucky-hunter.com\/fr\/product\/final-approach-last-pass-canada-goose-decoys-floaters\/#primaryimage\"},\"image\":{\"@id\":\"https:\/\/staging.lucky-hunter.com\/fr\/product\/final-approach-last-pass-canada-goose-decoys-floaters\/#primaryimage\"},\"thumbnailUrl\":\"https:\/\/staging.lucky-hunter.com\/wp-content\/uploads\/2021\/04\/LF-398.png\",\"datePublished\":\"2021-04-11T09:57:11+00:00\",\"dateModified\":\"2022-11-15T14:52:15+00:00\",\"description\":\"Final Approach pr\u00e9sente ses nouvelles formes d\u2019Oies Cendr\u00e9es flottantes - magnifiques et \u00e0 un prix tr\u00e8s comp\u00e9titif.\",\"breadcrumb\":{\"@id\":\"https:\/\/staging.lucky-hunter.com\/fr\/product\/final-approach-last-pass-canada-goose-decoys-floaters\/#breadcrumb\"},\"inLanguage\":\"fr-FR\",\"potentialAction\":[{\"@type\":\"ReadAction\",\"target\":[\"https:\/\/staging.lucky-hunter.com\/fr\/product\/final-approach-last-pass-canada-goose-decoys-floaters\/\"]}]},{\"@type\":\"ImageObject\",\"inLanguage\":\"fr-FR\",\"@id\":\"https:\/\/staging.lucky-hunter.com\/fr\/product\/final-approach-last-pass-canada-goose-decoys-floaters\/#primaryimage\",\"url\":\"https:\/\/staging.lucky-hunter.com\/wp-content\/uploads\/2021\/04\/LF-398.png\",\"contentUrl\":\"https:\/\/staging.lucky-hunter.com\/wp-content\/uploads\/2021\/04\/LF-398.png\",\"width\":1000,\"height\":1000},{\"@type\":\"BreadcrumbList\",\"@id\":\"https:\/\/staging.lucky-hunter.com\/fr\/product\/final-approach-last-pass-canada-goose-decoys-floaters\/#breadcrumb\",\"itemListElement\":[{\"@type\":\"ListItem\",\"position\":1,\"name\":\"Home\",\"item\":\"https:\/\/staging.lucky-hunter.com\/fr\/\"},{\"@type\":\"ListItem\",\"position\":2,\"name\":\"Boutique\",\"item\":\"https:\/\/staging.lucky-hunter.com\/fr\/shop\/\"},{\"@type\":\"ListItem\",\"position\":3,\"name\":\"Approche Finale Dernier Passage Canada Goose Appelants &#8211; Flotteurs\"}]},{\"@type\":\"WebSite\",\"@id\":\"https:\/\/staging.lucky-hunter.com\/#website\",\"url\":\"https:\/\/staging.lucky-hunter.com\/\",\"name\":\"Lucky-Hunter\",\"description\":\"Gear Up or Give Up\",\"potentialAction\":[{\"@type\":\"SearchAction\",\"target\":{\"@type\":\"EntryPoint\",\"urlTemplate\":\"https:\/\/staging.lucky-hunter.com\/?s={search_term_string}\"},\"query-input\":{\"@type\":\"PropertyValueSpecification\",\"valueRequired\":true,\"valueName\":\"search_term_string\"}}],\"inLanguage\":\"fr-FR\"}]}<\/script>\n<!-- \/ Yoast SEO plugin. -->","yoast_head_json":{"title":"Approche Finale Dernier Passage Canada Goose Appelants - Flotteurs","description":"Final Approach pr\u00e9sente ses nouvelles formes d\u2019Oies Cendr\u00e9es flottantes - magnifiques et \u00e0 un prix tr\u00e8s comp\u00e9titif.","robots":{"index":"noindex","follow":"follow","max-snippet":"max-snippet:-1","max-image-preview":"max-image-preview:large","max-video-preview":"max-video-preview:-1"},"og_locale":"fr_FR","og_type":"article","og_title":"Approche Finale Dernier Passage Canada Goose Appelants - Flotteurs","og_description":"Final Approach pr\u00e9sente ses nouvelles formes d\u2019Oies Cendr\u00e9es flottantes - magnifiques et \u00e0 un prix tr\u00e8s comp\u00e9titif.","og_url":"https:\/\/staging.lucky-hunter.com\/fr\/product\/final-approach-last-pass-canada-goose-decoys-floaters\/","og_site_name":"Lucky-Hunter","article_modified_time":"2022-11-15T14:52:15+00:00","og_image":[{"width":1000,"height":1000,"url":"https:\/\/staging.lucky-hunter.com\/wp-content\/uploads\/2021\/04\/LF-398.png","type":"image\/png"}],"twitter_card":"summary_large_image","twitter_misc":{"Dur\u00e9e de lecture estim\u00e9e":"2 minutes"},"schema":{"@context":"https:\/\/schema.org","@graph":[{"@type":"WebPage","@id":"https:\/\/staging.lucky-hunter.com\/fr\/product\/final-approach-last-pass-canada-goose-decoys-floaters\/","url":"https:\/\/staging.lucky-hunter.com\/fr\/product\/final-approach-last-pass-canada-goose-decoys-floaters\/","name":"Approche Finale Dernier Passage Canada Goose Appelants - Flotteurs","isPartOf":{"@id":"https:\/\/staging.lucky-hunter.com\/#website"},"primaryImageOfPage":{"@id":"https:\/\/staging.lucky-hunter.com\/fr\/product\/final-approach-last-pass-canada-goose-decoys-floaters\/#primaryimage"},"image":{"@id":"https:\/\/staging.lucky-hunter.com\/fr\/product\/final-approach-last-pass-canada-goose-decoys-floaters\/#primaryimage"},"thumbnailUrl":"https:\/\/staging.lucky-hunter.com\/wp-content\/uploads\/2021\/04\/LF-398.png","datePublished":"2021-04-11T09:57:11+00:00","dateModified":"2022-11-15T14:52:15+00:00","description":"Final Approach pr\u00e9sente ses nouvelles formes d\u2019Oies Cendr\u00e9es flottantes - magnifiques et \u00e0 un prix tr\u00e8s comp\u00e9titif.","breadcrumb":{"@id":"https:\/\/staging.lucky-hunter.com\/fr\/product\/final-approach-last-pass-canada-goose-decoys-floaters\/#breadcrumb"},"inLanguage":"fr-FR","potentialAction":[{"@type":"ReadAction","target":["https:\/\/staging.lucky-hunter.com\/fr\/product\/final-approach-last-pass-canada-goose-decoys-floaters\/"]}]},{"@type":"ImageObject","inLanguage":"fr-FR","@id":"https:\/\/staging.lucky-hunter.com\/fr\/product\/final-approach-last-pass-canada-goose-decoys-floaters\/#primaryimage","url":"https:\/\/staging.lucky-hunter.com\/wp-content\/uploads\/2021\/04\/LF-398.png","contentUrl":"https:\/\/staging.lucky-hunter.com\/wp-content\/uploads\/2021\/04\/LF-398.png","width":1000,"height":1000},{"@type":"BreadcrumbList","@id":"https:\/\/staging.lucky-hunter.com\/fr\/product\/final-approach-last-pass-canada-goose-decoys-floaters\/#breadcrumb","itemListElement":[{"@type":"ListItem","position":1,"name":"Home","item":"https:\/\/staging.lucky-hunter.com\/fr\/"},{"@type":"ListItem","position":2,"name":"Boutique","item":"https:\/\/staging.lucky-hunter.com\/fr\/shop\/"},{"@type":"ListItem","position":3,"name":"Approche Finale Dernier Passage Canada Goose Appelants &#8211; Flotteurs"}]},{"@type":"WebSite","@id":"https:\/\/staging.lucky-hunter.com\/#website","url":"https:\/\/staging.lucky-hunter.com\/","name":"Lucky-Hunter","description":"Gear Up or Give Up","potentialAction":[{"@type":"SearchAction","target":{"@type":"EntryPoint","urlTemplate":"https:\/\/staging.lucky-hunter.com\/?s={search_term_string}"},"query-input":{"@type":"PropertyValueSpecification","valueRequired":true,"valueName":"search_term_string"}}],"inLanguage":"fr-FR"}]}},"_links":{"self":[{"href":"https:\/\/staging.lucky-hunter.com\/fr\/wp-json\/wp\/v2\/product\/32175"}],"collection":[{"href":"https:\/\/staging.lucky-hunter.com\/fr\/wp-json\/wp\/v2\/product"}],"about":[{"href":"https:\/\/staging.lucky-hunter.com\/fr\/wp-json\/wp\/v2\/types\/product"}],"wp:featuredmedia":[{"embeddable":true,"href":"https:\/\/staging.lucky-hunter.com\/fr\/wp-json\/wp\/v2\/media\/56537"}],"wp:attachment":[{"href":"https:\/\/staging.lucky-hunter.com\/fr\/wp-json\/wp\/v2\/media?parent=32175"}],"wp:term":[{"taxonomy":"product_brand","embeddable":true,"href":"https:\/\/staging.lucky-hunter.com\/fr\/wp-json\/wp\/v2\/product_brand?post=32175"},{"taxonomy":"product_cat","embeddable":true,"href":"https:\/\/staging.lucky-hunter.com\/fr\/wp-json\/wp\/v2\/product_cat?post=32175"},{"taxonomy":"product_tag","embeddable":true,"href":"https:\/\/staging.lucky-hunter.com\/fr\/wp-json\/wp\/v2\/product_tag?post=32175"}],"curies":[{"name":"wp","href":"https:\/\/api.w.org\/{rel}","templated":true}]}}