{"id":32174,"date":"2021-11-01T10:33:08","date_gmt":"2021-11-01T09:33:08","guid":{"rendered":"https:\/\/staging.lucky-hunter.com\/product\/lucky-duck-agitator-hdi-bernache-du-canada\/"},"modified":"2022-11-15T15:29:37","modified_gmt":"2022-11-15T14:29:37","slug":"lucky-duck-agitator-hdi-bernache-du-canada","status":"publish","type":"product","link":"https:\/\/staging.lucky-hunter.com\/fr\/product\/lucky-duck-agitator-hdi-bernache-du-canada\/","title":{"rendered":"Lucky Duck Agitator HDI &#8211; Bernache du Canada"},"content":{"rendered":"<h2><strong>Lucky Duck Agitator HDI &#8211; Pour les passionn\u00e9s de chasse au gibier d\u2019eau<\/strong><\/h2>\n<p>Cr\u00e9ez votre propre perturbation de l&#8217;eau avec le mouvement r\u00e9aliste du Lucky Agitator HDI.<\/p>\n<p>L&#8217;agitateur est un leurre repr\u00e9sentant un arri\u00e8re-train de canard r\u00e9aliste qui jette de l&#8217;eau, pour simuler une bernache du Canada en train de se nourrir. Le tube d&#8217;\u00e9chappement est amovible, pour un transport facile.<\/p>\n<p>Une batterie au lithium 12 V et un chargeur permettent \u00e0 l\u2019agitateur de fonctionner pendant 6 \u00e0 8 heures.<\/p>\n<p>Choisissez entre trois r\u00e9glages de minuterie pour varier l&#8217;apparence de plusieurs agitateurs.<\/p>\n<p>Utilisable avec le kit de t\u00e9l\u00e9commande HD (vendu s\u00e9par\u00e9ment).<\/p>\n<p>&nbsp;<\/p>\n","protected":false},"excerpt":{"rendered":"<p>Lucky Duck Agitator est une forme r\u00e9aliste repr\u00e9sentant un arri\u00e8re-train de bernache qui \u00e9clabousse de l&#8217;eau, ce qui simule un colvert en train de se nourrir.<\/p>\n","protected":false},"featured_media":30677,"template":"","meta":[],"product_brand":[8124],"product_cat":[8178,9736],"product_tag":[9446],"yoast_head":"<!-- This site is optimized with the Yoast SEO plugin v24.3 - https:\/\/yoast.com\/wordpress\/plugins\/seo\/ -->\n<title>Lucky Duck Agitator HDI - Bernache du Canada | Lucky Hunter<\/title>\n<meta name=\"description\" content=\"Utilisez l&#039;agitateur Lucky Duck HDI pour cr\u00e9er une perturbation de l&#039;eau plus vraie que nature. Dot\u00e9 d&#039;une batterie de 12 V, l&#039;agitateur peut fonctionner pendant 6 \u00e0 8 heures.\" \/>\n<meta name=\"robots\" content=\"noindex, follow, max-snippet:-1, max-image-preview:large, max-video-preview:-1\" \/>\n<meta property=\"og:locale\" content=\"fr_FR\" \/>\n<meta property=\"og:type\" content=\"article\" \/>\n<meta property=\"og:title\" content=\"Lucky Duck Agitator HDI - Bernache du Canada | Lucky Hunter\" \/>\n<meta property=\"og:description\" content=\"Utilisez l&#039;agitateur Lucky Duck HDI pour cr\u00e9er une perturbation de l&#039;eau plus vraie que nature. Dot\u00e9 d&#039;une batterie de 12 V, l&#039;agitateur peut fonctionner pendant 6 \u00e0 8 heures.\" \/>\n<meta property=\"og:url\" content=\"https:\/\/staging.lucky-hunter.com\/fr\/product\/lucky-duck-agitator-hdi-bernache-du-canada\/\" \/>\n<meta property=\"og:site_name\" content=\"Lucky-Hunter\" \/>\n<meta property=\"article:modified_time\" content=\"2022-11-15T14:29:37+00:00\" \/>\n<meta property=\"og:image\" content=\"https:\/\/staging.lucky-hunter.com\/wp-content\/uploads\/2021\/11\/LF-282-1.png\" \/>\n\t<meta property=\"og:image:width\" content=\"1000\" \/>\n\t<meta property=\"og:image:height\" content=\"1000\" \/>\n\t<meta property=\"og:image:type\" content=\"image\/png\" \/>\n<meta name=\"twitter:card\" content=\"summary_large_image\" \/>\n<meta name=\"twitter:label1\" content=\"Dur\u00e9e de lecture estim\u00e9e\" \/>\n\t<meta name=\"twitter:data1\" content=\"1 minute\" \/>\n<script type=\"application\/ld+json\" class=\"yoast-schema-graph\">{\"@context\":\"https:\/\/schema.org\",\"@graph\":[{\"@type\":\"WebPage\",\"@id\":\"https:\/\/staging.lucky-hunter.com\/fr\/product\/lucky-duck-agitator-hdi-bernache-du-canada\/\",\"url\":\"https:\/\/staging.lucky-hunter.com\/fr\/product\/lucky-duck-agitator-hdi-bernache-du-canada\/\",\"name\":\"Lucky Duck Agitator HDI - Bernache du Canada | Lucky Hunter\",\"isPartOf\":{\"@id\":\"https:\/\/staging.lucky-hunter.com\/#website\"},\"primaryImageOfPage\":{\"@id\":\"https:\/\/staging.lucky-hunter.com\/fr\/product\/lucky-duck-agitator-hdi-bernache-du-canada\/#primaryimage\"},\"image\":{\"@id\":\"https:\/\/staging.lucky-hunter.com\/fr\/product\/lucky-duck-agitator-hdi-bernache-du-canada\/#primaryimage\"},\"thumbnailUrl\":\"https:\/\/staging.lucky-hunter.com\/wp-content\/uploads\/2021\/11\/LF-282-1.png\",\"datePublished\":\"2021-11-01T09:33:08+00:00\",\"dateModified\":\"2022-11-15T14:29:37+00:00\",\"description\":\"Utilisez l'agitateur Lucky Duck HDI pour cr\u00e9er une perturbation de l'eau plus vraie que nature. Dot\u00e9 d'une batterie de 12 V, l'agitateur peut fonctionner pendant 6 \u00e0 8 heures.\",\"breadcrumb\":{\"@id\":\"https:\/\/staging.lucky-hunter.com\/fr\/product\/lucky-duck-agitator-hdi-bernache-du-canada\/#breadcrumb\"},\"inLanguage\":\"fr-FR\",\"potentialAction\":[{\"@type\":\"ReadAction\",\"target\":[\"https:\/\/staging.lucky-hunter.com\/fr\/product\/lucky-duck-agitator-hdi-bernache-du-canada\/\"]}]},{\"@type\":\"ImageObject\",\"inLanguage\":\"fr-FR\",\"@id\":\"https:\/\/staging.lucky-hunter.com\/fr\/product\/lucky-duck-agitator-hdi-bernache-du-canada\/#primaryimage\",\"url\":\"https:\/\/staging.lucky-hunter.com\/wp-content\/uploads\/2021\/11\/LF-282-1.png\",\"contentUrl\":\"https:\/\/staging.lucky-hunter.com\/wp-content\/uploads\/2021\/11\/LF-282-1.png\",\"width\":1000,\"height\":1000},{\"@type\":\"BreadcrumbList\",\"@id\":\"https:\/\/staging.lucky-hunter.com\/fr\/product\/lucky-duck-agitator-hdi-bernache-du-canada\/#breadcrumb\",\"itemListElement\":[{\"@type\":\"ListItem\",\"position\":1,\"name\":\"Home\",\"item\":\"https:\/\/staging.lucky-hunter.com\/fr\/\"},{\"@type\":\"ListItem\",\"position\":2,\"name\":\"Boutique\",\"item\":\"https:\/\/staging.lucky-hunter.com\/fr\/shop\/\"},{\"@type\":\"ListItem\",\"position\":3,\"name\":\"Lucky Duck Agitator HDI &#8211; Bernache du Canada\"}]},{\"@type\":\"WebSite\",\"@id\":\"https:\/\/staging.lucky-hunter.com\/#website\",\"url\":\"https:\/\/staging.lucky-hunter.com\/\",\"name\":\"Lucky-Hunter\",\"description\":\"Gear Up or Give Up\",\"potentialAction\":[{\"@type\":\"SearchAction\",\"target\":{\"@type\":\"EntryPoint\",\"urlTemplate\":\"https:\/\/staging.lucky-hunter.com\/?s={search_term_string}\"},\"query-input\":{\"@type\":\"PropertyValueSpecification\",\"valueRequired\":true,\"valueName\":\"search_term_string\"}}],\"inLanguage\":\"fr-FR\"}]}<\/script>\n<!-- \/ Yoast SEO plugin. -->","yoast_head_json":{"title":"Lucky Duck Agitator HDI - Bernache du Canada | Lucky Hunter","description":"Utilisez l'agitateur Lucky Duck HDI pour cr\u00e9er une perturbation de l'eau plus vraie que nature. Dot\u00e9 d'une batterie de 12 V, l'agitateur peut fonctionner pendant 6 \u00e0 8 heures.","robots":{"index":"noindex","follow":"follow","max-snippet":"max-snippet:-1","max-image-preview":"max-image-preview:large","max-video-preview":"max-video-preview:-1"},"og_locale":"fr_FR","og_type":"article","og_title":"Lucky Duck Agitator HDI - Bernache du Canada | Lucky Hunter","og_description":"Utilisez l'agitateur Lucky Duck HDI pour cr\u00e9er une perturbation de l'eau plus vraie que nature. Dot\u00e9 d'une batterie de 12 V, l'agitateur peut fonctionner pendant 6 \u00e0 8 heures.","og_url":"https:\/\/staging.lucky-hunter.com\/fr\/product\/lucky-duck-agitator-hdi-bernache-du-canada\/","og_site_name":"Lucky-Hunter","article_modified_time":"2022-11-15T14:29:37+00:00","og_image":[{"width":1000,"height":1000,"url":"https:\/\/staging.lucky-hunter.com\/wp-content\/uploads\/2021\/11\/LF-282-1.png","type":"image\/png"}],"twitter_card":"summary_large_image","twitter_misc":{"Dur\u00e9e de lecture estim\u00e9e":"1 minute"},"schema":{"@context":"https:\/\/schema.org","@graph":[{"@type":"WebPage","@id":"https:\/\/staging.lucky-hunter.com\/fr\/product\/lucky-duck-agitator-hdi-bernache-du-canada\/","url":"https:\/\/staging.lucky-hunter.com\/fr\/product\/lucky-duck-agitator-hdi-bernache-du-canada\/","name":"Lucky Duck Agitator HDI - Bernache du Canada | Lucky Hunter","isPartOf":{"@id":"https:\/\/staging.lucky-hunter.com\/#website"},"primaryImageOfPage":{"@id":"https:\/\/staging.lucky-hunter.com\/fr\/product\/lucky-duck-agitator-hdi-bernache-du-canada\/#primaryimage"},"image":{"@id":"https:\/\/staging.lucky-hunter.com\/fr\/product\/lucky-duck-agitator-hdi-bernache-du-canada\/#primaryimage"},"thumbnailUrl":"https:\/\/staging.lucky-hunter.com\/wp-content\/uploads\/2021\/11\/LF-282-1.png","datePublished":"2021-11-01T09:33:08+00:00","dateModified":"2022-11-15T14:29:37+00:00","description":"Utilisez l'agitateur Lucky Duck HDI pour cr\u00e9er une perturbation de l'eau plus vraie que nature. Dot\u00e9 d'une batterie de 12 V, l'agitateur peut fonctionner pendant 6 \u00e0 8 heures.","breadcrumb":{"@id":"https:\/\/staging.lucky-hunter.com\/fr\/product\/lucky-duck-agitator-hdi-bernache-du-canada\/#breadcrumb"},"inLanguage":"fr-FR","potentialAction":[{"@type":"ReadAction","target":["https:\/\/staging.lucky-hunter.com\/fr\/product\/lucky-duck-agitator-hdi-bernache-du-canada\/"]}]},{"@type":"ImageObject","inLanguage":"fr-FR","@id":"https:\/\/staging.lucky-hunter.com\/fr\/product\/lucky-duck-agitator-hdi-bernache-du-canada\/#primaryimage","url":"https:\/\/staging.lucky-hunter.com\/wp-content\/uploads\/2021\/11\/LF-282-1.png","contentUrl":"https:\/\/staging.lucky-hunter.com\/wp-content\/uploads\/2021\/11\/LF-282-1.png","width":1000,"height":1000},{"@type":"BreadcrumbList","@id":"https:\/\/staging.lucky-hunter.com\/fr\/product\/lucky-duck-agitator-hdi-bernache-du-canada\/#breadcrumb","itemListElement":[{"@type":"ListItem","position":1,"name":"Home","item":"https:\/\/staging.lucky-hunter.com\/fr\/"},{"@type":"ListItem","position":2,"name":"Boutique","item":"https:\/\/staging.lucky-hunter.com\/fr\/shop\/"},{"@type":"ListItem","position":3,"name":"Lucky Duck Agitator HDI &#8211; Bernache du Canada"}]},{"@type":"WebSite","@id":"https:\/\/staging.lucky-hunter.com\/#website","url":"https:\/\/staging.lucky-hunter.com\/","name":"Lucky-Hunter","description":"Gear Up or Give Up","potentialAction":[{"@type":"SearchAction","target":{"@type":"EntryPoint","urlTemplate":"https:\/\/staging.lucky-hunter.com\/?s={search_term_string}"},"query-input":{"@type":"PropertyValueSpecification","valueRequired":true,"valueName":"search_term_string"}}],"inLanguage":"fr-FR"}]}},"_links":{"self":[{"href":"https:\/\/staging.lucky-hunter.com\/fr\/wp-json\/wp\/v2\/product\/32174"}],"collection":[{"href":"https:\/\/staging.lucky-hunter.com\/fr\/wp-json\/wp\/v2\/product"}],"about":[{"href":"https:\/\/staging.lucky-hunter.com\/fr\/wp-json\/wp\/v2\/types\/product"}],"wp:featuredmedia":[{"embeddable":true,"href":"https:\/\/staging.lucky-hunter.com\/fr\/wp-json\/wp\/v2\/media\/30677"}],"wp:attachment":[{"href":"https:\/\/staging.lucky-hunter.com\/fr\/wp-json\/wp\/v2\/media?parent=32174"}],"wp:term":[{"taxonomy":"product_brand","embeddable":true,"href":"https:\/\/staging.lucky-hunter.com\/fr\/wp-json\/wp\/v2\/product_brand?post=32174"},{"taxonomy":"product_cat","embeddable":true,"href":"https:\/\/staging.lucky-hunter.com\/fr\/wp-json\/wp\/v2\/product_cat?post=32174"},{"taxonomy":"product_tag","embeddable":true,"href":"https:\/\/staging.lucky-hunter.com\/fr\/wp-json\/wp\/v2\/product_tag?post=32174"}],"curies":[{"name":"wp","href":"https:\/\/api.w.org\/{rel}","templated":true}]}}