{"id":32173,"date":"2020-06-08T15:27:34","date_gmt":"2020-06-08T13:27:34","guid":{"rendered":"https:\/\/staging.lucky-hunter.com\/product\/leurres-bernaches-nonnettes-de-sillosocks-mangeuses\/"},"modified":"2024-07-24T15:26:28","modified_gmt":"2024-07-24T13:26:28","slug":"leurres-bernaches-nonnettes-de-sillosocks-mangeuses","status":"publish","type":"product","link":"https:\/\/staging.lucky-hunter.com\/fr\/product\/leurres-bernaches-nonnettes-de-sillosocks-mangeuses\/","title":{"rendered":"Formes bernaches nonnettes de Sillosocks &#8211; Mangeuses"},"content":{"rendered":"<h2><strong>Forme manche \u00e0 air bernache nonnette de Sillosocks &#8211; ajoutez du mouvement \u00e0 votre collection<\/strong><\/h2>\n<p>Les formes Sillosocks ont plusieurs avantages \u00e9vidents : elles ne p\u00e8sent rien et ajoutent une vivacit\u00e9 incroyable \u00e0 votre groupe de formes.<\/p>\n<p>Le vent fera bouger les Sillosocks et attirera l&#8217;attention des oies \u00e0 longue distance.<\/p>\n<p>Mettez-les contre le vent et \u00e9loignez-vous un peu pour d\u00e9couvrir une sc\u00e8ne tr\u00e8s naturelle o\u00f9 les Sillosocks se fondent parmi les formes traditionnelles et les silhouettes de Big Al\u2019s Decoys.<\/p>\n<p>Un autre avantage majeur des manches \u00e0 air et des formes \u00e0 silhouette est qu&#8217;elles reproduisent un grand troupeau d&#8217;oies ayant atterri pour se reposer et manger.<\/p>\n<p>Elles attirent plus d&#8217;oies sur votre sc\u00e8ne de chasse.<\/p>\n<p>Le paquet est livr\u00e9 avec 12 bernaches nonnettes en train de manger de Sillosocks avec b\u00e2tons de montage associ\u00e9s.<\/p>\n<p>Chauffez avec un briquet l\u2019extr\u00e9mit\u00e9 pointue du b\u00e2ton de montage et vous pourrez facilement l\u2019ins\u00e9rer \u00e0 travers l\u2019arri\u00e8re de la t\u00eate de la bernache nonnette, avec un angle adapt\u00e9 pour que le corps soit \u00e0 90 degr\u00e9s par rapport au b\u00e2ton de montage.<\/p>\n<p>Le vent peut ensuite gonfler le sac et donner \u00e0 la forme un aspect naturel.<\/p>\n","protected":false},"excerpt":{"rendered":"<p>Les formes Sillosocks ont plusieurs avantages \u00e9vidents : elles ne p\u00e8sent rien et ajoutent une vivacit\u00e9 incroyable \u00e0 votre groupe de formes.<\/p>\n","protected":false},"featured_media":30441,"template":"","meta":[],"product_brand":[8126],"product_cat":[8179,9736],"product_tag":[9446],"yoast_head":"<!-- This site is optimized with the Yoast SEO plugin v24.3 - https:\/\/yoast.com\/wordpress\/plugins\/seo\/ -->\n<title>Formes bernaches nonnettes de Sillosocks | Lucky Hunter<\/title>\n<meta name=\"description\" content=\"Sillosocks Barnacle Goose Sock Decoys - forme l\u00e9g\u00e8re. Ajoutez du mouvement \u00e0 votre collection\" \/>\n<meta name=\"robots\" content=\"noindex, follow, max-snippet:-1, max-image-preview:large, max-video-preview:-1\" \/>\n<meta property=\"og:locale\" content=\"fr_FR\" \/>\n<meta property=\"og:type\" content=\"article\" \/>\n<meta property=\"og:title\" content=\"Formes bernaches nonnettes de Sillosocks | Lucky Hunter\" \/>\n<meta property=\"og:description\" content=\"Sillosocks Barnacle Goose Sock Decoys - leurre l\u00e9ger. Ajoutez du mouvement \u00e0 votre collection\" \/>\n<meta property=\"og:url\" content=\"https:\/\/staging.lucky-hunter.com\/fr\/product\/leurres-bernaches-nonnettes-de-sillosocks-mangeuses\/\" \/>\n<meta property=\"og:site_name\" content=\"Lucky-Hunter\" \/>\n<meta property=\"article:modified_time\" content=\"2024-07-24T13:26:28+00:00\" \/>\n<meta property=\"og:image\" content=\"https:\/\/staging.lucky-hunter.com\/wp-content\/uploads\/2020\/06\/LF-147.png\" \/>\n\t<meta property=\"og:image:width\" content=\"1000\" \/>\n\t<meta property=\"og:image:height\" content=\"1000\" \/>\n\t<meta property=\"og:image:type\" content=\"image\/png\" \/>\n<meta name=\"twitter:card\" content=\"summary_large_image\" \/>\n<meta name=\"twitter:title\" content=\"Leurres bernaches nonnettes de Sillosocks | Lucky Hunter\" \/>\n<meta name=\"twitter:description\" content=\"Sillosocks Barnacle Goose Sock Decoys - leurre l\u00e9ger. Ajoutez du mouvement \u00e0 votre collection\" \/>\n<meta name=\"twitter:label1\" content=\"Dur\u00e9e de lecture estim\u00e9e\" \/>\n\t<meta name=\"twitter:data1\" content=\"1 minute\" \/>\n<script type=\"application\/ld+json\" class=\"yoast-schema-graph\">{\"@context\":\"https:\/\/schema.org\",\"@graph\":[{\"@type\":\"WebPage\",\"@id\":\"https:\/\/staging.lucky-hunter.com\/fr\/product\/leurres-bernaches-nonnettes-de-sillosocks-mangeuses\/\",\"url\":\"https:\/\/staging.lucky-hunter.com\/fr\/product\/leurres-bernaches-nonnettes-de-sillosocks-mangeuses\/\",\"name\":\"Formes bernaches nonnettes de Sillosocks | Lucky Hunter\",\"isPartOf\":{\"@id\":\"https:\/\/staging.lucky-hunter.com\/#website\"},\"primaryImageOfPage\":{\"@id\":\"https:\/\/staging.lucky-hunter.com\/fr\/product\/leurres-bernaches-nonnettes-de-sillosocks-mangeuses\/#primaryimage\"},\"image\":{\"@id\":\"https:\/\/staging.lucky-hunter.com\/fr\/product\/leurres-bernaches-nonnettes-de-sillosocks-mangeuses\/#primaryimage\"},\"thumbnailUrl\":\"https:\/\/staging.lucky-hunter.com\/wp-content\/uploads\/2020\/06\/LF-147.png\",\"datePublished\":\"2020-06-08T13:27:34+00:00\",\"dateModified\":\"2024-07-24T13:26:28+00:00\",\"description\":\"Sillosocks Barnacle Goose Sock Decoys - forme l\u00e9g\u00e8re. Ajoutez du mouvement \u00e0 votre collection\",\"breadcrumb\":{\"@id\":\"https:\/\/staging.lucky-hunter.com\/fr\/product\/leurres-bernaches-nonnettes-de-sillosocks-mangeuses\/#breadcrumb\"},\"inLanguage\":\"fr-FR\",\"potentialAction\":[{\"@type\":\"ReadAction\",\"target\":[\"https:\/\/staging.lucky-hunter.com\/fr\/product\/leurres-bernaches-nonnettes-de-sillosocks-mangeuses\/\"]}]},{\"@type\":\"ImageObject\",\"inLanguage\":\"fr-FR\",\"@id\":\"https:\/\/staging.lucky-hunter.com\/fr\/product\/leurres-bernaches-nonnettes-de-sillosocks-mangeuses\/#primaryimage\",\"url\":\"https:\/\/staging.lucky-hunter.com\/wp-content\/uploads\/2020\/06\/LF-147.png\",\"contentUrl\":\"https:\/\/staging.lucky-hunter.com\/wp-content\/uploads\/2020\/06\/LF-147.png\",\"width\":1000,\"height\":1000},{\"@type\":\"BreadcrumbList\",\"@id\":\"https:\/\/staging.lucky-hunter.com\/fr\/product\/leurres-bernaches-nonnettes-de-sillosocks-mangeuses\/#breadcrumb\",\"itemListElement\":[{\"@type\":\"ListItem\",\"position\":1,\"name\":\"Home\",\"item\":\"https:\/\/staging.lucky-hunter.com\/fr\/\"},{\"@type\":\"ListItem\",\"position\":2,\"name\":\"Boutique\",\"item\":\"https:\/\/staging.lucky-hunter.com\/fr\/shop\/\"},{\"@type\":\"ListItem\",\"position\":3,\"name\":\"Formes bernaches nonnettes de Sillosocks &#8211; Mangeuses\"}]},{\"@type\":\"WebSite\",\"@id\":\"https:\/\/staging.lucky-hunter.com\/#website\",\"url\":\"https:\/\/staging.lucky-hunter.com\/\",\"name\":\"Lucky-Hunter\",\"description\":\"Gear Up or Give Up\",\"potentialAction\":[{\"@type\":\"SearchAction\",\"target\":{\"@type\":\"EntryPoint\",\"urlTemplate\":\"https:\/\/staging.lucky-hunter.com\/?s={search_term_string}\"},\"query-input\":{\"@type\":\"PropertyValueSpecification\",\"valueRequired\":true,\"valueName\":\"search_term_string\"}}],\"inLanguage\":\"fr-FR\"}]}<\/script>\n<!-- \/ Yoast SEO plugin. -->","yoast_head_json":{"title":"Formes bernaches nonnettes de Sillosocks | Lucky Hunter","description":"Sillosocks Barnacle Goose Sock Decoys - forme l\u00e9g\u00e8re. Ajoutez du mouvement \u00e0 votre collection","robots":{"index":"noindex","follow":"follow","max-snippet":"max-snippet:-1","max-image-preview":"max-image-preview:large","max-video-preview":"max-video-preview:-1"},"og_locale":"fr_FR","og_type":"article","og_title":"Formes bernaches nonnettes de Sillosocks | Lucky Hunter","og_description":"Sillosocks Barnacle Goose Sock Decoys - leurre l\u00e9ger. Ajoutez du mouvement \u00e0 votre collection","og_url":"https:\/\/staging.lucky-hunter.com\/fr\/product\/leurres-bernaches-nonnettes-de-sillosocks-mangeuses\/","og_site_name":"Lucky-Hunter","article_modified_time":"2024-07-24T13:26:28+00:00","og_image":[{"width":1000,"height":1000,"url":"https:\/\/staging.lucky-hunter.com\/wp-content\/uploads\/2020\/06\/LF-147.png","type":"image\/png"}],"twitter_card":"summary_large_image","twitter_title":"Leurres bernaches nonnettes de Sillosocks | Lucky Hunter","twitter_description":"Sillosocks Barnacle Goose Sock Decoys - leurre l\u00e9ger. Ajoutez du mouvement \u00e0 votre collection","twitter_misc":{"Dur\u00e9e de lecture estim\u00e9e":"1 minute"},"schema":{"@context":"https:\/\/schema.org","@graph":[{"@type":"WebPage","@id":"https:\/\/staging.lucky-hunter.com\/fr\/product\/leurres-bernaches-nonnettes-de-sillosocks-mangeuses\/","url":"https:\/\/staging.lucky-hunter.com\/fr\/product\/leurres-bernaches-nonnettes-de-sillosocks-mangeuses\/","name":"Formes bernaches nonnettes de Sillosocks | Lucky Hunter","isPartOf":{"@id":"https:\/\/staging.lucky-hunter.com\/#website"},"primaryImageOfPage":{"@id":"https:\/\/staging.lucky-hunter.com\/fr\/product\/leurres-bernaches-nonnettes-de-sillosocks-mangeuses\/#primaryimage"},"image":{"@id":"https:\/\/staging.lucky-hunter.com\/fr\/product\/leurres-bernaches-nonnettes-de-sillosocks-mangeuses\/#primaryimage"},"thumbnailUrl":"https:\/\/staging.lucky-hunter.com\/wp-content\/uploads\/2020\/06\/LF-147.png","datePublished":"2020-06-08T13:27:34+00:00","dateModified":"2024-07-24T13:26:28+00:00","description":"Sillosocks Barnacle Goose Sock Decoys - forme l\u00e9g\u00e8re. Ajoutez du mouvement \u00e0 votre collection","breadcrumb":{"@id":"https:\/\/staging.lucky-hunter.com\/fr\/product\/leurres-bernaches-nonnettes-de-sillosocks-mangeuses\/#breadcrumb"},"inLanguage":"fr-FR","potentialAction":[{"@type":"ReadAction","target":["https:\/\/staging.lucky-hunter.com\/fr\/product\/leurres-bernaches-nonnettes-de-sillosocks-mangeuses\/"]}]},{"@type":"ImageObject","inLanguage":"fr-FR","@id":"https:\/\/staging.lucky-hunter.com\/fr\/product\/leurres-bernaches-nonnettes-de-sillosocks-mangeuses\/#primaryimage","url":"https:\/\/staging.lucky-hunter.com\/wp-content\/uploads\/2020\/06\/LF-147.png","contentUrl":"https:\/\/staging.lucky-hunter.com\/wp-content\/uploads\/2020\/06\/LF-147.png","width":1000,"height":1000},{"@type":"BreadcrumbList","@id":"https:\/\/staging.lucky-hunter.com\/fr\/product\/leurres-bernaches-nonnettes-de-sillosocks-mangeuses\/#breadcrumb","itemListElement":[{"@type":"ListItem","position":1,"name":"Home","item":"https:\/\/staging.lucky-hunter.com\/fr\/"},{"@type":"ListItem","position":2,"name":"Boutique","item":"https:\/\/staging.lucky-hunter.com\/fr\/shop\/"},{"@type":"ListItem","position":3,"name":"Formes bernaches nonnettes de Sillosocks &#8211; Mangeuses"}]},{"@type":"WebSite","@id":"https:\/\/staging.lucky-hunter.com\/#website","url":"https:\/\/staging.lucky-hunter.com\/","name":"Lucky-Hunter","description":"Gear Up or Give Up","potentialAction":[{"@type":"SearchAction","target":{"@type":"EntryPoint","urlTemplate":"https:\/\/staging.lucky-hunter.com\/?s={search_term_string}"},"query-input":{"@type":"PropertyValueSpecification","valueRequired":true,"valueName":"search_term_string"}}],"inLanguage":"fr-FR"}]}},"_links":{"self":[{"href":"https:\/\/staging.lucky-hunter.com\/fr\/wp-json\/wp\/v2\/product\/32173"}],"collection":[{"href":"https:\/\/staging.lucky-hunter.com\/fr\/wp-json\/wp\/v2\/product"}],"about":[{"href":"https:\/\/staging.lucky-hunter.com\/fr\/wp-json\/wp\/v2\/types\/product"}],"wp:featuredmedia":[{"embeddable":true,"href":"https:\/\/staging.lucky-hunter.com\/fr\/wp-json\/wp\/v2\/media\/30441"}],"wp:attachment":[{"href":"https:\/\/staging.lucky-hunter.com\/fr\/wp-json\/wp\/v2\/media?parent=32173"}],"wp:term":[{"taxonomy":"product_brand","embeddable":true,"href":"https:\/\/staging.lucky-hunter.com\/fr\/wp-json\/wp\/v2\/product_brand?post=32173"},{"taxonomy":"product_cat","embeddable":true,"href":"https:\/\/staging.lucky-hunter.com\/fr\/wp-json\/wp\/v2\/product_cat?post=32173"},{"taxonomy":"product_tag","embeddable":true,"href":"https:\/\/staging.lucky-hunter.com\/fr\/wp-json\/wp\/v2\/product_tag?post=32173"}],"curies":[{"name":"wp","href":"https:\/\/api.w.org\/{rel}","templated":true}]}}