{"id":32172,"date":"2020-05-28T11:40:17","date_gmt":"2020-05-28T09:40:17","guid":{"rendered":"https:\/\/staging.lucky-hunter.com\/product\/leurres-ghg-a-barnaches-nonnettes-coques\/"},"modified":"2024-07-25T15:14:53","modified_gmt":"2024-07-25T13:14:53","slug":"leurres-ghg-a-barnaches-nonnettes-coques","status":"publish","type":"product","link":"https:\/\/staging.lucky-hunter.com\/fr\/product\/leurres-ghg-a-barnaches-nonnettes-coques\/","title":{"rendered":"Formes GHG \u00e0 bernaches nonnettes &#8211; Coques"},"content":{"rendered":"<p><iframe title=\"GHG Barnacle Goose Decoys | Shells for goose hunting\" width=\"1020\" height=\"574\" src=\"https:\/\/www.youtube.com\/embed\/5csfcEikszc?wmode=transparent&amp;rel=0&amp;feature=oembed&#038;enablejsapi=1&#038;origin=https:\/\/staging.lucky-hunter.com\" frameborder=\"0\" allow=\"accelerometer; autoplay; clipboard-write; encrypted-media; gyroscope; picture-in-picture\" allowfullscreen><\/iframe><\/p>\n<h2><strong>Coques de formes \u00e0 bernache nonnette GHG par Greenhead Gear<\/strong><\/h2>\n<p>La marque am\u00e9ricaine Greenhead Gear (GHG) est l&#8217;un des fabricants de formes les plus reconnus de l&#8217;industrie. Ces tout nouveaux leurres de bernache nonnette sont \u00e0 la hauteur de leur r\u00e9putation.<br \/>\nLes d\u00e9tails dans les couleurs et les plumes sont soigneusement con\u00e7us sur la base d&#8217;\u00e9tudes de bernaches nonnettes abattues la saison derni\u00e8re. Ce souci du d\u00e9tail signifie que les formes sont extr\u00eamement r\u00e9alistes.<\/p>\n<p>Dans la bo\u00eete on trouve 6 coques de bernaches nonnettes avec piquets, pour assurer un mouvement naturel dans votre installation de formes.<\/p>\n<p>Bien s\u00fbr, la haute qualit\u00e9 des formes est typique de ce que propose GHG, avec une peinture ultra mate et neutre aux UV.<\/p>\n","protected":false},"excerpt":{"rendered":"<p>Le fabricant am\u00e9ricain Greenhead Gear (GHG) est l&#8217;un des plus reconnus de l&#8217;industrie des formes pour la chasse, et ces nouvelles formes de bernaches nonnettes sont \u00e0 la hauteur de leur r\u00e9putation.<\/p>\n","protected":false},"featured_media":30428,"template":"","meta":[],"product_brand":[8125],"product_cat":[8179],"product_tag":[9446],"yoast_head":"<!-- This site is optimized with the Yoast SEO plugin v24.3 - https:\/\/yoast.com\/wordpress\/plugins\/seo\/ -->\n<title>Formes GHG \u00e0 bernaches nonnettes - 6 Coques | Lucky Hunter<\/title>\n<meta name=\"description\" content=\"Coques avec piquets GHG est une entreprise am\u00e9ricaine de chasse de haute qualit\u00e9 avec des produits r\u00e9alistes et une grande attention aux d\u00e9tails.\" \/>\n<meta name=\"robots\" content=\"noindex, follow, max-snippet:-1, max-image-preview:large, max-video-preview:-1\" \/>\n<meta property=\"og:locale\" content=\"fr_FR\" \/>\n<meta property=\"og:type\" content=\"article\" \/>\n<meta property=\"og:title\" content=\"Formes GHG \u00e0 bernaches nonnettes - 6 Coques | Lucky Hunter\" \/>\n<meta property=\"og:description\" content=\"Coques avec piquets GHG est une entreprise am\u00e9ricaine de chasse de haute qualit\u00e9 avec des produits r\u00e9alistes et une grande attention aux d\u00e9tails.\" \/>\n<meta property=\"og:url\" content=\"https:\/\/staging.lucky-hunter.com\/fr\/product\/leurres-ghg-a-barnaches-nonnettes-coques\/\" \/>\n<meta property=\"og:site_name\" content=\"Lucky-Hunter\" \/>\n<meta property=\"article:modified_time\" content=\"2024-07-25T13:14:53+00:00\" \/>\n<meta property=\"og:image\" content=\"https:\/\/staging.lucky-hunter.com\/wp-content\/uploads\/2020\/05\/lf-103-1.png\" \/>\n\t<meta property=\"og:image:width\" content=\"1000\" \/>\n\t<meta property=\"og:image:height\" content=\"1000\" \/>\n\t<meta property=\"og:image:type\" content=\"image\/png\" \/>\n<meta name=\"twitter:card\" content=\"summary_large_image\" \/>\n<meta name=\"twitter:label1\" content=\"Dur\u00e9e de lecture estim\u00e9e\" \/>\n\t<meta name=\"twitter:data1\" content=\"1 minute\" \/>\n<script type=\"application\/ld+json\" class=\"yoast-schema-graph\">{\"@context\":\"https:\/\/schema.org\",\"@graph\":[{\"@type\":\"WebPage\",\"@id\":\"https:\/\/staging.lucky-hunter.com\/fr\/product\/leurres-ghg-a-barnaches-nonnettes-coques\/\",\"url\":\"https:\/\/staging.lucky-hunter.com\/fr\/product\/leurres-ghg-a-barnaches-nonnettes-coques\/\",\"name\":\"Formes GHG \u00e0 bernaches nonnettes - 6 Coques | Lucky Hunter\",\"isPartOf\":{\"@id\":\"https:\/\/staging.lucky-hunter.com\/#website\"},\"primaryImageOfPage\":{\"@id\":\"https:\/\/staging.lucky-hunter.com\/fr\/product\/leurres-ghg-a-barnaches-nonnettes-coques\/#primaryimage\"},\"image\":{\"@id\":\"https:\/\/staging.lucky-hunter.com\/fr\/product\/leurres-ghg-a-barnaches-nonnettes-coques\/#primaryimage\"},\"thumbnailUrl\":\"https:\/\/staging.lucky-hunter.com\/wp-content\/uploads\/2020\/05\/lf-103-1.png\",\"datePublished\":\"2020-05-28T09:40:17+00:00\",\"dateModified\":\"2024-07-25T13:14:53+00:00\",\"description\":\"Coques avec piquets GHG est une entreprise am\u00e9ricaine de chasse de haute qualit\u00e9 avec des produits r\u00e9alistes et une grande attention aux d\u00e9tails.\",\"breadcrumb\":{\"@id\":\"https:\/\/staging.lucky-hunter.com\/fr\/product\/leurres-ghg-a-barnaches-nonnettes-coques\/#breadcrumb\"},\"inLanguage\":\"fr-FR\",\"potentialAction\":[{\"@type\":\"ReadAction\",\"target\":[\"https:\/\/staging.lucky-hunter.com\/fr\/product\/leurres-ghg-a-barnaches-nonnettes-coques\/\"]}]},{\"@type\":\"ImageObject\",\"inLanguage\":\"fr-FR\",\"@id\":\"https:\/\/staging.lucky-hunter.com\/fr\/product\/leurres-ghg-a-barnaches-nonnettes-coques\/#primaryimage\",\"url\":\"https:\/\/staging.lucky-hunter.com\/wp-content\/uploads\/2020\/05\/lf-103-1.png\",\"contentUrl\":\"https:\/\/staging.lucky-hunter.com\/wp-content\/uploads\/2020\/05\/lf-103-1.png\",\"width\":1000,\"height\":1000},{\"@type\":\"BreadcrumbList\",\"@id\":\"https:\/\/staging.lucky-hunter.com\/fr\/product\/leurres-ghg-a-barnaches-nonnettes-coques\/#breadcrumb\",\"itemListElement\":[{\"@type\":\"ListItem\",\"position\":1,\"name\":\"Home\",\"item\":\"https:\/\/staging.lucky-hunter.com\/fr\/\"},{\"@type\":\"ListItem\",\"position\":2,\"name\":\"Boutique\",\"item\":\"https:\/\/staging.lucky-hunter.com\/fr\/shop\/\"},{\"@type\":\"ListItem\",\"position\":3,\"name\":\"Formes GHG \u00e0 bernaches nonnettes &#8211; Coques\"}]},{\"@type\":\"WebSite\",\"@id\":\"https:\/\/staging.lucky-hunter.com\/#website\",\"url\":\"https:\/\/staging.lucky-hunter.com\/\",\"name\":\"Lucky-Hunter\",\"description\":\"Gear Up or Give Up\",\"potentialAction\":[{\"@type\":\"SearchAction\",\"target\":{\"@type\":\"EntryPoint\",\"urlTemplate\":\"https:\/\/staging.lucky-hunter.com\/?s={search_term_string}\"},\"query-input\":{\"@type\":\"PropertyValueSpecification\",\"valueRequired\":true,\"valueName\":\"search_term_string\"}}],\"inLanguage\":\"fr-FR\"}]}<\/script>\n<!-- \/ Yoast SEO plugin. -->","yoast_head_json":{"title":"Formes GHG \u00e0 bernaches nonnettes - 6 Coques | Lucky Hunter","description":"Coques avec piquets GHG est une entreprise am\u00e9ricaine de chasse de haute qualit\u00e9 avec des produits r\u00e9alistes et une grande attention aux d\u00e9tails.","robots":{"index":"noindex","follow":"follow","max-snippet":"max-snippet:-1","max-image-preview":"max-image-preview:large","max-video-preview":"max-video-preview:-1"},"og_locale":"fr_FR","og_type":"article","og_title":"Formes GHG \u00e0 bernaches nonnettes - 6 Coques | Lucky Hunter","og_description":"Coques avec piquets GHG est une entreprise am\u00e9ricaine de chasse de haute qualit\u00e9 avec des produits r\u00e9alistes et une grande attention aux d\u00e9tails.","og_url":"https:\/\/staging.lucky-hunter.com\/fr\/product\/leurres-ghg-a-barnaches-nonnettes-coques\/","og_site_name":"Lucky-Hunter","article_modified_time":"2024-07-25T13:14:53+00:00","og_image":[{"width":1000,"height":1000,"url":"https:\/\/staging.lucky-hunter.com\/wp-content\/uploads\/2020\/05\/lf-103-1.png","type":"image\/png"}],"twitter_card":"summary_large_image","twitter_misc":{"Dur\u00e9e de lecture estim\u00e9e":"1 minute"},"schema":{"@context":"https:\/\/schema.org","@graph":[{"@type":"WebPage","@id":"https:\/\/staging.lucky-hunter.com\/fr\/product\/leurres-ghg-a-barnaches-nonnettes-coques\/","url":"https:\/\/staging.lucky-hunter.com\/fr\/product\/leurres-ghg-a-barnaches-nonnettes-coques\/","name":"Formes GHG \u00e0 bernaches nonnettes - 6 Coques | Lucky Hunter","isPartOf":{"@id":"https:\/\/staging.lucky-hunter.com\/#website"},"primaryImageOfPage":{"@id":"https:\/\/staging.lucky-hunter.com\/fr\/product\/leurres-ghg-a-barnaches-nonnettes-coques\/#primaryimage"},"image":{"@id":"https:\/\/staging.lucky-hunter.com\/fr\/product\/leurres-ghg-a-barnaches-nonnettes-coques\/#primaryimage"},"thumbnailUrl":"https:\/\/staging.lucky-hunter.com\/wp-content\/uploads\/2020\/05\/lf-103-1.png","datePublished":"2020-05-28T09:40:17+00:00","dateModified":"2024-07-25T13:14:53+00:00","description":"Coques avec piquets GHG est une entreprise am\u00e9ricaine de chasse de haute qualit\u00e9 avec des produits r\u00e9alistes et une grande attention aux d\u00e9tails.","breadcrumb":{"@id":"https:\/\/staging.lucky-hunter.com\/fr\/product\/leurres-ghg-a-barnaches-nonnettes-coques\/#breadcrumb"},"inLanguage":"fr-FR","potentialAction":[{"@type":"ReadAction","target":["https:\/\/staging.lucky-hunter.com\/fr\/product\/leurres-ghg-a-barnaches-nonnettes-coques\/"]}]},{"@type":"ImageObject","inLanguage":"fr-FR","@id":"https:\/\/staging.lucky-hunter.com\/fr\/product\/leurres-ghg-a-barnaches-nonnettes-coques\/#primaryimage","url":"https:\/\/staging.lucky-hunter.com\/wp-content\/uploads\/2020\/05\/lf-103-1.png","contentUrl":"https:\/\/staging.lucky-hunter.com\/wp-content\/uploads\/2020\/05\/lf-103-1.png","width":1000,"height":1000},{"@type":"BreadcrumbList","@id":"https:\/\/staging.lucky-hunter.com\/fr\/product\/leurres-ghg-a-barnaches-nonnettes-coques\/#breadcrumb","itemListElement":[{"@type":"ListItem","position":1,"name":"Home","item":"https:\/\/staging.lucky-hunter.com\/fr\/"},{"@type":"ListItem","position":2,"name":"Boutique","item":"https:\/\/staging.lucky-hunter.com\/fr\/shop\/"},{"@type":"ListItem","position":3,"name":"Formes GHG \u00e0 bernaches nonnettes &#8211; Coques"}]},{"@type":"WebSite","@id":"https:\/\/staging.lucky-hunter.com\/#website","url":"https:\/\/staging.lucky-hunter.com\/","name":"Lucky-Hunter","description":"Gear Up or Give Up","potentialAction":[{"@type":"SearchAction","target":{"@type":"EntryPoint","urlTemplate":"https:\/\/staging.lucky-hunter.com\/?s={search_term_string}"},"query-input":{"@type":"PropertyValueSpecification","valueRequired":true,"valueName":"search_term_string"}}],"inLanguage":"fr-FR"}]}},"_links":{"self":[{"href":"https:\/\/staging.lucky-hunter.com\/fr\/wp-json\/wp\/v2\/product\/32172"}],"collection":[{"href":"https:\/\/staging.lucky-hunter.com\/fr\/wp-json\/wp\/v2\/product"}],"about":[{"href":"https:\/\/staging.lucky-hunter.com\/fr\/wp-json\/wp\/v2\/types\/product"}],"wp:featuredmedia":[{"embeddable":true,"href":"https:\/\/staging.lucky-hunter.com\/fr\/wp-json\/wp\/v2\/media\/30428"}],"wp:attachment":[{"href":"https:\/\/staging.lucky-hunter.com\/fr\/wp-json\/wp\/v2\/media?parent=32172"}],"wp:term":[{"taxonomy":"product_brand","embeddable":true,"href":"https:\/\/staging.lucky-hunter.com\/fr\/wp-json\/wp\/v2\/product_brand?post=32172"},{"taxonomy":"product_cat","embeddable":true,"href":"https:\/\/staging.lucky-hunter.com\/fr\/wp-json\/wp\/v2\/product_cat?post=32172"},{"taxonomy":"product_tag","embeddable":true,"href":"https:\/\/staging.lucky-hunter.com\/fr\/wp-json\/wp\/v2\/product_tag?post=32172"}],"curies":[{"name":"wp","href":"https:\/\/api.w.org\/{rel}","templated":true}]}}