{"id":32125,"date":"2022-07-26T10:36:06","date_gmt":"2022-07-26T08:36:06","guid":{"rendered":"https:\/\/staging.lucky-hunter.com\/product\/banded-lws-balaclava-max7\/"},"modified":"2022-11-15T14:40:06","modified_gmt":"2022-11-15T13:40:06","slug":"banded-lws-balaclava-max7","status":"publish","type":"product","link":"https:\/\/staging.lucky-hunter.com\/fr\/product\/banded-lws-balaclava-max7\/","title":{"rendered":"Banded LWS Balaclava &#8211; Max7"},"content":{"rendered":"<h2><strong>Balaclava \u00e0 bandes Excel en fonctionnalit\u00e9 et en chaleur<\/strong><\/h2>\n<div>Une protection incroyable contre les \u00e9l\u00e9ments, le confort et le style sont les caract\u00e9ristiques de la cagoule Banded LWS.<\/div>\n<div><\/div>\n<div>Gr\u00e2ce \u00e0 la recherche et \u00e0 la conception, les ressources les plus performantes ont \u00e9t\u00e9 int\u00e9gr\u00e9es dans des processus de fabrication pr\u00e9cis.<\/div>\n<div><\/div>\n<div>Le r\u00e9sultat est des v\u00eatements qui excellent en termes de fonctionnalit\u00e9 et de chaleur. Que vous brisiez le froid d&#8217;un vent vif ou que vous bloquiez les temp\u00e9ratures glaciales, nous sommes convaincus que les couvre-chefs Banded rendront les journ\u00e9es pass\u00e9es \u00e0 l&#8217;ext\u00e9rieur agr\u00e9ables.<\/div>\n<div><\/div>\n<div><strong>Caract\u00e9ristiques\u00a0:<\/strong><\/div>\n<ul>\n<li>Int\u00e9rieur en molleton bross\u00e9<\/li>\n<li>Coupe stretch pour plus de confort<\/li>\n<li>Id\u00e9al pour la superposition<\/li>\n<li>Taille unique<\/li>\n<li>Conception Max7.<\/li>\n<\/ul>\n","protected":false},"excerpt":{"rendered":"<p>Une protection incroyable contre les \u00e9l\u00e9ments, le confort et le style sont les caract\u00e9ristiques de la cagoule Banded LWS.<\/p>\n","protected":false},"featured_media":55071,"template":"","meta":[],"product_brand":[8137],"product_cat":[9141],"product_tag":[],"yoast_head":"<!-- This site is optimized with the Yoast SEO plugin v24.3 - https:\/\/yoast.com\/wordpress\/plugins\/seo\/ -->\n<title>Banded LWS Balaclava - Max7. Excel in Functionality and Warmth<\/title>\n<meta name=\"description\" content=\"Incredible protection against the elements, comfort, and style are hallmarks of the Banded LWS Balaclava. One size fits most.\" \/>\n<meta name=\"robots\" content=\"noindex, follow, max-snippet:-1, max-image-preview:large, max-video-preview:-1\" \/>\n<meta property=\"og:locale\" content=\"fr_FR\" \/>\n<meta property=\"og:type\" content=\"article\" \/>\n<meta property=\"og:title\" content=\"Banded LWS Balaclava - Max7. Excel in Functionality and Warmth\" \/>\n<meta property=\"og:description\" content=\"Incredible protection against the elements, comfort, and style are hallmarks of the Banded LWS Balaclava. One size fits most.\" \/>\n<meta property=\"og:url\" content=\"https:\/\/staging.lucky-hunter.com\/product\/banded-lws-balaclava-max7\/\" \/>\n<meta property=\"og:site_name\" content=\"Lucky-Hunter\" \/>\n<meta property=\"article:modified_time\" content=\"2022-11-15T13:40:06+00:00\" \/>\n<meta property=\"og:image\" content=\"https:\/\/staging.lucky-hunter.com\/wp-content\/uploads\/2022\/07\/JB-0254.png\" \/>\n\t<meta property=\"og:image:width\" content=\"1000\" \/>\n\t<meta property=\"og:image:height\" content=\"1000\" \/>\n\t<meta property=\"og:image:type\" content=\"image\/png\" \/>\n<meta name=\"twitter:card\" content=\"summary_large_image\" \/>\n<meta name=\"twitter:label1\" content=\"Dur\u00e9e de lecture estim\u00e9e\" \/>\n\t<meta name=\"twitter:data1\" content=\"1 minute\" \/>\n<script type=\"application\/ld+json\" class=\"yoast-schema-graph\">{\"@context\":\"https:\/\/schema.org\",\"@graph\":[{\"@type\":\"WebPage\",\"@id\":\"https:\/\/staging.lucky-hunter.com\/product\/banded-lws-balaclava-max7\/\",\"url\":\"https:\/\/staging.lucky-hunter.com\/product\/banded-lws-balaclava-max7\/\",\"name\":\"Banded LWS Balaclava - Max7. Excel in Functionality and Warmth\",\"isPartOf\":{\"@id\":\"https:\/\/staging.lucky-hunter.com\/#website\"},\"primaryImageOfPage\":{\"@id\":\"https:\/\/staging.lucky-hunter.com\/product\/banded-lws-balaclava-max7\/#primaryimage\"},\"image\":{\"@id\":\"https:\/\/staging.lucky-hunter.com\/product\/banded-lws-balaclava-max7\/#primaryimage\"},\"thumbnailUrl\":\"https:\/\/staging.lucky-hunter.com\/wp-content\/uploads\/2022\/07\/JB-0254.png\",\"datePublished\":\"2022-07-26T08:36:06+00:00\",\"dateModified\":\"2022-11-15T13:40:06+00:00\",\"description\":\"Incredible protection against the elements, comfort, and style are hallmarks of the Banded LWS Balaclava. One size fits most.\",\"breadcrumb\":{\"@id\":\"https:\/\/staging.lucky-hunter.com\/product\/banded-lws-balaclava-max7\/#breadcrumb\"},\"inLanguage\":\"fr-FR\",\"potentialAction\":[{\"@type\":\"ReadAction\",\"target\":[\"https:\/\/staging.lucky-hunter.com\/product\/banded-lws-balaclava-max7\/\"]}]},{\"@type\":\"ImageObject\",\"inLanguage\":\"fr-FR\",\"@id\":\"https:\/\/staging.lucky-hunter.com\/product\/banded-lws-balaclava-max7\/#primaryimage\",\"url\":\"https:\/\/staging.lucky-hunter.com\/wp-content\/uploads\/2022\/07\/JB-0254.png\",\"contentUrl\":\"https:\/\/staging.lucky-hunter.com\/wp-content\/uploads\/2022\/07\/JB-0254.png\",\"width\":1000,\"height\":1000},{\"@type\":\"BreadcrumbList\",\"@id\":\"https:\/\/staging.lucky-hunter.com\/product\/banded-lws-balaclava-max7\/#breadcrumb\",\"itemListElement\":[{\"@type\":\"ListItem\",\"position\":1,\"name\":\"Home\",\"item\":\"https:\/\/staging.lucky-hunter.com\/fr\/\"},{\"@type\":\"ListItem\",\"position\":2,\"name\":\"Boutique\",\"item\":\"https:\/\/staging.lucky-hunter.com\/fr\/shop\/\"},{\"@type\":\"ListItem\",\"position\":3,\"name\":\"Banded LWS Balaclava &#8211; Max7\"}]},{\"@type\":\"WebSite\",\"@id\":\"https:\/\/staging.lucky-hunter.com\/#website\",\"url\":\"https:\/\/staging.lucky-hunter.com\/\",\"name\":\"Lucky-Hunter\",\"description\":\"Gear Up or Give Up\",\"potentialAction\":[{\"@type\":\"SearchAction\",\"target\":{\"@type\":\"EntryPoint\",\"urlTemplate\":\"https:\/\/staging.lucky-hunter.com\/?s={search_term_string}\"},\"query-input\":{\"@type\":\"PropertyValueSpecification\",\"valueRequired\":true,\"valueName\":\"search_term_string\"}}],\"inLanguage\":\"fr-FR\"}]}<\/script>\n<!-- \/ Yoast SEO plugin. -->","yoast_head_json":{"title":"Banded LWS Balaclava - Max7. Excel in Functionality and Warmth","description":"Incredible protection against the elements, comfort, and style are hallmarks of the Banded LWS Balaclava. One size fits most.","robots":{"index":"noindex","follow":"follow","max-snippet":"max-snippet:-1","max-image-preview":"max-image-preview:large","max-video-preview":"max-video-preview:-1"},"og_locale":"fr_FR","og_type":"article","og_title":"Banded LWS Balaclava - Max7. Excel in Functionality and Warmth","og_description":"Incredible protection against the elements, comfort, and style are hallmarks of the Banded LWS Balaclava. One size fits most.","og_url":"https:\/\/staging.lucky-hunter.com\/product\/banded-lws-balaclava-max7\/","og_site_name":"Lucky-Hunter","article_modified_time":"2022-11-15T13:40:06+00:00","og_image":[{"width":1000,"height":1000,"url":"https:\/\/staging.lucky-hunter.com\/wp-content\/uploads\/2022\/07\/JB-0254.png","type":"image\/png"}],"twitter_card":"summary_large_image","twitter_misc":{"Dur\u00e9e de lecture estim\u00e9e":"1 minute"},"schema":{"@context":"https:\/\/schema.org","@graph":[{"@type":"WebPage","@id":"https:\/\/staging.lucky-hunter.com\/product\/banded-lws-balaclava-max7\/","url":"https:\/\/staging.lucky-hunter.com\/product\/banded-lws-balaclava-max7\/","name":"Banded LWS Balaclava - Max7. Excel in Functionality and Warmth","isPartOf":{"@id":"https:\/\/staging.lucky-hunter.com\/#website"},"primaryImageOfPage":{"@id":"https:\/\/staging.lucky-hunter.com\/product\/banded-lws-balaclava-max7\/#primaryimage"},"image":{"@id":"https:\/\/staging.lucky-hunter.com\/product\/banded-lws-balaclava-max7\/#primaryimage"},"thumbnailUrl":"https:\/\/staging.lucky-hunter.com\/wp-content\/uploads\/2022\/07\/JB-0254.png","datePublished":"2022-07-26T08:36:06+00:00","dateModified":"2022-11-15T13:40:06+00:00","description":"Incredible protection against the elements, comfort, and style are hallmarks of the Banded LWS Balaclava. One size fits most.","breadcrumb":{"@id":"https:\/\/staging.lucky-hunter.com\/product\/banded-lws-balaclava-max7\/#breadcrumb"},"inLanguage":"fr-FR","potentialAction":[{"@type":"ReadAction","target":["https:\/\/staging.lucky-hunter.com\/product\/banded-lws-balaclava-max7\/"]}]},{"@type":"ImageObject","inLanguage":"fr-FR","@id":"https:\/\/staging.lucky-hunter.com\/product\/banded-lws-balaclava-max7\/#primaryimage","url":"https:\/\/staging.lucky-hunter.com\/wp-content\/uploads\/2022\/07\/JB-0254.png","contentUrl":"https:\/\/staging.lucky-hunter.com\/wp-content\/uploads\/2022\/07\/JB-0254.png","width":1000,"height":1000},{"@type":"BreadcrumbList","@id":"https:\/\/staging.lucky-hunter.com\/product\/banded-lws-balaclava-max7\/#breadcrumb","itemListElement":[{"@type":"ListItem","position":1,"name":"Home","item":"https:\/\/staging.lucky-hunter.com\/fr\/"},{"@type":"ListItem","position":2,"name":"Boutique","item":"https:\/\/staging.lucky-hunter.com\/fr\/shop\/"},{"@type":"ListItem","position":3,"name":"Banded LWS Balaclava &#8211; Max7"}]},{"@type":"WebSite","@id":"https:\/\/staging.lucky-hunter.com\/#website","url":"https:\/\/staging.lucky-hunter.com\/","name":"Lucky-Hunter","description":"Gear Up or Give Up","potentialAction":[{"@type":"SearchAction","target":{"@type":"EntryPoint","urlTemplate":"https:\/\/staging.lucky-hunter.com\/?s={search_term_string}"},"query-input":{"@type":"PropertyValueSpecification","valueRequired":true,"valueName":"search_term_string"}}],"inLanguage":"fr-FR"}]}},"_links":{"self":[{"href":"https:\/\/staging.lucky-hunter.com\/fr\/wp-json\/wp\/v2\/product\/32125"}],"collection":[{"href":"https:\/\/staging.lucky-hunter.com\/fr\/wp-json\/wp\/v2\/product"}],"about":[{"href":"https:\/\/staging.lucky-hunter.com\/fr\/wp-json\/wp\/v2\/types\/product"}],"wp:featuredmedia":[{"embeddable":true,"href":"https:\/\/staging.lucky-hunter.com\/fr\/wp-json\/wp\/v2\/media\/55071"}],"wp:attachment":[{"href":"https:\/\/staging.lucky-hunter.com\/fr\/wp-json\/wp\/v2\/media?parent=32125"}],"wp:term":[{"taxonomy":"product_brand","embeddable":true,"href":"https:\/\/staging.lucky-hunter.com\/fr\/wp-json\/wp\/v2\/product_brand?post=32125"},{"taxonomy":"product_cat","embeddable":true,"href":"https:\/\/staging.lucky-hunter.com\/fr\/wp-json\/wp\/v2\/product_cat?post=32125"},{"taxonomy":"product_tag","embeddable":true,"href":"https:\/\/staging.lucky-hunter.com\/fr\/wp-json\/wp\/v2\/product_tag?post=32125"}],"curies":[{"name":"wp","href":"https:\/\/api.w.org\/{rel}","templated":true}]}}