{"id":32101,"date":"2016-11-07T16:09:03","date_gmt":"2016-11-07T15:09:03","guid":{"rendered":"https:\/\/staging.lucky-hunter.com\/product\/weisskirchen-stag-call\/"},"modified":"2022-11-16T13:33:30","modified_gmt":"2022-11-16T12:33:30","slug":"weisskirchen-stag-call","status":"publish","type":"product","link":"https:\/\/staging.lucky-hunter.com\/fr\/product\/weisskirchen-stag-call\/","title":{"rendered":"Appeau \u00e0 cerf en 2 parties de Weisskirchen"},"content":{"rendered":"<h2><strong>Somptueux Appeau \u00e0 Cerfs de Klaus Weisskirchen d\u2019une qualit\u00e9 unique<\/strong><\/h2>\n<p>Seuls les plus anciens chasseurs de cerfs d&#8217;Europe centrale se souviennent de cet excellent appeau \u00e0 cerf.<\/p>\n<p>Depuis plus de 50 ans, il n\u2019\u00e9tait plus possible de se procurer cet appeau, mais maintenant, il est de retour ! L&#8217;appeau \u00e0 cerf est fait d&#8217;une combinaison de fibres de bois et de r\u00e9sine synth\u00e9tique qui permet de reproduire le son parfait.<\/p>\n<p>En faisant varier la longueur de l\u2019appeau pendant que vous soufflez, vous pourrez produire des sons tr\u00e8s vari\u00e9s. Remarque &#8211; Lorsque vous entendrez le brame du cerf, il est important que vous r\u00e9pondiez avec le m\u00eame son. De cette mani\u00e8re, vous pourrez l&#8217;attirer plus pr\u00e8s.<\/p>\n<p>Si vous r\u00e9pondez avec un son diff\u00e9rent, il se contentera de s\u2019en aller ou d\u2019ignorer votre appel. Avec cet appeau unique, vous pouvez \u00e9galement essayer d&#8217;appeler le sanglier en faisant \u00ab\u00a0roch &#8211; roch &#8211; roch\u00a0\u00bb. &#8211;<\/p>\n<p>&#8211;<\/p>\n<p>Longueur : 24-40 cm<\/p>\n<p><iframe title=\"Weisskirchen Eifelhirschruf\" width=\"1020\" height=\"574\" src=\"https:\/\/www.youtube.com\/embed\/PIuUyIx_7ZE?wmode=transparent&amp;rel=0&amp;feature=oembed&#038;enablejsapi=1&#038;origin=https:\/\/staging.lucky-hunter.com\" frameborder=\"0\" allow=\"accelerometer; autoplay; clipboard-write; encrypted-media; gyroscope; picture-in-picture\" allowfullscreen><\/iframe><\/p>\n<p>\u00a0<\/p>\n","protected":false},"excerpt":{"rendered":"<p>Seuls les plus anciens chasseurs de cerfs d&#8217;Europe centrale se souviennent de cet excellent appeau \u00e0 cerf. Vous pourrez produire des sons tr\u00e8s vari\u00e9s<\/p>\n","protected":false},"featured_media":28416,"template":"","meta":[],"product_brand":[8203],"product_cat":[8235],"product_tag":[9151],"yoast_head":"<!-- This site is optimized with the Yoast SEO plugin v24.3 - https:\/\/yoast.com\/wordpress\/plugins\/seo\/ -->\n<title>Somptueux Appeau \u00e0 Cerfs de Klaus Weisskirchen d\u2019une qualit\u00e9 unique<\/title>\n<meta name=\"description\" content=\"Seuls les plus anciens chasseurs de cerfs d&#039;Europe centrale se souviennent de cet excellent appeau \u00e0 cerf. Vous pourrez produire des sons tr\u00e8s vari\u00e9s\" \/>\n<meta name=\"robots\" content=\"noindex, follow, max-snippet:-1, max-image-preview:large, max-video-preview:-1\" \/>\n<meta property=\"og:locale\" content=\"fr_FR\" \/>\n<meta property=\"og:type\" content=\"article\" \/>\n<meta property=\"og:title\" content=\"Somptueux Appeau \u00e0 Cerfs de Klaus Weisskirchen d\u2019une qualit\u00e9 unique\" \/>\n<meta property=\"og:description\" content=\"Seuls les plus anciens chasseurs de cerfs d&#039;Europe centrale se souviennent de cet excellent appeau \u00e0 cerf. Vous pourrez produire des sons tr\u00e8s vari\u00e9s\" \/>\n<meta property=\"og:url\" content=\"https:\/\/staging.lucky-hunter.com\/product\/weisskirchen-stag-call\/\" \/>\n<meta property=\"og:site_name\" content=\"Lucky-Hunter\" \/>\n<meta property=\"article:modified_time\" content=\"2022-11-16T12:33:30+00:00\" \/>\n<meta property=\"og:image\" content=\"https:\/\/staging.lucky-hunter.com\/wp-content\/uploads\/2016\/11\/510510-Kronhjortekald-fra-Klaus-Weisskirchen.png\" \/>\n\t<meta property=\"og:image:width\" content=\"1000\" \/>\n\t<meta property=\"og:image:height\" content=\"1000\" \/>\n\t<meta property=\"og:image:type\" content=\"image\/png\" \/>\n<meta name=\"twitter:card\" content=\"summary_large_image\" \/>\n<meta name=\"twitter:label1\" content=\"Dur\u00e9e de lecture estim\u00e9e\" \/>\n\t<meta name=\"twitter:data1\" content=\"1 minute\" \/>\n<script type=\"application\/ld+json\" class=\"yoast-schema-graph\">{\"@context\":\"https:\/\/schema.org\",\"@graph\":[{\"@type\":\"WebPage\",\"@id\":\"https:\/\/staging.lucky-hunter.com\/product\/weisskirchen-stag-call\/\",\"url\":\"https:\/\/staging.lucky-hunter.com\/product\/weisskirchen-stag-call\/\",\"name\":\"Somptueux Appeau \u00e0 Cerfs de Klaus Weisskirchen d\u2019une qualit\u00e9 unique\",\"isPartOf\":{\"@id\":\"https:\/\/staging.lucky-hunter.com\/#website\"},\"primaryImageOfPage\":{\"@id\":\"https:\/\/staging.lucky-hunter.com\/product\/weisskirchen-stag-call\/#primaryimage\"},\"image\":{\"@id\":\"https:\/\/staging.lucky-hunter.com\/product\/weisskirchen-stag-call\/#primaryimage\"},\"thumbnailUrl\":\"https:\/\/staging.lucky-hunter.com\/wp-content\/uploads\/2016\/11\/510510-Kronhjortekald-fra-Klaus-Weisskirchen.png\",\"datePublished\":\"2016-11-07T15:09:03+00:00\",\"dateModified\":\"2022-11-16T12:33:30+00:00\",\"description\":\"Seuls les plus anciens chasseurs de cerfs d'Europe centrale se souviennent de cet excellent appeau \u00e0 cerf. Vous pourrez produire des sons tr\u00e8s vari\u00e9s\",\"breadcrumb\":{\"@id\":\"https:\/\/staging.lucky-hunter.com\/product\/weisskirchen-stag-call\/#breadcrumb\"},\"inLanguage\":\"fr-FR\",\"potentialAction\":[{\"@type\":\"ReadAction\",\"target\":[\"https:\/\/staging.lucky-hunter.com\/product\/weisskirchen-stag-call\/\"]}]},{\"@type\":\"ImageObject\",\"inLanguage\":\"fr-FR\",\"@id\":\"https:\/\/staging.lucky-hunter.com\/product\/weisskirchen-stag-call\/#primaryimage\",\"url\":\"https:\/\/staging.lucky-hunter.com\/wp-content\/uploads\/2016\/11\/510510-Kronhjortekald-fra-Klaus-Weisskirchen.png\",\"contentUrl\":\"https:\/\/staging.lucky-hunter.com\/wp-content\/uploads\/2016\/11\/510510-Kronhjortekald-fra-Klaus-Weisskirchen.png\",\"width\":1000,\"height\":1000},{\"@type\":\"BreadcrumbList\",\"@id\":\"https:\/\/staging.lucky-hunter.com\/product\/weisskirchen-stag-call\/#breadcrumb\",\"itemListElement\":[{\"@type\":\"ListItem\",\"position\":1,\"name\":\"Home\",\"item\":\"https:\/\/staging.lucky-hunter.com\/fr\/\"},{\"@type\":\"ListItem\",\"position\":2,\"name\":\"Boutique\",\"item\":\"https:\/\/staging.lucky-hunter.com\/fr\/shop\/\"},{\"@type\":\"ListItem\",\"position\":3,\"name\":\"Appeau \u00e0 cerf en 2 parties de Weisskirchen\"}]},{\"@type\":\"WebSite\",\"@id\":\"https:\/\/staging.lucky-hunter.com\/#website\",\"url\":\"https:\/\/staging.lucky-hunter.com\/\",\"name\":\"Lucky-Hunter\",\"description\":\"Gear Up or Give Up\",\"potentialAction\":[{\"@type\":\"SearchAction\",\"target\":{\"@type\":\"EntryPoint\",\"urlTemplate\":\"https:\/\/staging.lucky-hunter.com\/?s={search_term_string}\"},\"query-input\":{\"@type\":\"PropertyValueSpecification\",\"valueRequired\":true,\"valueName\":\"search_term_string\"}}],\"inLanguage\":\"fr-FR\"}]}<\/script>\n<!-- \/ Yoast SEO plugin. -->","yoast_head_json":{"title":"Somptueux Appeau \u00e0 Cerfs de Klaus Weisskirchen d\u2019une qualit\u00e9 unique","description":"Seuls les plus anciens chasseurs de cerfs d'Europe centrale se souviennent de cet excellent appeau \u00e0 cerf. Vous pourrez produire des sons tr\u00e8s vari\u00e9s","robots":{"index":"noindex","follow":"follow","max-snippet":"max-snippet:-1","max-image-preview":"max-image-preview:large","max-video-preview":"max-video-preview:-1"},"og_locale":"fr_FR","og_type":"article","og_title":"Somptueux Appeau \u00e0 Cerfs de Klaus Weisskirchen d\u2019une qualit\u00e9 unique","og_description":"Seuls les plus anciens chasseurs de cerfs d'Europe centrale se souviennent de cet excellent appeau \u00e0 cerf. Vous pourrez produire des sons tr\u00e8s vari\u00e9s","og_url":"https:\/\/staging.lucky-hunter.com\/product\/weisskirchen-stag-call\/","og_site_name":"Lucky-Hunter","article_modified_time":"2022-11-16T12:33:30+00:00","og_image":[{"width":1000,"height":1000,"url":"https:\/\/staging.lucky-hunter.com\/wp-content\/uploads\/2016\/11\/510510-Kronhjortekald-fra-Klaus-Weisskirchen.png","type":"image\/png"}],"twitter_card":"summary_large_image","twitter_misc":{"Dur\u00e9e de lecture estim\u00e9e":"1 minute"},"schema":{"@context":"https:\/\/schema.org","@graph":[{"@type":"WebPage","@id":"https:\/\/staging.lucky-hunter.com\/product\/weisskirchen-stag-call\/","url":"https:\/\/staging.lucky-hunter.com\/product\/weisskirchen-stag-call\/","name":"Somptueux Appeau \u00e0 Cerfs de Klaus Weisskirchen d\u2019une qualit\u00e9 unique","isPartOf":{"@id":"https:\/\/staging.lucky-hunter.com\/#website"},"primaryImageOfPage":{"@id":"https:\/\/staging.lucky-hunter.com\/product\/weisskirchen-stag-call\/#primaryimage"},"image":{"@id":"https:\/\/staging.lucky-hunter.com\/product\/weisskirchen-stag-call\/#primaryimage"},"thumbnailUrl":"https:\/\/staging.lucky-hunter.com\/wp-content\/uploads\/2016\/11\/510510-Kronhjortekald-fra-Klaus-Weisskirchen.png","datePublished":"2016-11-07T15:09:03+00:00","dateModified":"2022-11-16T12:33:30+00:00","description":"Seuls les plus anciens chasseurs de cerfs d'Europe centrale se souviennent de cet excellent appeau \u00e0 cerf. Vous pourrez produire des sons tr\u00e8s vari\u00e9s","breadcrumb":{"@id":"https:\/\/staging.lucky-hunter.com\/product\/weisskirchen-stag-call\/#breadcrumb"},"inLanguage":"fr-FR","potentialAction":[{"@type":"ReadAction","target":["https:\/\/staging.lucky-hunter.com\/product\/weisskirchen-stag-call\/"]}]},{"@type":"ImageObject","inLanguage":"fr-FR","@id":"https:\/\/staging.lucky-hunter.com\/product\/weisskirchen-stag-call\/#primaryimage","url":"https:\/\/staging.lucky-hunter.com\/wp-content\/uploads\/2016\/11\/510510-Kronhjortekald-fra-Klaus-Weisskirchen.png","contentUrl":"https:\/\/staging.lucky-hunter.com\/wp-content\/uploads\/2016\/11\/510510-Kronhjortekald-fra-Klaus-Weisskirchen.png","width":1000,"height":1000},{"@type":"BreadcrumbList","@id":"https:\/\/staging.lucky-hunter.com\/product\/weisskirchen-stag-call\/#breadcrumb","itemListElement":[{"@type":"ListItem","position":1,"name":"Home","item":"https:\/\/staging.lucky-hunter.com\/fr\/"},{"@type":"ListItem","position":2,"name":"Boutique","item":"https:\/\/staging.lucky-hunter.com\/fr\/shop\/"},{"@type":"ListItem","position":3,"name":"Appeau \u00e0 cerf en 2 parties de Weisskirchen"}]},{"@type":"WebSite","@id":"https:\/\/staging.lucky-hunter.com\/#website","url":"https:\/\/staging.lucky-hunter.com\/","name":"Lucky-Hunter","description":"Gear Up or Give Up","potentialAction":[{"@type":"SearchAction","target":{"@type":"EntryPoint","urlTemplate":"https:\/\/staging.lucky-hunter.com\/?s={search_term_string}"},"query-input":{"@type":"PropertyValueSpecification","valueRequired":true,"valueName":"search_term_string"}}],"inLanguage":"fr-FR"}]}},"_links":{"self":[{"href":"https:\/\/staging.lucky-hunter.com\/fr\/wp-json\/wp\/v2\/product\/32101"}],"collection":[{"href":"https:\/\/staging.lucky-hunter.com\/fr\/wp-json\/wp\/v2\/product"}],"about":[{"href":"https:\/\/staging.lucky-hunter.com\/fr\/wp-json\/wp\/v2\/types\/product"}],"wp:featuredmedia":[{"embeddable":true,"href":"https:\/\/staging.lucky-hunter.com\/fr\/wp-json\/wp\/v2\/media\/28416"}],"wp:attachment":[{"href":"https:\/\/staging.lucky-hunter.com\/fr\/wp-json\/wp\/v2\/media?parent=32101"}],"wp:term":[{"taxonomy":"product_brand","embeddable":true,"href":"https:\/\/staging.lucky-hunter.com\/fr\/wp-json\/wp\/v2\/product_brand?post=32101"},{"taxonomy":"product_cat","embeddable":true,"href":"https:\/\/staging.lucky-hunter.com\/fr\/wp-json\/wp\/v2\/product_cat?post=32101"},{"taxonomy":"product_tag","embeddable":true,"href":"https:\/\/staging.lucky-hunter.com\/fr\/wp-json\/wp\/v2\/product_tag?post=32101"}],"curies":[{"name":"wp","href":"https:\/\/api.w.org\/{rel}","templated":true}]}}