{"id":32097,"date":"2016-11-07T16:03:30","date_gmt":"2016-11-07T15:03:30","guid":{"rendered":"https:\/\/staging.lucky-hunter.com\/product\/weisskirchen-bird-distress-call\/"},"modified":"2022-11-16T13:38:41","modified_gmt":"2022-11-16T12:38:41","slug":"weisskirchen-bird-distress-call","status":"publish","type":"product","link":"https:\/\/staging.lucky-hunter.com\/fr\/product\/weisskirchen-bird-distress-call\/","title":{"rendered":"Appeau Oiseaux en D\u00e9tresse Weisskirchen"},"content":{"rendered":"<p>Cet appeau est sp\u00e9cialement con\u00e7u pour imiter les cris de d\u00e9tresse des oiseaux, un son tr\u00e8s efficace pour attirer les jeunes renards. Les jeunes renards sont parfois difficiles \u00e0 attirer avec des cris de lapin.<\/p>\n<p>Souvent, le jeune renard n&#8217;est pas familier avec ce son, contrairement au cri d&#8217;oiseau auquel il est habitu\u00e9 car la m\u00e8re rapporte souvent des oiseaux au terrier. Cet appeau est efficace jusqu&#8217;\u00e0 500 m\u00e8tres selon le vent.<\/p>\n<p>{1>Oiseau en d\u00e9tresse :&lt;1}<\/p>\n<p>Pour imiter un oiseau en d\u00e9tresse, expirez des bouff\u00e9es d&#8217;air courtes et intenses ou faites  \u00ab\u00a0trrr, trrr, trrr\u00a0\u00bb.<\/p>\n<p>Pour la plupart des petits pr\u00e9dateurs, il est tr\u00e8s difficile de r\u00e9sister \u00e0 ce son. {2>Petit oiseau en d\u00e9tresse :&lt;2}<\/p>\n<p>Pour imiter de petits oiseaux, laissez l&#8217;air entrer et sortir \u00e0 travers l\u2019appeau.<\/p>\n<p>{3>Lapin en d\u00e9tresse : &lt;3}<\/p>\n<p>Pour imiter un lapin en d\u00e9tresse, soufflez un petit courant d&#8217;air r\u00e9gulier \u00e0 travers l&#8217;appeau, vous obtiendrez un cri de lapin tr\u00e8s r\u00e9aliste.<\/p>\n<p>Appelez pendant 15 \u00e0 30 secondes et asseyez-vous tranquillement pendant 1 \u00e0 2 minutes, puis r\u00e9p\u00e9tez apr\u00e8s 15 \u00e0 25 minutes. Appelez 15 \u00e0 30 secondes et asseyez-vous tranquillement pendant 1 \u00e0 2 minutes et r\u00e9p\u00e9tez apr\u00e8s 15 \u00e0 25 minutes.<\/p>\n<p>Ce gibier provoque l&#8217;envie de manger du renard, de la martre, du chien viverrin et plus encore.<\/p>\n","protected":false},"excerpt":{"rendered":"<p>Cet appeau est sp\u00e9cialement con\u00e7u pour imiter les cris de d\u00e9tresse des oiseaux, un son tr\u00e8s efficace pour attirer les jeunes renards. Les jeunes renards sont parfois difficiles \u00e0 attirer avec des cris de lapin. Cet appel de jeu est efficace jusqu&#8217;\u00e0 500 m\u00e8tres.<\/p>\n","protected":false},"featured_media":29493,"template":"","meta":[],"product_brand":[8203],"product_cat":[8234],"product_tag":[9445],"yoast_head":"<!-- This site is optimized with the Yoast SEO plugin v24.3 - https:\/\/yoast.com\/wordpress\/plugins\/seo\/ -->\n<title>Weisskirchen Bird Distress Call - Efficace jusqu&#039;\u00e0 500 m\u00e8tres<\/title>\n<meta name=\"description\" content=\"Ce cri de jeu de Klaus Weisskirchen est sp\u00e9cialement con\u00e7u pour imiter les cris de d\u00e9tresse des oiseaux. Les jeunes renards sont parfois difficiles \u00e0 attirer avec des cris de lapin.\" \/>\n<meta name=\"robots\" content=\"noindex, follow, max-snippet:-1, max-image-preview:large, max-video-preview:-1\" \/>\n<meta property=\"og:locale\" content=\"fr_FR\" \/>\n<meta property=\"og:type\" content=\"article\" \/>\n<meta property=\"og:title\" content=\"Weisskirchen Bird Distress Call - Efficace jusqu&#039;\u00e0 500 m\u00e8tres\" \/>\n<meta property=\"og:description\" content=\"Ce cri de jeu de Klaus Weisskirchen est sp\u00e9cialement con\u00e7u pour imiter les cris de d\u00e9tresse des oiseaux. Les jeunes renards sont parfois difficiles \u00e0 attirer avec des cris de lapin.\" \/>\n<meta property=\"og:url\" content=\"https:\/\/staging.lucky-hunter.com\/product\/weisskirchen-bird-distress-call\/\" \/>\n<meta property=\"og:site_name\" content=\"Lucky-Hunter\" \/>\n<meta property=\"article:modified_time\" content=\"2022-11-16T12:38:41+00:00\" \/>\n<meta property=\"og:image\" content=\"https:\/\/staging.lucky-hunter.com\/wp-content\/uploads\/2016\/11\/510512-1.png\" \/>\n\t<meta property=\"og:image:width\" content=\"1000\" \/>\n\t<meta property=\"og:image:height\" content=\"1000\" \/>\n\t<meta property=\"og:image:type\" content=\"image\/png\" \/>\n<meta name=\"twitter:card\" content=\"summary_large_image\" \/>\n<meta name=\"twitter:label1\" content=\"Dur\u00e9e de lecture estim\u00e9e\" \/>\n\t<meta name=\"twitter:data1\" content=\"1 minute\" \/>\n<script type=\"application\/ld+json\" class=\"yoast-schema-graph\">{\"@context\":\"https:\/\/schema.org\",\"@graph\":[{\"@type\":\"WebPage\",\"@id\":\"https:\/\/staging.lucky-hunter.com\/product\/weisskirchen-bird-distress-call\/\",\"url\":\"https:\/\/staging.lucky-hunter.com\/product\/weisskirchen-bird-distress-call\/\",\"name\":\"Weisskirchen Bird Distress Call - Efficace jusqu'\u00e0 500 m\u00e8tres\",\"isPartOf\":{\"@id\":\"https:\/\/staging.lucky-hunter.com\/#website\"},\"primaryImageOfPage\":{\"@id\":\"https:\/\/staging.lucky-hunter.com\/product\/weisskirchen-bird-distress-call\/#primaryimage\"},\"image\":{\"@id\":\"https:\/\/staging.lucky-hunter.com\/product\/weisskirchen-bird-distress-call\/#primaryimage\"},\"thumbnailUrl\":\"https:\/\/staging.lucky-hunter.com\/wp-content\/uploads\/2016\/11\/510512-1.png\",\"datePublished\":\"2016-11-07T15:03:30+00:00\",\"dateModified\":\"2022-11-16T12:38:41+00:00\",\"description\":\"Ce cri de jeu de Klaus Weisskirchen est sp\u00e9cialement con\u00e7u pour imiter les cris de d\u00e9tresse des oiseaux. Les jeunes renards sont parfois difficiles \u00e0 attirer avec des cris de lapin.\",\"breadcrumb\":{\"@id\":\"https:\/\/staging.lucky-hunter.com\/product\/weisskirchen-bird-distress-call\/#breadcrumb\"},\"inLanguage\":\"fr-FR\",\"potentialAction\":[{\"@type\":\"ReadAction\",\"target\":[\"https:\/\/staging.lucky-hunter.com\/product\/weisskirchen-bird-distress-call\/\"]}]},{\"@type\":\"ImageObject\",\"inLanguage\":\"fr-FR\",\"@id\":\"https:\/\/staging.lucky-hunter.com\/product\/weisskirchen-bird-distress-call\/#primaryimage\",\"url\":\"https:\/\/staging.lucky-hunter.com\/wp-content\/uploads\/2016\/11\/510512-1.png\",\"contentUrl\":\"https:\/\/staging.lucky-hunter.com\/wp-content\/uploads\/2016\/11\/510512-1.png\",\"width\":1000,\"height\":1000},{\"@type\":\"BreadcrumbList\",\"@id\":\"https:\/\/staging.lucky-hunter.com\/product\/weisskirchen-bird-distress-call\/#breadcrumb\",\"itemListElement\":[{\"@type\":\"ListItem\",\"position\":1,\"name\":\"Home\",\"item\":\"https:\/\/staging.lucky-hunter.com\/fr\/\"},{\"@type\":\"ListItem\",\"position\":2,\"name\":\"Boutique\",\"item\":\"https:\/\/staging.lucky-hunter.com\/fr\/shop\/\"},{\"@type\":\"ListItem\",\"position\":3,\"name\":\"Appeau Oiseaux en D\u00e9tresse Weisskirchen\"}]},{\"@type\":\"WebSite\",\"@id\":\"https:\/\/staging.lucky-hunter.com\/#website\",\"url\":\"https:\/\/staging.lucky-hunter.com\/\",\"name\":\"Lucky-Hunter\",\"description\":\"Gear Up or Give Up\",\"potentialAction\":[{\"@type\":\"SearchAction\",\"target\":{\"@type\":\"EntryPoint\",\"urlTemplate\":\"https:\/\/staging.lucky-hunter.com\/?s={search_term_string}\"},\"query-input\":{\"@type\":\"PropertyValueSpecification\",\"valueRequired\":true,\"valueName\":\"search_term_string\"}}],\"inLanguage\":\"fr-FR\"}]}<\/script>\n<!-- \/ Yoast SEO plugin. -->","yoast_head_json":{"title":"Weisskirchen Bird Distress Call - Efficace jusqu'\u00e0 500 m\u00e8tres","description":"Ce cri de jeu de Klaus Weisskirchen est sp\u00e9cialement con\u00e7u pour imiter les cris de d\u00e9tresse des oiseaux. Les jeunes renards sont parfois difficiles \u00e0 attirer avec des cris de lapin.","robots":{"index":"noindex","follow":"follow","max-snippet":"max-snippet:-1","max-image-preview":"max-image-preview:large","max-video-preview":"max-video-preview:-1"},"og_locale":"fr_FR","og_type":"article","og_title":"Weisskirchen Bird Distress Call - Efficace jusqu'\u00e0 500 m\u00e8tres","og_description":"Ce cri de jeu de Klaus Weisskirchen est sp\u00e9cialement con\u00e7u pour imiter les cris de d\u00e9tresse des oiseaux. Les jeunes renards sont parfois difficiles \u00e0 attirer avec des cris de lapin.","og_url":"https:\/\/staging.lucky-hunter.com\/product\/weisskirchen-bird-distress-call\/","og_site_name":"Lucky-Hunter","article_modified_time":"2022-11-16T12:38:41+00:00","og_image":[{"width":1000,"height":1000,"url":"https:\/\/staging.lucky-hunter.com\/wp-content\/uploads\/2016\/11\/510512-1.png","type":"image\/png"}],"twitter_card":"summary_large_image","twitter_misc":{"Dur\u00e9e de lecture estim\u00e9e":"1 minute"},"schema":{"@context":"https:\/\/schema.org","@graph":[{"@type":"WebPage","@id":"https:\/\/staging.lucky-hunter.com\/product\/weisskirchen-bird-distress-call\/","url":"https:\/\/staging.lucky-hunter.com\/product\/weisskirchen-bird-distress-call\/","name":"Weisskirchen Bird Distress Call - Efficace jusqu'\u00e0 500 m\u00e8tres","isPartOf":{"@id":"https:\/\/staging.lucky-hunter.com\/#website"},"primaryImageOfPage":{"@id":"https:\/\/staging.lucky-hunter.com\/product\/weisskirchen-bird-distress-call\/#primaryimage"},"image":{"@id":"https:\/\/staging.lucky-hunter.com\/product\/weisskirchen-bird-distress-call\/#primaryimage"},"thumbnailUrl":"https:\/\/staging.lucky-hunter.com\/wp-content\/uploads\/2016\/11\/510512-1.png","datePublished":"2016-11-07T15:03:30+00:00","dateModified":"2022-11-16T12:38:41+00:00","description":"Ce cri de jeu de Klaus Weisskirchen est sp\u00e9cialement con\u00e7u pour imiter les cris de d\u00e9tresse des oiseaux. Les jeunes renards sont parfois difficiles \u00e0 attirer avec des cris de lapin.","breadcrumb":{"@id":"https:\/\/staging.lucky-hunter.com\/product\/weisskirchen-bird-distress-call\/#breadcrumb"},"inLanguage":"fr-FR","potentialAction":[{"@type":"ReadAction","target":["https:\/\/staging.lucky-hunter.com\/product\/weisskirchen-bird-distress-call\/"]}]},{"@type":"ImageObject","inLanguage":"fr-FR","@id":"https:\/\/staging.lucky-hunter.com\/product\/weisskirchen-bird-distress-call\/#primaryimage","url":"https:\/\/staging.lucky-hunter.com\/wp-content\/uploads\/2016\/11\/510512-1.png","contentUrl":"https:\/\/staging.lucky-hunter.com\/wp-content\/uploads\/2016\/11\/510512-1.png","width":1000,"height":1000},{"@type":"BreadcrumbList","@id":"https:\/\/staging.lucky-hunter.com\/product\/weisskirchen-bird-distress-call\/#breadcrumb","itemListElement":[{"@type":"ListItem","position":1,"name":"Home","item":"https:\/\/staging.lucky-hunter.com\/fr\/"},{"@type":"ListItem","position":2,"name":"Boutique","item":"https:\/\/staging.lucky-hunter.com\/fr\/shop\/"},{"@type":"ListItem","position":3,"name":"Appeau Oiseaux en D\u00e9tresse Weisskirchen"}]},{"@type":"WebSite","@id":"https:\/\/staging.lucky-hunter.com\/#website","url":"https:\/\/staging.lucky-hunter.com\/","name":"Lucky-Hunter","description":"Gear Up or Give Up","potentialAction":[{"@type":"SearchAction","target":{"@type":"EntryPoint","urlTemplate":"https:\/\/staging.lucky-hunter.com\/?s={search_term_string}"},"query-input":{"@type":"PropertyValueSpecification","valueRequired":true,"valueName":"search_term_string"}}],"inLanguage":"fr-FR"}]}},"_links":{"self":[{"href":"https:\/\/staging.lucky-hunter.com\/fr\/wp-json\/wp\/v2\/product\/32097"}],"collection":[{"href":"https:\/\/staging.lucky-hunter.com\/fr\/wp-json\/wp\/v2\/product"}],"about":[{"href":"https:\/\/staging.lucky-hunter.com\/fr\/wp-json\/wp\/v2\/types\/product"}],"wp:featuredmedia":[{"embeddable":true,"href":"https:\/\/staging.lucky-hunter.com\/fr\/wp-json\/wp\/v2\/media\/29493"}],"wp:attachment":[{"href":"https:\/\/staging.lucky-hunter.com\/fr\/wp-json\/wp\/v2\/media?parent=32097"}],"wp:term":[{"taxonomy":"product_brand","embeddable":true,"href":"https:\/\/staging.lucky-hunter.com\/fr\/wp-json\/wp\/v2\/product_brand?post=32097"},{"taxonomy":"product_cat","embeddable":true,"href":"https:\/\/staging.lucky-hunter.com\/fr\/wp-json\/wp\/v2\/product_cat?post=32097"},{"taxonomy":"product_tag","embeddable":true,"href":"https:\/\/staging.lucky-hunter.com\/fr\/wp-json\/wp\/v2\/product_tag?post=32097"}],"curies":[{"name":"wp","href":"https:\/\/api.w.org\/{rel}","templated":true}]}}