{"id":32096,"date":"2016-11-07T16:03:20","date_gmt":"2016-11-07T15:03:20","guid":{"rendered":"https:\/\/staging.lucky-hunter.com\/product\/weisskirchen-hare-distress-call-with-mouse-pipe\/"},"modified":"2023-01-31T14:41:23","modified_gmt":"2023-01-31T13:41:23","slug":"weisskirchen-hare-distress-call-with-mouse-pipe","status":"publish","type":"product","link":"https:\/\/staging.lucky-hunter.com\/fr\/product\/weisskirchen-hare-distress-call-with-mouse-pipe\/","title":{"rendered":"Appeau Li\u00e8vre en D\u00e9tresse et Cri de Souris Weisskirchen"},"content":{"rendered":"<p>Appeau \u00e0 pr\u00e9dateur 2 en 1.<\/p>\n<p>Cet appeau reproduit un son authentique de jeune lapin \/ li\u00e8vre bless\u00e9. Il a \u00e9t\u00e9 modifi\u00e9 afin que vous puissiez produire le son parfait.<\/p>\n<p>Le deuxi\u00e8me appeau est un cri de souris utilis\u00e9 pour appeler les renards \u00e0 courte distance.<\/p>\n<p>Il s\u2019agit d\u2019un appeau extr\u00eamement efficace pour chasser les renardeaux pendant l&#8217;\u00e9t\u00e9.<\/p>\n<p>Essayez cet appeau dans un pr\u00e9 fra\u00eechement tondu ou dans des zones dans lesquelles vous savez que se trouvent de jeunes renards. Vous serez surpris par son efficacit\u00e9.<\/p>\n<p>En Allemagne, cet appeau est \u00e9galement utilis\u00e9 pour la chasse aux chiens viverrins.<\/p>\n<p>\u00a0<\/p>\n","protected":false},"excerpt":{"rendered":"<p>Cet appeau reproduit un son authentique de jeune lapin \/ li\u00e8vre bless\u00e9. Il a \u00e9t\u00e9 modifi\u00e9 afin que vous puissiez produire le son parfait.<\/p>\n","protected":false},"featured_media":28414,"template":"","meta":[],"product_brand":[8203],"product_cat":[8234],"product_tag":[9445],"yoast_head":"<!-- This site is optimized with the Yoast SEO plugin v24.3 - https:\/\/yoast.com\/wordpress\/plugins\/seo\/ -->\n<title>Weisskirchen Hare Distress Call with Mouse Pibe - 2 appels de jeu pr\u00e9dateur en 1.<\/title>\n<meta name=\"description\" content=\"Cet appeau reproduit un son authentique de jeune lapin \/ li\u00e8vre bless\u00e9. Il a \u00e9t\u00e9 modifi\u00e9 afin que vous puissiez produire le son parfait.\" \/>\n<meta name=\"robots\" content=\"noindex, follow, max-snippet:-1, max-image-preview:large, max-video-preview:-1\" \/>\n<meta property=\"og:locale\" content=\"fr_FR\" \/>\n<meta property=\"og:type\" content=\"article\" \/>\n<meta property=\"og:title\" content=\"Weisskirchen Hare Distress Call with Mouse Pibe - 2 appels de jeu pr\u00e9dateur en 1.\" \/>\n<meta property=\"og:description\" content=\"Cet appeau reproduit un son authentique de jeune lapin \/ li\u00e8vre bless\u00e9. Il a \u00e9t\u00e9 modifi\u00e9 afin que vous puissiez produire le son parfait.\" \/>\n<meta property=\"og:url\" content=\"https:\/\/staging.lucky-hunter.com\/fr\/product\/weisskirchen-hare-distress-call-with-mouse-pipe\/\" \/>\n<meta property=\"og:site_name\" content=\"Lucky-Hunter\" \/>\n<meta property=\"article:modified_time\" content=\"2023-01-31T13:41:23+00:00\" \/>\n<meta property=\"og:image\" content=\"https:\/\/staging.lucky-hunter.com\/wp-content\/uploads\/2016\/11\/510504-R\u00e6vekald-hare-angstskrig-.png\" \/>\n\t<meta property=\"og:image:width\" content=\"1000\" \/>\n\t<meta property=\"og:image:height\" content=\"1000\" \/>\n\t<meta property=\"og:image:type\" content=\"image\/png\" \/>\n<meta name=\"twitter:card\" content=\"summary_large_image\" \/>\n<meta name=\"twitter:label1\" content=\"Dur\u00e9e de lecture estim\u00e9e\" \/>\n\t<meta name=\"twitter:data1\" content=\"1 minute\" \/>\n<script type=\"application\/ld+json\" class=\"yoast-schema-graph\">{\"@context\":\"https:\/\/schema.org\",\"@graph\":[{\"@type\":\"WebPage\",\"@id\":\"https:\/\/staging.lucky-hunter.com\/fr\/product\/weisskirchen-hare-distress-call-with-mouse-pipe\/\",\"url\":\"https:\/\/staging.lucky-hunter.com\/fr\/product\/weisskirchen-hare-distress-call-with-mouse-pipe\/\",\"name\":\"Weisskirchen Hare Distress Call with Mouse Pibe - 2 appels de jeu pr\u00e9dateur en 1.\",\"isPartOf\":{\"@id\":\"https:\/\/staging.lucky-hunter.com\/#website\"},\"primaryImageOfPage\":{\"@id\":\"https:\/\/staging.lucky-hunter.com\/fr\/product\/weisskirchen-hare-distress-call-with-mouse-pipe\/#primaryimage\"},\"image\":{\"@id\":\"https:\/\/staging.lucky-hunter.com\/fr\/product\/weisskirchen-hare-distress-call-with-mouse-pipe\/#primaryimage\"},\"thumbnailUrl\":\"https:\/\/staging.lucky-hunter.com\/wp-content\/uploads\/2016\/11\/510504-R\u00e6vekald-hare-angstskrig-.png\",\"datePublished\":\"2016-11-07T15:03:20+00:00\",\"dateModified\":\"2023-01-31T13:41:23+00:00\",\"description\":\"Cet appeau reproduit un son authentique de jeune lapin \/ li\u00e8vre bless\u00e9. Il a \u00e9t\u00e9 modifi\u00e9 afin que vous puissiez produire le son parfait.\",\"breadcrumb\":{\"@id\":\"https:\/\/staging.lucky-hunter.com\/fr\/product\/weisskirchen-hare-distress-call-with-mouse-pipe\/#breadcrumb\"},\"inLanguage\":\"fr-FR\",\"potentialAction\":[{\"@type\":\"ReadAction\",\"target\":[\"https:\/\/staging.lucky-hunter.com\/fr\/product\/weisskirchen-hare-distress-call-with-mouse-pipe\/\"]}]},{\"@type\":\"ImageObject\",\"inLanguage\":\"fr-FR\",\"@id\":\"https:\/\/staging.lucky-hunter.com\/fr\/product\/weisskirchen-hare-distress-call-with-mouse-pipe\/#primaryimage\",\"url\":\"https:\/\/staging.lucky-hunter.com\/wp-content\/uploads\/2016\/11\/510504-R\u00e6vekald-hare-angstskrig-.png\",\"contentUrl\":\"https:\/\/staging.lucky-hunter.com\/wp-content\/uploads\/2016\/11\/510504-R\u00e6vekald-hare-angstskrig-.png\",\"width\":1000,\"height\":1000},{\"@type\":\"BreadcrumbList\",\"@id\":\"https:\/\/staging.lucky-hunter.com\/fr\/product\/weisskirchen-hare-distress-call-with-mouse-pipe\/#breadcrumb\",\"itemListElement\":[{\"@type\":\"ListItem\",\"position\":1,\"name\":\"Home\",\"item\":\"https:\/\/staging.lucky-hunter.com\/fr\/\"},{\"@type\":\"ListItem\",\"position\":2,\"name\":\"Boutique\",\"item\":\"https:\/\/staging.lucky-hunter.com\/fr\/shop\/\"},{\"@type\":\"ListItem\",\"position\":3,\"name\":\"Appeau Li\u00e8vre en D\u00e9tresse et Cri de Souris Weisskirchen\"}]},{\"@type\":\"WebSite\",\"@id\":\"https:\/\/staging.lucky-hunter.com\/#website\",\"url\":\"https:\/\/staging.lucky-hunter.com\/\",\"name\":\"Lucky-Hunter\",\"description\":\"Gear Up or Give Up\",\"potentialAction\":[{\"@type\":\"SearchAction\",\"target\":{\"@type\":\"EntryPoint\",\"urlTemplate\":\"https:\/\/staging.lucky-hunter.com\/?s={search_term_string}\"},\"query-input\":{\"@type\":\"PropertyValueSpecification\",\"valueRequired\":true,\"valueName\":\"search_term_string\"}}],\"inLanguage\":\"fr-FR\"}]}<\/script>\n<!-- \/ Yoast SEO plugin. -->","yoast_head_json":{"title":"Weisskirchen Hare Distress Call with Mouse Pibe - 2 appels de jeu pr\u00e9dateur en 1.","description":"Cet appeau reproduit un son authentique de jeune lapin \/ li\u00e8vre bless\u00e9. Il a \u00e9t\u00e9 modifi\u00e9 afin que vous puissiez produire le son parfait.","robots":{"index":"noindex","follow":"follow","max-snippet":"max-snippet:-1","max-image-preview":"max-image-preview:large","max-video-preview":"max-video-preview:-1"},"og_locale":"fr_FR","og_type":"article","og_title":"Weisskirchen Hare Distress Call with Mouse Pibe - 2 appels de jeu pr\u00e9dateur en 1.","og_description":"Cet appeau reproduit un son authentique de jeune lapin \/ li\u00e8vre bless\u00e9. Il a \u00e9t\u00e9 modifi\u00e9 afin que vous puissiez produire le son parfait.","og_url":"https:\/\/staging.lucky-hunter.com\/fr\/product\/weisskirchen-hare-distress-call-with-mouse-pipe\/","og_site_name":"Lucky-Hunter","article_modified_time":"2023-01-31T13:41:23+00:00","og_image":[{"width":1000,"height":1000,"url":"https:\/\/staging.lucky-hunter.com\/wp-content\/uploads\/2016\/11\/510504-R\u00e6vekald-hare-angstskrig-.png","type":"image\/png"}],"twitter_card":"summary_large_image","twitter_misc":{"Dur\u00e9e de lecture estim\u00e9e":"1 minute"},"schema":{"@context":"https:\/\/schema.org","@graph":[{"@type":"WebPage","@id":"https:\/\/staging.lucky-hunter.com\/fr\/product\/weisskirchen-hare-distress-call-with-mouse-pipe\/","url":"https:\/\/staging.lucky-hunter.com\/fr\/product\/weisskirchen-hare-distress-call-with-mouse-pipe\/","name":"Weisskirchen Hare Distress Call with Mouse Pibe - 2 appels de jeu pr\u00e9dateur en 1.","isPartOf":{"@id":"https:\/\/staging.lucky-hunter.com\/#website"},"primaryImageOfPage":{"@id":"https:\/\/staging.lucky-hunter.com\/fr\/product\/weisskirchen-hare-distress-call-with-mouse-pipe\/#primaryimage"},"image":{"@id":"https:\/\/staging.lucky-hunter.com\/fr\/product\/weisskirchen-hare-distress-call-with-mouse-pipe\/#primaryimage"},"thumbnailUrl":"https:\/\/staging.lucky-hunter.com\/wp-content\/uploads\/2016\/11\/510504-R\u00e6vekald-hare-angstskrig-.png","datePublished":"2016-11-07T15:03:20+00:00","dateModified":"2023-01-31T13:41:23+00:00","description":"Cet appeau reproduit un son authentique de jeune lapin \/ li\u00e8vre bless\u00e9. Il a \u00e9t\u00e9 modifi\u00e9 afin que vous puissiez produire le son parfait.","breadcrumb":{"@id":"https:\/\/staging.lucky-hunter.com\/fr\/product\/weisskirchen-hare-distress-call-with-mouse-pipe\/#breadcrumb"},"inLanguage":"fr-FR","potentialAction":[{"@type":"ReadAction","target":["https:\/\/staging.lucky-hunter.com\/fr\/product\/weisskirchen-hare-distress-call-with-mouse-pipe\/"]}]},{"@type":"ImageObject","inLanguage":"fr-FR","@id":"https:\/\/staging.lucky-hunter.com\/fr\/product\/weisskirchen-hare-distress-call-with-mouse-pipe\/#primaryimage","url":"https:\/\/staging.lucky-hunter.com\/wp-content\/uploads\/2016\/11\/510504-R\u00e6vekald-hare-angstskrig-.png","contentUrl":"https:\/\/staging.lucky-hunter.com\/wp-content\/uploads\/2016\/11\/510504-R\u00e6vekald-hare-angstskrig-.png","width":1000,"height":1000},{"@type":"BreadcrumbList","@id":"https:\/\/staging.lucky-hunter.com\/fr\/product\/weisskirchen-hare-distress-call-with-mouse-pipe\/#breadcrumb","itemListElement":[{"@type":"ListItem","position":1,"name":"Home","item":"https:\/\/staging.lucky-hunter.com\/fr\/"},{"@type":"ListItem","position":2,"name":"Boutique","item":"https:\/\/staging.lucky-hunter.com\/fr\/shop\/"},{"@type":"ListItem","position":3,"name":"Appeau Li\u00e8vre en D\u00e9tresse et Cri de Souris Weisskirchen"}]},{"@type":"WebSite","@id":"https:\/\/staging.lucky-hunter.com\/#website","url":"https:\/\/staging.lucky-hunter.com\/","name":"Lucky-Hunter","description":"Gear Up or Give Up","potentialAction":[{"@type":"SearchAction","target":{"@type":"EntryPoint","urlTemplate":"https:\/\/staging.lucky-hunter.com\/?s={search_term_string}"},"query-input":{"@type":"PropertyValueSpecification","valueRequired":true,"valueName":"search_term_string"}}],"inLanguage":"fr-FR"}]}},"_links":{"self":[{"href":"https:\/\/staging.lucky-hunter.com\/fr\/wp-json\/wp\/v2\/product\/32096"}],"collection":[{"href":"https:\/\/staging.lucky-hunter.com\/fr\/wp-json\/wp\/v2\/product"}],"about":[{"href":"https:\/\/staging.lucky-hunter.com\/fr\/wp-json\/wp\/v2\/types\/product"}],"wp:featuredmedia":[{"embeddable":true,"href":"https:\/\/staging.lucky-hunter.com\/fr\/wp-json\/wp\/v2\/media\/28414"}],"wp:attachment":[{"href":"https:\/\/staging.lucky-hunter.com\/fr\/wp-json\/wp\/v2\/media?parent=32096"}],"wp:term":[{"taxonomy":"product_brand","embeddable":true,"href":"https:\/\/staging.lucky-hunter.com\/fr\/wp-json\/wp\/v2\/product_brand?post=32096"},{"taxonomy":"product_cat","embeddable":true,"href":"https:\/\/staging.lucky-hunter.com\/fr\/wp-json\/wp\/v2\/product_cat?post=32096"},{"taxonomy":"product_tag","embeddable":true,"href":"https:\/\/staging.lucky-hunter.com\/fr\/wp-json\/wp\/v2\/product_tag?post=32096"}],"curies":[{"name":"wp","href":"https:\/\/api.w.org\/{rel}","templated":true}]}}