{"id":32094,"date":"2016-11-07T16:03:17","date_gmt":"2016-11-07T15:03:17","guid":{"rendered":"https:\/\/staging.lucky-hunter.com\/product\/weisskirchen-roe-deer-fox-call\/"},"modified":"2023-01-31T14:28:31","modified_gmt":"2023-01-31T13:28:31","slug":"weisskirchen-roe-deer-fox-call","status":"publish","type":"product","link":"https:\/\/staging.lucky-hunter.com\/fr\/product\/weisskirchen-roe-deer-fox-call\/","title":{"rendered":"Appeau \u00e0 Chevreuil et \u00e0 Renard Weisskirchen"},"content":{"rendered":"<p>Un appeau unique et tr\u00e8s efficace par le fabricant allemand Klaus Weisskirchen.<\/p>\n<p>Le seul Appeau \u00e0 Chevreuil sur le march\u00e9 qui puisse \u00eatre utilis\u00e9 pour attirer le m\u00e2le en dehors de la p\u00e9riode de chaleurs.<\/p>\n<p>La technique d&#8217;appel consiste \u00e0 provoquer le chevreuil en simulant le cri effray\u00e9 du faon et de la chevrette. Le chevreuil dominant r\u00e9agira de toute urgence pour \u00e9loigner l&#8217;intrus m\u00e2le de la zone.<\/p>\n<p>Utilisez-le tout au plus 1 ou 2 fois dans un m\u00eame endroit. Si le chevreuil r\u00e9agit, il r\u00e9agit rapidement &#8211; alors soyez pr\u00eat !<\/p>\n<p>Avec cet appeau, vous pouvez imiter plusieurs cris de chevrette.<\/p>\n<p>Il est \u00e9galement possible d&#8217;imiter un cri de lapin qu&#8217;un renard peut entendre \u00e0 une distance allant jusqu&#8217;\u00e0 1000 m\u00e8tres.<\/p>\n<p>Ce nouveau design dispose aussi d\u2019un cri de souris int\u00e9gr\u00e9, vous pouvez donc attirer les renards avec le m\u00eame appeau.<\/p>\n<p>L\u2019appeau \u00e0 chevreuil de Weisskirchen se distingue particuli\u00e8rement de par son mat\u00e9riau. Cet appeau est fabriqu\u00e9 \u00e0 partir du Wenge, un bois africain de haute qualit\u00e9 qui a une densit\u00e9 \u00e9lev\u00e9e et qui est r\u00e9sistant \u00e0 l&#8217;humidit\u00e9. L&#8217;anneau sp\u00e9cial en silicone est polym\u00e9ris\u00e9 avec du platine. Cela permet de maintenir la qualit\u00e9 de l\u2019appeau tout au long des ann\u00e9es sans qu\u2019il n\u2019y ait de changements dans le son.<\/p>\n<p>Nous vous recommandons d&#8217;entretenir cet appeau exclusif avec de la cire d&#8217;abeille.<\/p>\n","protected":false},"excerpt":{"rendered":"<p>Un appeau unique et tr\u00e8s efficace par le fabricant allemand Klaus Weisskirchen. Le seul Appeau \u00e0 Chevreuil sur le march\u00e9 qui puisse \u00eatre utilis\u00e9 pour attirer le m\u00e2le en dehors de la p\u00e9riode de chaleurs.<\/p>\n","protected":false},"featured_media":30194,"template":"","meta":[],"product_brand":[8203],"product_cat":[8237],"product_tag":[9445],"yoast_head":"<!-- This site is optimized with the Yoast SEO plugin v24.3 - https:\/\/yoast.com\/wordpress\/plugins\/seo\/ -->\n<title>Appeau \u00e0 Chevreuil et \u00e0 Renard Weisskirchen - Un appeau unique et tr\u00e8s efficace<\/title>\n<meta name=\"description\" content=\"Le seul Appeau \u00e0 Chevreuil sur le march\u00e9 qui puisse \u00eatre utilis\u00e9 pour attirer le m\u00e2le en dehors de la p\u00e9riode de chaleurs. Cri de souris int\u00e9gr\u00e9.\" \/>\n<meta name=\"robots\" content=\"noindex, follow, max-snippet:-1, max-image-preview:large, max-video-preview:-1\" \/>\n<meta property=\"og:locale\" content=\"fr_FR\" \/>\n<meta property=\"og:type\" content=\"article\" \/>\n<meta property=\"og:title\" content=\"Appeau \u00e0 Chevreuil et \u00e0 Renard Weisskirchen - Un appeau unique et tr\u00e8s efficace\" \/>\n<meta property=\"og:description\" content=\"Le seul Appeau \u00e0 Chevreuil sur le march\u00e9 qui puisse \u00eatre utilis\u00e9 pour attirer le m\u00e2le en dehors de la p\u00e9riode de chaleurs. Cri de souris int\u00e9gr\u00e9.\" \/>\n<meta property=\"og:url\" content=\"https:\/\/staging.lucky-hunter.com\/product\/weisskirchen-roe-deer-fox-call\/\" \/>\n<meta property=\"og:site_name\" content=\"Lucky-Hunter\" \/>\n<meta property=\"article:modified_time\" content=\"2023-01-31T13:28:31+00:00\" \/>\n<meta property=\"og:image\" content=\"https:\/\/staging.lucky-hunter.com\/wp-content\/uploads\/2016\/11\/510528-1.png\" \/>\n\t<meta property=\"og:image:width\" content=\"1000\" \/>\n\t<meta property=\"og:image:height\" content=\"1000\" \/>\n\t<meta property=\"og:image:type\" content=\"image\/png\" \/>\n<meta name=\"twitter:card\" content=\"summary_large_image\" \/>\n<meta name=\"twitter:label1\" content=\"Dur\u00e9e de lecture estim\u00e9e\" \/>\n\t<meta name=\"twitter:data1\" content=\"1 minute\" \/>\n<script type=\"application\/ld+json\" class=\"yoast-schema-graph\">{\"@context\":\"https:\/\/schema.org\",\"@graph\":[{\"@type\":\"WebPage\",\"@id\":\"https:\/\/staging.lucky-hunter.com\/product\/weisskirchen-roe-deer-fox-call\/\",\"url\":\"https:\/\/staging.lucky-hunter.com\/product\/weisskirchen-roe-deer-fox-call\/\",\"name\":\"Appeau \u00e0 Chevreuil et \u00e0 Renard Weisskirchen - Un appeau unique et tr\u00e8s efficace\",\"isPartOf\":{\"@id\":\"https:\/\/staging.lucky-hunter.com\/#website\"},\"primaryImageOfPage\":{\"@id\":\"https:\/\/staging.lucky-hunter.com\/product\/weisskirchen-roe-deer-fox-call\/#primaryimage\"},\"image\":{\"@id\":\"https:\/\/staging.lucky-hunter.com\/product\/weisskirchen-roe-deer-fox-call\/#primaryimage\"},\"thumbnailUrl\":\"https:\/\/staging.lucky-hunter.com\/wp-content\/uploads\/2016\/11\/510528-1.png\",\"datePublished\":\"2016-11-07T15:03:17+00:00\",\"dateModified\":\"2023-01-31T13:28:31+00:00\",\"description\":\"Le seul Appeau \u00e0 Chevreuil sur le march\u00e9 qui puisse \u00eatre utilis\u00e9 pour attirer le m\u00e2le en dehors de la p\u00e9riode de chaleurs. Cri de souris int\u00e9gr\u00e9.\",\"breadcrumb\":{\"@id\":\"https:\/\/staging.lucky-hunter.com\/product\/weisskirchen-roe-deer-fox-call\/#breadcrumb\"},\"inLanguage\":\"fr-FR\",\"potentialAction\":[{\"@type\":\"ReadAction\",\"target\":[\"https:\/\/staging.lucky-hunter.com\/product\/weisskirchen-roe-deer-fox-call\/\"]}]},{\"@type\":\"ImageObject\",\"inLanguage\":\"fr-FR\",\"@id\":\"https:\/\/staging.lucky-hunter.com\/product\/weisskirchen-roe-deer-fox-call\/#primaryimage\",\"url\":\"https:\/\/staging.lucky-hunter.com\/wp-content\/uploads\/2016\/11\/510528-1.png\",\"contentUrl\":\"https:\/\/staging.lucky-hunter.com\/wp-content\/uploads\/2016\/11\/510528-1.png\",\"width\":1000,\"height\":1000},{\"@type\":\"BreadcrumbList\",\"@id\":\"https:\/\/staging.lucky-hunter.com\/product\/weisskirchen-roe-deer-fox-call\/#breadcrumb\",\"itemListElement\":[{\"@type\":\"ListItem\",\"position\":1,\"name\":\"Home\",\"item\":\"https:\/\/staging.lucky-hunter.com\/fr\/\"},{\"@type\":\"ListItem\",\"position\":2,\"name\":\"Boutique\",\"item\":\"https:\/\/staging.lucky-hunter.com\/fr\/shop\/\"},{\"@type\":\"ListItem\",\"position\":3,\"name\":\"Appeau \u00e0 Chevreuil et \u00e0 Renard Weisskirchen\"}]},{\"@type\":\"WebSite\",\"@id\":\"https:\/\/staging.lucky-hunter.com\/#website\",\"url\":\"https:\/\/staging.lucky-hunter.com\/\",\"name\":\"Lucky-Hunter\",\"description\":\"Gear Up or Give Up\",\"potentialAction\":[{\"@type\":\"SearchAction\",\"target\":{\"@type\":\"EntryPoint\",\"urlTemplate\":\"https:\/\/staging.lucky-hunter.com\/?s={search_term_string}\"},\"query-input\":{\"@type\":\"PropertyValueSpecification\",\"valueRequired\":true,\"valueName\":\"search_term_string\"}}],\"inLanguage\":\"fr-FR\"}]}<\/script>\n<!-- \/ Yoast SEO plugin. -->","yoast_head_json":{"title":"Appeau \u00e0 Chevreuil et \u00e0 Renard Weisskirchen - Un appeau unique et tr\u00e8s efficace","description":"Le seul Appeau \u00e0 Chevreuil sur le march\u00e9 qui puisse \u00eatre utilis\u00e9 pour attirer le m\u00e2le en dehors de la p\u00e9riode de chaleurs. Cri de souris int\u00e9gr\u00e9.","robots":{"index":"noindex","follow":"follow","max-snippet":"max-snippet:-1","max-image-preview":"max-image-preview:large","max-video-preview":"max-video-preview:-1"},"og_locale":"fr_FR","og_type":"article","og_title":"Appeau \u00e0 Chevreuil et \u00e0 Renard Weisskirchen - Un appeau unique et tr\u00e8s efficace","og_description":"Le seul Appeau \u00e0 Chevreuil sur le march\u00e9 qui puisse \u00eatre utilis\u00e9 pour attirer le m\u00e2le en dehors de la p\u00e9riode de chaleurs. Cri de souris int\u00e9gr\u00e9.","og_url":"https:\/\/staging.lucky-hunter.com\/product\/weisskirchen-roe-deer-fox-call\/","og_site_name":"Lucky-Hunter","article_modified_time":"2023-01-31T13:28:31+00:00","og_image":[{"width":1000,"height":1000,"url":"https:\/\/staging.lucky-hunter.com\/wp-content\/uploads\/2016\/11\/510528-1.png","type":"image\/png"}],"twitter_card":"summary_large_image","twitter_misc":{"Dur\u00e9e de lecture estim\u00e9e":"1 minute"},"schema":{"@context":"https:\/\/schema.org","@graph":[{"@type":"WebPage","@id":"https:\/\/staging.lucky-hunter.com\/product\/weisskirchen-roe-deer-fox-call\/","url":"https:\/\/staging.lucky-hunter.com\/product\/weisskirchen-roe-deer-fox-call\/","name":"Appeau \u00e0 Chevreuil et \u00e0 Renard Weisskirchen - Un appeau unique et tr\u00e8s efficace","isPartOf":{"@id":"https:\/\/staging.lucky-hunter.com\/#website"},"primaryImageOfPage":{"@id":"https:\/\/staging.lucky-hunter.com\/product\/weisskirchen-roe-deer-fox-call\/#primaryimage"},"image":{"@id":"https:\/\/staging.lucky-hunter.com\/product\/weisskirchen-roe-deer-fox-call\/#primaryimage"},"thumbnailUrl":"https:\/\/staging.lucky-hunter.com\/wp-content\/uploads\/2016\/11\/510528-1.png","datePublished":"2016-11-07T15:03:17+00:00","dateModified":"2023-01-31T13:28:31+00:00","description":"Le seul Appeau \u00e0 Chevreuil sur le march\u00e9 qui puisse \u00eatre utilis\u00e9 pour attirer le m\u00e2le en dehors de la p\u00e9riode de chaleurs. Cri de souris int\u00e9gr\u00e9.","breadcrumb":{"@id":"https:\/\/staging.lucky-hunter.com\/product\/weisskirchen-roe-deer-fox-call\/#breadcrumb"},"inLanguage":"fr-FR","potentialAction":[{"@type":"ReadAction","target":["https:\/\/staging.lucky-hunter.com\/product\/weisskirchen-roe-deer-fox-call\/"]}]},{"@type":"ImageObject","inLanguage":"fr-FR","@id":"https:\/\/staging.lucky-hunter.com\/product\/weisskirchen-roe-deer-fox-call\/#primaryimage","url":"https:\/\/staging.lucky-hunter.com\/wp-content\/uploads\/2016\/11\/510528-1.png","contentUrl":"https:\/\/staging.lucky-hunter.com\/wp-content\/uploads\/2016\/11\/510528-1.png","width":1000,"height":1000},{"@type":"BreadcrumbList","@id":"https:\/\/staging.lucky-hunter.com\/product\/weisskirchen-roe-deer-fox-call\/#breadcrumb","itemListElement":[{"@type":"ListItem","position":1,"name":"Home","item":"https:\/\/staging.lucky-hunter.com\/fr\/"},{"@type":"ListItem","position":2,"name":"Boutique","item":"https:\/\/staging.lucky-hunter.com\/fr\/shop\/"},{"@type":"ListItem","position":3,"name":"Appeau \u00e0 Chevreuil et \u00e0 Renard Weisskirchen"}]},{"@type":"WebSite","@id":"https:\/\/staging.lucky-hunter.com\/#website","url":"https:\/\/staging.lucky-hunter.com\/","name":"Lucky-Hunter","description":"Gear Up or Give Up","potentialAction":[{"@type":"SearchAction","target":{"@type":"EntryPoint","urlTemplate":"https:\/\/staging.lucky-hunter.com\/?s={search_term_string}"},"query-input":{"@type":"PropertyValueSpecification","valueRequired":true,"valueName":"search_term_string"}}],"inLanguage":"fr-FR"}]}},"_links":{"self":[{"href":"https:\/\/staging.lucky-hunter.com\/fr\/wp-json\/wp\/v2\/product\/32094"}],"collection":[{"href":"https:\/\/staging.lucky-hunter.com\/fr\/wp-json\/wp\/v2\/product"}],"about":[{"href":"https:\/\/staging.lucky-hunter.com\/fr\/wp-json\/wp\/v2\/types\/product"}],"wp:featuredmedia":[{"embeddable":true,"href":"https:\/\/staging.lucky-hunter.com\/fr\/wp-json\/wp\/v2\/media\/30194"}],"wp:attachment":[{"href":"https:\/\/staging.lucky-hunter.com\/fr\/wp-json\/wp\/v2\/media?parent=32094"}],"wp:term":[{"taxonomy":"product_brand","embeddable":true,"href":"https:\/\/staging.lucky-hunter.com\/fr\/wp-json\/wp\/v2\/product_brand?post=32094"},{"taxonomy":"product_cat","embeddable":true,"href":"https:\/\/staging.lucky-hunter.com\/fr\/wp-json\/wp\/v2\/product_cat?post=32094"},{"taxonomy":"product_tag","embeddable":true,"href":"https:\/\/staging.lucky-hunter.com\/fr\/wp-json\/wp\/v2\/product_tag?post=32094"}],"curies":[{"name":"wp","href":"https:\/\/api.w.org\/{rel}","templated":true}]}}