{"id":32093,"date":"2016-11-07T16:14:17","date_gmt":"2016-11-07T15:14:17","guid":{"rendered":"https:\/\/staging.lucky-hunter.com\/product\/dan-thompson-psc-coyote\/"},"modified":"2023-01-31T14:27:41","modified_gmt":"2023-01-31T13:27:41","slug":"dan-thompson-psc-coyote","status":"publish","type":"product","link":"https:\/\/staging.lucky-hunter.com\/fr\/product\/dan-thompson-psc-coyote\/","title":{"rendered":"Dan Thompson PSC Coyote"},"content":{"rendered":"<h2><strong>Dan Thompson PSC Coyote &#8211; appeau \u00e0 pr\u00e9dateur de Dan Thompson Calls<\/strong><\/h2>\n<p>Appeau \u00e0 pr\u00e9dateur Pup Squaller Coaxer du fabricant am\u00e9ricain Dan Thompson Calls.<\/p>\n<p>Cet appeau efficace deux en un permet de reproduire le cri du li\u00e8vre d\u2019un c\u00f4t\u00e9 et celui de la souris de l\u2019autre, pour attirer les renards situ\u00e9s \u00e0 proximit\u00e9. Utilisez cet appeau \u00e0 renard lorsque vous souhaitez attirer les renards proches de votre position.<\/p>\n<p>{1>Pup squaller :&lt;1}<\/p>\n<p>Placez le tube en laiton entre vos l\u00e8vres et entra\u00eenez-vous \u00e0 expirer de petites bouff\u00e9es d&#8217;air avec votre diaphragme.<\/p>\n<p>La langue et les dents ne doivent pas \u00eatre en contact avec le tube en laiton. Expirez des bouff\u00e9es courtes et rapides pour imiter des cris de lapin et d&#8217;oiseau. Utilisez votre main devant l&#8217;appeau pour rendre le son plus vivant. {2>Coaxer :&lt;2}<\/p>\n<p>Soufflez dans l\u2019autre extr\u00e9mit\u00e9 de l\u2019appeau &#8211; avec ou sans le tube en laiton &#8211; pour reproduire un excellent g\u00e9missement de souris.<\/p>\n<p>D\u00e9placez votre t\u00eate et l\u2019appeau \u00e0 renard lorsque vous soufflez pour rendre le son plus vivant. Les appeaux Dan Thompson sont faits en bois dur de haute qualit\u00e9, ce qui garantit un son pr\u00e9cis. Gr\u00e2ce \u00e0 cela, ils sont \u00e9galement r\u00e9sistants et durables.<\/p>\n<p>Les appeaux Dan Thompson sont parmi les plus faciles \u00e0 utiliser correctement. Pour cette raison, ils sont \u00e9galement r\u00e9sistants et durables.<\/p>\n<p>Les appeaux Dan Thompson sont parmi les plus faciles \u00e0 utiliser correctement, et Ils sont recommand\u00e9s par certains des utilisateurs d\u2019appeaux les plus c\u00e9l\u00e8bres d\u2019Europe, tels que le cin\u00e9aste su\u00e9dois Ulf Lindroth.<\/p>\n","protected":false},"excerpt":{"rendered":"<p>Appeau \u00e0 renard Pup Squaller Coaxer du fabricant am\u00e9ricain Dan Thompson Calls. Cet appeau efficace deux en un permet de reproduire le cri du li\u00e8vre d\u2019un c\u00f4t\u00e9 et celui de la souris de l\u2019autre, pour attirer les renards situ\u00e9s \u00e0 proximit\u00e9.<\/p>\n","protected":false},"featured_media":29706,"template":"","meta":[],"product_brand":[84],"product_cat":[8638],"product_tag":[9499],"yoast_head":"<!-- This site is optimized with the Yoast SEO plugin v24.3 - https:\/\/yoast.com\/wordpress\/plugins\/seo\/ -->\n<title>Dan Thompson PSC Coyote Predator Appel | Chasseur chanceux<\/title>\n<meta name=\"description\" content=\"L&#039;appel Dan Thompson PSC Coyote comprend un squaller de chiot en laiton \u00e0 une extr\u00e9mit\u00e9 et un coaxer \u00e0 l&#039;autre. Recr\u00e9ez le son d&#039;un li\u00e8vre ou d&#039;une souris en un seul appel.\" \/>\n<meta name=\"robots\" content=\"noindex, follow, max-snippet:-1, max-image-preview:large, max-video-preview:-1\" \/>\n<meta property=\"og:locale\" content=\"fr_FR\" \/>\n<meta property=\"og:type\" content=\"article\" \/>\n<meta property=\"og:title\" content=\"Dan Thompson PSC Coyote Predator Appel | Chasseur chanceux\" \/>\n<meta property=\"og:description\" content=\"L&#039;appel Dan Thompson PSC Coyote comprend un squaller de chiot en laiton \u00e0 une extr\u00e9mit\u00e9 et un coaxer \u00e0 l&#039;autre. Recr\u00e9ez le son d&#039;un li\u00e8vre ou d&#039;une souris en un seul appel.\" \/>\n<meta property=\"og:url\" content=\"https:\/\/staging.lucky-hunter.com\/product\/dan-thompson-psc-coyote\/\" \/>\n<meta property=\"og:site_name\" content=\"Lucky-Hunter\" \/>\n<meta property=\"article:modified_time\" content=\"2023-01-31T13:27:41+00:00\" \/>\n<meta property=\"og:image\" content=\"https:\/\/staging.lucky-hunter.com\/wp-content\/uploads\/2016\/11\/LK-170-1.png\" \/>\n\t<meta property=\"og:image:width\" content=\"1000\" \/>\n\t<meta property=\"og:image:height\" content=\"1000\" \/>\n\t<meta property=\"og:image:type\" content=\"image\/png\" \/>\n<meta name=\"twitter:card\" content=\"summary_large_image\" \/>\n<meta name=\"twitter:title\" content=\"Dan Thompson PSC Coyote Predator Appel | Chasseur chanceux\" \/>\n<meta name=\"twitter:description\" content=\"L&#039;appel Dan Thompson PSC Coyote comprend un squaller de chiot en laiton \u00e0 une extr\u00e9mit\u00e9 et un coaxer \u00e0 l&#039;autre. Recr\u00e9ez le son d&#039;un li\u00e8vre ou d&#039;une souris en un seul appel.\" \/>\n<meta name=\"twitter:label1\" content=\"Dur\u00e9e de lecture estim\u00e9e\" \/>\n\t<meta name=\"twitter:data1\" content=\"2 minutes\" \/>\n<script type=\"application\/ld+json\" class=\"yoast-schema-graph\">{\"@context\":\"https:\/\/schema.org\",\"@graph\":[{\"@type\":\"WebPage\",\"@id\":\"https:\/\/staging.lucky-hunter.com\/product\/dan-thompson-psc-coyote\/\",\"url\":\"https:\/\/staging.lucky-hunter.com\/product\/dan-thompson-psc-coyote\/\",\"name\":\"Dan Thompson PSC Coyote Predator Appel | Chasseur chanceux\",\"isPartOf\":{\"@id\":\"https:\/\/staging.lucky-hunter.com\/#website\"},\"primaryImageOfPage\":{\"@id\":\"https:\/\/staging.lucky-hunter.com\/product\/dan-thompson-psc-coyote\/#primaryimage\"},\"image\":{\"@id\":\"https:\/\/staging.lucky-hunter.com\/product\/dan-thompson-psc-coyote\/#primaryimage\"},\"thumbnailUrl\":\"https:\/\/staging.lucky-hunter.com\/wp-content\/uploads\/2016\/11\/LK-170-1.png\",\"datePublished\":\"2016-11-07T15:14:17+00:00\",\"dateModified\":\"2023-01-31T13:27:41+00:00\",\"description\":\"L'appel Dan Thompson PSC Coyote comprend un squaller de chiot en laiton \u00e0 une extr\u00e9mit\u00e9 et un coaxer \u00e0 l'autre. Recr\u00e9ez le son d'un li\u00e8vre ou d'une souris en un seul appel.\",\"breadcrumb\":{\"@id\":\"https:\/\/staging.lucky-hunter.com\/product\/dan-thompson-psc-coyote\/#breadcrumb\"},\"inLanguage\":\"fr-FR\",\"potentialAction\":[{\"@type\":\"ReadAction\",\"target\":[\"https:\/\/staging.lucky-hunter.com\/product\/dan-thompson-psc-coyote\/\"]}]},{\"@type\":\"ImageObject\",\"inLanguage\":\"fr-FR\",\"@id\":\"https:\/\/staging.lucky-hunter.com\/product\/dan-thompson-psc-coyote\/#primaryimage\",\"url\":\"https:\/\/staging.lucky-hunter.com\/wp-content\/uploads\/2016\/11\/LK-170-1.png\",\"contentUrl\":\"https:\/\/staging.lucky-hunter.com\/wp-content\/uploads\/2016\/11\/LK-170-1.png\",\"width\":1000,\"height\":1000},{\"@type\":\"BreadcrumbList\",\"@id\":\"https:\/\/staging.lucky-hunter.com\/product\/dan-thompson-psc-coyote\/#breadcrumb\",\"itemListElement\":[{\"@type\":\"ListItem\",\"position\":1,\"name\":\"Home\",\"item\":\"https:\/\/staging.lucky-hunter.com\/fr\/\"},{\"@type\":\"ListItem\",\"position\":2,\"name\":\"Boutique\",\"item\":\"https:\/\/staging.lucky-hunter.com\/fr\/shop\/\"},{\"@type\":\"ListItem\",\"position\":3,\"name\":\"Dan Thompson PSC Coyote\"}]},{\"@type\":\"WebSite\",\"@id\":\"https:\/\/staging.lucky-hunter.com\/#website\",\"url\":\"https:\/\/staging.lucky-hunter.com\/\",\"name\":\"Lucky-Hunter\",\"description\":\"Gear Up or Give Up\",\"potentialAction\":[{\"@type\":\"SearchAction\",\"target\":{\"@type\":\"EntryPoint\",\"urlTemplate\":\"https:\/\/staging.lucky-hunter.com\/?s={search_term_string}\"},\"query-input\":{\"@type\":\"PropertyValueSpecification\",\"valueRequired\":true,\"valueName\":\"search_term_string\"}}],\"inLanguage\":\"fr-FR\"}]}<\/script>\n<!-- \/ Yoast SEO plugin. -->","yoast_head_json":{"title":"Dan Thompson PSC Coyote Predator Appel | Chasseur chanceux","description":"L'appel Dan Thompson PSC Coyote comprend un squaller de chiot en laiton \u00e0 une extr\u00e9mit\u00e9 et un coaxer \u00e0 l'autre. Recr\u00e9ez le son d'un li\u00e8vre ou d'une souris en un seul appel.","robots":{"index":"noindex","follow":"follow","max-snippet":"max-snippet:-1","max-image-preview":"max-image-preview:large","max-video-preview":"max-video-preview:-1"},"og_locale":"fr_FR","og_type":"article","og_title":"Dan Thompson PSC Coyote Predator Appel | Chasseur chanceux","og_description":"L'appel Dan Thompson PSC Coyote comprend un squaller de chiot en laiton \u00e0 une extr\u00e9mit\u00e9 et un coaxer \u00e0 l'autre. Recr\u00e9ez le son d'un li\u00e8vre ou d'une souris en un seul appel.","og_url":"https:\/\/staging.lucky-hunter.com\/product\/dan-thompson-psc-coyote\/","og_site_name":"Lucky-Hunter","article_modified_time":"2023-01-31T13:27:41+00:00","og_image":[{"width":1000,"height":1000,"url":"https:\/\/staging.lucky-hunter.com\/wp-content\/uploads\/2016\/11\/LK-170-1.png","type":"image\/png"}],"twitter_card":"summary_large_image","twitter_title":"Dan Thompson PSC Coyote Predator Appel | Chasseur chanceux","twitter_description":"L'appel Dan Thompson PSC Coyote comprend un squaller de chiot en laiton \u00e0 une extr\u00e9mit\u00e9 et un coaxer \u00e0 l'autre. Recr\u00e9ez le son d'un li\u00e8vre ou d'une souris en un seul appel.","twitter_misc":{"Dur\u00e9e de lecture estim\u00e9e":"2 minutes"},"schema":{"@context":"https:\/\/schema.org","@graph":[{"@type":"WebPage","@id":"https:\/\/staging.lucky-hunter.com\/product\/dan-thompson-psc-coyote\/","url":"https:\/\/staging.lucky-hunter.com\/product\/dan-thompson-psc-coyote\/","name":"Dan Thompson PSC Coyote Predator Appel | Chasseur chanceux","isPartOf":{"@id":"https:\/\/staging.lucky-hunter.com\/#website"},"primaryImageOfPage":{"@id":"https:\/\/staging.lucky-hunter.com\/product\/dan-thompson-psc-coyote\/#primaryimage"},"image":{"@id":"https:\/\/staging.lucky-hunter.com\/product\/dan-thompson-psc-coyote\/#primaryimage"},"thumbnailUrl":"https:\/\/staging.lucky-hunter.com\/wp-content\/uploads\/2016\/11\/LK-170-1.png","datePublished":"2016-11-07T15:14:17+00:00","dateModified":"2023-01-31T13:27:41+00:00","description":"L'appel Dan Thompson PSC Coyote comprend un squaller de chiot en laiton \u00e0 une extr\u00e9mit\u00e9 et un coaxer \u00e0 l'autre. Recr\u00e9ez le son d'un li\u00e8vre ou d'une souris en un seul appel.","breadcrumb":{"@id":"https:\/\/staging.lucky-hunter.com\/product\/dan-thompson-psc-coyote\/#breadcrumb"},"inLanguage":"fr-FR","potentialAction":[{"@type":"ReadAction","target":["https:\/\/staging.lucky-hunter.com\/product\/dan-thompson-psc-coyote\/"]}]},{"@type":"ImageObject","inLanguage":"fr-FR","@id":"https:\/\/staging.lucky-hunter.com\/product\/dan-thompson-psc-coyote\/#primaryimage","url":"https:\/\/staging.lucky-hunter.com\/wp-content\/uploads\/2016\/11\/LK-170-1.png","contentUrl":"https:\/\/staging.lucky-hunter.com\/wp-content\/uploads\/2016\/11\/LK-170-1.png","width":1000,"height":1000},{"@type":"BreadcrumbList","@id":"https:\/\/staging.lucky-hunter.com\/product\/dan-thompson-psc-coyote\/#breadcrumb","itemListElement":[{"@type":"ListItem","position":1,"name":"Home","item":"https:\/\/staging.lucky-hunter.com\/fr\/"},{"@type":"ListItem","position":2,"name":"Boutique","item":"https:\/\/staging.lucky-hunter.com\/fr\/shop\/"},{"@type":"ListItem","position":3,"name":"Dan Thompson PSC Coyote"}]},{"@type":"WebSite","@id":"https:\/\/staging.lucky-hunter.com\/#website","url":"https:\/\/staging.lucky-hunter.com\/","name":"Lucky-Hunter","description":"Gear Up or Give Up","potentialAction":[{"@type":"SearchAction","target":{"@type":"EntryPoint","urlTemplate":"https:\/\/staging.lucky-hunter.com\/?s={search_term_string}"},"query-input":{"@type":"PropertyValueSpecification","valueRequired":true,"valueName":"search_term_string"}}],"inLanguage":"fr-FR"}]}},"_links":{"self":[{"href":"https:\/\/staging.lucky-hunter.com\/fr\/wp-json\/wp\/v2\/product\/32093"}],"collection":[{"href":"https:\/\/staging.lucky-hunter.com\/fr\/wp-json\/wp\/v2\/product"}],"about":[{"href":"https:\/\/staging.lucky-hunter.com\/fr\/wp-json\/wp\/v2\/types\/product"}],"wp:featuredmedia":[{"embeddable":true,"href":"https:\/\/staging.lucky-hunter.com\/fr\/wp-json\/wp\/v2\/media\/29706"}],"wp:attachment":[{"href":"https:\/\/staging.lucky-hunter.com\/fr\/wp-json\/wp\/v2\/media?parent=32093"}],"wp:term":[{"taxonomy":"product_brand","embeddable":true,"href":"https:\/\/staging.lucky-hunter.com\/fr\/wp-json\/wp\/v2\/product_brand?post=32093"},{"taxonomy":"product_cat","embeddable":true,"href":"https:\/\/staging.lucky-hunter.com\/fr\/wp-json\/wp\/v2\/product_cat?post=32093"},{"taxonomy":"product_tag","embeddable":true,"href":"https:\/\/staging.lucky-hunter.com\/fr\/wp-json\/wp\/v2\/product_tag?post=32093"}],"curies":[{"name":"wp","href":"https:\/\/api.w.org\/{rel}","templated":true}]}}