{"id":32092,"date":"2016-11-07T16:02:33","date_gmt":"2016-11-07T15:02:33","guid":{"rendered":"https:\/\/staging.lucky-hunter.com\/product\/nordik-roe\/"},"modified":"2023-01-31T14:26:14","modified_gmt":"2023-01-31T13:26:14","slug":"nordik-roe","status":"publish","type":"product","link":"https:\/\/staging.lucky-hunter.com\/fr\/product\/nordik-roe\/","title":{"rendered":"Nordik Roe"},"content":{"rendered":"<p>Cet appeau Nordik Predator est sp\u00e9cialement con\u00e7u pour attirer les chevreuils. Il permet de reproduire tous les sons dont vous pouvez avoir besoin pour chasser le chevreuil.<\/p>\n<p>Il suffit de d\u00e9placer l&#8217;\u00e9lastique entre les deux encoches ext\u00e9rieures pour changer le son. Vous pourrez ainsi imiter plusieurs cris uniques propres au chevreuil :<\/p>\n<ul>\n<li>L\u2019appel de contact du faon<\/li>\n<li>L\u2019appel de la chevrette<\/li>\n<li>L\u2019appel de la chevrette en chaleur<\/li>\n<li>L\u2019appel de la chevrette en d\u00e9tresse.<\/li>\n<\/ul>\n<p>Cet appeau offre plusieurs avantages par rapport aux appeaux traditionnels\u00a0:<\/p>\n<ul>\n<li>Vous avez les mains libres pour tirer<\/li>\n<li>Le son de l&#8217;appeau s\u2019entend de loin<\/li>\n<li>Il ne produit aucun son lorsque vous le transportez dans votre poche.<\/li>\n<\/ul>\n<p>Si vous voulez un son plus doux, couvrez le gros trou sous l&#8217;appeau avec votre pouce.<\/p>\n<p>{1>Appel de contact de la chevrette et du faon\u00a0:&lt;1}<\/p>\n<p>Placez l&#8217;\u00e9lastique dans la premi\u00e8re encoche. Pour imiter l&#8217;appel de contact de la chevrette, soufflez bri\u00e8vement dans l&#8217;appeau avec vos l\u00e8vres autour de l&#8217;\u00e9lastique. Pour celui du faon, placez l&#8217;\u00e9lastique entre vos dents. Ce son peut \u00e9galement \u00eatre utilis\u00e9 pour appeler les renards adultes car ils penseront qu\u2019un faon abandonn\u00e9 cherche sa m\u00e8re.<\/p>\n<p>{2>Appel de la chevrette en chaleur :&lt;2}<\/p>\n<p>C\u2019est presque le m\u00eame que l\u2019appel de contact, l\u2019appel doit simplement \u00eatre un peu plus long.<\/p>\n<p>{3>Appel de la chevrette en d\u00e9tresse :&lt;3}<\/p>\n<p>Placez l&#8217;\u00e9lastique dans la deuxi\u00e8me encoche, positionnez vos l\u00e8vres autour de l&#8217;\u00e9lastique, mordez dans la premi\u00e8re encoche et soufflez bri\u00e8vement. Mettez vos l\u00e8vres autour de l&#8217;\u00e9lastique. Mordant dans le premier cran, soufflant assez court et dans la derni\u00e8re partie du son. Si vous rel\u00e2chez la morsure, l&#8217;appel changera de hauteur.<\/p>\n","protected":false},"excerpt":{"rendered":"<p>Cet appeau Nordik Predator est sp\u00e9cialement con\u00e7u pour attirer les chevreuils. Il permet de reproduire tous les sons dont vous pouvez avoir besoin pour chasser le chevreuil.<\/p>\n","protected":false},"featured_media":30607,"template":"","meta":[],"product_brand":[46],"product_cat":[8641],"product_tag":[],"yoast_head":"<!-- This site is optimized with the Yoast SEO plugin v24.3 - https:\/\/yoast.com\/wordpress\/plugins\/seo\/ -->\n<title>Nordik Roe - Il existe des positions pr\u00e9d\u00e9finies pour tous les sons de chevreuil dont vous avez besoin<\/title>\n<meta name=\"description\" content=\"Cet appeau Nordik Predator est sp\u00e9cialement con\u00e7u pour attirer les chevreuils. Il permet de reproduire tous les sons dont vous pouvez avoir besoin pour chasser le chevreuil.\" \/>\n<meta name=\"robots\" content=\"noindex, follow, max-snippet:-1, max-image-preview:large, max-video-preview:-1\" \/>\n<meta property=\"og:locale\" content=\"fr_FR\" \/>\n<meta property=\"og:type\" content=\"article\" \/>\n<meta property=\"og:title\" content=\"Nordik Roe - Il existe des positions pr\u00e9d\u00e9finies pour tous les sons de chevreuil dont vous avez besoin\" \/>\n<meta property=\"og:description\" content=\"Cet appeau Nordik Predator est sp\u00e9cialement con\u00e7u pour attirer les chevreuils. Il permet de reproduire tous les sons dont vous pouvez avoir besoin pour chasser le chevreuil.\" \/>\n<meta property=\"og:url\" content=\"https:\/\/staging.lucky-hunter.com\/product\/nordik-roe\/\" \/>\n<meta property=\"og:site_name\" content=\"Lucky-Hunter\" \/>\n<meta property=\"article:modified_time\" content=\"2023-01-31T13:26:14+00:00\" \/>\n<meta property=\"og:image\" content=\"https:\/\/staging.lucky-hunter.com\/wp-content\/uploads\/2016\/11\/LK-30.png.webp\" \/>\n\t<meta property=\"og:image:width\" content=\"1000\" \/>\n\t<meta property=\"og:image:height\" content=\"1000\" \/>\n\t<meta property=\"og:image:type\" content=\"image\/webp\" \/>\n<meta name=\"twitter:card\" content=\"summary_large_image\" \/>\n<meta name=\"twitter:label1\" content=\"Dur\u00e9e de lecture estim\u00e9e\" \/>\n\t<meta name=\"twitter:data1\" content=\"2 minutes\" \/>\n<script type=\"application\/ld+json\" class=\"yoast-schema-graph\">{\"@context\":\"https:\/\/schema.org\",\"@graph\":[{\"@type\":\"WebPage\",\"@id\":\"https:\/\/staging.lucky-hunter.com\/product\/nordik-roe\/\",\"url\":\"https:\/\/staging.lucky-hunter.com\/product\/nordik-roe\/\",\"name\":\"Nordik Roe - Il existe des positions pr\u00e9d\u00e9finies pour tous les sons de chevreuil dont vous avez besoin\",\"isPartOf\":{\"@id\":\"https:\/\/staging.lucky-hunter.com\/#website\"},\"primaryImageOfPage\":{\"@id\":\"https:\/\/staging.lucky-hunter.com\/product\/nordik-roe\/#primaryimage\"},\"image\":{\"@id\":\"https:\/\/staging.lucky-hunter.com\/product\/nordik-roe\/#primaryimage\"},\"thumbnailUrl\":\"https:\/\/staging.lucky-hunter.com\/wp-content\/uploads\/2016\/11\/LK-30.png.webp\",\"datePublished\":\"2016-11-07T15:02:33+00:00\",\"dateModified\":\"2023-01-31T13:26:14+00:00\",\"description\":\"Cet appeau Nordik Predator est sp\u00e9cialement con\u00e7u pour attirer les chevreuils. Il permet de reproduire tous les sons dont vous pouvez avoir besoin pour chasser le chevreuil.\",\"breadcrumb\":{\"@id\":\"https:\/\/staging.lucky-hunter.com\/product\/nordik-roe\/#breadcrumb\"},\"inLanguage\":\"fr-FR\",\"potentialAction\":[{\"@type\":\"ReadAction\",\"target\":[\"https:\/\/staging.lucky-hunter.com\/product\/nordik-roe\/\"]}]},{\"@type\":\"ImageObject\",\"inLanguage\":\"fr-FR\",\"@id\":\"https:\/\/staging.lucky-hunter.com\/product\/nordik-roe\/#primaryimage\",\"url\":\"https:\/\/staging.lucky-hunter.com\/wp-content\/uploads\/2016\/11\/LK-30.png.webp\",\"contentUrl\":\"https:\/\/staging.lucky-hunter.com\/wp-content\/uploads\/2016\/11\/LK-30.png.webp\",\"width\":1000,\"height\":1000},{\"@type\":\"BreadcrumbList\",\"@id\":\"https:\/\/staging.lucky-hunter.com\/product\/nordik-roe\/#breadcrumb\",\"itemListElement\":[{\"@type\":\"ListItem\",\"position\":1,\"name\":\"Home\",\"item\":\"https:\/\/staging.lucky-hunter.com\/fr\/\"},{\"@type\":\"ListItem\",\"position\":2,\"name\":\"Boutique\",\"item\":\"https:\/\/staging.lucky-hunter.com\/fr\/shop\/\"},{\"@type\":\"ListItem\",\"position\":3,\"name\":\"Nordik Roe\"}]},{\"@type\":\"WebSite\",\"@id\":\"https:\/\/staging.lucky-hunter.com\/#website\",\"url\":\"https:\/\/staging.lucky-hunter.com\/\",\"name\":\"Lucky-Hunter\",\"description\":\"Gear Up or Give Up\",\"potentialAction\":[{\"@type\":\"SearchAction\",\"target\":{\"@type\":\"EntryPoint\",\"urlTemplate\":\"https:\/\/staging.lucky-hunter.com\/?s={search_term_string}\"},\"query-input\":{\"@type\":\"PropertyValueSpecification\",\"valueRequired\":true,\"valueName\":\"search_term_string\"}}],\"inLanguage\":\"fr-FR\"}]}<\/script>\n<!-- \/ Yoast SEO plugin. -->","yoast_head_json":{"title":"Nordik Roe - Il existe des positions pr\u00e9d\u00e9finies pour tous les sons de chevreuil dont vous avez besoin","description":"Cet appeau Nordik Predator est sp\u00e9cialement con\u00e7u pour attirer les chevreuils. Il permet de reproduire tous les sons dont vous pouvez avoir besoin pour chasser le chevreuil.","robots":{"index":"noindex","follow":"follow","max-snippet":"max-snippet:-1","max-image-preview":"max-image-preview:large","max-video-preview":"max-video-preview:-1"},"og_locale":"fr_FR","og_type":"article","og_title":"Nordik Roe - Il existe des positions pr\u00e9d\u00e9finies pour tous les sons de chevreuil dont vous avez besoin","og_description":"Cet appeau Nordik Predator est sp\u00e9cialement con\u00e7u pour attirer les chevreuils. Il permet de reproduire tous les sons dont vous pouvez avoir besoin pour chasser le chevreuil.","og_url":"https:\/\/staging.lucky-hunter.com\/product\/nordik-roe\/","og_site_name":"Lucky-Hunter","article_modified_time":"2023-01-31T13:26:14+00:00","og_image":[{"width":1000,"height":1000,"url":"https:\/\/staging.lucky-hunter.com\/wp-content\/uploads\/2016\/11\/LK-30.png.webp","type":"image\/webp"}],"twitter_card":"summary_large_image","twitter_misc":{"Dur\u00e9e de lecture estim\u00e9e":"2 minutes"},"schema":{"@context":"https:\/\/schema.org","@graph":[{"@type":"WebPage","@id":"https:\/\/staging.lucky-hunter.com\/product\/nordik-roe\/","url":"https:\/\/staging.lucky-hunter.com\/product\/nordik-roe\/","name":"Nordik Roe - Il existe des positions pr\u00e9d\u00e9finies pour tous les sons de chevreuil dont vous avez besoin","isPartOf":{"@id":"https:\/\/staging.lucky-hunter.com\/#website"},"primaryImageOfPage":{"@id":"https:\/\/staging.lucky-hunter.com\/product\/nordik-roe\/#primaryimage"},"image":{"@id":"https:\/\/staging.lucky-hunter.com\/product\/nordik-roe\/#primaryimage"},"thumbnailUrl":"https:\/\/staging.lucky-hunter.com\/wp-content\/uploads\/2016\/11\/LK-30.png.webp","datePublished":"2016-11-07T15:02:33+00:00","dateModified":"2023-01-31T13:26:14+00:00","description":"Cet appeau Nordik Predator est sp\u00e9cialement con\u00e7u pour attirer les chevreuils. Il permet de reproduire tous les sons dont vous pouvez avoir besoin pour chasser le chevreuil.","breadcrumb":{"@id":"https:\/\/staging.lucky-hunter.com\/product\/nordik-roe\/#breadcrumb"},"inLanguage":"fr-FR","potentialAction":[{"@type":"ReadAction","target":["https:\/\/staging.lucky-hunter.com\/product\/nordik-roe\/"]}]},{"@type":"ImageObject","inLanguage":"fr-FR","@id":"https:\/\/staging.lucky-hunter.com\/product\/nordik-roe\/#primaryimage","url":"https:\/\/staging.lucky-hunter.com\/wp-content\/uploads\/2016\/11\/LK-30.png.webp","contentUrl":"https:\/\/staging.lucky-hunter.com\/wp-content\/uploads\/2016\/11\/LK-30.png.webp","width":1000,"height":1000},{"@type":"BreadcrumbList","@id":"https:\/\/staging.lucky-hunter.com\/product\/nordik-roe\/#breadcrumb","itemListElement":[{"@type":"ListItem","position":1,"name":"Home","item":"https:\/\/staging.lucky-hunter.com\/fr\/"},{"@type":"ListItem","position":2,"name":"Boutique","item":"https:\/\/staging.lucky-hunter.com\/fr\/shop\/"},{"@type":"ListItem","position":3,"name":"Nordik Roe"}]},{"@type":"WebSite","@id":"https:\/\/staging.lucky-hunter.com\/#website","url":"https:\/\/staging.lucky-hunter.com\/","name":"Lucky-Hunter","description":"Gear Up or Give Up","potentialAction":[{"@type":"SearchAction","target":{"@type":"EntryPoint","urlTemplate":"https:\/\/staging.lucky-hunter.com\/?s={search_term_string}"},"query-input":{"@type":"PropertyValueSpecification","valueRequired":true,"valueName":"search_term_string"}}],"inLanguage":"fr-FR"}]}},"_links":{"self":[{"href":"https:\/\/staging.lucky-hunter.com\/fr\/wp-json\/wp\/v2\/product\/32092"}],"collection":[{"href":"https:\/\/staging.lucky-hunter.com\/fr\/wp-json\/wp\/v2\/product"}],"about":[{"href":"https:\/\/staging.lucky-hunter.com\/fr\/wp-json\/wp\/v2\/types\/product"}],"wp:featuredmedia":[{"embeddable":true,"href":"https:\/\/staging.lucky-hunter.com\/fr\/wp-json\/wp\/v2\/media\/30607"}],"wp:attachment":[{"href":"https:\/\/staging.lucky-hunter.com\/fr\/wp-json\/wp\/v2\/media?parent=32092"}],"wp:term":[{"taxonomy":"product_brand","embeddable":true,"href":"https:\/\/staging.lucky-hunter.com\/fr\/wp-json\/wp\/v2\/product_brand?post=32092"},{"taxonomy":"product_cat","embeddable":true,"href":"https:\/\/staging.lucky-hunter.com\/fr\/wp-json\/wp\/v2\/product_cat?post=32092"},{"taxonomy":"product_tag","embeddable":true,"href":"https:\/\/staging.lucky-hunter.com\/fr\/wp-json\/wp\/v2\/product_tag?post=32092"}],"curies":[{"name":"wp","href":"https:\/\/api.w.org\/{rel}","templated":true}]}}