{"id":32091,"date":"2016-11-07T16:03:39","date_gmt":"2016-11-07T15:03:39","guid":{"rendered":"https:\/\/staging.lucky-hunter.com\/product\/super-hare-distress-call\/"},"modified":"2023-01-31T14:24:19","modified_gmt":"2023-01-31T13:24:19","slug":"super-hare-distress-call","status":"publish","type":"product","link":"https:\/\/staging.lucky-hunter.com\/fr\/product\/super-hare-distress-call\/","title":{"rendered":"Appeau Super Li\u00e8vre en D\u00e9tresse"},"content":{"rendered":"<h1><strong>Appeau \u00e0 Renard au son impressionnant et naturel<\/strong><\/h1>\n<p>Cet appeau \u00e0 renard, du fabricant allemand Klaus Weisskirchen, fonctionne aussi bien lorsque vous soufflez doucement que lorsque vous soufflez fort.<\/p>\n<p>Ainsi, vous pourrez appeler les renards proches et ceux tr\u00e8s \u00e9loign\u00e9s.<\/p>\n<p>L\u2019appeau imite un li\u00e8vre en d\u00e9tresse et produit un son tr\u00e8s naturel. En le mettant \u00e0 l\u2019envers dans votre bouche et en aspirant l&#8217;air par saccades, vous pourrez aussi imiter les aboiements des renards.<\/p>\n<p>Fabriqu\u00e9 en bois de cerisier allemand, ce qui garantit un son optimal.<\/p>\n<p>D\u2019autre part, les laies et les corbeaux r\u00e9agissent \u00e9galement au son de l\u2019appeau.<\/p>\n<p>\u00a0<\/p>\n<p>\u00a0<\/p>\n","protected":false},"excerpt":{"rendered":"<p>Cet appeau \u00e0 renard, du fabricant allemand Klaus Weisskirchen, fonctionne aussi bien lorsque vous soufflez doucement que lorsque vous soufflez fort.\u00a0Ainsi, vous pourrez appeler les renards proches et ceux tr\u00e8s \u00e9loign\u00e9s.<\/p>\n","protected":false},"featured_media":30271,"template":"","meta":[],"product_brand":[8203],"product_cat":[8234],"product_tag":[9445],"yoast_head":"<!-- This site is optimized with the Yoast SEO plugin v24.3 - https:\/\/yoast.com\/wordpress\/plugins\/seo\/ -->\n<title>Super Hare Distress Call - Fox Call avec un son impressionnant et naturel<\/title>\n<meta name=\"description\" content=\"Cet appeau \u00e0 renard, du fabricant allemand Klaus Weisskirchen, fonctionne aussi bien lorsque vous soufflez doucement que lorsque vous soufflez fort. Port\u00e9e : jusqu&#039;\u00e0 2000 m\u00e8tres\" \/>\n<meta name=\"robots\" content=\"noindex, follow, max-snippet:-1, max-image-preview:large, max-video-preview:-1\" \/>\n<meta property=\"og:locale\" content=\"fr_FR\" \/>\n<meta property=\"og:type\" content=\"article\" \/>\n<meta property=\"og:title\" content=\"Super Hare Distress Call - Fox Call avec un son impressionnant et naturel\" \/>\n<meta property=\"og:description\" content=\"Cet appeau \u00e0 renard, du fabricant allemand Klaus Weisskirchen, fonctionne aussi bien lorsque vous soufflez doucement que lorsque vous soufflez fort. Port\u00e9e : jusqu&#039;\u00e0 2000 m\u00e8tres\" \/>\n<meta property=\"og:url\" content=\"https:\/\/staging.lucky-hunter.com\/product\/super-hare-distress-call\/\" \/>\n<meta property=\"og:site_name\" content=\"Lucky-Hunter\" \/>\n<meta property=\"article:modified_time\" content=\"2023-01-31T13:24:19+00:00\" \/>\n<meta property=\"og:image\" content=\"https:\/\/staging.lucky-hunter.com\/wp-content\/uploads\/2016\/11\/510505-1.png\" \/>\n\t<meta property=\"og:image:width\" content=\"1000\" \/>\n\t<meta property=\"og:image:height\" content=\"1000\" \/>\n\t<meta property=\"og:image:type\" content=\"image\/png\" \/>\n<meta name=\"twitter:card\" content=\"summary_large_image\" \/>\n<meta name=\"twitter:label1\" content=\"Dur\u00e9e de lecture estim\u00e9e\" \/>\n\t<meta name=\"twitter:data1\" content=\"1 minute\" \/>\n<script type=\"application\/ld+json\" class=\"yoast-schema-graph\">{\"@context\":\"https:\/\/schema.org\",\"@graph\":[{\"@type\":\"WebPage\",\"@id\":\"https:\/\/staging.lucky-hunter.com\/product\/super-hare-distress-call\/\",\"url\":\"https:\/\/staging.lucky-hunter.com\/product\/super-hare-distress-call\/\",\"name\":\"Super Hare Distress Call - Fox Call avec un son impressionnant et naturel\",\"isPartOf\":{\"@id\":\"https:\/\/staging.lucky-hunter.com\/#website\"},\"primaryImageOfPage\":{\"@id\":\"https:\/\/staging.lucky-hunter.com\/product\/super-hare-distress-call\/#primaryimage\"},\"image\":{\"@id\":\"https:\/\/staging.lucky-hunter.com\/product\/super-hare-distress-call\/#primaryimage\"},\"thumbnailUrl\":\"https:\/\/staging.lucky-hunter.com\/wp-content\/uploads\/2016\/11\/510505-1.png\",\"datePublished\":\"2016-11-07T15:03:39+00:00\",\"dateModified\":\"2023-01-31T13:24:19+00:00\",\"description\":\"Cet appeau \u00e0 renard, du fabricant allemand Klaus Weisskirchen, fonctionne aussi bien lorsque vous soufflez doucement que lorsque vous soufflez fort. Port\u00e9e : jusqu'\u00e0 2000 m\u00e8tres\",\"breadcrumb\":{\"@id\":\"https:\/\/staging.lucky-hunter.com\/product\/super-hare-distress-call\/#breadcrumb\"},\"inLanguage\":\"fr-FR\",\"potentialAction\":[{\"@type\":\"ReadAction\",\"target\":[\"https:\/\/staging.lucky-hunter.com\/product\/super-hare-distress-call\/\"]}]},{\"@type\":\"ImageObject\",\"inLanguage\":\"fr-FR\",\"@id\":\"https:\/\/staging.lucky-hunter.com\/product\/super-hare-distress-call\/#primaryimage\",\"url\":\"https:\/\/staging.lucky-hunter.com\/wp-content\/uploads\/2016\/11\/510505-1.png\",\"contentUrl\":\"https:\/\/staging.lucky-hunter.com\/wp-content\/uploads\/2016\/11\/510505-1.png\",\"width\":1000,\"height\":1000},{\"@type\":\"BreadcrumbList\",\"@id\":\"https:\/\/staging.lucky-hunter.com\/product\/super-hare-distress-call\/#breadcrumb\",\"itemListElement\":[{\"@type\":\"ListItem\",\"position\":1,\"name\":\"Home\",\"item\":\"https:\/\/staging.lucky-hunter.com\/fr\/\"},{\"@type\":\"ListItem\",\"position\":2,\"name\":\"Boutique\",\"item\":\"https:\/\/staging.lucky-hunter.com\/fr\/shop\/\"},{\"@type\":\"ListItem\",\"position\":3,\"name\":\"Appeau Super Li\u00e8vre en D\u00e9tresse\"}]},{\"@type\":\"WebSite\",\"@id\":\"https:\/\/staging.lucky-hunter.com\/#website\",\"url\":\"https:\/\/staging.lucky-hunter.com\/\",\"name\":\"Lucky-Hunter\",\"description\":\"Gear Up or Give Up\",\"potentialAction\":[{\"@type\":\"SearchAction\",\"target\":{\"@type\":\"EntryPoint\",\"urlTemplate\":\"https:\/\/staging.lucky-hunter.com\/?s={search_term_string}\"},\"query-input\":{\"@type\":\"PropertyValueSpecification\",\"valueRequired\":true,\"valueName\":\"search_term_string\"}}],\"inLanguage\":\"fr-FR\"}]}<\/script>\n<!-- \/ Yoast SEO plugin. -->","yoast_head_json":{"title":"Super Hare Distress Call - Fox Call avec un son impressionnant et naturel","description":"Cet appeau \u00e0 renard, du fabricant allemand Klaus Weisskirchen, fonctionne aussi bien lorsque vous soufflez doucement que lorsque vous soufflez fort. Port\u00e9e : jusqu'\u00e0 2000 m\u00e8tres","robots":{"index":"noindex","follow":"follow","max-snippet":"max-snippet:-1","max-image-preview":"max-image-preview:large","max-video-preview":"max-video-preview:-1"},"og_locale":"fr_FR","og_type":"article","og_title":"Super Hare Distress Call - Fox Call avec un son impressionnant et naturel","og_description":"Cet appeau \u00e0 renard, du fabricant allemand Klaus Weisskirchen, fonctionne aussi bien lorsque vous soufflez doucement que lorsque vous soufflez fort. Port\u00e9e : jusqu'\u00e0 2000 m\u00e8tres","og_url":"https:\/\/staging.lucky-hunter.com\/product\/super-hare-distress-call\/","og_site_name":"Lucky-Hunter","article_modified_time":"2023-01-31T13:24:19+00:00","og_image":[{"width":1000,"height":1000,"url":"https:\/\/staging.lucky-hunter.com\/wp-content\/uploads\/2016\/11\/510505-1.png","type":"image\/png"}],"twitter_card":"summary_large_image","twitter_misc":{"Dur\u00e9e de lecture estim\u00e9e":"1 minute"},"schema":{"@context":"https:\/\/schema.org","@graph":[{"@type":"WebPage","@id":"https:\/\/staging.lucky-hunter.com\/product\/super-hare-distress-call\/","url":"https:\/\/staging.lucky-hunter.com\/product\/super-hare-distress-call\/","name":"Super Hare Distress Call - Fox Call avec un son impressionnant et naturel","isPartOf":{"@id":"https:\/\/staging.lucky-hunter.com\/#website"},"primaryImageOfPage":{"@id":"https:\/\/staging.lucky-hunter.com\/product\/super-hare-distress-call\/#primaryimage"},"image":{"@id":"https:\/\/staging.lucky-hunter.com\/product\/super-hare-distress-call\/#primaryimage"},"thumbnailUrl":"https:\/\/staging.lucky-hunter.com\/wp-content\/uploads\/2016\/11\/510505-1.png","datePublished":"2016-11-07T15:03:39+00:00","dateModified":"2023-01-31T13:24:19+00:00","description":"Cet appeau \u00e0 renard, du fabricant allemand Klaus Weisskirchen, fonctionne aussi bien lorsque vous soufflez doucement que lorsque vous soufflez fort. Port\u00e9e : jusqu'\u00e0 2000 m\u00e8tres","breadcrumb":{"@id":"https:\/\/staging.lucky-hunter.com\/product\/super-hare-distress-call\/#breadcrumb"},"inLanguage":"fr-FR","potentialAction":[{"@type":"ReadAction","target":["https:\/\/staging.lucky-hunter.com\/product\/super-hare-distress-call\/"]}]},{"@type":"ImageObject","inLanguage":"fr-FR","@id":"https:\/\/staging.lucky-hunter.com\/product\/super-hare-distress-call\/#primaryimage","url":"https:\/\/staging.lucky-hunter.com\/wp-content\/uploads\/2016\/11\/510505-1.png","contentUrl":"https:\/\/staging.lucky-hunter.com\/wp-content\/uploads\/2016\/11\/510505-1.png","width":1000,"height":1000},{"@type":"BreadcrumbList","@id":"https:\/\/staging.lucky-hunter.com\/product\/super-hare-distress-call\/#breadcrumb","itemListElement":[{"@type":"ListItem","position":1,"name":"Home","item":"https:\/\/staging.lucky-hunter.com\/fr\/"},{"@type":"ListItem","position":2,"name":"Boutique","item":"https:\/\/staging.lucky-hunter.com\/fr\/shop\/"},{"@type":"ListItem","position":3,"name":"Appeau Super Li\u00e8vre en D\u00e9tresse"}]},{"@type":"WebSite","@id":"https:\/\/staging.lucky-hunter.com\/#website","url":"https:\/\/staging.lucky-hunter.com\/","name":"Lucky-Hunter","description":"Gear Up or Give Up","potentialAction":[{"@type":"SearchAction","target":{"@type":"EntryPoint","urlTemplate":"https:\/\/staging.lucky-hunter.com\/?s={search_term_string}"},"query-input":{"@type":"PropertyValueSpecification","valueRequired":true,"valueName":"search_term_string"}}],"inLanguage":"fr-FR"}]}},"_links":{"self":[{"href":"https:\/\/staging.lucky-hunter.com\/fr\/wp-json\/wp\/v2\/product\/32091"}],"collection":[{"href":"https:\/\/staging.lucky-hunter.com\/fr\/wp-json\/wp\/v2\/product"}],"about":[{"href":"https:\/\/staging.lucky-hunter.com\/fr\/wp-json\/wp\/v2\/types\/product"}],"wp:featuredmedia":[{"embeddable":true,"href":"https:\/\/staging.lucky-hunter.com\/fr\/wp-json\/wp\/v2\/media\/30271"}],"wp:attachment":[{"href":"https:\/\/staging.lucky-hunter.com\/fr\/wp-json\/wp\/v2\/media?parent=32091"}],"wp:term":[{"taxonomy":"product_brand","embeddable":true,"href":"https:\/\/staging.lucky-hunter.com\/fr\/wp-json\/wp\/v2\/product_brand?post=32091"},{"taxonomy":"product_cat","embeddable":true,"href":"https:\/\/staging.lucky-hunter.com\/fr\/wp-json\/wp\/v2\/product_cat?post=32091"},{"taxonomy":"product_tag","embeddable":true,"href":"https:\/\/staging.lucky-hunter.com\/fr\/wp-json\/wp\/v2\/product_tag?post=32091"}],"curies":[{"name":"wp","href":"https:\/\/api.w.org\/{rel}","templated":true}]}}