{"id":32089,"date":"2016-11-07T16:03:13","date_gmt":"2016-11-07T15:03:13","guid":{"rendered":"https:\/\/staging.lucky-hunter.com\/product\/weisskirchen-roe-deer-call\/"},"modified":"2023-01-31T14:20:16","modified_gmt":"2023-01-31T13:20:16","slug":"weisskirchen-roe-deer-call","status":"publish","type":"product","link":"https:\/\/staging.lucky-hunter.com\/fr\/product\/weisskirchen-roe-deer-call\/","title":{"rendered":"Appeau \u00e0 chevreuil Weisskirchen"},"content":{"rendered":"<h2>Appeau \u00e0 chevreuil Weisskirchen<\/h2>\n<p>Un appeau unique et tr\u00e8s efficace par le fabricant allemand Klaus Weisskirchen.<\/p>\n<p>Le seul appeau \u00e0 chevreuil sur le march\u00e9 qui puisse \u00eatre utilis\u00e9 pour attirer le m\u00e2le en dehors de la p\u00e9riode de chaleurs.<\/p>\n<p>La technique d&#8217;appel consiste \u00e0 provoquer le chevreuil en simulant le cri effray\u00e9 du faon et de la chevrette. Le chevreuil dominant r\u00e9agira de toute urgence pour \u00e9loigner l&#8217;intrus m\u00e2le de la zone.<\/p>\n<p>Utilisez-le tout au plus 1 ou 2 fois dans un m\u00eame endroit. Si le chevreuil r\u00e9agit, il r\u00e9agit rapidement &#8211; alors soyez pr\u00eat !<\/p>\n<p>Avec cet appeau, vous pouvez imiter plusieurs cris de chevrette.<\/p>\n<p>Il est \u00e9galement possible d&#8217;imiter un cri de lapin qu&#8217;un renard peut entendre \u00e0 une distance allant jusqu&#8217;\u00e0 1000 m\u00e8tres.<\/p>\n<p>La cl\u00e9 de la r\u00e9ussite consiste \u00e0 produire le bon ton. Pour ce faire, tous les appeaux Weisskirchen sont livr\u00e9s avec un DVD contenant des instructions (audio en allemand avec sous-titres en anglais et en fran\u00e7ais).<\/p>\n<p>L\u2019appeau \u00e0 chevreuil de Weisskirchen se distingue particuli\u00e8rement de par son mat\u00e9riau. L&#8217;anneau sp\u00e9cial en silicone est polym\u00e9ris\u00e9 avec du platine. L&#8217;anneau sp\u00e9cial en silicone est polym\u00e9ris\u00e9 avec du platine. Cela permet de maintenir la qualit\u00e9 de l\u2019appeau tout au long des ann\u00e9es sans qu\u2019il n\u2019y ait de changements dans le son.<\/p>\n<p>Nous vous recommandons d&#8217;entretenir cet appeau exclusif avec de la cire d&#8217;abeille.<\/p>\n","protected":false},"excerpt":{"rendered":"<p>Un appeau unique et tr\u00e8s efficace par le fabricant allemand Klaus Weisskirchen.\u00a0Le seul Appeau \u00e0 Chevreuil sur le march\u00e9 qui puisse \u00eatre utilis\u00e9 pour attirer le m\u00e2le en dehors de la p\u00e9riode de chaleurs.<\/p>\n","protected":false},"featured_media":28438,"template":"","meta":[],"product_brand":[8203],"product_cat":[8237],"product_tag":[],"yoast_head":"<!-- This site is optimized with the Yoast SEO plugin v24.3 - https:\/\/yoast.com\/wordpress\/plugins\/seo\/ -->\n<title>Appeau \u00e0 chevreuil Weisskirchen Appels de jeu | Chasseur chanceux |<\/title>\n<meta name=\"description\" content=\"Attirez les chevreuils - m\u00eame hors p\u00e9riode d&#039;oestrus ! L&#039;Appel Chevreuil Weisskirchen vous permet d&#039;appeler toute l&#039;ann\u00e9e.\" \/>\n<meta name=\"robots\" content=\"noindex, follow, max-snippet:-1, max-image-preview:large, max-video-preview:-1\" \/>\n<meta property=\"og:locale\" content=\"fr_FR\" \/>\n<meta property=\"og:type\" content=\"article\" \/>\n<meta property=\"og:title\" content=\"Appeau \u00e0 chevreuil Weisskirchen Appels de jeu | Chasseur chanceux\" \/>\n<meta property=\"og:description\" content=\"Attirez les chevreuils - m\u00eame hors p\u00e9riode d&#039;oestrus ! L&#039;Appel Chevreuil Weisskirchen vous permet d&#039;appeler toute l&#039;ann\u00e9e.\" \/>\n<meta property=\"og:url\" content=\"https:\/\/staging.lucky-hunter.com\/fr\/product\/weisskirchen-roe-deer-call\/\" \/>\n<meta property=\"og:site_name\" content=\"Lucky-Hunter\" \/>\n<meta property=\"article:modified_time\" content=\"2023-01-31T13:20:16+00:00\" \/>\n<meta property=\"og:image\" content=\"https:\/\/staging.lucky-hunter.com\/wp-content\/uploads\/2016\/11\/510500-2.png\" \/>\n\t<meta property=\"og:image:width\" content=\"1000\" \/>\n\t<meta property=\"og:image:height\" content=\"1000\" \/>\n\t<meta property=\"og:image:type\" content=\"image\/png\" \/>\n<meta name=\"twitter:card\" content=\"summary_large_image\" \/>\n<meta name=\"twitter:title\" content=\"Weisskirchen Appeau Chevreuil | Chasseur chanceux\" \/>\n<meta name=\"twitter:description\" content=\"Attirez les chevreuils - m\u00eame hors p\u00e9riode d&#039;oestrus ! L&#039;Appel Chevreuil Weisskirchen vous permet d&#039;appeler toute l&#039;ann\u00e9e.\" \/>\n<meta name=\"twitter:label1\" content=\"Dur\u00e9e de lecture estim\u00e9e\" \/>\n\t<meta name=\"twitter:data1\" content=\"1 minute\" \/>\n<script type=\"application\/ld+json\" class=\"yoast-schema-graph\">{\"@context\":\"https:\/\/schema.org\",\"@graph\":[{\"@type\":\"WebPage\",\"@id\":\"https:\/\/staging.lucky-hunter.com\/fr\/product\/weisskirchen-roe-deer-call\/\",\"url\":\"https:\/\/staging.lucky-hunter.com\/fr\/product\/weisskirchen-roe-deer-call\/\",\"name\":\"Appeau \u00e0 chevreuil Weisskirchen Appels de jeu | Chasseur chanceux |\",\"isPartOf\":{\"@id\":\"https:\/\/staging.lucky-hunter.com\/#website\"},\"primaryImageOfPage\":{\"@id\":\"https:\/\/staging.lucky-hunter.com\/fr\/product\/weisskirchen-roe-deer-call\/#primaryimage\"},\"image\":{\"@id\":\"https:\/\/staging.lucky-hunter.com\/fr\/product\/weisskirchen-roe-deer-call\/#primaryimage\"},\"thumbnailUrl\":\"https:\/\/staging.lucky-hunter.com\/wp-content\/uploads\/2016\/11\/510500-2.png\",\"datePublished\":\"2016-11-07T15:03:13+00:00\",\"dateModified\":\"2023-01-31T13:20:16+00:00\",\"description\":\"Attirez les chevreuils - m\u00eame hors p\u00e9riode d'oestrus ! L'Appel Chevreuil Weisskirchen vous permet d'appeler toute l'ann\u00e9e.\",\"breadcrumb\":{\"@id\":\"https:\/\/staging.lucky-hunter.com\/fr\/product\/weisskirchen-roe-deer-call\/#breadcrumb\"},\"inLanguage\":\"fr-FR\",\"potentialAction\":[{\"@type\":\"ReadAction\",\"target\":[\"https:\/\/staging.lucky-hunter.com\/fr\/product\/weisskirchen-roe-deer-call\/\"]}]},{\"@type\":\"ImageObject\",\"inLanguage\":\"fr-FR\",\"@id\":\"https:\/\/staging.lucky-hunter.com\/fr\/product\/weisskirchen-roe-deer-call\/#primaryimage\",\"url\":\"https:\/\/staging.lucky-hunter.com\/wp-content\/uploads\/2016\/11\/510500-2.png\",\"contentUrl\":\"https:\/\/staging.lucky-hunter.com\/wp-content\/uploads\/2016\/11\/510500-2.png\",\"width\":1000,\"height\":1000,\"caption\":\"Image of the Weisskirchen Roe Deer Call as well as the carry case and DVD included.\"},{\"@type\":\"BreadcrumbList\",\"@id\":\"https:\/\/staging.lucky-hunter.com\/fr\/product\/weisskirchen-roe-deer-call\/#breadcrumb\",\"itemListElement\":[{\"@type\":\"ListItem\",\"position\":1,\"name\":\"Home\",\"item\":\"https:\/\/staging.lucky-hunter.com\/fr\/\"},{\"@type\":\"ListItem\",\"position\":2,\"name\":\"Boutique\",\"item\":\"https:\/\/staging.lucky-hunter.com\/fr\/shop\/\"},{\"@type\":\"ListItem\",\"position\":3,\"name\":\"Appeau \u00e0 chevreuil Weisskirchen\"}]},{\"@type\":\"WebSite\",\"@id\":\"https:\/\/staging.lucky-hunter.com\/#website\",\"url\":\"https:\/\/staging.lucky-hunter.com\/\",\"name\":\"Lucky-Hunter\",\"description\":\"Gear Up or Give Up\",\"potentialAction\":[{\"@type\":\"SearchAction\",\"target\":{\"@type\":\"EntryPoint\",\"urlTemplate\":\"https:\/\/staging.lucky-hunter.com\/?s={search_term_string}\"},\"query-input\":{\"@type\":\"PropertyValueSpecification\",\"valueRequired\":true,\"valueName\":\"search_term_string\"}}],\"inLanguage\":\"fr-FR\"}]}<\/script>\n<!-- \/ Yoast SEO plugin. -->","yoast_head_json":{"title":"Appeau \u00e0 chevreuil Weisskirchen Appels de jeu | Chasseur chanceux |","description":"Attirez les chevreuils - m\u00eame hors p\u00e9riode d'oestrus ! L'Appel Chevreuil Weisskirchen vous permet d'appeler toute l'ann\u00e9e.","robots":{"index":"noindex","follow":"follow","max-snippet":"max-snippet:-1","max-image-preview":"max-image-preview:large","max-video-preview":"max-video-preview:-1"},"og_locale":"fr_FR","og_type":"article","og_title":"Appeau \u00e0 chevreuil Weisskirchen Appels de jeu | Chasseur chanceux","og_description":"Attirez les chevreuils - m\u00eame hors p\u00e9riode d'oestrus ! L'Appel Chevreuil Weisskirchen vous permet d'appeler toute l'ann\u00e9e.","og_url":"https:\/\/staging.lucky-hunter.com\/fr\/product\/weisskirchen-roe-deer-call\/","og_site_name":"Lucky-Hunter","article_modified_time":"2023-01-31T13:20:16+00:00","og_image":[{"width":1000,"height":1000,"url":"https:\/\/staging.lucky-hunter.com\/wp-content\/uploads\/2016\/11\/510500-2.png","type":"image\/png"}],"twitter_card":"summary_large_image","twitter_title":"Weisskirchen Appeau Chevreuil | Chasseur chanceux","twitter_description":"Attirez les chevreuils - m\u00eame hors p\u00e9riode d'oestrus ! L'Appel Chevreuil Weisskirchen vous permet d'appeler toute l'ann\u00e9e.","twitter_misc":{"Dur\u00e9e de lecture estim\u00e9e":"1 minute"},"schema":{"@context":"https:\/\/schema.org","@graph":[{"@type":"WebPage","@id":"https:\/\/staging.lucky-hunter.com\/fr\/product\/weisskirchen-roe-deer-call\/","url":"https:\/\/staging.lucky-hunter.com\/fr\/product\/weisskirchen-roe-deer-call\/","name":"Appeau \u00e0 chevreuil Weisskirchen Appels de jeu | Chasseur chanceux |","isPartOf":{"@id":"https:\/\/staging.lucky-hunter.com\/#website"},"primaryImageOfPage":{"@id":"https:\/\/staging.lucky-hunter.com\/fr\/product\/weisskirchen-roe-deer-call\/#primaryimage"},"image":{"@id":"https:\/\/staging.lucky-hunter.com\/fr\/product\/weisskirchen-roe-deer-call\/#primaryimage"},"thumbnailUrl":"https:\/\/staging.lucky-hunter.com\/wp-content\/uploads\/2016\/11\/510500-2.png","datePublished":"2016-11-07T15:03:13+00:00","dateModified":"2023-01-31T13:20:16+00:00","description":"Attirez les chevreuils - m\u00eame hors p\u00e9riode d'oestrus ! L'Appel Chevreuil Weisskirchen vous permet d'appeler toute l'ann\u00e9e.","breadcrumb":{"@id":"https:\/\/staging.lucky-hunter.com\/fr\/product\/weisskirchen-roe-deer-call\/#breadcrumb"},"inLanguage":"fr-FR","potentialAction":[{"@type":"ReadAction","target":["https:\/\/staging.lucky-hunter.com\/fr\/product\/weisskirchen-roe-deer-call\/"]}]},{"@type":"ImageObject","inLanguage":"fr-FR","@id":"https:\/\/staging.lucky-hunter.com\/fr\/product\/weisskirchen-roe-deer-call\/#primaryimage","url":"https:\/\/staging.lucky-hunter.com\/wp-content\/uploads\/2016\/11\/510500-2.png","contentUrl":"https:\/\/staging.lucky-hunter.com\/wp-content\/uploads\/2016\/11\/510500-2.png","width":1000,"height":1000,"caption":"Image of the Weisskirchen Roe Deer Call as well as the carry case and DVD included."},{"@type":"BreadcrumbList","@id":"https:\/\/staging.lucky-hunter.com\/fr\/product\/weisskirchen-roe-deer-call\/#breadcrumb","itemListElement":[{"@type":"ListItem","position":1,"name":"Home","item":"https:\/\/staging.lucky-hunter.com\/fr\/"},{"@type":"ListItem","position":2,"name":"Boutique","item":"https:\/\/staging.lucky-hunter.com\/fr\/shop\/"},{"@type":"ListItem","position":3,"name":"Appeau \u00e0 chevreuil Weisskirchen"}]},{"@type":"WebSite","@id":"https:\/\/staging.lucky-hunter.com\/#website","url":"https:\/\/staging.lucky-hunter.com\/","name":"Lucky-Hunter","description":"Gear Up or Give Up","potentialAction":[{"@type":"SearchAction","target":{"@type":"EntryPoint","urlTemplate":"https:\/\/staging.lucky-hunter.com\/?s={search_term_string}"},"query-input":{"@type":"PropertyValueSpecification","valueRequired":true,"valueName":"search_term_string"}}],"inLanguage":"fr-FR"}]}},"_links":{"self":[{"href":"https:\/\/staging.lucky-hunter.com\/fr\/wp-json\/wp\/v2\/product\/32089"}],"collection":[{"href":"https:\/\/staging.lucky-hunter.com\/fr\/wp-json\/wp\/v2\/product"}],"about":[{"href":"https:\/\/staging.lucky-hunter.com\/fr\/wp-json\/wp\/v2\/types\/product"}],"wp:featuredmedia":[{"embeddable":true,"href":"https:\/\/staging.lucky-hunter.com\/fr\/wp-json\/wp\/v2\/media\/28438"}],"wp:attachment":[{"href":"https:\/\/staging.lucky-hunter.com\/fr\/wp-json\/wp\/v2\/media?parent=32089"}],"wp:term":[{"taxonomy":"product_brand","embeddable":true,"href":"https:\/\/staging.lucky-hunter.com\/fr\/wp-json\/wp\/v2\/product_brand?post=32089"},{"taxonomy":"product_cat","embeddable":true,"href":"https:\/\/staging.lucky-hunter.com\/fr\/wp-json\/wp\/v2\/product_cat?post=32089"},{"taxonomy":"product_tag","embeddable":true,"href":"https:\/\/staging.lucky-hunter.com\/fr\/wp-json\/wp\/v2\/product_tag?post=32089"}],"curies":[{"name":"wp","href":"https:\/\/api.w.org\/{rel}","templated":true}]}}