{"id":32088,"date":"2016-11-07T16:10:46","date_gmt":"2016-11-07T15:10:46","guid":{"rendered":"https:\/\/staging.lucky-hunter.com\/product\/dan-thompson-pc4-fox-call\/"},"modified":"2023-01-31T14:16:07","modified_gmt":"2023-01-31T13:16:07","slug":"dan-thompson-pc4-fox-call","status":"publish","type":"product","link":"https:\/\/staging.lucky-hunter.com\/fr\/product\/dan-thompson-pc4-fox-call\/","title":{"rendered":"Appeau Dan Thompson PC4 Baby Jackrabbit"},"content":{"rendered":"<h2><strong>Appeau Dan Thompson PC4 Baby Jackrabbit &#8211; la chasse aux pr\u00e9dateurs \u00e0 courte distance<\/strong><\/h2>\n<p>L\u2019appeau PC4 Baby Jackrabbit est utilis\u00e9 pour la chasse aux renards et aux martres situ\u00e9s \u00e0 moins de 200 m\u00e8tres. Le PC4 peut \u00e9galement \u00eatre utilis\u00e9 pour la chasse aux corbeaux.<\/p>\n<p>Placez-vous au bord de la zone, o\u00f9 vous avez une bonne vue d&#8217;ensemble, et commencez \u00e0 siffler \u00e0 un volume faible qui augmente progressivement. Sifflez pendant 1 minute puis faites une pause de 2 \u00e0 3 minutes.<\/p>\n<p>Soufflez 3 s\u00e9quences courtes et aigu\u00ebs suivies d&#8217;une longue plainte pour imiter un li\u00e8vre bless\u00e9. N\u2019oubliez pas qu\u2019un animal bless\u00e9 crie, vous devez donc y mettre de l\u2019\u00e9nergie.<\/p>\n<p>Veillez \u00e0 varier le son afin qu&#8217;il ne devienne pas monotone.<\/p>\n<p>Les appeaux Dan Thompson sont fabriqu\u00e9s en bois de noyer am\u00e9ricain de haute qualit\u00e9 et accord\u00e9s \u00e0 la main \u00e0 la perfection.<\/p>\n<p>\u00a0<\/p>\n","protected":false},"excerpt":{"rendered":"<p>Le PC4 imite un b\u00e9b\u00e9 li\u00e8vre\/lapin en d\u00e9tresse que le renard assimile \u00e0 un repas facile, et le son plus grave est particuli\u00e8rement utile pour chasser les renardeaux.<\/p>\n","protected":false},"featured_media":29908,"template":"","meta":[],"product_brand":[8211],"product_cat":[8234],"product_tag":[9445],"yoast_head":"<!-- This site is optimized with the Yoast SEO plugin v24.3 - https:\/\/yoast.com\/wordpress\/plugins\/seo\/ -->\n<title>Appeau Dan Thompson PC4 Baby Jackrabbit camouflage neige | Lucky Hunter<\/title>\n<meta name=\"description\" content=\"Dan Thompson PC4 Baby Jackrabbit Call imite un b\u00e9b\u00e9 lapin ou li\u00e8vre en d\u00e9tresse pour attirer l&#039;attention d&#039;un pr\u00e9dateur proche comme le renard.\" \/>\n<meta name=\"robots\" content=\"noindex, follow, max-snippet:-1, max-image-preview:large, max-video-preview:-1\" \/>\n<meta property=\"og:locale\" content=\"fr_FR\" \/>\n<meta property=\"og:type\" content=\"article\" \/>\n<meta property=\"og:title\" content=\"Appeau Dan Thompson PC4 Baby Jackrabbit camouflage neige | Lucky Hunter\" \/>\n<meta property=\"og:description\" content=\"Dan Thompson PC4 Baby Jackrabbit Call imite un b\u00e9b\u00e9 lapin ou li\u00e8vre en d\u00e9tresse pour attirer l&#039;attention d&#039;un pr\u00e9dateur proche comme le renard.\" \/>\n<meta property=\"og:url\" content=\"https:\/\/staging.lucky-hunter.com\/fr\/product\/dan-thompson-pc4-fox-call\/\" \/>\n<meta property=\"og:site_name\" content=\"Lucky-Hunter\" \/>\n<meta property=\"article:modified_time\" content=\"2023-01-31T13:16:07+00:00\" \/>\n<meta property=\"og:image\" content=\"https:\/\/staging.lucky-hunter.com\/wp-content\/uploads\/2016\/11\/LK-160-2.png\" \/>\n\t<meta property=\"og:image:width\" content=\"1000\" \/>\n\t<meta property=\"og:image:height\" content=\"1000\" \/>\n\t<meta property=\"og:image:type\" content=\"image\/png\" \/>\n<meta name=\"twitter:card\" content=\"summary_large_image\" \/>\n<meta name=\"twitter:title\" content=\"Appeau Dan Thompson PC4 Baby Jackrabbit camouflage neige | Lucky Hunter\" \/>\n<meta name=\"twitter:description\" content=\"Dan Thompson PC4 Baby Jackrabbit Call imite un b\u00e9b\u00e9 lapin ou li\u00e8vre en d\u00e9tresse pour attirer l&#039;attention d&#039;un pr\u00e9dateur proche comme le renard.\" \/>\n<meta name=\"twitter:label1\" content=\"Dur\u00e9e de lecture estim\u00e9e\" \/>\n\t<meta name=\"twitter:data1\" content=\"1 minute\" \/>\n<script type=\"application\/ld+json\" class=\"yoast-schema-graph\">{\"@context\":\"https:\/\/schema.org\",\"@graph\":[{\"@type\":\"WebPage\",\"@id\":\"https:\/\/staging.lucky-hunter.com\/fr\/product\/dan-thompson-pc4-fox-call\/\",\"url\":\"https:\/\/staging.lucky-hunter.com\/fr\/product\/dan-thompson-pc4-fox-call\/\",\"name\":\"Appeau Dan Thompson PC4 Baby Jackrabbit camouflage neige | Lucky Hunter\",\"isPartOf\":{\"@id\":\"https:\/\/staging.lucky-hunter.com\/#website\"},\"primaryImageOfPage\":{\"@id\":\"https:\/\/staging.lucky-hunter.com\/fr\/product\/dan-thompson-pc4-fox-call\/#primaryimage\"},\"image\":{\"@id\":\"https:\/\/staging.lucky-hunter.com\/fr\/product\/dan-thompson-pc4-fox-call\/#primaryimage\"},\"thumbnailUrl\":\"https:\/\/staging.lucky-hunter.com\/wp-content\/uploads\/2016\/11\/LK-160-2.png\",\"datePublished\":\"2016-11-07T15:10:46+00:00\",\"dateModified\":\"2023-01-31T13:16:07+00:00\",\"description\":\"Dan Thompson PC4 Baby Jackrabbit Call imite un b\u00e9b\u00e9 lapin ou li\u00e8vre en d\u00e9tresse pour attirer l'attention d'un pr\u00e9dateur proche comme le renard.\",\"breadcrumb\":{\"@id\":\"https:\/\/staging.lucky-hunter.com\/fr\/product\/dan-thompson-pc4-fox-call\/#breadcrumb\"},\"inLanguage\":\"fr-FR\",\"potentialAction\":[{\"@type\":\"ReadAction\",\"target\":[\"https:\/\/staging.lucky-hunter.com\/fr\/product\/dan-thompson-pc4-fox-call\/\"]}]},{\"@type\":\"ImageObject\",\"inLanguage\":\"fr-FR\",\"@id\":\"https:\/\/staging.lucky-hunter.com\/fr\/product\/dan-thompson-pc4-fox-call\/#primaryimage\",\"url\":\"https:\/\/staging.lucky-hunter.com\/wp-content\/uploads\/2016\/11\/LK-160-2.png\",\"contentUrl\":\"https:\/\/staging.lucky-hunter.com\/wp-content\/uploads\/2016\/11\/LK-160-2.png\",\"width\":1000,\"height\":1000,\"caption\":\"Image of the Dan Thompson PC4 Baby Jackrabbit Call\"},{\"@type\":\"BreadcrumbList\",\"@id\":\"https:\/\/staging.lucky-hunter.com\/fr\/product\/dan-thompson-pc4-fox-call\/#breadcrumb\",\"itemListElement\":[{\"@type\":\"ListItem\",\"position\":1,\"name\":\"Home\",\"item\":\"https:\/\/staging.lucky-hunter.com\/fr\/\"},{\"@type\":\"ListItem\",\"position\":2,\"name\":\"Boutique\",\"item\":\"https:\/\/staging.lucky-hunter.com\/fr\/shop\/\"},{\"@type\":\"ListItem\",\"position\":3,\"name\":\"Appeau Dan Thompson PC4 Baby Jackrabbit\"}]},{\"@type\":\"WebSite\",\"@id\":\"https:\/\/staging.lucky-hunter.com\/#website\",\"url\":\"https:\/\/staging.lucky-hunter.com\/\",\"name\":\"Lucky-Hunter\",\"description\":\"Gear Up or Give Up\",\"potentialAction\":[{\"@type\":\"SearchAction\",\"target\":{\"@type\":\"EntryPoint\",\"urlTemplate\":\"https:\/\/staging.lucky-hunter.com\/?s={search_term_string}\"},\"query-input\":{\"@type\":\"PropertyValueSpecification\",\"valueRequired\":true,\"valueName\":\"search_term_string\"}}],\"inLanguage\":\"fr-FR\"}]}<\/script>\n<!-- \/ Yoast SEO plugin. -->","yoast_head_json":{"title":"Appeau Dan Thompson PC4 Baby Jackrabbit camouflage neige | Lucky Hunter","description":"Dan Thompson PC4 Baby Jackrabbit Call imite un b\u00e9b\u00e9 lapin ou li\u00e8vre en d\u00e9tresse pour attirer l'attention d'un pr\u00e9dateur proche comme le renard.","robots":{"index":"noindex","follow":"follow","max-snippet":"max-snippet:-1","max-image-preview":"max-image-preview:large","max-video-preview":"max-video-preview:-1"},"og_locale":"fr_FR","og_type":"article","og_title":"Appeau Dan Thompson PC4 Baby Jackrabbit camouflage neige | Lucky Hunter","og_description":"Dan Thompson PC4 Baby Jackrabbit Call imite un b\u00e9b\u00e9 lapin ou li\u00e8vre en d\u00e9tresse pour attirer l'attention d'un pr\u00e9dateur proche comme le renard.","og_url":"https:\/\/staging.lucky-hunter.com\/fr\/product\/dan-thompson-pc4-fox-call\/","og_site_name":"Lucky-Hunter","article_modified_time":"2023-01-31T13:16:07+00:00","og_image":[{"width":1000,"height":1000,"url":"https:\/\/staging.lucky-hunter.com\/wp-content\/uploads\/2016\/11\/LK-160-2.png","type":"image\/png"}],"twitter_card":"summary_large_image","twitter_title":"Appeau Dan Thompson PC4 Baby Jackrabbit camouflage neige | Lucky Hunter","twitter_description":"Dan Thompson PC4 Baby Jackrabbit Call imite un b\u00e9b\u00e9 lapin ou li\u00e8vre en d\u00e9tresse pour attirer l'attention d'un pr\u00e9dateur proche comme le renard.","twitter_misc":{"Dur\u00e9e de lecture estim\u00e9e":"1 minute"},"schema":{"@context":"https:\/\/schema.org","@graph":[{"@type":"WebPage","@id":"https:\/\/staging.lucky-hunter.com\/fr\/product\/dan-thompson-pc4-fox-call\/","url":"https:\/\/staging.lucky-hunter.com\/fr\/product\/dan-thompson-pc4-fox-call\/","name":"Appeau Dan Thompson PC4 Baby Jackrabbit camouflage neige | Lucky Hunter","isPartOf":{"@id":"https:\/\/staging.lucky-hunter.com\/#website"},"primaryImageOfPage":{"@id":"https:\/\/staging.lucky-hunter.com\/fr\/product\/dan-thompson-pc4-fox-call\/#primaryimage"},"image":{"@id":"https:\/\/staging.lucky-hunter.com\/fr\/product\/dan-thompson-pc4-fox-call\/#primaryimage"},"thumbnailUrl":"https:\/\/staging.lucky-hunter.com\/wp-content\/uploads\/2016\/11\/LK-160-2.png","datePublished":"2016-11-07T15:10:46+00:00","dateModified":"2023-01-31T13:16:07+00:00","description":"Dan Thompson PC4 Baby Jackrabbit Call imite un b\u00e9b\u00e9 lapin ou li\u00e8vre en d\u00e9tresse pour attirer l'attention d'un pr\u00e9dateur proche comme le renard.","breadcrumb":{"@id":"https:\/\/staging.lucky-hunter.com\/fr\/product\/dan-thompson-pc4-fox-call\/#breadcrumb"},"inLanguage":"fr-FR","potentialAction":[{"@type":"ReadAction","target":["https:\/\/staging.lucky-hunter.com\/fr\/product\/dan-thompson-pc4-fox-call\/"]}]},{"@type":"ImageObject","inLanguage":"fr-FR","@id":"https:\/\/staging.lucky-hunter.com\/fr\/product\/dan-thompson-pc4-fox-call\/#primaryimage","url":"https:\/\/staging.lucky-hunter.com\/wp-content\/uploads\/2016\/11\/LK-160-2.png","contentUrl":"https:\/\/staging.lucky-hunter.com\/wp-content\/uploads\/2016\/11\/LK-160-2.png","width":1000,"height":1000,"caption":"Image of the Dan Thompson PC4 Baby Jackrabbit Call"},{"@type":"BreadcrumbList","@id":"https:\/\/staging.lucky-hunter.com\/fr\/product\/dan-thompson-pc4-fox-call\/#breadcrumb","itemListElement":[{"@type":"ListItem","position":1,"name":"Home","item":"https:\/\/staging.lucky-hunter.com\/fr\/"},{"@type":"ListItem","position":2,"name":"Boutique","item":"https:\/\/staging.lucky-hunter.com\/fr\/shop\/"},{"@type":"ListItem","position":3,"name":"Appeau Dan Thompson PC4 Baby Jackrabbit"}]},{"@type":"WebSite","@id":"https:\/\/staging.lucky-hunter.com\/#website","url":"https:\/\/staging.lucky-hunter.com\/","name":"Lucky-Hunter","description":"Gear Up or Give Up","potentialAction":[{"@type":"SearchAction","target":{"@type":"EntryPoint","urlTemplate":"https:\/\/staging.lucky-hunter.com\/?s={search_term_string}"},"query-input":{"@type":"PropertyValueSpecification","valueRequired":true,"valueName":"search_term_string"}}],"inLanguage":"fr-FR"}]}},"_links":{"self":[{"href":"https:\/\/staging.lucky-hunter.com\/fr\/wp-json\/wp\/v2\/product\/32088"}],"collection":[{"href":"https:\/\/staging.lucky-hunter.com\/fr\/wp-json\/wp\/v2\/product"}],"about":[{"href":"https:\/\/staging.lucky-hunter.com\/fr\/wp-json\/wp\/v2\/types\/product"}],"wp:featuredmedia":[{"embeddable":true,"href":"https:\/\/staging.lucky-hunter.com\/fr\/wp-json\/wp\/v2\/media\/29908"}],"wp:attachment":[{"href":"https:\/\/staging.lucky-hunter.com\/fr\/wp-json\/wp\/v2\/media?parent=32088"}],"wp:term":[{"taxonomy":"product_brand","embeddable":true,"href":"https:\/\/staging.lucky-hunter.com\/fr\/wp-json\/wp\/v2\/product_brand?post=32088"},{"taxonomy":"product_cat","embeddable":true,"href":"https:\/\/staging.lucky-hunter.com\/fr\/wp-json\/wp\/v2\/product_cat?post=32088"},{"taxonomy":"product_tag","embeddable":true,"href":"https:\/\/staging.lucky-hunter.com\/fr\/wp-json\/wp\/v2\/product_tag?post=32088"}],"curies":[{"name":"wp","href":"https:\/\/api.w.org\/{rel}","templated":true}]}}