{"id":32087,"date":"2016-11-07T16:10:45","date_gmt":"2016-11-07T15:10:45","guid":{"rendered":"https:\/\/staging.lucky-hunter.com\/product\/dan-thompson-pc2-fox-call\/"},"modified":"2023-02-20T12:58:03","modified_gmt":"2023-02-20T11:58:03","slug":"dan-thompson-pc2-fox-call","status":"publish","type":"product","link":"https:\/\/staging.lucky-hunter.com\/fr\/product\/dan-thompson-pc2-fox-call\/","title":{"rendered":"Appeau pour pr\u00e9dateurs Dan Thompson PC2"},"content":{"rendered":"<div class=\"video video-fit mb\" style=\"padding-top:56.25%;\"><p><iframe title=\"Use of PC 2 fox call\" width=\"1020\" height=\"574\" src=\"https:\/\/www.youtube.com\/embed\/tpekH4VRdtM?wmode=transparent&amp;rel=0&amp;feature=oembed\" frameborder=\"0\" allow=\"accelerometer; autoplay; clipboard-write; encrypted-media; gyroscope; picture-in-picture\" allowfullscreen><\/iframe><\/p>\n<\/div>\n<h2>Appeau pour renard Dan Thompson PC2<\/h2>\n<p>Le Dan Thompson PC2 est l&#8217;appeau pour pr\u00e9dateurs polyvalent le plus populaire sur le march\u00e9. Il est utilis\u00e9 pour attirer les renards et les martres.<\/p>\n<p>Le PC2 peut \u00e9galement \u00eatre utilis\u00e9 pour la chasse aux corbeaux.<\/p>\n<p>Le PC2 est parfait pour la chasse au renard sur des terrains d\u00e9gag\u00e9s (champs et prairies c\u00f4ti\u00e8res) o\u00f9 vous pouvez attirer le renard \u00e0 longue distance\u00a0: jusqu&#8217;\u00e0 1000 m\u00e8tres.<\/p>\n<p>Placez-vous en plein champ, \u00e0 80-100 m\u00e8tres de la lisi\u00e8re de la for\u00eat ou des broussailles, et commencez \u00e0 siffler assez bas, avant d\u2019augmenter progressivement.<\/p>\n<p>Soufflez 3 s\u00e9quences courtes et aigu\u00ebs suivies d&#8217;une longue plainte pour imiter un li\u00e8vre bless\u00e9. Un animal bless\u00e9 crie, vous devez donc y mettre de l\u2019\u00e9nergie.<\/p>\n<p>Veillez \u00e0 varier le son afin qu&#8217;il ne devienne pas monotone.<\/p>\n<p>Veillez \u00e0 varier le son afin qu&#8217;il ne devienne pas monotone. Les appeaux Dan Thompson sont accord\u00e9s \u00e0 la main et fabriqu\u00e9s en bois de noyer am\u00e9ricain haut de gamme qui garantit un son parfait.<\/p>\n<p>\u00a0<\/p>\n","protected":false},"excerpt":{"rendered":"<p>L&#8217;appeau pour renards PC2 produit un son rauque\/r\u00e2lant \u00e9lev\u00e9 que le renard assimile \u00e0 une source possible de nourriture. Utilisez le PC2 lorsque vous souhaitez leurrer \u00e0 plus grande distance. Les appeaux Dan Thompson sont parmi les plus faciles \u00e0 utiliser correctement.<\/p>\n","protected":false},"featured_media":29358,"template":"","meta":[],"product_brand":[8211],"product_cat":[8234],"product_tag":[9445],"yoast_head":"<!-- This site is optimized with the Yoast SEO plugin v24.3 - https:\/\/yoast.com\/wordpress\/plugins\/seo\/ -->\n<title>Dan Thompson PC2 Predator appelle Lucky-Hunter.com<\/title>\n<meta name=\"description\" content=\"Fait \u00e0 la main, pr\u00e9cis, bien aim\u00e9. L&#039;appel Dan Thompson PC2 Fox est le compagnon id\u00e9al pour votre prochain voyage de chasse au renard. D&#039;une longueur de 10 cm, il tiendra dans votre poche.\" \/>\n<meta name=\"robots\" content=\"noindex, follow, max-snippet:-1, max-image-preview:large, max-video-preview:-1\" \/>\n<meta property=\"og:locale\" content=\"fr_FR\" \/>\n<meta property=\"og:type\" content=\"article\" \/>\n<meta property=\"og:title\" content=\"Appeau pour renard Dan Thompson PC2 Appels de jeu | Chasseur chanceux\" \/>\n<meta property=\"og:description\" content=\"Fait \u00e0 la main, pr\u00e9cis, bien aim\u00e9. L&#039;appel Dan Thompson PC2 Fox est le compagnon id\u00e9al pour votre prochain voyage de chasse au renard. D&#039;une longueur de 10 cm, il tiendra dans votre poche.\" \/>\n<meta property=\"og:url\" content=\"https:\/\/staging.lucky-hunter.com\/product\/dan-thompson-pc2-fox-call\/\" \/>\n<meta property=\"og:site_name\" content=\"Lucky-Hunter\" \/>\n<meta property=\"article:modified_time\" content=\"2023-02-20T11:58:03+00:00\" \/>\n<meta property=\"og:image\" content=\"https:\/\/staging.lucky-hunter.com\/wp-content\/uploads\/2016\/11\/PC2-2.png\" \/>\n\t<meta property=\"og:image:width\" content=\"1000\" \/>\n\t<meta property=\"og:image:height\" content=\"1000\" \/>\n\t<meta property=\"og:image:type\" content=\"image\/png\" \/>\n<meta name=\"twitter:card\" content=\"summary_large_image\" \/>\n<meta name=\"twitter:title\" content=\"Appeau pour renard Dan Thompson PC2 Appels de jeu | Chasseur chanceux\" \/>\n<meta name=\"twitter:description\" content=\"Fait \u00e0 la main, pr\u00e9cis, bien aim\u00e9. L&#039;appel Dan Thompson PC2 Fox est le compagnon id\u00e9al pour votre prochain voyage de chasse au renard. D&#039;une longueur de 10 cm, il tiendra dans votre poche.\" \/>\n<meta name=\"twitter:label1\" content=\"Dur\u00e9e de lecture estim\u00e9e\" \/>\n\t<meta name=\"twitter:data1\" content=\"1 minute\" \/>\n<script type=\"application\/ld+json\" class=\"yoast-schema-graph\">{\"@context\":\"https:\/\/schema.org\",\"@graph\":[{\"@type\":\"WebPage\",\"@id\":\"https:\/\/staging.lucky-hunter.com\/product\/dan-thompson-pc2-fox-call\/\",\"url\":\"https:\/\/staging.lucky-hunter.com\/product\/dan-thompson-pc2-fox-call\/\",\"name\":\"Dan Thompson PC2 Predator appelle Lucky-Hunter.com\",\"isPartOf\":{\"@id\":\"https:\/\/staging.lucky-hunter.com\/#website\"},\"primaryImageOfPage\":{\"@id\":\"https:\/\/staging.lucky-hunter.com\/product\/dan-thompson-pc2-fox-call\/#primaryimage\"},\"image\":{\"@id\":\"https:\/\/staging.lucky-hunter.com\/product\/dan-thompson-pc2-fox-call\/#primaryimage\"},\"thumbnailUrl\":\"https:\/\/staging.lucky-hunter.com\/wp-content\/uploads\/2016\/11\/PC2-2.png\",\"datePublished\":\"2016-11-07T15:10:45+00:00\",\"dateModified\":\"2023-02-20T11:58:03+00:00\",\"description\":\"Fait \u00e0 la main, pr\u00e9cis, bien aim\u00e9. L'appel Dan Thompson PC2 Fox est le compagnon id\u00e9al pour votre prochain voyage de chasse au renard. D'une longueur de 10 cm, il tiendra dans votre poche.\",\"breadcrumb\":{\"@id\":\"https:\/\/staging.lucky-hunter.com\/product\/dan-thompson-pc2-fox-call\/#breadcrumb\"},\"inLanguage\":\"fr-FR\",\"potentialAction\":[{\"@type\":\"ReadAction\",\"target\":[\"https:\/\/staging.lucky-hunter.com\/product\/dan-thompson-pc2-fox-call\/\"]}]},{\"@type\":\"ImageObject\",\"inLanguage\":\"fr-FR\",\"@id\":\"https:\/\/staging.lucky-hunter.com\/product\/dan-thompson-pc2-fox-call\/#primaryimage\",\"url\":\"https:\/\/staging.lucky-hunter.com\/wp-content\/uploads\/2016\/11\/PC2-2.png\",\"contentUrl\":\"https:\/\/staging.lucky-hunter.com\/wp-content\/uploads\/2016\/11\/PC2-2.png\",\"width\":1000,\"height\":1000,\"caption\":\"Dan Thompson PC2 Predator Call\"},{\"@type\":\"BreadcrumbList\",\"@id\":\"https:\/\/staging.lucky-hunter.com\/product\/dan-thompson-pc2-fox-call\/#breadcrumb\",\"itemListElement\":[{\"@type\":\"ListItem\",\"position\":1,\"name\":\"Home\",\"item\":\"https:\/\/staging.lucky-hunter.com\/fr\/\"},{\"@type\":\"ListItem\",\"position\":2,\"name\":\"Boutique\",\"item\":\"https:\/\/staging.lucky-hunter.com\/fr\/shop\/\"},{\"@type\":\"ListItem\",\"position\":3,\"name\":\"Appeau pour pr\u00e9dateurs Dan Thompson PC2\"}]},{\"@type\":\"WebSite\",\"@id\":\"https:\/\/staging.lucky-hunter.com\/#website\",\"url\":\"https:\/\/staging.lucky-hunter.com\/\",\"name\":\"Lucky-Hunter\",\"description\":\"Gear Up or Give Up\",\"potentialAction\":[{\"@type\":\"SearchAction\",\"target\":{\"@type\":\"EntryPoint\",\"urlTemplate\":\"https:\/\/staging.lucky-hunter.com\/?s={search_term_string}\"},\"query-input\":{\"@type\":\"PropertyValueSpecification\",\"valueRequired\":true,\"valueName\":\"search_term_string\"}}],\"inLanguage\":\"fr-FR\"}]}<\/script>\n<!-- \/ Yoast SEO plugin. -->","yoast_head_json":{"title":"Dan Thompson PC2 Predator appelle Lucky-Hunter.com","description":"Fait \u00e0 la main, pr\u00e9cis, bien aim\u00e9. L'appel Dan Thompson PC2 Fox est le compagnon id\u00e9al pour votre prochain voyage de chasse au renard. D'une longueur de 10 cm, il tiendra dans votre poche.","robots":{"index":"noindex","follow":"follow","max-snippet":"max-snippet:-1","max-image-preview":"max-image-preview:large","max-video-preview":"max-video-preview:-1"},"og_locale":"fr_FR","og_type":"article","og_title":"Appeau pour renard Dan Thompson PC2 Appels de jeu | Chasseur chanceux","og_description":"Fait \u00e0 la main, pr\u00e9cis, bien aim\u00e9. L'appel Dan Thompson PC2 Fox est le compagnon id\u00e9al pour votre prochain voyage de chasse au renard. D'une longueur de 10 cm, il tiendra dans votre poche.","og_url":"https:\/\/staging.lucky-hunter.com\/product\/dan-thompson-pc2-fox-call\/","og_site_name":"Lucky-Hunter","article_modified_time":"2023-02-20T11:58:03+00:00","og_image":[{"width":1000,"height":1000,"url":"https:\/\/staging.lucky-hunter.com\/wp-content\/uploads\/2016\/11\/PC2-2.png","type":"image\/png"}],"twitter_card":"summary_large_image","twitter_title":"Appeau pour renard Dan Thompson PC2 Appels de jeu | Chasseur chanceux","twitter_description":"Fait \u00e0 la main, pr\u00e9cis, bien aim\u00e9. L'appel Dan Thompson PC2 Fox est le compagnon id\u00e9al pour votre prochain voyage de chasse au renard. D'une longueur de 10 cm, il tiendra dans votre poche.","twitter_misc":{"Dur\u00e9e de lecture estim\u00e9e":"1 minute"},"schema":{"@context":"https:\/\/schema.org","@graph":[{"@type":"WebPage","@id":"https:\/\/staging.lucky-hunter.com\/product\/dan-thompson-pc2-fox-call\/","url":"https:\/\/staging.lucky-hunter.com\/product\/dan-thompson-pc2-fox-call\/","name":"Dan Thompson PC2 Predator appelle Lucky-Hunter.com","isPartOf":{"@id":"https:\/\/staging.lucky-hunter.com\/#website"},"primaryImageOfPage":{"@id":"https:\/\/staging.lucky-hunter.com\/product\/dan-thompson-pc2-fox-call\/#primaryimage"},"image":{"@id":"https:\/\/staging.lucky-hunter.com\/product\/dan-thompson-pc2-fox-call\/#primaryimage"},"thumbnailUrl":"https:\/\/staging.lucky-hunter.com\/wp-content\/uploads\/2016\/11\/PC2-2.png","datePublished":"2016-11-07T15:10:45+00:00","dateModified":"2023-02-20T11:58:03+00:00","description":"Fait \u00e0 la main, pr\u00e9cis, bien aim\u00e9. L'appel Dan Thompson PC2 Fox est le compagnon id\u00e9al pour votre prochain voyage de chasse au renard. D'une longueur de 10 cm, il tiendra dans votre poche.","breadcrumb":{"@id":"https:\/\/staging.lucky-hunter.com\/product\/dan-thompson-pc2-fox-call\/#breadcrumb"},"inLanguage":"fr-FR","potentialAction":[{"@type":"ReadAction","target":["https:\/\/staging.lucky-hunter.com\/product\/dan-thompson-pc2-fox-call\/"]}]},{"@type":"ImageObject","inLanguage":"fr-FR","@id":"https:\/\/staging.lucky-hunter.com\/product\/dan-thompson-pc2-fox-call\/#primaryimage","url":"https:\/\/staging.lucky-hunter.com\/wp-content\/uploads\/2016\/11\/PC2-2.png","contentUrl":"https:\/\/staging.lucky-hunter.com\/wp-content\/uploads\/2016\/11\/PC2-2.png","width":1000,"height":1000,"caption":"Dan Thompson PC2 Predator Call"},{"@type":"BreadcrumbList","@id":"https:\/\/staging.lucky-hunter.com\/product\/dan-thompson-pc2-fox-call\/#breadcrumb","itemListElement":[{"@type":"ListItem","position":1,"name":"Home","item":"https:\/\/staging.lucky-hunter.com\/fr\/"},{"@type":"ListItem","position":2,"name":"Boutique","item":"https:\/\/staging.lucky-hunter.com\/fr\/shop\/"},{"@type":"ListItem","position":3,"name":"Appeau pour pr\u00e9dateurs Dan Thompson PC2"}]},{"@type":"WebSite","@id":"https:\/\/staging.lucky-hunter.com\/#website","url":"https:\/\/staging.lucky-hunter.com\/","name":"Lucky-Hunter","description":"Gear Up or Give Up","potentialAction":[{"@type":"SearchAction","target":{"@type":"EntryPoint","urlTemplate":"https:\/\/staging.lucky-hunter.com\/?s={search_term_string}"},"query-input":{"@type":"PropertyValueSpecification","valueRequired":true,"valueName":"search_term_string"}}],"inLanguage":"fr-FR"}]}},"_links":{"self":[{"href":"https:\/\/staging.lucky-hunter.com\/fr\/wp-json\/wp\/v2\/product\/32087"}],"collection":[{"href":"https:\/\/staging.lucky-hunter.com\/fr\/wp-json\/wp\/v2\/product"}],"about":[{"href":"https:\/\/staging.lucky-hunter.com\/fr\/wp-json\/wp\/v2\/types\/product"}],"wp:featuredmedia":[{"embeddable":true,"href":"https:\/\/staging.lucky-hunter.com\/fr\/wp-json\/wp\/v2\/media\/29358"}],"wp:attachment":[{"href":"https:\/\/staging.lucky-hunter.com\/fr\/wp-json\/wp\/v2\/media?parent=32087"}],"wp:term":[{"taxonomy":"product_brand","embeddable":true,"href":"https:\/\/staging.lucky-hunter.com\/fr\/wp-json\/wp\/v2\/product_brand?post=32087"},{"taxonomy":"product_cat","embeddable":true,"href":"https:\/\/staging.lucky-hunter.com\/fr\/wp-json\/wp\/v2\/product_cat?post=32087"},{"taxonomy":"product_tag","embeddable":true,"href":"https:\/\/staging.lucky-hunter.com\/fr\/wp-json\/wp\/v2\/product_tag?post=32087"}],"curies":[{"name":"wp","href":"https:\/\/api.w.org\/{rel}","templated":true}]}}