{"id":31880,"date":"2016-11-07T16:18:46","date_gmt":"2016-11-07T15:18:46","guid":{"rendered":"https:\/\/staging.lucky-hunter.com\/product\/bolyguard-remote-control\/"},"modified":"2025-07-01T15:43:50","modified_gmt":"2025-07-01T13:43:50","slug":"telecommande-compatible-avec-bolyguard-sg550-sg582-sg880-et-bg584","status":"publish","type":"product","link":"https:\/\/staging.lucky-hunter.com\/fr\/product\/telecommande-compatible-avec-bolyguard-sg550-sg582-sg880-et-bg584\/","title":{"rendered":"T\u00e9l\u00e9commande Bolyguard"},"content":{"rendered":"<p>Vous avez perdu votre t\u00e9l\u00e9commande ou vous avez besoin d&#8217;une t\u00e9l\u00e9commande suppl\u00e9mentaire ?<\/p>\n<p>Pas de soucis : vous pouvez en acheter une nouvelle ici. La t\u00e9l\u00e9commande convient aux Bolyguard SG550, SG582, SG880 et BG584.<\/p>\n","protected":false},"excerpt":{"rendered":"<p>Vous avez perdu votre t\u00e9l\u00e9commande ou vous avez besoin d&#8217;une t\u00e9l\u00e9commande suppl\u00e9mentaire ? Pas de soucis : vous pouvez en acheter une nouvelle ici. La t\u00e9l\u00e9commande convient aux Bolyguard SG550, SG582, SG880 et BG584<\/p>\n","protected":false},"featured_media":28863,"template":"","meta":[],"product_brand":[9663],"product_cat":[8232],"product_tag":[],"yoast_head":"<!-- This site is optimized with the Yoast SEO plugin v24.3 - https:\/\/yoast.com\/wordpress\/plugins\/seo\/ -->\n<title>T\u00e9l\u00e9commande Compatible avec Bolyguard SG550, SG582, SG880 et BG584<\/title>\n<meta name=\"description\" content=\"Vous avez perdu votre t\u00e9l\u00e9commande ou vous avez besoin d&#039;une t\u00e9l\u00e9commande suppl\u00e9mentaire ?\" \/>\n<meta name=\"robots\" content=\"noindex, follow, max-snippet:-1, max-image-preview:large, max-video-preview:-1\" \/>\n<meta property=\"og:locale\" content=\"fr_FR\" \/>\n<meta property=\"og:type\" content=\"article\" \/>\n<meta property=\"og:title\" content=\"T\u00e9l\u00e9commande Compatible avec Bolyguard SG550, SG582, SG880 et BG584\" \/>\n<meta property=\"og:description\" content=\"Vous avez perdu votre t\u00e9l\u00e9commande ou vous avez besoin d&#039;une t\u00e9l\u00e9commande suppl\u00e9mentaire ?\" \/>\n<meta property=\"og:url\" content=\"https:\/\/staging.lucky-hunter.com\/product\/bolyguard-remote-control\/\" \/>\n<meta property=\"og:site_name\" content=\"Lucky-Hunter\" \/>\n<meta property=\"article:modified_time\" content=\"2025-07-01T13:43:50+00:00\" \/>\n<meta property=\"og:image\" content=\"https:\/\/staging.lucky-hunter.com\/wp-content\/uploads\/2017\/06\/JK-625.png\" \/>\n\t<meta property=\"og:image:width\" content=\"1000\" \/>\n\t<meta property=\"og:image:height\" content=\"1000\" \/>\n\t<meta property=\"og:image:type\" content=\"image\/png\" \/>\n<meta name=\"twitter:card\" content=\"summary_large_image\" \/>\n<meta name=\"twitter:label1\" content=\"Dur\u00e9e de lecture estim\u00e9e\" \/>\n\t<meta name=\"twitter:data1\" content=\"1 minute\" \/>\n<script type=\"application\/ld+json\" class=\"yoast-schema-graph\">{\"@context\":\"https:\/\/schema.org\",\"@graph\":[{\"@type\":\"WebPage\",\"@id\":\"https:\/\/staging.lucky-hunter.com\/product\/bolyguard-remote-control\/\",\"url\":\"https:\/\/staging.lucky-hunter.com\/product\/bolyguard-remote-control\/\",\"name\":\"T\u00e9l\u00e9commande Compatible avec Bolyguard SG550, SG582, SG880 et BG584\",\"isPartOf\":{\"@id\":\"https:\/\/staging.lucky-hunter.com\/#website\"},\"primaryImageOfPage\":{\"@id\":\"https:\/\/staging.lucky-hunter.com\/product\/bolyguard-remote-control\/#primaryimage\"},\"image\":{\"@id\":\"https:\/\/staging.lucky-hunter.com\/product\/bolyguard-remote-control\/#primaryimage\"},\"thumbnailUrl\":\"https:\/\/staging.lucky-hunter.com\/wp-content\/uploads\/2017\/06\/JK-625.png\",\"datePublished\":\"2016-11-07T15:18:46+00:00\",\"dateModified\":\"2025-07-01T13:43:50+00:00\",\"description\":\"Vous avez perdu votre t\u00e9l\u00e9commande ou vous avez besoin d'une t\u00e9l\u00e9commande suppl\u00e9mentaire ?\",\"breadcrumb\":{\"@id\":\"https:\/\/staging.lucky-hunter.com\/product\/bolyguard-remote-control\/#breadcrumb\"},\"inLanguage\":\"fr-FR\",\"potentialAction\":[{\"@type\":\"ReadAction\",\"target\":[\"https:\/\/staging.lucky-hunter.com\/product\/bolyguard-remote-control\/\"]}]},{\"@type\":\"ImageObject\",\"inLanguage\":\"fr-FR\",\"@id\":\"https:\/\/staging.lucky-hunter.com\/product\/bolyguard-remote-control\/#primaryimage\",\"url\":\"https:\/\/staging.lucky-hunter.com\/wp-content\/uploads\/2017\/06\/JK-625.png\",\"contentUrl\":\"https:\/\/staging.lucky-hunter.com\/wp-content\/uploads\/2017\/06\/JK-625.png\",\"width\":1000,\"height\":1000},{\"@type\":\"BreadcrumbList\",\"@id\":\"https:\/\/staging.lucky-hunter.com\/product\/bolyguard-remote-control\/#breadcrumb\",\"itemListElement\":[{\"@type\":\"ListItem\",\"position\":1,\"name\":\"Home\",\"item\":\"https:\/\/staging.lucky-hunter.com\/fr\/\"},{\"@type\":\"ListItem\",\"position\":2,\"name\":\"Boutique\",\"item\":\"https:\/\/staging.lucky-hunter.com\/fr\/shop\/\"},{\"@type\":\"ListItem\",\"position\":3,\"name\":\"T\u00e9l\u00e9commande Bolyguard\"}]},{\"@type\":\"WebSite\",\"@id\":\"https:\/\/staging.lucky-hunter.com\/#website\",\"url\":\"https:\/\/staging.lucky-hunter.com\/\",\"name\":\"Lucky-Hunter\",\"description\":\"Gear Up or Give Up\",\"potentialAction\":[{\"@type\":\"SearchAction\",\"target\":{\"@type\":\"EntryPoint\",\"urlTemplate\":\"https:\/\/staging.lucky-hunter.com\/?s={search_term_string}\"},\"query-input\":{\"@type\":\"PropertyValueSpecification\",\"valueRequired\":true,\"valueName\":\"search_term_string\"}}],\"inLanguage\":\"fr-FR\"}]}<\/script>\n<!-- \/ Yoast SEO plugin. -->","yoast_head_json":{"title":"T\u00e9l\u00e9commande Compatible avec Bolyguard SG550, SG582, SG880 et BG584","description":"Vous avez perdu votre t\u00e9l\u00e9commande ou vous avez besoin d'une t\u00e9l\u00e9commande suppl\u00e9mentaire ?","robots":{"index":"noindex","follow":"follow","max-snippet":"max-snippet:-1","max-image-preview":"max-image-preview:large","max-video-preview":"max-video-preview:-1"},"og_locale":"fr_FR","og_type":"article","og_title":"T\u00e9l\u00e9commande Compatible avec Bolyguard SG550, SG582, SG880 et BG584","og_description":"Vous avez perdu votre t\u00e9l\u00e9commande ou vous avez besoin d'une t\u00e9l\u00e9commande suppl\u00e9mentaire ?","og_url":"https:\/\/staging.lucky-hunter.com\/product\/bolyguard-remote-control\/","og_site_name":"Lucky-Hunter","article_modified_time":"2025-07-01T13:43:50+00:00","og_image":[{"width":1000,"height":1000,"url":"https:\/\/staging.lucky-hunter.com\/wp-content\/uploads\/2017\/06\/JK-625.png","type":"image\/png"}],"twitter_card":"summary_large_image","twitter_misc":{"Dur\u00e9e de lecture estim\u00e9e":"1 minute"},"schema":{"@context":"https:\/\/schema.org","@graph":[{"@type":"WebPage","@id":"https:\/\/staging.lucky-hunter.com\/product\/bolyguard-remote-control\/","url":"https:\/\/staging.lucky-hunter.com\/product\/bolyguard-remote-control\/","name":"T\u00e9l\u00e9commande Compatible avec Bolyguard SG550, SG582, SG880 et BG584","isPartOf":{"@id":"https:\/\/staging.lucky-hunter.com\/#website"},"primaryImageOfPage":{"@id":"https:\/\/staging.lucky-hunter.com\/product\/bolyguard-remote-control\/#primaryimage"},"image":{"@id":"https:\/\/staging.lucky-hunter.com\/product\/bolyguard-remote-control\/#primaryimage"},"thumbnailUrl":"https:\/\/staging.lucky-hunter.com\/wp-content\/uploads\/2017\/06\/JK-625.png","datePublished":"2016-11-07T15:18:46+00:00","dateModified":"2025-07-01T13:43:50+00:00","description":"Vous avez perdu votre t\u00e9l\u00e9commande ou vous avez besoin d'une t\u00e9l\u00e9commande suppl\u00e9mentaire ?","breadcrumb":{"@id":"https:\/\/staging.lucky-hunter.com\/product\/bolyguard-remote-control\/#breadcrumb"},"inLanguage":"fr-FR","potentialAction":[{"@type":"ReadAction","target":["https:\/\/staging.lucky-hunter.com\/product\/bolyguard-remote-control\/"]}]},{"@type":"ImageObject","inLanguage":"fr-FR","@id":"https:\/\/staging.lucky-hunter.com\/product\/bolyguard-remote-control\/#primaryimage","url":"https:\/\/staging.lucky-hunter.com\/wp-content\/uploads\/2017\/06\/JK-625.png","contentUrl":"https:\/\/staging.lucky-hunter.com\/wp-content\/uploads\/2017\/06\/JK-625.png","width":1000,"height":1000},{"@type":"BreadcrumbList","@id":"https:\/\/staging.lucky-hunter.com\/product\/bolyguard-remote-control\/#breadcrumb","itemListElement":[{"@type":"ListItem","position":1,"name":"Home","item":"https:\/\/staging.lucky-hunter.com\/fr\/"},{"@type":"ListItem","position":2,"name":"Boutique","item":"https:\/\/staging.lucky-hunter.com\/fr\/shop\/"},{"@type":"ListItem","position":3,"name":"T\u00e9l\u00e9commande Bolyguard"}]},{"@type":"WebSite","@id":"https:\/\/staging.lucky-hunter.com\/#website","url":"https:\/\/staging.lucky-hunter.com\/","name":"Lucky-Hunter","description":"Gear Up or Give Up","potentialAction":[{"@type":"SearchAction","target":{"@type":"EntryPoint","urlTemplate":"https:\/\/staging.lucky-hunter.com\/?s={search_term_string}"},"query-input":{"@type":"PropertyValueSpecification","valueRequired":true,"valueName":"search_term_string"}}],"inLanguage":"fr-FR"}]}},"_links":{"self":[{"href":"https:\/\/staging.lucky-hunter.com\/fr\/wp-json\/wp\/v2\/product\/31880"}],"collection":[{"href":"https:\/\/staging.lucky-hunter.com\/fr\/wp-json\/wp\/v2\/product"}],"about":[{"href":"https:\/\/staging.lucky-hunter.com\/fr\/wp-json\/wp\/v2\/types\/product"}],"wp:featuredmedia":[{"embeddable":true,"href":"https:\/\/staging.lucky-hunter.com\/fr\/wp-json\/wp\/v2\/media\/28863"}],"wp:attachment":[{"href":"https:\/\/staging.lucky-hunter.com\/fr\/wp-json\/wp\/v2\/media?parent=31880"}],"wp:term":[{"taxonomy":"product_brand","embeddable":true,"href":"https:\/\/staging.lucky-hunter.com\/fr\/wp-json\/wp\/v2\/product_brand?post=31880"},{"taxonomy":"product_cat","embeddable":true,"href":"https:\/\/staging.lucky-hunter.com\/fr\/wp-json\/wp\/v2\/product_cat?post=31880"},{"taxonomy":"product_tag","embeddable":true,"href":"https:\/\/staging.lucky-hunter.com\/fr\/wp-json\/wp\/v2\/product_tag?post=31880"}],"curies":[{"name":"wp","href":"https:\/\/api.w.org\/{rel}","templated":true}]}}