{"id":31872,"date":"2016-11-07T16:11:06","date_gmt":"2016-11-07T15:11:06","guid":{"rendered":"https:\/\/staging.lucky-hunter.com\/product\/spypoint-steel-box-38-led\/"},"modified":"2023-02-02T00:48:53","modified_gmt":"2023-02-01T23:48:53","slug":"spypoint-steel-box-38-led","status":"publish","type":"product","link":"https:\/\/staging.lucky-hunter.com\/fr\/product\/spypoint-steel-box-38-led\/","title":{"rendered":"Bo\u00eetier en acier Spypoint &#8211; 38 LED"},"content":{"rendered":"<p>Bo\u00eetier en acier pour s\u00e9curiser la cam\u00e9ra contre le vol. Prot\u00e8ge \u00e9galement contre la casse caus\u00e9e par les ours ou d&#8217;autres animaux. Convient aux cam\u00e9ras SPYPOINT 62 LED (s\u00e9ries MINI et HAWK).<\/p>\n<ul>\n<li>Compatible avec les cam\u00e9ras SPYPOINT 38 LED (TINY)<\/li>\n<li>Panneau frontal amovible pour une utilisation facile<\/li>\n<li>Trous \u00e0 l&#8217;arri\u00e8re pour ins\u00e9rer le c\u00e2ble antivol (CL-6FT)<\/li>\n<li>Trous \u00e0 l&#8217;arri\u00e8re pour visser le bo\u00eetier, pour une meilleure s\u00e9curit\u00e9<\/li>\n<li>Trou \u00e0 l&#8217;avant pour installer la serrure<\/li>\n<li>Ce bo\u00eetier peut affecter les fonctionnalit\u00e9s sans fil des produits compatibles avec la technologie REMOS.<\/li>\n<li>Mod\u00e8le SB-T.<\/li>\n<\/ul>\n","protected":false},"excerpt":{"rendered":"<p>Bo\u00eetier en acier pour s\u00e9curiser la cam\u00e9ra contre le vol. Prot\u00e8ge \u00e9galement contre la casse caus\u00e9e par les ours ou d&#8217;autres animaux. Convient aux cam\u00e9ras SPYPOINT 62 LED (s\u00e9ries MINI et HAWK).<\/p>\n","protected":false},"featured_media":28481,"template":"","meta":[],"product_brand":[8209],"product_cat":[8232],"product_tag":[],"yoast_head":"<!-- This site is optimized with the Yoast SEO plugin v24.3 - https:\/\/yoast.com\/wordpress\/plugins\/seo\/ -->\n<title>Bo\u00eetier en acier Spypoint - 38 LED Le mod\u00e8le SB-T convient \u00e0 Spypoint TINY<\/title>\n<meta name=\"description\" content=\"Bo\u00eetier en acier pour s\u00e9curiser la cam\u00e9ra contre le vol. Prot\u00e8ge \u00e9galement contre la casse caus\u00e9e par les ours ou d&#039;autres animaux. Convient aux cam\u00e9ras SPYPOINT 62 LED (s\u00e9ries MINI et HAWK).\" \/>\n<meta name=\"robots\" content=\"noindex, follow, max-snippet:-1, max-image-preview:large, max-video-preview:-1\" \/>\n<meta property=\"og:locale\" content=\"fr_FR\" \/>\n<meta property=\"og:type\" content=\"article\" \/>\n<meta property=\"og:title\" content=\"Bo\u00eetier en acier Spypoint - 38 LED Le mod\u00e8le SB-T convient \u00e0 Spypoint TINY\" \/>\n<meta property=\"og:description\" content=\"Bo\u00eetier en acier pour s\u00e9curiser la cam\u00e9ra contre le vol. Prot\u00e8ge \u00e9galement contre la casse caus\u00e9e par les ours ou d&#039;autres animaux. Convient aux cam\u00e9ras SPYPOINT 62 LED (s\u00e9ries MINI et HAWK).\" \/>\n<meta property=\"og:url\" content=\"https:\/\/staging.lucky-hunter.com\/product\/spypoint-steel-box-38-led\/\" \/>\n<meta property=\"og:site_name\" content=\"Lucky-Hunter\" \/>\n<meta property=\"article:modified_time\" content=\"2023-02-01T23:48:53+00:00\" \/>\n<meta property=\"og:image\" content=\"https:\/\/staging.lucky-hunter.com\/wp-content\/uploads\/2016\/11\/680103.png\" \/>\n\t<meta property=\"og:image:width\" content=\"1000\" \/>\n\t<meta property=\"og:image:height\" content=\"1000\" \/>\n\t<meta property=\"og:image:type\" content=\"image\/png\" \/>\n<meta name=\"twitter:card\" content=\"summary_large_image\" \/>\n<meta name=\"twitter:label1\" content=\"Dur\u00e9e de lecture estim\u00e9e\" \/>\n\t<meta name=\"twitter:data1\" content=\"1 minute\" \/>\n<script type=\"application\/ld+json\" class=\"yoast-schema-graph\">{\"@context\":\"https:\/\/schema.org\",\"@graph\":[{\"@type\":\"WebPage\",\"@id\":\"https:\/\/staging.lucky-hunter.com\/product\/spypoint-steel-box-38-led\/\",\"url\":\"https:\/\/staging.lucky-hunter.com\/product\/spypoint-steel-box-38-led\/\",\"name\":\"Bo\u00eetier en acier Spypoint - 38 LED Le mod\u00e8le SB-T convient \u00e0 Spypoint TINY\",\"isPartOf\":{\"@id\":\"https:\/\/staging.lucky-hunter.com\/#website\"},\"primaryImageOfPage\":{\"@id\":\"https:\/\/staging.lucky-hunter.com\/product\/spypoint-steel-box-38-led\/#primaryimage\"},\"image\":{\"@id\":\"https:\/\/staging.lucky-hunter.com\/product\/spypoint-steel-box-38-led\/#primaryimage\"},\"thumbnailUrl\":\"https:\/\/staging.lucky-hunter.com\/wp-content\/uploads\/2016\/11\/680103.png\",\"datePublished\":\"2016-11-07T15:11:06+00:00\",\"dateModified\":\"2023-02-01T23:48:53+00:00\",\"description\":\"Bo\u00eetier en acier pour s\u00e9curiser la cam\u00e9ra contre le vol. Prot\u00e8ge \u00e9galement contre la casse caus\u00e9e par les ours ou d'autres animaux. Convient aux cam\u00e9ras SPYPOINT 62 LED (s\u00e9ries MINI et HAWK).\",\"breadcrumb\":{\"@id\":\"https:\/\/staging.lucky-hunter.com\/product\/spypoint-steel-box-38-led\/#breadcrumb\"},\"inLanguage\":\"fr-FR\",\"potentialAction\":[{\"@type\":\"ReadAction\",\"target\":[\"https:\/\/staging.lucky-hunter.com\/product\/spypoint-steel-box-38-led\/\"]}]},{\"@type\":\"ImageObject\",\"inLanguage\":\"fr-FR\",\"@id\":\"https:\/\/staging.lucky-hunter.com\/product\/spypoint-steel-box-38-led\/#primaryimage\",\"url\":\"https:\/\/staging.lucky-hunter.com\/wp-content\/uploads\/2016\/11\/680103.png\",\"contentUrl\":\"https:\/\/staging.lucky-hunter.com\/wp-content\/uploads\/2016\/11\/680103.png\",\"width\":1000,\"height\":1000},{\"@type\":\"BreadcrumbList\",\"@id\":\"https:\/\/staging.lucky-hunter.com\/product\/spypoint-steel-box-38-led\/#breadcrumb\",\"itemListElement\":[{\"@type\":\"ListItem\",\"position\":1,\"name\":\"Home\",\"item\":\"https:\/\/staging.lucky-hunter.com\/fr\/\"},{\"@type\":\"ListItem\",\"position\":2,\"name\":\"Boutique\",\"item\":\"https:\/\/staging.lucky-hunter.com\/fr\/shop\/\"},{\"@type\":\"ListItem\",\"position\":3,\"name\":\"Bo\u00eetier en acier Spypoint &#8211; 38 LED\"}]},{\"@type\":\"WebSite\",\"@id\":\"https:\/\/staging.lucky-hunter.com\/#website\",\"url\":\"https:\/\/staging.lucky-hunter.com\/\",\"name\":\"Lucky-Hunter\",\"description\":\"Gear Up or Give Up\",\"potentialAction\":[{\"@type\":\"SearchAction\",\"target\":{\"@type\":\"EntryPoint\",\"urlTemplate\":\"https:\/\/staging.lucky-hunter.com\/?s={search_term_string}\"},\"query-input\":{\"@type\":\"PropertyValueSpecification\",\"valueRequired\":true,\"valueName\":\"search_term_string\"}}],\"inLanguage\":\"fr-FR\"}]}<\/script>\n<!-- \/ Yoast SEO plugin. -->","yoast_head_json":{"title":"Bo\u00eetier en acier Spypoint - 38 LED Le mod\u00e8le SB-T convient \u00e0 Spypoint TINY","description":"Bo\u00eetier en acier pour s\u00e9curiser la cam\u00e9ra contre le vol. Prot\u00e8ge \u00e9galement contre la casse caus\u00e9e par les ours ou d'autres animaux. Convient aux cam\u00e9ras SPYPOINT 62 LED (s\u00e9ries MINI et HAWK).","robots":{"index":"noindex","follow":"follow","max-snippet":"max-snippet:-1","max-image-preview":"max-image-preview:large","max-video-preview":"max-video-preview:-1"},"og_locale":"fr_FR","og_type":"article","og_title":"Bo\u00eetier en acier Spypoint - 38 LED Le mod\u00e8le SB-T convient \u00e0 Spypoint TINY","og_description":"Bo\u00eetier en acier pour s\u00e9curiser la cam\u00e9ra contre le vol. Prot\u00e8ge \u00e9galement contre la casse caus\u00e9e par les ours ou d'autres animaux. Convient aux cam\u00e9ras SPYPOINT 62 LED (s\u00e9ries MINI et HAWK).","og_url":"https:\/\/staging.lucky-hunter.com\/product\/spypoint-steel-box-38-led\/","og_site_name":"Lucky-Hunter","article_modified_time":"2023-02-01T23:48:53+00:00","og_image":[{"width":1000,"height":1000,"url":"https:\/\/staging.lucky-hunter.com\/wp-content\/uploads\/2016\/11\/680103.png","type":"image\/png"}],"twitter_card":"summary_large_image","twitter_misc":{"Dur\u00e9e de lecture estim\u00e9e":"1 minute"},"schema":{"@context":"https:\/\/schema.org","@graph":[{"@type":"WebPage","@id":"https:\/\/staging.lucky-hunter.com\/product\/spypoint-steel-box-38-led\/","url":"https:\/\/staging.lucky-hunter.com\/product\/spypoint-steel-box-38-led\/","name":"Bo\u00eetier en acier Spypoint - 38 LED Le mod\u00e8le SB-T convient \u00e0 Spypoint TINY","isPartOf":{"@id":"https:\/\/staging.lucky-hunter.com\/#website"},"primaryImageOfPage":{"@id":"https:\/\/staging.lucky-hunter.com\/product\/spypoint-steel-box-38-led\/#primaryimage"},"image":{"@id":"https:\/\/staging.lucky-hunter.com\/product\/spypoint-steel-box-38-led\/#primaryimage"},"thumbnailUrl":"https:\/\/staging.lucky-hunter.com\/wp-content\/uploads\/2016\/11\/680103.png","datePublished":"2016-11-07T15:11:06+00:00","dateModified":"2023-02-01T23:48:53+00:00","description":"Bo\u00eetier en acier pour s\u00e9curiser la cam\u00e9ra contre le vol. Prot\u00e8ge \u00e9galement contre la casse caus\u00e9e par les ours ou d'autres animaux. Convient aux cam\u00e9ras SPYPOINT 62 LED (s\u00e9ries MINI et HAWK).","breadcrumb":{"@id":"https:\/\/staging.lucky-hunter.com\/product\/spypoint-steel-box-38-led\/#breadcrumb"},"inLanguage":"fr-FR","potentialAction":[{"@type":"ReadAction","target":["https:\/\/staging.lucky-hunter.com\/product\/spypoint-steel-box-38-led\/"]}]},{"@type":"ImageObject","inLanguage":"fr-FR","@id":"https:\/\/staging.lucky-hunter.com\/product\/spypoint-steel-box-38-led\/#primaryimage","url":"https:\/\/staging.lucky-hunter.com\/wp-content\/uploads\/2016\/11\/680103.png","contentUrl":"https:\/\/staging.lucky-hunter.com\/wp-content\/uploads\/2016\/11\/680103.png","width":1000,"height":1000},{"@type":"BreadcrumbList","@id":"https:\/\/staging.lucky-hunter.com\/product\/spypoint-steel-box-38-led\/#breadcrumb","itemListElement":[{"@type":"ListItem","position":1,"name":"Home","item":"https:\/\/staging.lucky-hunter.com\/fr\/"},{"@type":"ListItem","position":2,"name":"Boutique","item":"https:\/\/staging.lucky-hunter.com\/fr\/shop\/"},{"@type":"ListItem","position":3,"name":"Bo\u00eetier en acier Spypoint &#8211; 38 LED"}]},{"@type":"WebSite","@id":"https:\/\/staging.lucky-hunter.com\/#website","url":"https:\/\/staging.lucky-hunter.com\/","name":"Lucky-Hunter","description":"Gear Up or Give Up","potentialAction":[{"@type":"SearchAction","target":{"@type":"EntryPoint","urlTemplate":"https:\/\/staging.lucky-hunter.com\/?s={search_term_string}"},"query-input":{"@type":"PropertyValueSpecification","valueRequired":true,"valueName":"search_term_string"}}],"inLanguage":"fr-FR"}]}},"_links":{"self":[{"href":"https:\/\/staging.lucky-hunter.com\/fr\/wp-json\/wp\/v2\/product\/31872"}],"collection":[{"href":"https:\/\/staging.lucky-hunter.com\/fr\/wp-json\/wp\/v2\/product"}],"about":[{"href":"https:\/\/staging.lucky-hunter.com\/fr\/wp-json\/wp\/v2\/types\/product"}],"wp:featuredmedia":[{"embeddable":true,"href":"https:\/\/staging.lucky-hunter.com\/fr\/wp-json\/wp\/v2\/media\/28481"}],"wp:attachment":[{"href":"https:\/\/staging.lucky-hunter.com\/fr\/wp-json\/wp\/v2\/media?parent=31872"}],"wp:term":[{"taxonomy":"product_brand","embeddable":true,"href":"https:\/\/staging.lucky-hunter.com\/fr\/wp-json\/wp\/v2\/product_brand?post=31872"},{"taxonomy":"product_cat","embeddable":true,"href":"https:\/\/staging.lucky-hunter.com\/fr\/wp-json\/wp\/v2\/product_cat?post=31872"},{"taxonomy":"product_tag","embeddable":true,"href":"https:\/\/staging.lucky-hunter.com\/fr\/wp-json\/wp\/v2\/product_tag?post=31872"}],"curies":[{"name":"wp","href":"https:\/\/api.w.org\/{rel}","templated":true}]}}