{"id":31862,"date":"2016-11-07T16:10:17","date_gmt":"2016-11-07T15:10:17","guid":{"rendered":"https:\/\/staging.lucky-hunter.com\/product\/bolyguard-6-volt-power-supply\/"},"modified":"2025-07-08T13:17:16","modified_gmt":"2025-07-08T11:17:16","slug":"alimentation-6-volts-pour-camera-animaliere-bolyguard","status":"publish","type":"product","link":"https:\/\/staging.lucky-hunter.com\/fr\/product\/alimentation-6-volts-pour-camera-animaliere-bolyguard\/","title":{"rendered":"Alimentation 6 volts pour cam\u00e9ra animali\u00e8re &#8211; Bolyguard"},"content":{"rendered":"<h2><strong>Alimentation Bolyguard &#8211; 6 Volts<\/strong><\/h2>\n<p>Si votre cam\u00e9ra Bolyguard est mont\u00e9e avec la possibilit\u00e9 de se connecter \u00e0 une alimentation \u00e9lectrique, vous pouvez utiliser ce convertisseur pour lui assurer une alimentation constante. Utile si vous utilisez votre cam\u00e9ra pour surveiller une propri\u00e9t\u00e9 o\u00f9 vous ne passez que peu de temps mais o\u00f9 vous savez qu&#8217;il y a une alimentation \u00e9lectrique stable.<\/p>\n<p>Et parce que vous n\u2019avez pas besoin de changer les piles, vous pouvez laisser l\u2019appareil seul plus longtemps : pratique.<\/p>\n<p>Un autre avantage d&#8217;avoir votre cam\u00e9ra branch\u00e9e sur une alimentation \u00e9lectrique stable est l\u2019\u00e9conomie d&#8217;argent : pas besoin d\u2019acheter des piles pour alimenter l&#8217;appareil. Vous n&#8217;aurez pas besoin de d\u00e9penser des piles pour alimenter l&#8217;appareil.<\/p>\n<p>Un autre avantage est que vous \u00e9conomisez de l&#8217;argent.<\/p>\n<p>Cette alimentation convient uniquement aux cam\u00e9ras de trail Bolyguard SG520, SG880, SG562, MG982 et MG983.<\/p>\n","protected":false},"excerpt":{"rendered":"<p>Si votre cam\u00e9ra Bolyguard est mont\u00e9e avec la possibilit\u00e9 de se connecter \u00e0 une alimentation \u00e9lectrique, vous pouvez utiliser ce convertisseur pour lui assurer une alimentation constante.<\/p>\n","protected":false},"featured_media":28390,"template":"","meta":[],"product_brand":[8207],"product_cat":[8232],"product_tag":[],"yoast_head":"<!-- This site is optimized with the Yoast SEO plugin v24.3 - https:\/\/yoast.com\/wordpress\/plugins\/seo\/ -->\n<title>Alimentation 6 volts pour cam\u00e9ra animali\u00e8re - Bolyguard<\/title>\n<meta name=\"description\" content=\"\u00c9conomisez de l&#039;argent avec une alimentation directe. Avec l&#039;alimentation Bolyguard et un appareil photo compatible, vous pouvez laisser les piles derri\u00e8re vous et vous brancher directement sur le secteur.\" \/>\n<meta name=\"robots\" content=\"noindex, follow, max-snippet:-1, max-image-preview:large, max-video-preview:-1\" \/>\n<meta property=\"og:locale\" content=\"fr_FR\" \/>\n<meta property=\"og:type\" content=\"article\" \/>\n<meta property=\"og:title\" content=\"Alimentation Bolyguard - 6 Volts 6 volts pour cam\u00e9ras de trail\/jeu | Chasseur chanceux\" \/>\n<meta property=\"og:description\" content=\"\u00c9conomisez de l&#039;argent avec une alimentation directe. Avec l&#039;alimentation Bolyguard et un appareil photo compatible, vous pouvez laisser les piles derri\u00e8re vous et vous brancher directement sur le secteur.\" \/>\n<meta property=\"og:url\" content=\"https:\/\/staging.lucky-hunter.com\/product\/power-supply-6-volt-for-bolyguard-game-cameras\/\" \/>\n<meta property=\"og:site_name\" content=\"Lucky-Hunter\" \/>\n<meta property=\"article:modified_time\" content=\"2025-07-08T11:17:16+00:00\" \/>\n<meta property=\"og:image\" content=\"https:\/\/staging.lucky-hunter.com\/wp-content\/uploads\/2016\/11\/JK-630.png\" \/>\n\t<meta property=\"og:image:width\" content=\"1000\" \/>\n\t<meta property=\"og:image:height\" content=\"1000\" \/>\n\t<meta property=\"og:image:type\" content=\"image\/png\" \/>\n<meta name=\"twitter:card\" content=\"summary_large_image\" \/>\n<meta name=\"twitter:title\" content=\"Alimentation Bolyguard - 6 Volts 6 volts pour cam\u00e9ras de trail\/jeu | Chasseur chanceux\" \/>\n<meta name=\"twitter:description\" content=\"\u00c9conomisez de l&#039;argent avec une alimentation directe. Avec l&#039;alimentation Bolyguard et un appareil photo compatible, vous pouvez laisser les piles derri\u00e8re vous et vous brancher directement sur le secteur.\" \/>\n<meta name=\"twitter:label1\" content=\"Dur\u00e9e de lecture estim\u00e9e\" \/>\n\t<meta name=\"twitter:data1\" content=\"1 minute\" \/>\n<script type=\"application\/ld+json\" class=\"yoast-schema-graph\">{\"@context\":\"https:\/\/schema.org\",\"@graph\":[{\"@type\":\"WebPage\",\"@id\":\"https:\/\/staging.lucky-hunter.com\/product\/power-supply-6-volt-for-bolyguard-game-cameras\/\",\"url\":\"https:\/\/staging.lucky-hunter.com\/product\/power-supply-6-volt-for-bolyguard-game-cameras\/\",\"name\":\"Alimentation 6 volts pour cam\u00e9ra animali\u00e8re - Bolyguard\",\"isPartOf\":{\"@id\":\"https:\/\/staging.lucky-hunter.com\/#website\"},\"primaryImageOfPage\":{\"@id\":\"https:\/\/staging.lucky-hunter.com\/product\/power-supply-6-volt-for-bolyguard-game-cameras\/#primaryimage\"},\"image\":{\"@id\":\"https:\/\/staging.lucky-hunter.com\/product\/power-supply-6-volt-for-bolyguard-game-cameras\/#primaryimage\"},\"thumbnailUrl\":\"https:\/\/staging.lucky-hunter.com\/wp-content\/uploads\/2016\/11\/JK-630.png\",\"datePublished\":\"2016-11-07T15:10:17+00:00\",\"dateModified\":\"2025-07-08T11:17:16+00:00\",\"description\":\"\u00c9conomisez de l'argent avec une alimentation directe. Avec l'alimentation Bolyguard et un appareil photo compatible, vous pouvez laisser les piles derri\u00e8re vous et vous brancher directement sur le secteur.\",\"breadcrumb\":{\"@id\":\"https:\/\/staging.lucky-hunter.com\/product\/power-supply-6-volt-for-bolyguard-game-cameras\/#breadcrumb\"},\"inLanguage\":\"fr-FR\",\"potentialAction\":[{\"@type\":\"ReadAction\",\"target\":[\"https:\/\/staging.lucky-hunter.com\/product\/power-supply-6-volt-for-bolyguard-game-cameras\/\"]}]},{\"@type\":\"ImageObject\",\"inLanguage\":\"fr-FR\",\"@id\":\"https:\/\/staging.lucky-hunter.com\/product\/power-supply-6-volt-for-bolyguard-game-cameras\/#primaryimage\",\"url\":\"https:\/\/staging.lucky-hunter.com\/wp-content\/uploads\/2016\/11\/JK-630.png\",\"contentUrl\":\"https:\/\/staging.lucky-hunter.com\/wp-content\/uploads\/2016\/11\/JK-630.png\",\"width\":1000,\"height\":1000},{\"@type\":\"BreadcrumbList\",\"@id\":\"https:\/\/staging.lucky-hunter.com\/product\/power-supply-6-volt-for-bolyguard-game-cameras\/#breadcrumb\",\"itemListElement\":[{\"@type\":\"ListItem\",\"position\":1,\"name\":\"Home\",\"item\":\"https:\/\/staging.lucky-hunter.com\/fr\/\"},{\"@type\":\"ListItem\",\"position\":2,\"name\":\"Boutique\",\"item\":\"https:\/\/staging.lucky-hunter.com\/fr\/shop\/\"},{\"@type\":\"ListItem\",\"position\":3,\"name\":\"Alimentation 6 volts pour cam\u00e9ra animali\u00e8re &#8211; Bolyguard\"}]},{\"@type\":\"WebSite\",\"@id\":\"https:\/\/staging.lucky-hunter.com\/#website\",\"url\":\"https:\/\/staging.lucky-hunter.com\/\",\"name\":\"Lucky-Hunter\",\"description\":\"Gear Up or Give Up\",\"potentialAction\":[{\"@type\":\"SearchAction\",\"target\":{\"@type\":\"EntryPoint\",\"urlTemplate\":\"https:\/\/staging.lucky-hunter.com\/?s={search_term_string}\"},\"query-input\":{\"@type\":\"PropertyValueSpecification\",\"valueRequired\":true,\"valueName\":\"search_term_string\"}}],\"inLanguage\":\"fr-FR\"}]}<\/script>\n<!-- \/ Yoast SEO plugin. -->","yoast_head_json":{"title":"Alimentation 6 volts pour cam\u00e9ra animali\u00e8re - Bolyguard","description":"\u00c9conomisez de l'argent avec une alimentation directe. Avec l'alimentation Bolyguard et un appareil photo compatible, vous pouvez laisser les piles derri\u00e8re vous et vous brancher directement sur le secteur.","robots":{"index":"noindex","follow":"follow","max-snippet":"max-snippet:-1","max-image-preview":"max-image-preview:large","max-video-preview":"max-video-preview:-1"},"og_locale":"fr_FR","og_type":"article","og_title":"Alimentation Bolyguard - 6 Volts 6 volts pour cam\u00e9ras de trail\/jeu | Chasseur chanceux","og_description":"\u00c9conomisez de l'argent avec une alimentation directe. Avec l'alimentation Bolyguard et un appareil photo compatible, vous pouvez laisser les piles derri\u00e8re vous et vous brancher directement sur le secteur.","og_url":"https:\/\/staging.lucky-hunter.com\/product\/power-supply-6-volt-for-bolyguard-game-cameras\/","og_site_name":"Lucky-Hunter","article_modified_time":"2025-07-08T11:17:16+00:00","og_image":[{"width":1000,"height":1000,"url":"https:\/\/staging.lucky-hunter.com\/wp-content\/uploads\/2016\/11\/JK-630.png","type":"image\/png"}],"twitter_card":"summary_large_image","twitter_title":"Alimentation Bolyguard - 6 Volts 6 volts pour cam\u00e9ras de trail\/jeu | Chasseur chanceux","twitter_description":"\u00c9conomisez de l'argent avec une alimentation directe. Avec l'alimentation Bolyguard et un appareil photo compatible, vous pouvez laisser les piles derri\u00e8re vous et vous brancher directement sur le secteur.","twitter_misc":{"Dur\u00e9e de lecture estim\u00e9e":"1 minute"},"schema":{"@context":"https:\/\/schema.org","@graph":[{"@type":"WebPage","@id":"https:\/\/staging.lucky-hunter.com\/product\/power-supply-6-volt-for-bolyguard-game-cameras\/","url":"https:\/\/staging.lucky-hunter.com\/product\/power-supply-6-volt-for-bolyguard-game-cameras\/","name":"Alimentation 6 volts pour cam\u00e9ra animali\u00e8re - Bolyguard","isPartOf":{"@id":"https:\/\/staging.lucky-hunter.com\/#website"},"primaryImageOfPage":{"@id":"https:\/\/staging.lucky-hunter.com\/product\/power-supply-6-volt-for-bolyguard-game-cameras\/#primaryimage"},"image":{"@id":"https:\/\/staging.lucky-hunter.com\/product\/power-supply-6-volt-for-bolyguard-game-cameras\/#primaryimage"},"thumbnailUrl":"https:\/\/staging.lucky-hunter.com\/wp-content\/uploads\/2016\/11\/JK-630.png","datePublished":"2016-11-07T15:10:17+00:00","dateModified":"2025-07-08T11:17:16+00:00","description":"\u00c9conomisez de l'argent avec une alimentation directe. Avec l'alimentation Bolyguard et un appareil photo compatible, vous pouvez laisser les piles derri\u00e8re vous et vous brancher directement sur le secteur.","breadcrumb":{"@id":"https:\/\/staging.lucky-hunter.com\/product\/power-supply-6-volt-for-bolyguard-game-cameras\/#breadcrumb"},"inLanguage":"fr-FR","potentialAction":[{"@type":"ReadAction","target":["https:\/\/staging.lucky-hunter.com\/product\/power-supply-6-volt-for-bolyguard-game-cameras\/"]}]},{"@type":"ImageObject","inLanguage":"fr-FR","@id":"https:\/\/staging.lucky-hunter.com\/product\/power-supply-6-volt-for-bolyguard-game-cameras\/#primaryimage","url":"https:\/\/staging.lucky-hunter.com\/wp-content\/uploads\/2016\/11\/JK-630.png","contentUrl":"https:\/\/staging.lucky-hunter.com\/wp-content\/uploads\/2016\/11\/JK-630.png","width":1000,"height":1000},{"@type":"BreadcrumbList","@id":"https:\/\/staging.lucky-hunter.com\/product\/power-supply-6-volt-for-bolyguard-game-cameras\/#breadcrumb","itemListElement":[{"@type":"ListItem","position":1,"name":"Home","item":"https:\/\/staging.lucky-hunter.com\/fr\/"},{"@type":"ListItem","position":2,"name":"Boutique","item":"https:\/\/staging.lucky-hunter.com\/fr\/shop\/"},{"@type":"ListItem","position":3,"name":"Alimentation 6 volts pour cam\u00e9ra animali\u00e8re &#8211; Bolyguard"}]},{"@type":"WebSite","@id":"https:\/\/staging.lucky-hunter.com\/#website","url":"https:\/\/staging.lucky-hunter.com\/","name":"Lucky-Hunter","description":"Gear Up or Give Up","potentialAction":[{"@type":"SearchAction","target":{"@type":"EntryPoint","urlTemplate":"https:\/\/staging.lucky-hunter.com\/?s={search_term_string}"},"query-input":{"@type":"PropertyValueSpecification","valueRequired":true,"valueName":"search_term_string"}}],"inLanguage":"fr-FR"}]}},"_links":{"self":[{"href":"https:\/\/staging.lucky-hunter.com\/fr\/wp-json\/wp\/v2\/product\/31862"}],"collection":[{"href":"https:\/\/staging.lucky-hunter.com\/fr\/wp-json\/wp\/v2\/product"}],"about":[{"href":"https:\/\/staging.lucky-hunter.com\/fr\/wp-json\/wp\/v2\/types\/product"}],"wp:featuredmedia":[{"embeddable":true,"href":"https:\/\/staging.lucky-hunter.com\/fr\/wp-json\/wp\/v2\/media\/28390"}],"wp:attachment":[{"href":"https:\/\/staging.lucky-hunter.com\/fr\/wp-json\/wp\/v2\/media?parent=31862"}],"wp:term":[{"taxonomy":"product_brand","embeddable":true,"href":"https:\/\/staging.lucky-hunter.com\/fr\/wp-json\/wp\/v2\/product_brand?post=31862"},{"taxonomy":"product_cat","embeddable":true,"href":"https:\/\/staging.lucky-hunter.com\/fr\/wp-json\/wp\/v2\/product_cat?post=31862"},{"taxonomy":"product_tag","embeddable":true,"href":"https:\/\/staging.lucky-hunter.com\/fr\/wp-json\/wp\/v2\/product_tag?post=31862"}],"curies":[{"name":"wp","href":"https:\/\/api.w.org\/{rel}","templated":true}]}}