{"id":31860,"date":"2016-11-07T16:02:49","date_gmt":"2016-11-07T15:02:49","guid":{"rendered":"https:\/\/staging.lucky-hunter.com\/product\/bolyguard-cable-to-6-volt-battery\/"},"modified":"2023-01-23T00:48:00","modified_gmt":"2023-01-22T23:48:00","slug":"bolyguard-cable-to-6-volt-battery","status":"publish","type":"product","link":"https:\/\/staging.lucky-hunter.com\/fr\/product\/bolyguard-cable-to-6-volt-battery\/","title":{"rendered":"C\u00e2ble 6 volts &#8211; Bolyguard MG982, MG983, MG984"},"content":{"rendered":"<h1><strong>C\u00e2ble Bolyguard vers batterie externe 6 volts<\/strong><\/h1>\n<p>Connectez facilement votre cam\u00e9ra de chasse Bolyguard \u00e0 une batterie externe gr\u00e2ce \u00e0 ce c\u00e2ble de cam\u00e9ra Bolyguard.<\/p>\n<p>Avec une batterie de 6 volts connect\u00e9e \u00e0 votre cam\u00e9ra, vous n&#8217;aurez plus \u00e0 vous soucier de devoir constamment changer les piles. De quoi \u00e9conomiser sur leur achat.<\/p>\n<p>Le c\u00e2ble mesure 1,5 m\u00e8tre de long et convient aux mod\u00e8les de cam\u00e9ras Bolyguard MG982, MG983 et MG984.<\/p>\n<p>Fixer une batterie suppl\u00e9mentaire \u00e0 votre cam\u00e9ra est une bonne id\u00e9e, surtout si elle se trouve dans une zone difficile \u00e0 atteindre, ou peut-\u00eatre dans une zone que vous ne visitez pas tr\u00e8s souvent. Et puis surveillez une zone pendant que vous partez en vacances peut vous donner des courbatures. Beaucoup utilisent les cam\u00e9ras de chasse pour la surveillance, pas seulement pour le pistage de la faune.<\/p>\n<p>Cette batterie fera fonctionner la cam\u00e9ra pendant que vous \u00eates absent pendant un certain temps. Cela aidera \u00e0 faire fonctionner la cam\u00e9ra pendant que vous \u00eates absent pendant un certain temps.<\/p>\n<p>Remarque :  la batterie de 6 volts est vendue s\u00e9par\u00e9ment.<\/p>\n","protected":false},"excerpt":{"rendered":"<p>En connectant une batterie externe de 6 volts \u00e0 votre cam\u00e9ra de chasse, vous pouvez prolonger l\u2019autonomie de cette derni\u00e8re. Ainsi, vous n&#8217;aurez plus besoin de constamment changer les piles.<\/p>\n","protected":false},"featured_media":29935,"template":"","meta":[],"product_brand":[8207],"product_cat":[8232],"product_tag":[],"yoast_head":"<!-- This site is optimized with the Yoast SEO plugin v24.3 - https:\/\/yoast.com\/wordpress\/plugins\/seo\/ -->\n<title>{6&gt;C\u00e2ble Bolyguard vers batterie externe 6 volts&lt;1}<\/title>\n<meta name=\"description\" content=\"Prolongez la dur\u00e9e de vie de la batterie de votre appareil photo. Avec un c\u00e2ble Bolyguard vers une batterie de 6 volts, vous pouvez \u00eatre s\u00fbr de conserver une quantit\u00e9 suppl\u00e9mentaire d&#039;\u00e9nergie sur votre appareil photo.\" \/>\n<meta name=\"robots\" content=\"noindex, follow, max-snippet:-1, max-image-preview:large, max-video-preview:-1\" \/>\n<meta property=\"og:locale\" content=\"fr_FR\" \/>\n<meta property=\"og:type\" content=\"article\" \/>\n<meta property=\"og:title\" content=\"{6&gt;C\u00e2ble Bolyguard vers batterie externe 6 volts&lt;1}\" \/>\n<meta property=\"og:description\" content=\"Prolongez la dur\u00e9e de vie de la batterie de votre appareil photo. Avec un c\u00e2ble Bolyguard vers une batterie de 6 volts, vous pouvez \u00eatre s\u00fbr de conserver une quantit\u00e9 suppl\u00e9mentaire d&#039;\u00e9nergie sur votre appareil photo.\" \/>\n<meta property=\"og:url\" content=\"https:\/\/staging.lucky-hunter.com\/product\/bolyguard-cable-to-6-volt-battery\/\" \/>\n<meta property=\"og:site_name\" content=\"Lucky-Hunter\" \/>\n<meta property=\"article:modified_time\" content=\"2023-01-22T23:48:00+00:00\" \/>\n<meta property=\"og:image\" content=\"https:\/\/staging.lucky-hunter.com\/wp-content\/uploads\/2016\/11\/JK-512.png\" \/>\n\t<meta property=\"og:image:width\" content=\"1000\" \/>\n\t<meta property=\"og:image:height\" content=\"1000\" \/>\n\t<meta property=\"og:image:type\" content=\"image\/png\" \/>\n<meta name=\"twitter:card\" content=\"summary_large_image\" \/>\n<meta name=\"twitter:title\" content=\"{6&gt;C\u00e2ble Bolyguard vers batterie externe 6 volts&lt;1}\" \/>\n<meta name=\"twitter:description\" content=\"Prolongez la dur\u00e9e de vie de la batterie de votre appareil photo. Avec un c\u00e2ble Bolyguard vers une batterie de 6 volts, vous pouvez \u00eatre s\u00fbr de conserver une quantit\u00e9 suppl\u00e9mentaire d&#039;\u00e9nergie sur votre appareil photo.\" \/>\n<meta name=\"twitter:label1\" content=\"Dur\u00e9e de lecture estim\u00e9e\" \/>\n\t<meta name=\"twitter:data1\" content=\"1 minute\" \/>\n<script type=\"application\/ld+json\" class=\"yoast-schema-graph\">{\"@context\":\"https:\/\/schema.org\",\"@graph\":[{\"@type\":\"WebPage\",\"@id\":\"https:\/\/staging.lucky-hunter.com\/product\/bolyguard-cable-to-6-volt-battery\/\",\"url\":\"https:\/\/staging.lucky-hunter.com\/product\/bolyguard-cable-to-6-volt-battery\/\",\"name\":\"{6>C\u00e2ble Bolyguard vers batterie externe 6 volts&lt;1}\",\"isPartOf\":{\"@id\":\"https:\/\/staging.lucky-hunter.com\/#website\"},\"primaryImageOfPage\":{\"@id\":\"https:\/\/staging.lucky-hunter.com\/product\/bolyguard-cable-to-6-volt-battery\/#primaryimage\"},\"image\":{\"@id\":\"https:\/\/staging.lucky-hunter.com\/product\/bolyguard-cable-to-6-volt-battery\/#primaryimage\"},\"thumbnailUrl\":\"https:\/\/staging.lucky-hunter.com\/wp-content\/uploads\/2016\/11\/JK-512.png\",\"datePublished\":\"2016-11-07T15:02:49+00:00\",\"dateModified\":\"2023-01-22T23:48:00+00:00\",\"description\":\"Prolongez la dur\u00e9e de vie de la batterie de votre appareil photo. Avec un c\u00e2ble Bolyguard vers une batterie de 6 volts, vous pouvez \u00eatre s\u00fbr de conserver une quantit\u00e9 suppl\u00e9mentaire d'\u00e9nergie sur votre appareil photo.\",\"breadcrumb\":{\"@id\":\"https:\/\/staging.lucky-hunter.com\/product\/bolyguard-cable-to-6-volt-battery\/#breadcrumb\"},\"inLanguage\":\"fr-FR\",\"potentialAction\":[{\"@type\":\"ReadAction\",\"target\":[\"https:\/\/staging.lucky-hunter.com\/product\/bolyguard-cable-to-6-volt-battery\/\"]}]},{\"@type\":\"ImageObject\",\"inLanguage\":\"fr-FR\",\"@id\":\"https:\/\/staging.lucky-hunter.com\/product\/bolyguard-cable-to-6-volt-battery\/#primaryimage\",\"url\":\"https:\/\/staging.lucky-hunter.com\/wp-content\/uploads\/2016\/11\/JK-512.png\",\"contentUrl\":\"https:\/\/staging.lucky-hunter.com\/wp-content\/uploads\/2016\/11\/JK-512.png\",\"width\":1000,\"height\":1000},{\"@type\":\"BreadcrumbList\",\"@id\":\"https:\/\/staging.lucky-hunter.com\/product\/bolyguard-cable-to-6-volt-battery\/#breadcrumb\",\"itemListElement\":[{\"@type\":\"ListItem\",\"position\":1,\"name\":\"Home\",\"item\":\"https:\/\/staging.lucky-hunter.com\/fr\/\"},{\"@type\":\"ListItem\",\"position\":2,\"name\":\"Boutique\",\"item\":\"https:\/\/staging.lucky-hunter.com\/fr\/shop\/\"},{\"@type\":\"ListItem\",\"position\":3,\"name\":\"C\u00e2ble 6 volts &#8211; Bolyguard MG982, MG983, MG984\"}]},{\"@type\":\"WebSite\",\"@id\":\"https:\/\/staging.lucky-hunter.com\/#website\",\"url\":\"https:\/\/staging.lucky-hunter.com\/\",\"name\":\"Lucky-Hunter\",\"description\":\"Gear Up or Give Up\",\"potentialAction\":[{\"@type\":\"SearchAction\",\"target\":{\"@type\":\"EntryPoint\",\"urlTemplate\":\"https:\/\/staging.lucky-hunter.com\/?s={search_term_string}\"},\"query-input\":{\"@type\":\"PropertyValueSpecification\",\"valueRequired\":true,\"valueName\":\"search_term_string\"}}],\"inLanguage\":\"fr-FR\"}]}<\/script>\n<!-- \/ Yoast SEO plugin. -->","yoast_head_json":{"title":"{6>C\u00e2ble Bolyguard vers batterie externe 6 volts&lt;1}","description":"Prolongez la dur\u00e9e de vie de la batterie de votre appareil photo. Avec un c\u00e2ble Bolyguard vers une batterie de 6 volts, vous pouvez \u00eatre s\u00fbr de conserver une quantit\u00e9 suppl\u00e9mentaire d'\u00e9nergie sur votre appareil photo.","robots":{"index":"noindex","follow":"follow","max-snippet":"max-snippet:-1","max-image-preview":"max-image-preview:large","max-video-preview":"max-video-preview:-1"},"og_locale":"fr_FR","og_type":"article","og_title":"{6>C\u00e2ble Bolyguard vers batterie externe 6 volts&lt;1}","og_description":"Prolongez la dur\u00e9e de vie de la batterie de votre appareil photo. Avec un c\u00e2ble Bolyguard vers une batterie de 6 volts, vous pouvez \u00eatre s\u00fbr de conserver une quantit\u00e9 suppl\u00e9mentaire d'\u00e9nergie sur votre appareil photo.","og_url":"https:\/\/staging.lucky-hunter.com\/product\/bolyguard-cable-to-6-volt-battery\/","og_site_name":"Lucky-Hunter","article_modified_time":"2023-01-22T23:48:00+00:00","og_image":[{"width":1000,"height":1000,"url":"https:\/\/staging.lucky-hunter.com\/wp-content\/uploads\/2016\/11\/JK-512.png","type":"image\/png"}],"twitter_card":"summary_large_image","twitter_title":"{6>C\u00e2ble Bolyguard vers batterie externe 6 volts&lt;1}","twitter_description":"Prolongez la dur\u00e9e de vie de la batterie de votre appareil photo. Avec un c\u00e2ble Bolyguard vers une batterie de 6 volts, vous pouvez \u00eatre s\u00fbr de conserver une quantit\u00e9 suppl\u00e9mentaire d'\u00e9nergie sur votre appareil photo.","twitter_misc":{"Dur\u00e9e de lecture estim\u00e9e":"1 minute"},"schema":{"@context":"https:\/\/schema.org","@graph":[{"@type":"WebPage","@id":"https:\/\/staging.lucky-hunter.com\/product\/bolyguard-cable-to-6-volt-battery\/","url":"https:\/\/staging.lucky-hunter.com\/product\/bolyguard-cable-to-6-volt-battery\/","name":"{6>C\u00e2ble Bolyguard vers batterie externe 6 volts&lt;1}","isPartOf":{"@id":"https:\/\/staging.lucky-hunter.com\/#website"},"primaryImageOfPage":{"@id":"https:\/\/staging.lucky-hunter.com\/product\/bolyguard-cable-to-6-volt-battery\/#primaryimage"},"image":{"@id":"https:\/\/staging.lucky-hunter.com\/product\/bolyguard-cable-to-6-volt-battery\/#primaryimage"},"thumbnailUrl":"https:\/\/staging.lucky-hunter.com\/wp-content\/uploads\/2016\/11\/JK-512.png","datePublished":"2016-11-07T15:02:49+00:00","dateModified":"2023-01-22T23:48:00+00:00","description":"Prolongez la dur\u00e9e de vie de la batterie de votre appareil photo. Avec un c\u00e2ble Bolyguard vers une batterie de 6 volts, vous pouvez \u00eatre s\u00fbr de conserver une quantit\u00e9 suppl\u00e9mentaire d'\u00e9nergie sur votre appareil photo.","breadcrumb":{"@id":"https:\/\/staging.lucky-hunter.com\/product\/bolyguard-cable-to-6-volt-battery\/#breadcrumb"},"inLanguage":"fr-FR","potentialAction":[{"@type":"ReadAction","target":["https:\/\/staging.lucky-hunter.com\/product\/bolyguard-cable-to-6-volt-battery\/"]}]},{"@type":"ImageObject","inLanguage":"fr-FR","@id":"https:\/\/staging.lucky-hunter.com\/product\/bolyguard-cable-to-6-volt-battery\/#primaryimage","url":"https:\/\/staging.lucky-hunter.com\/wp-content\/uploads\/2016\/11\/JK-512.png","contentUrl":"https:\/\/staging.lucky-hunter.com\/wp-content\/uploads\/2016\/11\/JK-512.png","width":1000,"height":1000},{"@type":"BreadcrumbList","@id":"https:\/\/staging.lucky-hunter.com\/product\/bolyguard-cable-to-6-volt-battery\/#breadcrumb","itemListElement":[{"@type":"ListItem","position":1,"name":"Home","item":"https:\/\/staging.lucky-hunter.com\/fr\/"},{"@type":"ListItem","position":2,"name":"Boutique","item":"https:\/\/staging.lucky-hunter.com\/fr\/shop\/"},{"@type":"ListItem","position":3,"name":"C\u00e2ble 6 volts &#8211; Bolyguard MG982, MG983, MG984"}]},{"@type":"WebSite","@id":"https:\/\/staging.lucky-hunter.com\/#website","url":"https:\/\/staging.lucky-hunter.com\/","name":"Lucky-Hunter","description":"Gear Up or Give Up","potentialAction":[{"@type":"SearchAction","target":{"@type":"EntryPoint","urlTemplate":"https:\/\/staging.lucky-hunter.com\/?s={search_term_string}"},"query-input":{"@type":"PropertyValueSpecification","valueRequired":true,"valueName":"search_term_string"}}],"inLanguage":"fr-FR"}]}},"_links":{"self":[{"href":"https:\/\/staging.lucky-hunter.com\/fr\/wp-json\/wp\/v2\/product\/31860"}],"collection":[{"href":"https:\/\/staging.lucky-hunter.com\/fr\/wp-json\/wp\/v2\/product"}],"about":[{"href":"https:\/\/staging.lucky-hunter.com\/fr\/wp-json\/wp\/v2\/types\/product"}],"wp:featuredmedia":[{"embeddable":true,"href":"https:\/\/staging.lucky-hunter.com\/fr\/wp-json\/wp\/v2\/media\/29935"}],"wp:attachment":[{"href":"https:\/\/staging.lucky-hunter.com\/fr\/wp-json\/wp\/v2\/media?parent=31860"}],"wp:term":[{"taxonomy":"product_brand","embeddable":true,"href":"https:\/\/staging.lucky-hunter.com\/fr\/wp-json\/wp\/v2\/product_brand?post=31860"},{"taxonomy":"product_cat","embeddable":true,"href":"https:\/\/staging.lucky-hunter.com\/fr\/wp-json\/wp\/v2\/product_cat?post=31860"},{"taxonomy":"product_tag","embeddable":true,"href":"https:\/\/staging.lucky-hunter.com\/fr\/wp-json\/wp\/v2\/product_tag?post=31860"}],"curies":[{"name":"wp","href":"https:\/\/api.w.org\/{rel}","templated":true}]}}