{"id":31857,"date":"2016-11-07T16:10:34","date_gmt":"2016-11-07T15:10:34","guid":{"rendered":"https:\/\/staging.lucky-hunter.com\/product\/anti-moistures-for-trail-camera\/"},"modified":"2023-01-23T00:47:49","modified_gmt":"2023-01-22T23:47:49","slug":"anti-moistures-for-trail-camera","status":"publish","type":"product","link":"https:\/\/staging.lucky-hunter.com\/fr\/product\/anti-moistures-for-trail-camera\/","title":{"rendered":"Coussinets anti-humidit\u00e9 pour cam\u00e9ra de chasse"},"content":{"rendered":"<h3>Coussinets anti-humidit\u00e9 pour cam\u00e9ra de chasse<\/h3>\n<p>Lorsqu&#8217;une cam\u00e9ra de chasse est sans arr\u00eat ouverte et ferm\u00e9e, une certaine quantit\u00e9 d\u2019humidit\u00e9 finit in\u00e9vitablement par rester dans le bo\u00eetier \u00e9tanche, ce qui peut \u00eatre frustrant. Heureusement, ces coussinets anti-humidit\u00e9 \u00e9vacuent efficacement l&#8217;humidit\u00e9 de l&#8217;objectif, pour qu\u2019il reste clair, de m\u00eame que vos images.<\/p>\n<p>Ces coussinets anti-humidit\u00e9s peuvent \u00eatre r\u00e9utilis\u00e9s jusqu&#8217;\u00e0 4 fois si vous les s\u00e9chez dans un four \u00e0 250\u00b0C pendant environ 4 minutes. Un geste bon pour l\u2019environnement plut\u00f4t que d\u2019en utiliser de nouveaux \u00e0 chaque fois.<\/p>\n<p>Une fois que vous les avez s\u00e9ch\u00e9s dans le four, assurez-vous de les emballer et de les stocker imm\u00e9diatement dans un sac en plastique herm\u00e9tique pour pr\u00e9server leur s\u00e9cheresse. C&#8217;est aussi un bon moyen de les stocker de mani\u00e8re g\u00e9n\u00e9rale, car vous savez qu&#8217;ils resteront secs et pr\u00eats pour la prochaine utilisation.<\/p>\n<p>Vendus par lot de 12.<\/p>\n","protected":false},"excerpt":{"rendered":"<p>Ces coussinets anti-humidit\u00e9 \u00e9vacuent efficacement l&#8217;humidit\u00e9 de l&#8217;objectif de la cam\u00e9ra.\u00a0Ils peuvent \u00eatre r\u00e9utilis\u00e9s jusqu&#8217;\u00e0 4 fois si vous les s\u00e9chez dans un four \u00e0 250\u00b0C pendant environ 4 minutes.<\/p>\n","protected":false},"featured_media":28856,"template":"","meta":[],"product_brand":[],"product_cat":[8421],"product_tag":[],"yoast_head":"<!-- This site is optimized with the Yoast SEO plugin v24.3 - https:\/\/yoast.com\/wordpress\/plugins\/seo\/ -->\n<title>Coussinets anti-humidit\u00e9 pour cam\u00e9ra de chasse Gardez-le \u00e9tanche | Chasseur chanceux<\/title>\n<meta name=\"description\" content=\"Gardez vos cam\u00e9ras \u00e9tanches \u00e9tanches. Notre anti-humidit\u00e9 aide \u00e0 maintenir l&#039;\u00e9quilibre entre l&#039;air et l&#039;humidit\u00e9 lors de l&#039;ouverture du bo\u00eetier de l&#039;appareil photo sur le terrain.\" \/>\n<meta name=\"robots\" content=\"noindex, follow, max-snippet:-1, max-image-preview:large, max-video-preview:-1\" \/>\n<meta property=\"og:locale\" content=\"fr_FR\" \/>\n<meta property=\"og:type\" content=\"article\" \/>\n<meta property=\"og:title\" content=\"Coussinets anti-humidit\u00e9 pour cam\u00e9ra de chasse Gardez-le \u00e9tanche | Chasseur chanceux\" \/>\n<meta property=\"og:description\" content=\"Gardez vos cam\u00e9ras \u00e9tanches \u00e9tanches. Notre anti-humidit\u00e9 aide \u00e0 maintenir l&#039;\u00e9quilibre entre l&#039;air et l&#039;humidit\u00e9 lors de l&#039;ouverture du bo\u00eetier de l&#039;appareil photo sur le terrain.\" \/>\n<meta property=\"og:url\" content=\"https:\/\/staging.lucky-hunter.com\/fr\/product\/anti-moistures-for-trail-camera\/\" \/>\n<meta property=\"og:site_name\" content=\"Lucky-Hunter\" \/>\n<meta property=\"article:modified_time\" content=\"2023-01-22T23:47:49+00:00\" \/>\n<meta property=\"og:image\" content=\"https:\/\/staging.lucky-hunter.com\/wp-content\/uploads\/2017\/06\/JK-300-1.png\" \/>\n\t<meta property=\"og:image:width\" content=\"1000\" \/>\n\t<meta property=\"og:image:height\" content=\"1000\" \/>\n\t<meta property=\"og:image:type\" content=\"image\/png\" \/>\n<meta name=\"twitter:card\" content=\"summary_large_image\" \/>\n<meta name=\"twitter:title\" content=\"Coussinets anti-humidit\u00e9 pour cam\u00e9ra de chasse Gardez-le \u00e9tanche | Chasseur chanceux\" \/>\n<meta name=\"twitter:description\" content=\"Gardez vos cam\u00e9ras \u00e9tanches \u00e9tanches. Notre anti-humidit\u00e9 aide \u00e0 maintenir l&#039;\u00e9quilibre entre l&#039;air et l&#039;humidit\u00e9 lors de l&#039;ouverture du bo\u00eetier de l&#039;appareil photo sur le terrain.\" \/>\n<meta name=\"twitter:label1\" content=\"Dur\u00e9e de lecture estim\u00e9e\" \/>\n\t<meta name=\"twitter:data1\" content=\"1 minute\" \/>\n<script type=\"application\/ld+json\" class=\"yoast-schema-graph\">{\"@context\":\"https:\/\/schema.org\",\"@graph\":[{\"@type\":\"WebPage\",\"@id\":\"https:\/\/staging.lucky-hunter.com\/fr\/product\/anti-moistures-for-trail-camera\/\",\"url\":\"https:\/\/staging.lucky-hunter.com\/fr\/product\/anti-moistures-for-trail-camera\/\",\"name\":\"Coussinets anti-humidit\u00e9 pour cam\u00e9ra de chasse Gardez-le \u00e9tanche | Chasseur chanceux\",\"isPartOf\":{\"@id\":\"https:\/\/staging.lucky-hunter.com\/#website\"},\"primaryImageOfPage\":{\"@id\":\"https:\/\/staging.lucky-hunter.com\/fr\/product\/anti-moistures-for-trail-camera\/#primaryimage\"},\"image\":{\"@id\":\"https:\/\/staging.lucky-hunter.com\/fr\/product\/anti-moistures-for-trail-camera\/#primaryimage\"},\"thumbnailUrl\":\"https:\/\/staging.lucky-hunter.com\/wp-content\/uploads\/2017\/06\/JK-300-1.png\",\"datePublished\":\"2016-11-07T15:10:34+00:00\",\"dateModified\":\"2023-01-22T23:47:49+00:00\",\"description\":\"Gardez vos cam\u00e9ras \u00e9tanches \u00e9tanches. Notre anti-humidit\u00e9 aide \u00e0 maintenir l'\u00e9quilibre entre l'air et l'humidit\u00e9 lors de l'ouverture du bo\u00eetier de l'appareil photo sur le terrain.\",\"breadcrumb\":{\"@id\":\"https:\/\/staging.lucky-hunter.com\/fr\/product\/anti-moistures-for-trail-camera\/#breadcrumb\"},\"inLanguage\":\"fr-FR\",\"potentialAction\":[{\"@type\":\"ReadAction\",\"target\":[\"https:\/\/staging.lucky-hunter.com\/fr\/product\/anti-moistures-for-trail-camera\/\"]}]},{\"@type\":\"ImageObject\",\"inLanguage\":\"fr-FR\",\"@id\":\"https:\/\/staging.lucky-hunter.com\/fr\/product\/anti-moistures-for-trail-camera\/#primaryimage\",\"url\":\"https:\/\/staging.lucky-hunter.com\/wp-content\/uploads\/2017\/06\/JK-300-1.png\",\"contentUrl\":\"https:\/\/staging.lucky-hunter.com\/wp-content\/uploads\/2017\/06\/JK-300-1.png\",\"width\":1000,\"height\":1000},{\"@type\":\"BreadcrumbList\",\"@id\":\"https:\/\/staging.lucky-hunter.com\/fr\/product\/anti-moistures-for-trail-camera\/#breadcrumb\",\"itemListElement\":[{\"@type\":\"ListItem\",\"position\":1,\"name\":\"Home\",\"item\":\"https:\/\/staging.lucky-hunter.com\/fr\/\"},{\"@type\":\"ListItem\",\"position\":2,\"name\":\"Boutique\",\"item\":\"https:\/\/staging.lucky-hunter.com\/fr\/shop\/\"},{\"@type\":\"ListItem\",\"position\":3,\"name\":\"Coussinets anti-humidit\u00e9 pour cam\u00e9ra de chasse\"}]},{\"@type\":\"WebSite\",\"@id\":\"https:\/\/staging.lucky-hunter.com\/#website\",\"url\":\"https:\/\/staging.lucky-hunter.com\/\",\"name\":\"Lucky-Hunter\",\"description\":\"Gear Up or Give Up\",\"potentialAction\":[{\"@type\":\"SearchAction\",\"target\":{\"@type\":\"EntryPoint\",\"urlTemplate\":\"https:\/\/staging.lucky-hunter.com\/?s={search_term_string}\"},\"query-input\":{\"@type\":\"PropertyValueSpecification\",\"valueRequired\":true,\"valueName\":\"search_term_string\"}}],\"inLanguage\":\"fr-FR\"}]}<\/script>\n<!-- \/ Yoast SEO plugin. -->","yoast_head_json":{"title":"Coussinets anti-humidit\u00e9 pour cam\u00e9ra de chasse Gardez-le \u00e9tanche | Chasseur chanceux","description":"Gardez vos cam\u00e9ras \u00e9tanches \u00e9tanches. Notre anti-humidit\u00e9 aide \u00e0 maintenir l'\u00e9quilibre entre l'air et l'humidit\u00e9 lors de l'ouverture du bo\u00eetier de l'appareil photo sur le terrain.","robots":{"index":"noindex","follow":"follow","max-snippet":"max-snippet:-1","max-image-preview":"max-image-preview:large","max-video-preview":"max-video-preview:-1"},"og_locale":"fr_FR","og_type":"article","og_title":"Coussinets anti-humidit\u00e9 pour cam\u00e9ra de chasse Gardez-le \u00e9tanche | Chasseur chanceux","og_description":"Gardez vos cam\u00e9ras \u00e9tanches \u00e9tanches. Notre anti-humidit\u00e9 aide \u00e0 maintenir l'\u00e9quilibre entre l'air et l'humidit\u00e9 lors de l'ouverture du bo\u00eetier de l'appareil photo sur le terrain.","og_url":"https:\/\/staging.lucky-hunter.com\/fr\/product\/anti-moistures-for-trail-camera\/","og_site_name":"Lucky-Hunter","article_modified_time":"2023-01-22T23:47:49+00:00","og_image":[{"width":1000,"height":1000,"url":"https:\/\/staging.lucky-hunter.com\/wp-content\/uploads\/2017\/06\/JK-300-1.png","type":"image\/png"}],"twitter_card":"summary_large_image","twitter_title":"Coussinets anti-humidit\u00e9 pour cam\u00e9ra de chasse Gardez-le \u00e9tanche | Chasseur chanceux","twitter_description":"Gardez vos cam\u00e9ras \u00e9tanches \u00e9tanches. Notre anti-humidit\u00e9 aide \u00e0 maintenir l'\u00e9quilibre entre l'air et l'humidit\u00e9 lors de l'ouverture du bo\u00eetier de l'appareil photo sur le terrain.","twitter_misc":{"Dur\u00e9e de lecture estim\u00e9e":"1 minute"},"schema":{"@context":"https:\/\/schema.org","@graph":[{"@type":"WebPage","@id":"https:\/\/staging.lucky-hunter.com\/fr\/product\/anti-moistures-for-trail-camera\/","url":"https:\/\/staging.lucky-hunter.com\/fr\/product\/anti-moistures-for-trail-camera\/","name":"Coussinets anti-humidit\u00e9 pour cam\u00e9ra de chasse Gardez-le \u00e9tanche | Chasseur chanceux","isPartOf":{"@id":"https:\/\/staging.lucky-hunter.com\/#website"},"primaryImageOfPage":{"@id":"https:\/\/staging.lucky-hunter.com\/fr\/product\/anti-moistures-for-trail-camera\/#primaryimage"},"image":{"@id":"https:\/\/staging.lucky-hunter.com\/fr\/product\/anti-moistures-for-trail-camera\/#primaryimage"},"thumbnailUrl":"https:\/\/staging.lucky-hunter.com\/wp-content\/uploads\/2017\/06\/JK-300-1.png","datePublished":"2016-11-07T15:10:34+00:00","dateModified":"2023-01-22T23:47:49+00:00","description":"Gardez vos cam\u00e9ras \u00e9tanches \u00e9tanches. Notre anti-humidit\u00e9 aide \u00e0 maintenir l'\u00e9quilibre entre l'air et l'humidit\u00e9 lors de l'ouverture du bo\u00eetier de l'appareil photo sur le terrain.","breadcrumb":{"@id":"https:\/\/staging.lucky-hunter.com\/fr\/product\/anti-moistures-for-trail-camera\/#breadcrumb"},"inLanguage":"fr-FR","potentialAction":[{"@type":"ReadAction","target":["https:\/\/staging.lucky-hunter.com\/fr\/product\/anti-moistures-for-trail-camera\/"]}]},{"@type":"ImageObject","inLanguage":"fr-FR","@id":"https:\/\/staging.lucky-hunter.com\/fr\/product\/anti-moistures-for-trail-camera\/#primaryimage","url":"https:\/\/staging.lucky-hunter.com\/wp-content\/uploads\/2017\/06\/JK-300-1.png","contentUrl":"https:\/\/staging.lucky-hunter.com\/wp-content\/uploads\/2017\/06\/JK-300-1.png","width":1000,"height":1000},{"@type":"BreadcrumbList","@id":"https:\/\/staging.lucky-hunter.com\/fr\/product\/anti-moistures-for-trail-camera\/#breadcrumb","itemListElement":[{"@type":"ListItem","position":1,"name":"Home","item":"https:\/\/staging.lucky-hunter.com\/fr\/"},{"@type":"ListItem","position":2,"name":"Boutique","item":"https:\/\/staging.lucky-hunter.com\/fr\/shop\/"},{"@type":"ListItem","position":3,"name":"Coussinets anti-humidit\u00e9 pour cam\u00e9ra de chasse"}]},{"@type":"WebSite","@id":"https:\/\/staging.lucky-hunter.com\/#website","url":"https:\/\/staging.lucky-hunter.com\/","name":"Lucky-Hunter","description":"Gear Up or Give Up","potentialAction":[{"@type":"SearchAction","target":{"@type":"EntryPoint","urlTemplate":"https:\/\/staging.lucky-hunter.com\/?s={search_term_string}"},"query-input":{"@type":"PropertyValueSpecification","valueRequired":true,"valueName":"search_term_string"}}],"inLanguage":"fr-FR"}]}},"_links":{"self":[{"href":"https:\/\/staging.lucky-hunter.com\/fr\/wp-json\/wp\/v2\/product\/31857"}],"collection":[{"href":"https:\/\/staging.lucky-hunter.com\/fr\/wp-json\/wp\/v2\/product"}],"about":[{"href":"https:\/\/staging.lucky-hunter.com\/fr\/wp-json\/wp\/v2\/types\/product"}],"wp:featuredmedia":[{"embeddable":true,"href":"https:\/\/staging.lucky-hunter.com\/fr\/wp-json\/wp\/v2\/media\/28856"}],"wp:attachment":[{"href":"https:\/\/staging.lucky-hunter.com\/fr\/wp-json\/wp\/v2\/media?parent=31857"}],"wp:term":[{"taxonomy":"product_brand","embeddable":true,"href":"https:\/\/staging.lucky-hunter.com\/fr\/wp-json\/wp\/v2\/product_brand?post=31857"},{"taxonomy":"product_cat","embeddable":true,"href":"https:\/\/staging.lucky-hunter.com\/fr\/wp-json\/wp\/v2\/product_cat?post=31857"},{"taxonomy":"product_tag","embeddable":true,"href":"https:\/\/staging.lucky-hunter.com\/fr\/wp-json\/wp\/v2\/product_tag?post=31857"}],"curies":[{"name":"wp","href":"https:\/\/api.w.org\/{rel}","templated":true}]}}