{"id":31855,"date":"2016-11-07T16:01:55","date_gmt":"2016-11-07T15:01:55","guid":{"rendered":"https:\/\/staging.lucky-hunter.com\/product\/varta-industrial-batteries-aa\/"},"modified":"2022-11-16T13:55:57","modified_gmt":"2022-11-16T12:55:57","slug":"varta-industrial-batteries-aa","status":"publish","type":"product","link":"https:\/\/staging.lucky-hunter.com\/fr\/product\/varta-industrial-batteries-aa\/","title":{"rendered":"Piles industrielles Varta Professional AA"},"content":{"rendered":"<h2><strong>Accessoires pour votre cam\u00e9ra de chasse<\/strong><\/h2>\n<p>La Varta Professional AA est une pile extra puissante, id\u00e9ale dans les situations de grosse consommation d\u2019\u00e9nergie.<\/p>\n<p>Les piles alcalines Varta Professional conviennent \u00e0 vos cam\u00e9ras de chasse et \u00e0 vos appareils \u00e0 haute consommation en raison de leurs hautes performances. Les cam\u00e9ras de chasse peuvent se montrer dures pour des piles ordinaires, et notre stock de piles Varta Professional est plus susceptible de r\u00e9sister au drainage par vos cam\u00e9ras que des piles alcalines ordinaires.<\/p>\n<p>Les piles industrielles Varta sont tr\u00e8s durables par temps froid et chaud, ce qui signifie que vos cam\u00e9ras continueront de fonctionner o\u00f9 qu&#8217;elles se trouvent. L&#8217;acide de la pile est encapsul\u00e9, ce qui minimise le risque de fuites et d\u2019atteinte \u00e0 l&#8217;\u00e9lectronique de la cam\u00e9ra en cas de fissure de la batterie. C&#8217;est un aspect tr\u00e8s important, surtout si vous utilisez votre \u00e9quipement toute l&#8217;ann\u00e9e, dans des situations et des climats diff\u00e9rents. Il est courant pour des clients utilisant des piles &#8220;normales&#8221; de mauvaise qualit\u00e9, par opposition aux piles industrielles professionnelles, de d\u00e9couvrir qu\u2019elles fuient et touchent l&#8217;\u00e9lectronique \u00e0 l&#8217;int\u00e9rieur de la cam\u00e9ra.<\/p>\n<p>Les piles au lithium offrent une autonomie pour votre cam\u00e9ra 8 fois plus longue que les piles alcalines.<\/p>\n<p><strong>Caract\u00e9ristiques\u00a0:<\/strong><\/p>\n<ul>\n<li>Tension : 1,6\u00a0V<\/li>\n<li>Hauteur : 50,5 mm<\/li>\n<li>Diam\u00e8tre : 14,5 mm<\/li>\n<li>Type : Alcalin.<\/li>\n<li>Dimensions : AA \/ LR6 \/ Mignon<\/li>\n<li>Vendues par pack de 4 piles alcalines AA.<\/li>\n<\/ul>\n<p>\u00a0<\/p>\n","protected":false},"excerpt":{"rendered":"<p>Les piles alcalines Varta Professional conviennent aux cam\u00e9ras de chasse et aux appareils gourmands en \u00e9nergie en raison de leurs hautes performances.<\/p>\n","protected":false},"featured_media":29484,"template":"","meta":[],"product_brand":[8206],"product_cat":[8232],"product_tag":[],"yoast_head":"<!-- This site is optimized with the Yoast SEO plugin v24.3 - https:\/\/yoast.com\/wordpress\/plugins\/seo\/ -->\n<title>Piles AA industrielles professionnelles Varta | Chasseur chanceux<\/title>\n<meta name=\"description\" content=\"Faites fonctionner vos appareils plus longtemps. Les piles industrielles Varta Professional durent probablement huit fois plus longtemps que les piles alcalines de votre appareil photo.\" \/>\n<meta name=\"robots\" content=\"noindex, follow, max-snippet:-1, max-image-preview:large, max-video-preview:-1\" \/>\n<meta property=\"og:locale\" content=\"fr_FR\" \/>\n<meta property=\"og:type\" content=\"article\" \/>\n<meta property=\"og:title\" content=\"Piles AA industrielles professionnelles Varta | Chasseur chanceux\" \/>\n<meta property=\"og:description\" content=\"Faites fonctionner vos appareils plus longtemps. Les piles industrielles Varta Professional durent probablement huit fois plus longtemps que les piles alcalines de votre appareil photo.\" \/>\n<meta property=\"og:url\" content=\"https:\/\/staging.lucky-hunter.com\/product\/varta-industrial-batteries-aa\/\" \/>\n<meta property=\"og:site_name\" content=\"Lucky-Hunter\" \/>\n<meta property=\"article:modified_time\" content=\"2022-11-16T12:55:57+00:00\" \/>\n<meta property=\"og:image\" content=\"https:\/\/staging.lucky-hunter.com\/wp-content\/uploads\/2016\/11\/JK-500.png\" \/>\n\t<meta property=\"og:image:width\" content=\"1000\" \/>\n\t<meta property=\"og:image:height\" content=\"1000\" \/>\n\t<meta property=\"og:image:type\" content=\"image\/png\" \/>\n<meta name=\"twitter:card\" content=\"summary_large_image\" \/>\n<meta name=\"twitter:title\" content=\"Piles AA industrielles professionnelles Varta | Chasseur chanceux\" \/>\n<meta name=\"twitter:description\" content=\"Faites fonctionner vos appareils plus longtemps. Les piles industrielles Varta Professional durent probablement huit fois plus longtemps que les piles alcalines de votre appareil photo.\" \/>\n<meta name=\"twitter:label1\" content=\"Dur\u00e9e de lecture estim\u00e9e\" \/>\n\t<meta name=\"twitter:data1\" content=\"1 minute\" \/>\n<script type=\"application\/ld+json\" class=\"yoast-schema-graph\">{\"@context\":\"https:\/\/schema.org\",\"@graph\":[{\"@type\":\"WebPage\",\"@id\":\"https:\/\/staging.lucky-hunter.com\/product\/varta-industrial-batteries-aa\/\",\"url\":\"https:\/\/staging.lucky-hunter.com\/product\/varta-industrial-batteries-aa\/\",\"name\":\"Piles AA industrielles professionnelles Varta | Chasseur chanceux\",\"isPartOf\":{\"@id\":\"https:\/\/staging.lucky-hunter.com\/#website\"},\"primaryImageOfPage\":{\"@id\":\"https:\/\/staging.lucky-hunter.com\/product\/varta-industrial-batteries-aa\/#primaryimage\"},\"image\":{\"@id\":\"https:\/\/staging.lucky-hunter.com\/product\/varta-industrial-batteries-aa\/#primaryimage\"},\"thumbnailUrl\":\"https:\/\/staging.lucky-hunter.com\/wp-content\/uploads\/2016\/11\/JK-500.png\",\"datePublished\":\"2016-11-07T15:01:55+00:00\",\"dateModified\":\"2022-11-16T12:55:57+00:00\",\"description\":\"Faites fonctionner vos appareils plus longtemps. Les piles industrielles Varta Professional durent probablement huit fois plus longtemps que les piles alcalines de votre appareil photo.\",\"breadcrumb\":{\"@id\":\"https:\/\/staging.lucky-hunter.com\/product\/varta-industrial-batteries-aa\/#breadcrumb\"},\"inLanguage\":\"fr-FR\",\"potentialAction\":[{\"@type\":\"ReadAction\",\"target\":[\"https:\/\/staging.lucky-hunter.com\/product\/varta-industrial-batteries-aa\/\"]}]},{\"@type\":\"ImageObject\",\"inLanguage\":\"fr-FR\",\"@id\":\"https:\/\/staging.lucky-hunter.com\/product\/varta-industrial-batteries-aa\/#primaryimage\",\"url\":\"https:\/\/staging.lucky-hunter.com\/wp-content\/uploads\/2016\/11\/JK-500.png\",\"contentUrl\":\"https:\/\/staging.lucky-hunter.com\/wp-content\/uploads\/2016\/11\/JK-500.png\",\"width\":1000,\"height\":1000},{\"@type\":\"BreadcrumbList\",\"@id\":\"https:\/\/staging.lucky-hunter.com\/product\/varta-industrial-batteries-aa\/#breadcrumb\",\"itemListElement\":[{\"@type\":\"ListItem\",\"position\":1,\"name\":\"Home\",\"item\":\"https:\/\/staging.lucky-hunter.com\/fr\/\"},{\"@type\":\"ListItem\",\"position\":2,\"name\":\"Boutique\",\"item\":\"https:\/\/staging.lucky-hunter.com\/fr\/shop\/\"},{\"@type\":\"ListItem\",\"position\":3,\"name\":\"Piles industrielles Varta Professional AA\"}]},{\"@type\":\"WebSite\",\"@id\":\"https:\/\/staging.lucky-hunter.com\/#website\",\"url\":\"https:\/\/staging.lucky-hunter.com\/\",\"name\":\"Lucky-Hunter\",\"description\":\"Gear Up or Give Up\",\"potentialAction\":[{\"@type\":\"SearchAction\",\"target\":{\"@type\":\"EntryPoint\",\"urlTemplate\":\"https:\/\/staging.lucky-hunter.com\/?s={search_term_string}\"},\"query-input\":{\"@type\":\"PropertyValueSpecification\",\"valueRequired\":true,\"valueName\":\"search_term_string\"}}],\"inLanguage\":\"fr-FR\"}]}<\/script>\n<!-- \/ Yoast SEO plugin. -->","yoast_head_json":{"title":"Piles AA industrielles professionnelles Varta | Chasseur chanceux","description":"Faites fonctionner vos appareils plus longtemps. Les piles industrielles Varta Professional durent probablement huit fois plus longtemps que les piles alcalines de votre appareil photo.","robots":{"index":"noindex","follow":"follow","max-snippet":"max-snippet:-1","max-image-preview":"max-image-preview:large","max-video-preview":"max-video-preview:-1"},"og_locale":"fr_FR","og_type":"article","og_title":"Piles AA industrielles professionnelles Varta | Chasseur chanceux","og_description":"Faites fonctionner vos appareils plus longtemps. Les piles industrielles Varta Professional durent probablement huit fois plus longtemps que les piles alcalines de votre appareil photo.","og_url":"https:\/\/staging.lucky-hunter.com\/product\/varta-industrial-batteries-aa\/","og_site_name":"Lucky-Hunter","article_modified_time":"2022-11-16T12:55:57+00:00","og_image":[{"width":1000,"height":1000,"url":"https:\/\/staging.lucky-hunter.com\/wp-content\/uploads\/2016\/11\/JK-500.png","type":"image\/png"}],"twitter_card":"summary_large_image","twitter_title":"Piles AA industrielles professionnelles Varta | Chasseur chanceux","twitter_description":"Faites fonctionner vos appareils plus longtemps. Les piles industrielles Varta Professional durent probablement huit fois plus longtemps que les piles alcalines de votre appareil photo.","twitter_misc":{"Dur\u00e9e de lecture estim\u00e9e":"1 minute"},"schema":{"@context":"https:\/\/schema.org","@graph":[{"@type":"WebPage","@id":"https:\/\/staging.lucky-hunter.com\/product\/varta-industrial-batteries-aa\/","url":"https:\/\/staging.lucky-hunter.com\/product\/varta-industrial-batteries-aa\/","name":"Piles AA industrielles professionnelles Varta | Chasseur chanceux","isPartOf":{"@id":"https:\/\/staging.lucky-hunter.com\/#website"},"primaryImageOfPage":{"@id":"https:\/\/staging.lucky-hunter.com\/product\/varta-industrial-batteries-aa\/#primaryimage"},"image":{"@id":"https:\/\/staging.lucky-hunter.com\/product\/varta-industrial-batteries-aa\/#primaryimage"},"thumbnailUrl":"https:\/\/staging.lucky-hunter.com\/wp-content\/uploads\/2016\/11\/JK-500.png","datePublished":"2016-11-07T15:01:55+00:00","dateModified":"2022-11-16T12:55:57+00:00","description":"Faites fonctionner vos appareils plus longtemps. Les piles industrielles Varta Professional durent probablement huit fois plus longtemps que les piles alcalines de votre appareil photo.","breadcrumb":{"@id":"https:\/\/staging.lucky-hunter.com\/product\/varta-industrial-batteries-aa\/#breadcrumb"},"inLanguage":"fr-FR","potentialAction":[{"@type":"ReadAction","target":["https:\/\/staging.lucky-hunter.com\/product\/varta-industrial-batteries-aa\/"]}]},{"@type":"ImageObject","inLanguage":"fr-FR","@id":"https:\/\/staging.lucky-hunter.com\/product\/varta-industrial-batteries-aa\/#primaryimage","url":"https:\/\/staging.lucky-hunter.com\/wp-content\/uploads\/2016\/11\/JK-500.png","contentUrl":"https:\/\/staging.lucky-hunter.com\/wp-content\/uploads\/2016\/11\/JK-500.png","width":1000,"height":1000},{"@type":"BreadcrumbList","@id":"https:\/\/staging.lucky-hunter.com\/product\/varta-industrial-batteries-aa\/#breadcrumb","itemListElement":[{"@type":"ListItem","position":1,"name":"Home","item":"https:\/\/staging.lucky-hunter.com\/fr\/"},{"@type":"ListItem","position":2,"name":"Boutique","item":"https:\/\/staging.lucky-hunter.com\/fr\/shop\/"},{"@type":"ListItem","position":3,"name":"Piles industrielles Varta Professional AA"}]},{"@type":"WebSite","@id":"https:\/\/staging.lucky-hunter.com\/#website","url":"https:\/\/staging.lucky-hunter.com\/","name":"Lucky-Hunter","description":"Gear Up or Give Up","potentialAction":[{"@type":"SearchAction","target":{"@type":"EntryPoint","urlTemplate":"https:\/\/staging.lucky-hunter.com\/?s={search_term_string}"},"query-input":{"@type":"PropertyValueSpecification","valueRequired":true,"valueName":"search_term_string"}}],"inLanguage":"fr-FR"}]}},"_links":{"self":[{"href":"https:\/\/staging.lucky-hunter.com\/fr\/wp-json\/wp\/v2\/product\/31855"}],"collection":[{"href":"https:\/\/staging.lucky-hunter.com\/fr\/wp-json\/wp\/v2\/product"}],"about":[{"href":"https:\/\/staging.lucky-hunter.com\/fr\/wp-json\/wp\/v2\/types\/product"}],"wp:featuredmedia":[{"embeddable":true,"href":"https:\/\/staging.lucky-hunter.com\/fr\/wp-json\/wp\/v2\/media\/29484"}],"wp:attachment":[{"href":"https:\/\/staging.lucky-hunter.com\/fr\/wp-json\/wp\/v2\/media?parent=31855"}],"wp:term":[{"taxonomy":"product_brand","embeddable":true,"href":"https:\/\/staging.lucky-hunter.com\/fr\/wp-json\/wp\/v2\/product_brand?post=31855"},{"taxonomy":"product_cat","embeddable":true,"href":"https:\/\/staging.lucky-hunter.com\/fr\/wp-json\/wp\/v2\/product_cat?post=31855"},{"taxonomy":"product_tag","embeddable":true,"href":"https:\/\/staging.lucky-hunter.com\/fr\/wp-json\/wp\/v2\/product_tag?post=31855"}],"curies":[{"name":"wp","href":"https:\/\/api.w.org\/{rel}","templated":true}]}}