{"id":31854,"date":"2016-11-07T16:02:03","date_gmt":"2016-11-07T15:02:03","guid":{"rendered":"https:\/\/staging.lucky-hunter.com\/product\/high-quality-memory-card-for-game-cameras\/"},"modified":"2023-01-23T00:48:01","modified_gmt":"2023-01-22T23:48:01","slug":"32gb-high-quality-sandisk-memory-card-for-game-cameras","status":"publish","type":"product","link":"https:\/\/staging.lucky-hunter.com\/fr\/product\/32gb-high-quality-sandisk-memory-card-for-game-cameras\/","title":{"rendered":"Carte m\u00e9moire Sandisk 32 Go pour cam\u00e9ra de jeu"},"content":{"rendered":"<h2><strong>Cartes m\u00e9moire de haute qualit\u00e9 pour cam\u00e9ras de chasse<\/strong><\/h2>\n<p>Vous aurez besoin d&#8217;une carte m\u00e9moire de haute qualit\u00e9 pour votre cam\u00e9ra de chasse, pour stocker images et vid\u00e9os de la m\u00eame mani\u00e8re qu&#8217;avec un appareil photo num\u00e9rique ordinaire. Si vous n&#8217;avez pas de carte m\u00e9moire dans votre cam\u00e9ra, il est probable qu&#8217;elle ne pourra pas fonctionner correctement.<\/p>\n<p>Beaucoup de gens optent pour deux cartes m\u00e9moire, pour toujours avoir une sauvegarde. C\u2019est aussi pratique si vous avez une carte pleine car vous pouvez facilement l\u2019\u00e9changer contre une nouvelle, format\u00e9e et pr\u00eate pour une autre s\u00e9rie de photos ou de vid\u00e9os, en m\u00eame temps que vous changez la batterie. Il est important que vous choisissiez une carte m\u00e9moire avec une vitesse de lecture rapide.<\/p>\n<p>Sinon votre cam\u00e9ra de chasse ne fonctionnera pas correctement ou efficacement. Nous vous recommandons d&#8217;utiliser au minimum des cartes de classe 10 avec toutes les cam\u00e9ras de chasse que nous proposons.<\/p>\n<p>Faites toujours attention \u00e0 la taille de la m\u00e9moire (nombre de Go) qui peut fonctionner dans votre cam\u00e9ra. Si elle n\u2019est pas compatible avec la taille de carte que vous utilisez, elle ne fonctionnera tout simplement pas tant qu&#8217;elle n\u2019aura pas acc\u00e8s \u00e0 la bonne taille.<\/p>\n<p>\u00a0<\/p>\n","protected":false},"excerpt":{"rendered":"<p>Veillez \u00e0 ce que vos photos et vid\u00e9os soient stock\u00e9es efficacement et en toute s\u00e9curit\u00e9 gr\u00e2ce \u00e0 nos cartes m\u00e9moire SanDisk, indispensables pour toutes vos cam\u00e9ras de chasse.<\/p>\n","protected":false},"featured_media":29490,"template":"","meta":[],"product_brand":[],"product_cat":[8232],"product_tag":[],"yoast_head":"<!-- This site is optimized with the Yoast SEO plugin v24.3 - https:\/\/yoast.com\/wordpress\/plugins\/seo\/ -->\n<title>Carte m\u00e9moire Sandisk de haute qualit\u00e9 de 32 Go pour cam\u00e9ras de jeu<\/title>\n<meta name=\"description\" content=\"Stockez vos images et vid\u00e9os efficacement. Nos cartes m\u00e9moire SanDisk de haute qualit\u00e9 sont parfaites pour une utilisation dans vos cam\u00e9ras de jeu ou de trail.\" \/>\n<meta name=\"robots\" content=\"noindex, follow, max-snippet:-1, max-image-preview:large, max-video-preview:-1\" \/>\n<meta property=\"og:locale\" content=\"fr_FR\" \/>\n<meta property=\"og:type\" content=\"article\" \/>\n<meta property=\"og:title\" content=\"Carte m\u00e9moire de haute qualit\u00e9 pour cam\u00e9ras de jeu | Chasseur chanceux\" \/>\n<meta property=\"og:description\" content=\"Stockez vos images et vid\u00e9os efficacement. Nos cartes m\u00e9moire SanDisk de haute qualit\u00e9 sont parfaites pour une utilisation dans vos cam\u00e9ras de jeu ou de trail.\" \/>\n<meta property=\"og:url\" content=\"https:\/\/staging.lucky-hunter.com\/product\/32gb-high-quality-sandisk-memory-card-for-game-cameras\/\" \/>\n<meta property=\"og:site_name\" content=\"Lucky-Hunter\" \/>\n<meta property=\"article:modified_time\" content=\"2023-01-22T23:48:01+00:00\" \/>\n<meta property=\"og:image\" content=\"https:\/\/staging.lucky-hunter.com\/wp-content\/uploads\/2016\/11\/JK-534.png\" \/>\n\t<meta property=\"og:image:width\" content=\"1000\" \/>\n\t<meta property=\"og:image:height\" content=\"1000\" \/>\n\t<meta property=\"og:image:type\" content=\"image\/png\" \/>\n<meta name=\"twitter:card\" content=\"summary_large_image\" \/>\n<meta name=\"twitter:title\" content=\"Carte m\u00e9moire de haute qualit\u00e9 pour cam\u00e9ras de jeu | Chasseur chanceux\" \/>\n<meta name=\"twitter:description\" content=\"Stockez vos images et vid\u00e9os efficacement. Nos cartes m\u00e9moire SanDisk de haute qualit\u00e9 sont parfaites pour une utilisation dans vos cam\u00e9ras de jeu ou de trail.\" \/>\n<meta name=\"twitter:label1\" content=\"Dur\u00e9e de lecture estim\u00e9e\" \/>\n\t<meta name=\"twitter:data1\" content=\"1 minute\" \/>\n<script type=\"application\/ld+json\" class=\"yoast-schema-graph\">{\"@context\":\"https:\/\/schema.org\",\"@graph\":[{\"@type\":\"WebPage\",\"@id\":\"https:\/\/staging.lucky-hunter.com\/product\/32gb-high-quality-sandisk-memory-card-for-game-cameras\/\",\"url\":\"https:\/\/staging.lucky-hunter.com\/product\/32gb-high-quality-sandisk-memory-card-for-game-cameras\/\",\"name\":\"Carte m\u00e9moire Sandisk de haute qualit\u00e9 de 32 Go pour cam\u00e9ras de jeu\",\"isPartOf\":{\"@id\":\"https:\/\/staging.lucky-hunter.com\/#website\"},\"primaryImageOfPage\":{\"@id\":\"https:\/\/staging.lucky-hunter.com\/product\/32gb-high-quality-sandisk-memory-card-for-game-cameras\/#primaryimage\"},\"image\":{\"@id\":\"https:\/\/staging.lucky-hunter.com\/product\/32gb-high-quality-sandisk-memory-card-for-game-cameras\/#primaryimage\"},\"thumbnailUrl\":\"https:\/\/staging.lucky-hunter.com\/wp-content\/uploads\/2016\/11\/JK-534.png\",\"datePublished\":\"2016-11-07T15:02:03+00:00\",\"dateModified\":\"2023-01-22T23:48:01+00:00\",\"description\":\"Stockez vos images et vid\u00e9os efficacement. Nos cartes m\u00e9moire SanDisk de haute qualit\u00e9 sont parfaites pour une utilisation dans vos cam\u00e9ras de jeu ou de trail.\",\"breadcrumb\":{\"@id\":\"https:\/\/staging.lucky-hunter.com\/product\/32gb-high-quality-sandisk-memory-card-for-game-cameras\/#breadcrumb\"},\"inLanguage\":\"fr-FR\",\"potentialAction\":[{\"@type\":\"ReadAction\",\"target\":[\"https:\/\/staging.lucky-hunter.com\/product\/32gb-high-quality-sandisk-memory-card-for-game-cameras\/\"]}]},{\"@type\":\"ImageObject\",\"inLanguage\":\"fr-FR\",\"@id\":\"https:\/\/staging.lucky-hunter.com\/product\/32gb-high-quality-sandisk-memory-card-for-game-cameras\/#primaryimage\",\"url\":\"https:\/\/staging.lucky-hunter.com\/wp-content\/uploads\/2016\/11\/JK-534.png\",\"contentUrl\":\"https:\/\/staging.lucky-hunter.com\/wp-content\/uploads\/2016\/11\/JK-534.png\",\"width\":1000,\"height\":1000},{\"@type\":\"BreadcrumbList\",\"@id\":\"https:\/\/staging.lucky-hunter.com\/product\/32gb-high-quality-sandisk-memory-card-for-game-cameras\/#breadcrumb\",\"itemListElement\":[{\"@type\":\"ListItem\",\"position\":1,\"name\":\"Home\",\"item\":\"https:\/\/staging.lucky-hunter.com\/fr\/\"},{\"@type\":\"ListItem\",\"position\":2,\"name\":\"Boutique\",\"item\":\"https:\/\/staging.lucky-hunter.com\/fr\/shop\/\"},{\"@type\":\"ListItem\",\"position\":3,\"name\":\"Carte m\u00e9moire Sandisk 32 Go pour cam\u00e9ra de jeu\"}]},{\"@type\":\"WebSite\",\"@id\":\"https:\/\/staging.lucky-hunter.com\/#website\",\"url\":\"https:\/\/staging.lucky-hunter.com\/\",\"name\":\"Lucky-Hunter\",\"description\":\"Gear Up or Give Up\",\"potentialAction\":[{\"@type\":\"SearchAction\",\"target\":{\"@type\":\"EntryPoint\",\"urlTemplate\":\"https:\/\/staging.lucky-hunter.com\/?s={search_term_string}\"},\"query-input\":{\"@type\":\"PropertyValueSpecification\",\"valueRequired\":true,\"valueName\":\"search_term_string\"}}],\"inLanguage\":\"fr-FR\"}]}<\/script>\n<!-- \/ Yoast SEO plugin. -->","yoast_head_json":{"title":"Carte m\u00e9moire Sandisk de haute qualit\u00e9 de 32 Go pour cam\u00e9ras de jeu","description":"Stockez vos images et vid\u00e9os efficacement. Nos cartes m\u00e9moire SanDisk de haute qualit\u00e9 sont parfaites pour une utilisation dans vos cam\u00e9ras de jeu ou de trail.","robots":{"index":"noindex","follow":"follow","max-snippet":"max-snippet:-1","max-image-preview":"max-image-preview:large","max-video-preview":"max-video-preview:-1"},"og_locale":"fr_FR","og_type":"article","og_title":"Carte m\u00e9moire de haute qualit\u00e9 pour cam\u00e9ras de jeu | Chasseur chanceux","og_description":"Stockez vos images et vid\u00e9os efficacement. Nos cartes m\u00e9moire SanDisk de haute qualit\u00e9 sont parfaites pour une utilisation dans vos cam\u00e9ras de jeu ou de trail.","og_url":"https:\/\/staging.lucky-hunter.com\/product\/32gb-high-quality-sandisk-memory-card-for-game-cameras\/","og_site_name":"Lucky-Hunter","article_modified_time":"2023-01-22T23:48:01+00:00","og_image":[{"width":1000,"height":1000,"url":"https:\/\/staging.lucky-hunter.com\/wp-content\/uploads\/2016\/11\/JK-534.png","type":"image\/png"}],"twitter_card":"summary_large_image","twitter_title":"Carte m\u00e9moire de haute qualit\u00e9 pour cam\u00e9ras de jeu | Chasseur chanceux","twitter_description":"Stockez vos images et vid\u00e9os efficacement. Nos cartes m\u00e9moire SanDisk de haute qualit\u00e9 sont parfaites pour une utilisation dans vos cam\u00e9ras de jeu ou de trail.","twitter_misc":{"Dur\u00e9e de lecture estim\u00e9e":"1 minute"},"schema":{"@context":"https:\/\/schema.org","@graph":[{"@type":"WebPage","@id":"https:\/\/staging.lucky-hunter.com\/product\/32gb-high-quality-sandisk-memory-card-for-game-cameras\/","url":"https:\/\/staging.lucky-hunter.com\/product\/32gb-high-quality-sandisk-memory-card-for-game-cameras\/","name":"Carte m\u00e9moire Sandisk de haute qualit\u00e9 de 32 Go pour cam\u00e9ras de jeu","isPartOf":{"@id":"https:\/\/staging.lucky-hunter.com\/#website"},"primaryImageOfPage":{"@id":"https:\/\/staging.lucky-hunter.com\/product\/32gb-high-quality-sandisk-memory-card-for-game-cameras\/#primaryimage"},"image":{"@id":"https:\/\/staging.lucky-hunter.com\/product\/32gb-high-quality-sandisk-memory-card-for-game-cameras\/#primaryimage"},"thumbnailUrl":"https:\/\/staging.lucky-hunter.com\/wp-content\/uploads\/2016\/11\/JK-534.png","datePublished":"2016-11-07T15:02:03+00:00","dateModified":"2023-01-22T23:48:01+00:00","description":"Stockez vos images et vid\u00e9os efficacement. Nos cartes m\u00e9moire SanDisk de haute qualit\u00e9 sont parfaites pour une utilisation dans vos cam\u00e9ras de jeu ou de trail.","breadcrumb":{"@id":"https:\/\/staging.lucky-hunter.com\/product\/32gb-high-quality-sandisk-memory-card-for-game-cameras\/#breadcrumb"},"inLanguage":"fr-FR","potentialAction":[{"@type":"ReadAction","target":["https:\/\/staging.lucky-hunter.com\/product\/32gb-high-quality-sandisk-memory-card-for-game-cameras\/"]}]},{"@type":"ImageObject","inLanguage":"fr-FR","@id":"https:\/\/staging.lucky-hunter.com\/product\/32gb-high-quality-sandisk-memory-card-for-game-cameras\/#primaryimage","url":"https:\/\/staging.lucky-hunter.com\/wp-content\/uploads\/2016\/11\/JK-534.png","contentUrl":"https:\/\/staging.lucky-hunter.com\/wp-content\/uploads\/2016\/11\/JK-534.png","width":1000,"height":1000},{"@type":"BreadcrumbList","@id":"https:\/\/staging.lucky-hunter.com\/product\/32gb-high-quality-sandisk-memory-card-for-game-cameras\/#breadcrumb","itemListElement":[{"@type":"ListItem","position":1,"name":"Home","item":"https:\/\/staging.lucky-hunter.com\/fr\/"},{"@type":"ListItem","position":2,"name":"Boutique","item":"https:\/\/staging.lucky-hunter.com\/fr\/shop\/"},{"@type":"ListItem","position":3,"name":"Carte m\u00e9moire Sandisk 32 Go pour cam\u00e9ra de jeu"}]},{"@type":"WebSite","@id":"https:\/\/staging.lucky-hunter.com\/#website","url":"https:\/\/staging.lucky-hunter.com\/","name":"Lucky-Hunter","description":"Gear Up or Give Up","potentialAction":[{"@type":"SearchAction","target":{"@type":"EntryPoint","urlTemplate":"https:\/\/staging.lucky-hunter.com\/?s={search_term_string}"},"query-input":{"@type":"PropertyValueSpecification","valueRequired":true,"valueName":"search_term_string"}}],"inLanguage":"fr-FR"}]}},"_links":{"self":[{"href":"https:\/\/staging.lucky-hunter.com\/fr\/wp-json\/wp\/v2\/product\/31854"}],"collection":[{"href":"https:\/\/staging.lucky-hunter.com\/fr\/wp-json\/wp\/v2\/product"}],"about":[{"href":"https:\/\/staging.lucky-hunter.com\/fr\/wp-json\/wp\/v2\/types\/product"}],"wp:featuredmedia":[{"embeddable":true,"href":"https:\/\/staging.lucky-hunter.com\/fr\/wp-json\/wp\/v2\/media\/29490"}],"wp:attachment":[{"href":"https:\/\/staging.lucky-hunter.com\/fr\/wp-json\/wp\/v2\/media?parent=31854"}],"wp:term":[{"taxonomy":"product_brand","embeddable":true,"href":"https:\/\/staging.lucky-hunter.com\/fr\/wp-json\/wp\/v2\/product_brand?post=31854"},{"taxonomy":"product_cat","embeddable":true,"href":"https:\/\/staging.lucky-hunter.com\/fr\/wp-json\/wp\/v2\/product_cat?post=31854"},{"taxonomy":"product_tag","embeddable":true,"href":"https:\/\/staging.lucky-hunter.com\/fr\/wp-json\/wp\/v2\/product_tag?post=31854"}],"curies":[{"name":"wp","href":"https:\/\/api.w.org\/{rel}","templated":true}]}}