{"id":31853,"date":"2017-04-11T16:41:42","date_gmt":"2017-04-11T14:41:42","guid":{"rendered":"https:\/\/staging.lucky-hunter.com\/product\/car-seat-cover-back-seat\/"},"modified":"2025-07-01T14:02:11","modified_gmt":"2025-07-01T12:02:11","slug":"housse-de-siege-de-voiture-pour-siege-arriere","status":"publish","type":"product","link":"https:\/\/staging.lucky-hunter.com\/fr\/product\/housse-de-siege-de-voiture-pour-siege-arriere\/","title":{"rendered":"Housse de si\u00e8ge de voiture pour si\u00e8ge arri\u00e8re"},"content":{"rendered":"<p>Housse de si\u00e8ge auto avec tissu CORDURA anti-salissures et micro-polaire isolante sur la partie basse.<\/p>\n<p>S\u2019attache avec des sangles et des clips.<\/p>\n<p>Taille : 145 x 140 cm<\/p>\n<p>Mati\u00e8re : 100% polyester<\/p>\n","protected":false},"excerpt":{"rendered":"<p>Housse de si\u00e8ge auto avec tissu CORDURA anti-salissures et micro-polaire isolante sur la partie basse. S\u2019attache avec des sangles et des clips.<\/p>\n","protected":false},"featured_media":107646,"template":"","meta":[],"product_brand":[8196],"product_cat":[9340],"product_tag":[],"yoast_head":"<!-- This site is optimized with the Yoast SEO plugin v24.3 - https:\/\/yoast.com\/wordpress\/plugins\/seo\/ -->\n<title>Housse de si\u00e8ge de voiture pour si\u00e8ge arri\u00e8re 145 x 140 cm<\/title>\n<meta name=\"description\" content=\"Housse de si\u00e8ge auto avec tissu CORDURA anti-salissures et micro-polaire isolante sur la partie basse. S\u2019attache avec des sangles et des clips.\" \/>\n<meta name=\"robots\" content=\"noindex, follow, max-snippet:-1, max-image-preview:large, max-video-preview:-1\" \/>\n<meta property=\"og:locale\" content=\"fr_FR\" \/>\n<meta property=\"og:type\" content=\"article\" \/>\n<meta property=\"og:title\" content=\"Housse de si\u00e8ge de voiture pour si\u00e8ge arri\u00e8re 145 x 140 cm\" \/>\n<meta property=\"og:description\" content=\"Housse de si\u00e8ge auto avec tissu CORDURA anti-salissures et micro-polaire isolante sur la partie basse. S\u2019attache avec des sangles et des clips.\" \/>\n<meta property=\"og:url\" content=\"https:\/\/staging.lucky-hunter.com\/fr\/product\/housse-de-siege-de-voiture-pour-siege-arriere\/\" \/>\n<meta property=\"og:site_name\" content=\"Lucky-Hunter\" \/>\n<meta property=\"article:modified_time\" content=\"2025-07-01T12:02:11+00:00\" \/>\n<meta property=\"og:image\" content=\"https:\/\/staging.lucky-hunter.com\/wp-content\/uploads\/2017\/04\/220702-removebg-preview.png\" \/>\n\t<meta property=\"og:image:width\" content=\"612\" \/>\n\t<meta property=\"og:image:height\" content=\"408\" \/>\n\t<meta property=\"og:image:type\" content=\"image\/png\" \/>\n<meta name=\"twitter:card\" content=\"summary_large_image\" \/>\n<meta name=\"twitter:label1\" content=\"Dur\u00e9e de lecture estim\u00e9e\" \/>\n\t<meta name=\"twitter:data1\" content=\"1 minute\" \/>\n<script type=\"application\/ld+json\" class=\"yoast-schema-graph\">{\"@context\":\"https:\/\/schema.org\",\"@graph\":[{\"@type\":\"WebPage\",\"@id\":\"https:\/\/staging.lucky-hunter.com\/fr\/product\/housse-de-siege-de-voiture-pour-siege-arriere\/\",\"url\":\"https:\/\/staging.lucky-hunter.com\/fr\/product\/housse-de-siege-de-voiture-pour-siege-arriere\/\",\"name\":\"Housse de si\u00e8ge de voiture pour si\u00e8ge arri\u00e8re 145 x 140 cm\",\"isPartOf\":{\"@id\":\"https:\/\/staging.lucky-hunter.com\/#website\"},\"primaryImageOfPage\":{\"@id\":\"https:\/\/staging.lucky-hunter.com\/fr\/product\/housse-de-siege-de-voiture-pour-siege-arriere\/#primaryimage\"},\"image\":{\"@id\":\"https:\/\/staging.lucky-hunter.com\/fr\/product\/housse-de-siege-de-voiture-pour-siege-arriere\/#primaryimage\"},\"thumbnailUrl\":\"https:\/\/staging.lucky-hunter.com\/wp-content\/uploads\/2017\/04\/220702-removebg-preview.png\",\"datePublished\":\"2017-04-11T14:41:42+00:00\",\"dateModified\":\"2025-07-01T12:02:11+00:00\",\"description\":\"Housse de si\u00e8ge auto avec tissu CORDURA anti-salissures et micro-polaire isolante sur la partie basse. S\u2019attache avec des sangles et des clips.\",\"breadcrumb\":{\"@id\":\"https:\/\/staging.lucky-hunter.com\/fr\/product\/housse-de-siege-de-voiture-pour-siege-arriere\/#breadcrumb\"},\"inLanguage\":\"fr-FR\",\"potentialAction\":[{\"@type\":\"ReadAction\",\"target\":[\"https:\/\/staging.lucky-hunter.com\/fr\/product\/housse-de-siege-de-voiture-pour-siege-arriere\/\"]}]},{\"@type\":\"ImageObject\",\"inLanguage\":\"fr-FR\",\"@id\":\"https:\/\/staging.lucky-hunter.com\/fr\/product\/housse-de-siege-de-voiture-pour-siege-arriere\/#primaryimage\",\"url\":\"https:\/\/staging.lucky-hunter.com\/wp-content\/uploads\/2017\/04\/220702-removebg-preview.png\",\"contentUrl\":\"https:\/\/staging.lucky-hunter.com\/wp-content\/uploads\/2017\/04\/220702-removebg-preview.png\",\"width\":612,\"height\":408},{\"@type\":\"BreadcrumbList\",\"@id\":\"https:\/\/staging.lucky-hunter.com\/fr\/product\/housse-de-siege-de-voiture-pour-siege-arriere\/#breadcrumb\",\"itemListElement\":[{\"@type\":\"ListItem\",\"position\":1,\"name\":\"Home\",\"item\":\"https:\/\/staging.lucky-hunter.com\/fr\/\"},{\"@type\":\"ListItem\",\"position\":2,\"name\":\"Boutique\",\"item\":\"https:\/\/staging.lucky-hunter.com\/fr\/shop\/\"},{\"@type\":\"ListItem\",\"position\":3,\"name\":\"Housse de si\u00e8ge de voiture pour si\u00e8ge arri\u00e8re\"}]},{\"@type\":\"WebSite\",\"@id\":\"https:\/\/staging.lucky-hunter.com\/#website\",\"url\":\"https:\/\/staging.lucky-hunter.com\/\",\"name\":\"Lucky-Hunter\",\"description\":\"Gear Up or Give Up\",\"potentialAction\":[{\"@type\":\"SearchAction\",\"target\":{\"@type\":\"EntryPoint\",\"urlTemplate\":\"https:\/\/staging.lucky-hunter.com\/?s={search_term_string}\"},\"query-input\":{\"@type\":\"PropertyValueSpecification\",\"valueRequired\":true,\"valueName\":\"search_term_string\"}}],\"inLanguage\":\"fr-FR\"}]}<\/script>\n<!-- \/ Yoast SEO plugin. -->","yoast_head_json":{"title":"Housse de si\u00e8ge de voiture pour si\u00e8ge arri\u00e8re 145 x 140 cm","description":"Housse de si\u00e8ge auto avec tissu CORDURA anti-salissures et micro-polaire isolante sur la partie basse. S\u2019attache avec des sangles et des clips.","robots":{"index":"noindex","follow":"follow","max-snippet":"max-snippet:-1","max-image-preview":"max-image-preview:large","max-video-preview":"max-video-preview:-1"},"og_locale":"fr_FR","og_type":"article","og_title":"Housse de si\u00e8ge de voiture pour si\u00e8ge arri\u00e8re 145 x 140 cm","og_description":"Housse de si\u00e8ge auto avec tissu CORDURA anti-salissures et micro-polaire isolante sur la partie basse. S\u2019attache avec des sangles et des clips.","og_url":"https:\/\/staging.lucky-hunter.com\/fr\/product\/housse-de-siege-de-voiture-pour-siege-arriere\/","og_site_name":"Lucky-Hunter","article_modified_time":"2025-07-01T12:02:11+00:00","og_image":[{"width":612,"height":408,"url":"https:\/\/staging.lucky-hunter.com\/wp-content\/uploads\/2017\/04\/220702-removebg-preview.png","type":"image\/png"}],"twitter_card":"summary_large_image","twitter_misc":{"Dur\u00e9e de lecture estim\u00e9e":"1 minute"},"schema":{"@context":"https:\/\/schema.org","@graph":[{"@type":"WebPage","@id":"https:\/\/staging.lucky-hunter.com\/fr\/product\/housse-de-siege-de-voiture-pour-siege-arriere\/","url":"https:\/\/staging.lucky-hunter.com\/fr\/product\/housse-de-siege-de-voiture-pour-siege-arriere\/","name":"Housse de si\u00e8ge de voiture pour si\u00e8ge arri\u00e8re 145 x 140 cm","isPartOf":{"@id":"https:\/\/staging.lucky-hunter.com\/#website"},"primaryImageOfPage":{"@id":"https:\/\/staging.lucky-hunter.com\/fr\/product\/housse-de-siege-de-voiture-pour-siege-arriere\/#primaryimage"},"image":{"@id":"https:\/\/staging.lucky-hunter.com\/fr\/product\/housse-de-siege-de-voiture-pour-siege-arriere\/#primaryimage"},"thumbnailUrl":"https:\/\/staging.lucky-hunter.com\/wp-content\/uploads\/2017\/04\/220702-removebg-preview.png","datePublished":"2017-04-11T14:41:42+00:00","dateModified":"2025-07-01T12:02:11+00:00","description":"Housse de si\u00e8ge auto avec tissu CORDURA anti-salissures et micro-polaire isolante sur la partie basse. S\u2019attache avec des sangles et des clips.","breadcrumb":{"@id":"https:\/\/staging.lucky-hunter.com\/fr\/product\/housse-de-siege-de-voiture-pour-siege-arriere\/#breadcrumb"},"inLanguage":"fr-FR","potentialAction":[{"@type":"ReadAction","target":["https:\/\/staging.lucky-hunter.com\/fr\/product\/housse-de-siege-de-voiture-pour-siege-arriere\/"]}]},{"@type":"ImageObject","inLanguage":"fr-FR","@id":"https:\/\/staging.lucky-hunter.com\/fr\/product\/housse-de-siege-de-voiture-pour-siege-arriere\/#primaryimage","url":"https:\/\/staging.lucky-hunter.com\/wp-content\/uploads\/2017\/04\/220702-removebg-preview.png","contentUrl":"https:\/\/staging.lucky-hunter.com\/wp-content\/uploads\/2017\/04\/220702-removebg-preview.png","width":612,"height":408},{"@type":"BreadcrumbList","@id":"https:\/\/staging.lucky-hunter.com\/fr\/product\/housse-de-siege-de-voiture-pour-siege-arriere\/#breadcrumb","itemListElement":[{"@type":"ListItem","position":1,"name":"Home","item":"https:\/\/staging.lucky-hunter.com\/fr\/"},{"@type":"ListItem","position":2,"name":"Boutique","item":"https:\/\/staging.lucky-hunter.com\/fr\/shop\/"},{"@type":"ListItem","position":3,"name":"Housse de si\u00e8ge de voiture pour si\u00e8ge arri\u00e8re"}]},{"@type":"WebSite","@id":"https:\/\/staging.lucky-hunter.com\/#website","url":"https:\/\/staging.lucky-hunter.com\/","name":"Lucky-Hunter","description":"Gear Up or Give Up","potentialAction":[{"@type":"SearchAction","target":{"@type":"EntryPoint","urlTemplate":"https:\/\/staging.lucky-hunter.com\/?s={search_term_string}"},"query-input":{"@type":"PropertyValueSpecification","valueRequired":true,"valueName":"search_term_string"}}],"inLanguage":"fr-FR"}]}},"_links":{"self":[{"href":"https:\/\/staging.lucky-hunter.com\/fr\/wp-json\/wp\/v2\/product\/31853"}],"collection":[{"href":"https:\/\/staging.lucky-hunter.com\/fr\/wp-json\/wp\/v2\/product"}],"about":[{"href":"https:\/\/staging.lucky-hunter.com\/fr\/wp-json\/wp\/v2\/types\/product"}],"wp:featuredmedia":[{"embeddable":true,"href":"https:\/\/staging.lucky-hunter.com\/fr\/wp-json\/wp\/v2\/media\/107646"}],"wp:attachment":[{"href":"https:\/\/staging.lucky-hunter.com\/fr\/wp-json\/wp\/v2\/media?parent=31853"}],"wp:term":[{"taxonomy":"product_brand","embeddable":true,"href":"https:\/\/staging.lucky-hunter.com\/fr\/wp-json\/wp\/v2\/product_brand?post=31853"},{"taxonomy":"product_cat","embeddable":true,"href":"https:\/\/staging.lucky-hunter.com\/fr\/wp-json\/wp\/v2\/product_cat?post=31853"},{"taxonomy":"product_tag","embeddable":true,"href":"https:\/\/staging.lucky-hunter.com\/fr\/wp-json\/wp\/v2\/product_tag?post=31853"}],"curies":[{"name":"wp","href":"https:\/\/api.w.org\/{rel}","templated":true}]}}