{"id":31786,"date":"2016-11-07T16:03:53","date_gmt":"2016-11-07T15:03:53","guid":{"rendered":"https:\/\/staging.lucky-hunter.com\/product\/mojo-critter\/"},"modified":"2025-07-08T13:22:58","modified_gmt":"2025-07-08T11:22:58","slug":"fuzzy-critter-pour-la-chasse-au-renard-mojo","status":"publish","type":"product","link":"https:\/\/staging.lucky-hunter.com\/fr\/product\/fuzzy-critter-pour-la-chasse-au-renard-mojo\/","title":{"rendered":"Fuzzy Critter pour la chasse au renard &#8211; MOJO"},"content":{"rendered":"<h2><strong>Nouvelle version du MOJO Critter : la fourrure est de retour<\/strong><\/h2>\n<p>L&#8217;embl\u00e9matique MOJO Critter est d\u2019une efficacit\u00e9 mortelle pour attirer l&#8217;attention de l&#8217;animal et lui faire oublier le chasseur.<\/p>\n<p>Contrairement au mod\u00e8le pr\u00e9c\u00e9dent, le MOJO Critter 2, le mod\u00e8le Fuzzy dispose \u00e0 nouveau de fourrure sur le &#8220;corps&#8221;.<\/p>\n<p>Placez le MOJO Critter sur le sol, \u00e0 une distance de tir appropri\u00e9e selon l&#8217;endroit o\u00f9 vous vous trouvez, et mettez-le en marche.<\/p>\n<p>L&#8217;action cyclique intermittente \u00e9veillera la curiosit\u00e9 des renards et des corbeaux, ce qui les poussera \u00e0 p\u00e9n\u00e9trer dans la zone de chasse \u00e0 la recherche d&#8217;un repas facile. Le MOJO Fuzzy Critter fonctionne avec 4 piles AA de bonne qualit\u00e9 (non incluses).<\/p>\n<p>Le corps est durable et robuste mais toujours l\u00e9ger. Il dispose d\u2019un tr\u00e9pied int\u00e9gr\u00e9 pour un positionnement facile.<\/p>\n<p>ASTUCE &#8211; Essayez le MOJO Fuzzy Critter combin\u00e9 \u00e0 une forme de hibou et \u00e0 l\u2019appeau Dan Thompson pour augmenter consid\u00e9rablement vos chances. Gardez \u00e0 l&#8217;esprit que, malgr\u00e9 la diversion op\u00e9r\u00e9e par le Critter, de nombreux pr\u00e9dateurs seront conscients de l&#8217;origine du son. Veillez \u00e0 vous camoufler efficacement dans votre environnement.<\/p>\n","protected":false},"excerpt":{"rendered":"<p>L&#8217;action cyclique intermittente du Critter \u00e9veillera la curiosit\u00e9 des renards et des corbeaux, ce qui les poussera \u00e0 p\u00e9n\u00e9trer dans la zone de chasse \u00e0 la recherche d&#8217;un repas facile.<\/p>\n","protected":false},"featured_media":30279,"template":"","meta":[],"product_brand":[8122],"product_cat":[8239],"product_tag":[9443,9445],"yoast_head":"<!-- This site is optimized with the Yoast SEO plugin v24.3 - https:\/\/yoast.com\/wordpress\/plugins\/seo\/ -->\n<title>Fuzzy Critter pour la chasse au renard - MOJO<\/title>\n<meta name=\"description\" content=\"La fourrure est de retour ! Le leurre pr\u00e9dateur MOJO Fuzzy Critter est l\u00e9ger, portable, simple et abordable.\" \/>\n<meta name=\"robots\" content=\"noindex, follow, max-snippet:-1, max-image-preview:large, max-video-preview:-1\" \/>\n<meta property=\"og:locale\" content=\"fr_FR\" \/>\n<meta property=\"og:type\" content=\"article\" \/>\n<meta property=\"og:title\" content=\"MOJO Critter 2. Attirez et retenez l&#039;attention du pr\u00e9dateur | Chasseur chanceux\" \/>\n<meta property=\"og:description\" content=\"Retenez l&#039;attention de votre proie avec le MOJO Critter 2. L&#039;action cyclique du Critter garde l&#039;attention de votre proie, donc les projecteurs ne sont pas sur vous.\" \/>\n<meta property=\"og:url\" content=\"https:\/\/staging.lucky-hunter.com\/fr\/product\/fuzzy-critter-pour-la-chasse-au-renard-mojo\/\" \/>\n<meta property=\"og:site_name\" content=\"Lucky-Hunter\" \/>\n<meta property=\"article:modified_time\" content=\"2025-07-08T11:22:58+00:00\" \/>\n<meta property=\"og:image\" content=\"https:\/\/staging.lucky-hunter.com\/wp-content\/uploads\/2016\/11\/510447.png\" \/>\n\t<meta property=\"og:image:width\" content=\"1000\" \/>\n\t<meta property=\"og:image:height\" content=\"1000\" \/>\n\t<meta property=\"og:image:type\" content=\"image\/png\" \/>\n<meta name=\"twitter:card\" content=\"summary_large_image\" \/>\n<meta name=\"twitter:title\" content=\"MOJO Critter 2 | Chasseur chanceux\" \/>\n<meta name=\"twitter:description\" content=\"Retenez l&#039;attention de votre proie avec le MOJO Critter 2. L&#039;action cyclique du Critter garde l&#039;attention de votre proie.\" \/>\n<meta name=\"twitter:label1\" content=\"Dur\u00e9e de lecture estim\u00e9e\" \/>\n\t<meta name=\"twitter:data1\" content=\"1 minute\" \/>\n<script type=\"application\/ld+json\" class=\"yoast-schema-graph\">{\"@context\":\"https:\/\/schema.org\",\"@graph\":[{\"@type\":\"WebPage\",\"@id\":\"https:\/\/staging.lucky-hunter.com\/fr\/product\/fuzzy-critter-pour-la-chasse-au-renard-mojo\/\",\"url\":\"https:\/\/staging.lucky-hunter.com\/fr\/product\/fuzzy-critter-pour-la-chasse-au-renard-mojo\/\",\"name\":\"Fuzzy Critter pour la chasse au renard - MOJO\",\"isPartOf\":{\"@id\":\"https:\/\/staging.lucky-hunter.com\/#website\"},\"primaryImageOfPage\":{\"@id\":\"https:\/\/staging.lucky-hunter.com\/fr\/product\/fuzzy-critter-pour-la-chasse-au-renard-mojo\/#primaryimage\"},\"image\":{\"@id\":\"https:\/\/staging.lucky-hunter.com\/fr\/product\/fuzzy-critter-pour-la-chasse-au-renard-mojo\/#primaryimage\"},\"thumbnailUrl\":\"https:\/\/staging.lucky-hunter.com\/wp-content\/uploads\/2016\/11\/510447.png\",\"datePublished\":\"2016-11-07T15:03:53+00:00\",\"dateModified\":\"2025-07-08T11:22:58+00:00\",\"description\":\"La fourrure est de retour ! Le leurre pr\u00e9dateur MOJO Fuzzy Critter est l\u00e9ger, portable, simple et abordable.\",\"breadcrumb\":{\"@id\":\"https:\/\/staging.lucky-hunter.com\/fr\/product\/fuzzy-critter-pour-la-chasse-au-renard-mojo\/#breadcrumb\"},\"inLanguage\":\"fr-FR\",\"potentialAction\":[{\"@type\":\"ReadAction\",\"target\":[\"https:\/\/staging.lucky-hunter.com\/fr\/product\/fuzzy-critter-pour-la-chasse-au-renard-mojo\/\"]}]},{\"@type\":\"ImageObject\",\"inLanguage\":\"fr-FR\",\"@id\":\"https:\/\/staging.lucky-hunter.com\/fr\/product\/fuzzy-critter-pour-la-chasse-au-renard-mojo\/#primaryimage\",\"url\":\"https:\/\/staging.lucky-hunter.com\/wp-content\/uploads\/2016\/11\/510447.png\",\"contentUrl\":\"https:\/\/staging.lucky-hunter.com\/wp-content\/uploads\/2016\/11\/510447.png\",\"width\":1000,\"height\":1000},{\"@type\":\"BreadcrumbList\",\"@id\":\"https:\/\/staging.lucky-hunter.com\/fr\/product\/fuzzy-critter-pour-la-chasse-au-renard-mojo\/#breadcrumb\",\"itemListElement\":[{\"@type\":\"ListItem\",\"position\":1,\"name\":\"Home\",\"item\":\"https:\/\/staging.lucky-hunter.com\/fr\/\"},{\"@type\":\"ListItem\",\"position\":2,\"name\":\"Boutique\",\"item\":\"https:\/\/staging.lucky-hunter.com\/fr\/shop\/\"},{\"@type\":\"ListItem\",\"position\":3,\"name\":\"Fuzzy Critter pour la chasse au renard &#8211; MOJO\"}]},{\"@type\":\"WebSite\",\"@id\":\"https:\/\/staging.lucky-hunter.com\/#website\",\"url\":\"https:\/\/staging.lucky-hunter.com\/\",\"name\":\"Lucky-Hunter\",\"description\":\"Gear Up or Give Up\",\"potentialAction\":[{\"@type\":\"SearchAction\",\"target\":{\"@type\":\"EntryPoint\",\"urlTemplate\":\"https:\/\/staging.lucky-hunter.com\/?s={search_term_string}\"},\"query-input\":{\"@type\":\"PropertyValueSpecification\",\"valueRequired\":true,\"valueName\":\"search_term_string\"}}],\"inLanguage\":\"fr-FR\"}]}<\/script>\n<!-- \/ Yoast SEO plugin. -->","yoast_head_json":{"title":"Fuzzy Critter pour la chasse au renard - MOJO","description":"La fourrure est de retour ! Le leurre pr\u00e9dateur MOJO Fuzzy Critter est l\u00e9ger, portable, simple et abordable.","robots":{"index":"noindex","follow":"follow","max-snippet":"max-snippet:-1","max-image-preview":"max-image-preview:large","max-video-preview":"max-video-preview:-1"},"og_locale":"fr_FR","og_type":"article","og_title":"MOJO Critter 2. Attirez et retenez l'attention du pr\u00e9dateur | Chasseur chanceux","og_description":"Retenez l'attention de votre proie avec le MOJO Critter 2. L'action cyclique du Critter garde l'attention de votre proie, donc les projecteurs ne sont pas sur vous.","og_url":"https:\/\/staging.lucky-hunter.com\/fr\/product\/fuzzy-critter-pour-la-chasse-au-renard-mojo\/","og_site_name":"Lucky-Hunter","article_modified_time":"2025-07-08T11:22:58+00:00","og_image":[{"width":1000,"height":1000,"url":"https:\/\/staging.lucky-hunter.com\/wp-content\/uploads\/2016\/11\/510447.png","type":"image\/png"}],"twitter_card":"summary_large_image","twitter_title":"MOJO Critter 2 | Chasseur chanceux","twitter_description":"Retenez l'attention de votre proie avec le MOJO Critter 2. L'action cyclique du Critter garde l'attention de votre proie.","twitter_misc":{"Dur\u00e9e de lecture estim\u00e9e":"1 minute"},"schema":{"@context":"https:\/\/schema.org","@graph":[{"@type":"WebPage","@id":"https:\/\/staging.lucky-hunter.com\/fr\/product\/fuzzy-critter-pour-la-chasse-au-renard-mojo\/","url":"https:\/\/staging.lucky-hunter.com\/fr\/product\/fuzzy-critter-pour-la-chasse-au-renard-mojo\/","name":"Fuzzy Critter pour la chasse au renard - MOJO","isPartOf":{"@id":"https:\/\/staging.lucky-hunter.com\/#website"},"primaryImageOfPage":{"@id":"https:\/\/staging.lucky-hunter.com\/fr\/product\/fuzzy-critter-pour-la-chasse-au-renard-mojo\/#primaryimage"},"image":{"@id":"https:\/\/staging.lucky-hunter.com\/fr\/product\/fuzzy-critter-pour-la-chasse-au-renard-mojo\/#primaryimage"},"thumbnailUrl":"https:\/\/staging.lucky-hunter.com\/wp-content\/uploads\/2016\/11\/510447.png","datePublished":"2016-11-07T15:03:53+00:00","dateModified":"2025-07-08T11:22:58+00:00","description":"La fourrure est de retour ! Le leurre pr\u00e9dateur MOJO Fuzzy Critter est l\u00e9ger, portable, simple et abordable.","breadcrumb":{"@id":"https:\/\/staging.lucky-hunter.com\/fr\/product\/fuzzy-critter-pour-la-chasse-au-renard-mojo\/#breadcrumb"},"inLanguage":"fr-FR","potentialAction":[{"@type":"ReadAction","target":["https:\/\/staging.lucky-hunter.com\/fr\/product\/fuzzy-critter-pour-la-chasse-au-renard-mojo\/"]}]},{"@type":"ImageObject","inLanguage":"fr-FR","@id":"https:\/\/staging.lucky-hunter.com\/fr\/product\/fuzzy-critter-pour-la-chasse-au-renard-mojo\/#primaryimage","url":"https:\/\/staging.lucky-hunter.com\/wp-content\/uploads\/2016\/11\/510447.png","contentUrl":"https:\/\/staging.lucky-hunter.com\/wp-content\/uploads\/2016\/11\/510447.png","width":1000,"height":1000},{"@type":"BreadcrumbList","@id":"https:\/\/staging.lucky-hunter.com\/fr\/product\/fuzzy-critter-pour-la-chasse-au-renard-mojo\/#breadcrumb","itemListElement":[{"@type":"ListItem","position":1,"name":"Home","item":"https:\/\/staging.lucky-hunter.com\/fr\/"},{"@type":"ListItem","position":2,"name":"Boutique","item":"https:\/\/staging.lucky-hunter.com\/fr\/shop\/"},{"@type":"ListItem","position":3,"name":"Fuzzy Critter pour la chasse au renard &#8211; MOJO"}]},{"@type":"WebSite","@id":"https:\/\/staging.lucky-hunter.com\/#website","url":"https:\/\/staging.lucky-hunter.com\/","name":"Lucky-Hunter","description":"Gear Up or Give Up","potentialAction":[{"@type":"SearchAction","target":{"@type":"EntryPoint","urlTemplate":"https:\/\/staging.lucky-hunter.com\/?s={search_term_string}"},"query-input":{"@type":"PropertyValueSpecification","valueRequired":true,"valueName":"search_term_string"}}],"inLanguage":"fr-FR"}]}},"_links":{"self":[{"href":"https:\/\/staging.lucky-hunter.com\/fr\/wp-json\/wp\/v2\/product\/31786"}],"collection":[{"href":"https:\/\/staging.lucky-hunter.com\/fr\/wp-json\/wp\/v2\/product"}],"about":[{"href":"https:\/\/staging.lucky-hunter.com\/fr\/wp-json\/wp\/v2\/types\/product"}],"wp:featuredmedia":[{"embeddable":true,"href":"https:\/\/staging.lucky-hunter.com\/fr\/wp-json\/wp\/v2\/media\/30279"}],"wp:attachment":[{"href":"https:\/\/staging.lucky-hunter.com\/fr\/wp-json\/wp\/v2\/media?parent=31786"}],"wp:term":[{"taxonomy":"product_brand","embeddable":true,"href":"https:\/\/staging.lucky-hunter.com\/fr\/wp-json\/wp\/v2\/product_brand?post=31786"},{"taxonomy":"product_cat","embeddable":true,"href":"https:\/\/staging.lucky-hunter.com\/fr\/wp-json\/wp\/v2\/product_cat?post=31786"},{"taxonomy":"product_tag","embeddable":true,"href":"https:\/\/staging.lucky-hunter.com\/fr\/wp-json\/wp\/v2\/product_tag?post=31786"}],"curies":[{"name":"wp","href":"https:\/\/api.w.org\/{rel}","templated":true}]}}