{"id":31785,"date":"2016-11-07T16:17:49","date_gmt":"2016-11-07T15:17:49","guid":{"rendered":"https:\/\/staging.lucky-hunter.com\/product\/swan-seagull-windsock-decoy\/"},"modified":"2025-07-02T11:38:17","modified_gmt":"2025-07-02T09:38:17","slug":"forme-manche-a-air-cygne-mouette","status":"publish","type":"product","link":"https:\/\/staging.lucky-hunter.com\/fr\/product\/forme-manche-a-air-cygne-mouette\/","title":{"rendered":"Forme Manche \u00e0 Air Cygne \/ Mouette"},"content":{"rendered":"<p><iframe title=\"Swan \/ Seagull windsock decoy | Decoy for goose &amp; crow hunting\" width=\"1020\" height=\"574\" src=\"https:\/\/www.youtube.com\/embed\/h20KS4si4ao?wmode=transparent&amp;rel=0&amp;feature=oembed&#038;enablejsapi=1&#038;origin=https:\/\/staging.lucky-hunter.com\" frameborder=\"0\" allow=\"accelerometer; autoplay; clipboard-write; encrypted-media; gyroscope; picture-in-picture; web-share\" referrerpolicy=\"strict-origin-when-cross-origin\" allowfullscreen><\/iframe><\/p>\n<p>Cette manche \u00e0 air blanche est parfaite pour attirer l\u2019attention des oies ou des corbeaux pendant la chasse.<\/p>\n<p>La forme imite un cygne ou une mouette se d\u00e9pla\u00e7ant dans le champ, ce qui indique aux oies migratrices et aux corbeaux qu&#8217;il y a de la nourriture et qu&#8217;ils peuvent atterrir en toute s\u00e9curit\u00e9.<\/p>\n<p>Ces manches \u00e0 air sont faites en tyvek, une sorte de tissu plastique qui est notamment utilis\u00e9 pour la fabrication des pare-brises, des combinaisons de s\u00e9curit\u00e9 jetables, et pour la construction des maisons. Le mat\u00e9riau est incroyablement durable et l\u00e9ger, de sorte que la forme peut flotter dans le vent et attirer l&#8217;attention des oiseaux sauvages.<\/p>\n<p>Bien que sans t\u00eate, ce leurre manche \u00e0 air est tr\u00e8s efficace gr\u00e2ce \u00e0 son mouvement naturel. Il suffit de la placer parmi les autres formes pour donner vie \u00e0 tout le groupe.<\/p>\n<p>C\u2019est une option facile et bon march\u00e9 pour augmenter consid\u00e9rablement l\u2019efficacit\u00e9 de vos leurres.<\/p>\n<p>Vendu \u00e0 l\u2019unit\u00e9.<\/p>\n","protected":false},"excerpt":{"rendered":"<p>La forme imite un cygne ou une mouette se d\u00e9pla\u00e7ant dans le champ, ce qui indique aux oies migratrices et aux corbeaux qu&#8217;il y a de la nourriture et qu&#8217;ils peuvent atterrir en toute s\u00e9curit\u00e9.<\/p>\n","protected":false},"featured_media":28931,"template":"","meta":[],"product_brand":[],"product_cat":[9327],"product_tag":[9235,9443],"yoast_head":"<!-- This site is optimized with the Yoast SEO plugin v24.3 - https:\/\/yoast.com\/wordpress\/plugins\/seo\/ -->\n<title>Forme Manche \u00e0 Air Cygne \/ Mouette<\/title>\n<meta name=\"description\" content=\"Cette manche \u00e0 air blanche est parfaite pour attirer l\u2019attention des oies ou des corbeaux pendant la chasse. Un moyen simple et peu co\u00fbteux de rendre vos leurres plus efficaces.\" \/>\n<meta name=\"robots\" content=\"noindex, follow, max-snippet:-1, max-image-preview:large, max-video-preview:-1\" \/>\n<meta property=\"og:locale\" content=\"fr_FR\" \/>\n<meta property=\"og:type\" content=\"article\" \/>\n<meta property=\"og:title\" content=\"Forme Manche \u00e0 Air Cygne \/ Mouette\" \/>\n<meta property=\"og:description\" content=\"Cette manche \u00e0 air blanche est parfaite pour attirer l\u2019attention des oies ou des corbeaux pendant la chasse. Un moyen simple et peu co\u00fbteux de rendre vos leurres plus efficaces.\" \/>\n<meta property=\"og:url\" content=\"https:\/\/staging.lucky-hunter.com\/product\/swan-seagull-windsock-decoy\/\" \/>\n<meta property=\"og:site_name\" content=\"Lucky-Hunter\" \/>\n<meta property=\"article:modified_time\" content=\"2025-07-02T09:38:17+00:00\" \/>\n<meta property=\"og:image\" content=\"https:\/\/staging.lucky-hunter.com\/wp-content\/uploads\/2017\/06\/LF-175.png\" \/>\n\t<meta property=\"og:image:width\" content=\"1000\" \/>\n\t<meta property=\"og:image:height\" content=\"1000\" \/>\n\t<meta property=\"og:image:type\" content=\"image\/png\" \/>\n<meta name=\"twitter:card\" content=\"summary_large_image\" \/>\n<meta name=\"twitter:label1\" content=\"Dur\u00e9e de lecture estim\u00e9e\" \/>\n\t<meta name=\"twitter:data1\" content=\"1 minute\" \/>\n<script type=\"application\/ld+json\" class=\"yoast-schema-graph\">{\"@context\":\"https:\/\/schema.org\",\"@graph\":[{\"@type\":\"WebPage\",\"@id\":\"https:\/\/staging.lucky-hunter.com\/product\/swan-seagull-windsock-decoy\/\",\"url\":\"https:\/\/staging.lucky-hunter.com\/product\/swan-seagull-windsock-decoy\/\",\"name\":\"Forme Manche \u00e0 Air Cygne \/ Mouette\",\"isPartOf\":{\"@id\":\"https:\/\/staging.lucky-hunter.com\/#website\"},\"primaryImageOfPage\":{\"@id\":\"https:\/\/staging.lucky-hunter.com\/product\/swan-seagull-windsock-decoy\/#primaryimage\"},\"image\":{\"@id\":\"https:\/\/staging.lucky-hunter.com\/product\/swan-seagull-windsock-decoy\/#primaryimage\"},\"thumbnailUrl\":\"https:\/\/staging.lucky-hunter.com\/wp-content\/uploads\/2017\/06\/LF-175.png\",\"datePublished\":\"2016-11-07T15:17:49+00:00\",\"dateModified\":\"2025-07-02T09:38:17+00:00\",\"description\":\"Cette manche \u00e0 air blanche est parfaite pour attirer l\u2019attention des oies ou des corbeaux pendant la chasse. Un moyen simple et peu co\u00fbteux de rendre vos leurres plus efficaces.\",\"breadcrumb\":{\"@id\":\"https:\/\/staging.lucky-hunter.com\/product\/swan-seagull-windsock-decoy\/#breadcrumb\"},\"inLanguage\":\"fr-FR\",\"potentialAction\":[{\"@type\":\"ReadAction\",\"target\":[\"https:\/\/staging.lucky-hunter.com\/product\/swan-seagull-windsock-decoy\/\"]}]},{\"@type\":\"ImageObject\",\"inLanguage\":\"fr-FR\",\"@id\":\"https:\/\/staging.lucky-hunter.com\/product\/swan-seagull-windsock-decoy\/#primaryimage\",\"url\":\"https:\/\/staging.lucky-hunter.com\/wp-content\/uploads\/2017\/06\/LF-175.png\",\"contentUrl\":\"https:\/\/staging.lucky-hunter.com\/wp-content\/uploads\/2017\/06\/LF-175.png\",\"width\":1000,\"height\":1000},{\"@type\":\"BreadcrumbList\",\"@id\":\"https:\/\/staging.lucky-hunter.com\/product\/swan-seagull-windsock-decoy\/#breadcrumb\",\"itemListElement\":[{\"@type\":\"ListItem\",\"position\":1,\"name\":\"Home\",\"item\":\"https:\/\/staging.lucky-hunter.com\/fr\/\"},{\"@type\":\"ListItem\",\"position\":2,\"name\":\"Boutique\",\"item\":\"https:\/\/staging.lucky-hunter.com\/fr\/shop\/\"},{\"@type\":\"ListItem\",\"position\":3,\"name\":\"Forme Manche \u00e0 Air Cygne \/ Mouette\"}]},{\"@type\":\"WebSite\",\"@id\":\"https:\/\/staging.lucky-hunter.com\/#website\",\"url\":\"https:\/\/staging.lucky-hunter.com\/\",\"name\":\"Lucky-Hunter\",\"description\":\"Gear Up or Give Up\",\"potentialAction\":[{\"@type\":\"SearchAction\",\"target\":{\"@type\":\"EntryPoint\",\"urlTemplate\":\"https:\/\/staging.lucky-hunter.com\/?s={search_term_string}\"},\"query-input\":{\"@type\":\"PropertyValueSpecification\",\"valueRequired\":true,\"valueName\":\"search_term_string\"}}],\"inLanguage\":\"fr-FR\"}]}<\/script>\n<!-- \/ Yoast SEO plugin. -->","yoast_head_json":{"title":"Forme Manche \u00e0 Air Cygne \/ Mouette","description":"Cette manche \u00e0 air blanche est parfaite pour attirer l\u2019attention des oies ou des corbeaux pendant la chasse. Un moyen simple et peu co\u00fbteux de rendre vos leurres plus efficaces.","robots":{"index":"noindex","follow":"follow","max-snippet":"max-snippet:-1","max-image-preview":"max-image-preview:large","max-video-preview":"max-video-preview:-1"},"og_locale":"fr_FR","og_type":"article","og_title":"Forme Manche \u00e0 Air Cygne \/ Mouette","og_description":"Cette manche \u00e0 air blanche est parfaite pour attirer l\u2019attention des oies ou des corbeaux pendant la chasse. Un moyen simple et peu co\u00fbteux de rendre vos leurres plus efficaces.","og_url":"https:\/\/staging.lucky-hunter.com\/product\/swan-seagull-windsock-decoy\/","og_site_name":"Lucky-Hunter","article_modified_time":"2025-07-02T09:38:17+00:00","og_image":[{"width":1000,"height":1000,"url":"https:\/\/staging.lucky-hunter.com\/wp-content\/uploads\/2017\/06\/LF-175.png","type":"image\/png"}],"twitter_card":"summary_large_image","twitter_misc":{"Dur\u00e9e de lecture estim\u00e9e":"1 minute"},"schema":{"@context":"https:\/\/schema.org","@graph":[{"@type":"WebPage","@id":"https:\/\/staging.lucky-hunter.com\/product\/swan-seagull-windsock-decoy\/","url":"https:\/\/staging.lucky-hunter.com\/product\/swan-seagull-windsock-decoy\/","name":"Forme Manche \u00e0 Air Cygne \/ Mouette","isPartOf":{"@id":"https:\/\/staging.lucky-hunter.com\/#website"},"primaryImageOfPage":{"@id":"https:\/\/staging.lucky-hunter.com\/product\/swan-seagull-windsock-decoy\/#primaryimage"},"image":{"@id":"https:\/\/staging.lucky-hunter.com\/product\/swan-seagull-windsock-decoy\/#primaryimage"},"thumbnailUrl":"https:\/\/staging.lucky-hunter.com\/wp-content\/uploads\/2017\/06\/LF-175.png","datePublished":"2016-11-07T15:17:49+00:00","dateModified":"2025-07-02T09:38:17+00:00","description":"Cette manche \u00e0 air blanche est parfaite pour attirer l\u2019attention des oies ou des corbeaux pendant la chasse. Un moyen simple et peu co\u00fbteux de rendre vos leurres plus efficaces.","breadcrumb":{"@id":"https:\/\/staging.lucky-hunter.com\/product\/swan-seagull-windsock-decoy\/#breadcrumb"},"inLanguage":"fr-FR","potentialAction":[{"@type":"ReadAction","target":["https:\/\/staging.lucky-hunter.com\/product\/swan-seagull-windsock-decoy\/"]}]},{"@type":"ImageObject","inLanguage":"fr-FR","@id":"https:\/\/staging.lucky-hunter.com\/product\/swan-seagull-windsock-decoy\/#primaryimage","url":"https:\/\/staging.lucky-hunter.com\/wp-content\/uploads\/2017\/06\/LF-175.png","contentUrl":"https:\/\/staging.lucky-hunter.com\/wp-content\/uploads\/2017\/06\/LF-175.png","width":1000,"height":1000},{"@type":"BreadcrumbList","@id":"https:\/\/staging.lucky-hunter.com\/product\/swan-seagull-windsock-decoy\/#breadcrumb","itemListElement":[{"@type":"ListItem","position":1,"name":"Home","item":"https:\/\/staging.lucky-hunter.com\/fr\/"},{"@type":"ListItem","position":2,"name":"Boutique","item":"https:\/\/staging.lucky-hunter.com\/fr\/shop\/"},{"@type":"ListItem","position":3,"name":"Forme Manche \u00e0 Air Cygne \/ Mouette"}]},{"@type":"WebSite","@id":"https:\/\/staging.lucky-hunter.com\/#website","url":"https:\/\/staging.lucky-hunter.com\/","name":"Lucky-Hunter","description":"Gear Up or Give Up","potentialAction":[{"@type":"SearchAction","target":{"@type":"EntryPoint","urlTemplate":"https:\/\/staging.lucky-hunter.com\/?s={search_term_string}"},"query-input":{"@type":"PropertyValueSpecification","valueRequired":true,"valueName":"search_term_string"}}],"inLanguage":"fr-FR"}]}},"_links":{"self":[{"href":"https:\/\/staging.lucky-hunter.com\/fr\/wp-json\/wp\/v2\/product\/31785"}],"collection":[{"href":"https:\/\/staging.lucky-hunter.com\/fr\/wp-json\/wp\/v2\/product"}],"about":[{"href":"https:\/\/staging.lucky-hunter.com\/fr\/wp-json\/wp\/v2\/types\/product"}],"wp:featuredmedia":[{"embeddable":true,"href":"https:\/\/staging.lucky-hunter.com\/fr\/wp-json\/wp\/v2\/media\/28931"}],"wp:attachment":[{"href":"https:\/\/staging.lucky-hunter.com\/fr\/wp-json\/wp\/v2\/media?parent=31785"}],"wp:term":[{"taxonomy":"product_brand","embeddable":true,"href":"https:\/\/staging.lucky-hunter.com\/fr\/wp-json\/wp\/v2\/product_brand?post=31785"},{"taxonomy":"product_cat","embeddable":true,"href":"https:\/\/staging.lucky-hunter.com\/fr\/wp-json\/wp\/v2\/product_cat?post=31785"},{"taxonomy":"product_tag","embeddable":true,"href":"https:\/\/staging.lucky-hunter.com\/fr\/wp-json\/wp\/v2\/product_tag?post=31785"}],"curies":[{"name":"wp","href":"https:\/\/api.w.org\/{rel}","templated":true}]}}