{"id":31784,"date":"2017-04-07T14:02:56","date_gmt":"2017-04-07T12:02:56","guid":{"rendered":"https:\/\/staging.lucky-hunter.com\/product\/rigem-right-step-jerk-rig\/"},"modified":"2023-09-18T13:45:50","modified_gmt":"2023-09-18T11:45:50","slug":"rigem-right-step-jerk-rig","status":"publish","type":"product","link":"https:\/\/staging.lucky-hunter.com\/fr\/product\/rigem-right-step-jerk-rig\/","title":{"rendered":"Rig&#8217;Em Right Step Up Jerk Rig"},"content":{"rendered":"<div class=\"video video-fit mb\" style=\"padding-top:56.25%;\"><p><iframe width=\"1020\" height=\"574\" src=\"https:\/\/www.youtube.com\/embed\/cb2Zhh6RKlE?wmode=transparent&amp;rel=0&amp;feature=oembed\" frameborder=\"0\" allowfullscreen><\/iframe><\/p>\n<\/div>\n<h2><strong>D\u00e9sormais disponible en Europe<\/strong><\/h2>\n<p>Avec le Jerk Rig de Rig&#8217;Em Right, vous aurez une longueur d\u2019avance sur les autres chasseurs d&#8217;oiseaux.<\/p>\n<p>Le mouvement parmi vos formes est essentiel pour attirer l&#8217;attention des canards sauvages.<\/p>\n<p>Ce Rig est l&#8217;outil ultime pour ceux qui veulent donner un mouvement naturel \u00e0 un groupe de formes inanim\u00e9es.<\/p>\n<p>Depuis de nombreuses ann\u00e9es, les chasseurs de canards am\u00e9ricains utilisent cette technique particuli\u00e8re qui leur a permis de tromper et d\u2019abattre des dizaines de canards.<\/p>\n<p>Le fonctionnement est on ne peut plus simple : il suffit d\u2019attacher quatre formes \u00e0 la ligne principale gr\u00e2ce aux \u00e9merillons ferm\u00e9s avec crochet. L&#8217;ancre est attach\u00e9e \u00e0 l&#8217;autre extr\u00e9mit\u00e9 et plac\u00e9e \u00e0 une distance ad\u00e9quate de l\u2019aff\u00fbt ou de la barge.<\/p>\n<p>Pendant la chasse, il suffit de tirer la poign\u00e9e pour mettre en mouvement les 4 formes.<\/p>\n<p>Simple mais d\u2019une efficacit\u00e9 mortelle !<\/p>\n<p><strong>Le kit se compose de :<\/strong><\/p>\n<ul>\n<li>Une solide ligne principale de 30 m\u00e8tres<\/li>\n<li>4 \u00e9merillons de derni\u00e8re g\u00e9n\u00e9ration avec crochets pour fixer les formes \u00e0 la ligne principale facilement et rapidement<\/li>\n<li>Une ancre de 700 grammes<\/li>\n<li>Un sac de transport pour l&#8217;ensemble.<\/li>\n<\/ul>\n<p>Remarque &#8211; Fonctionne mieux lorsque la profondeur de l\u2019eau est inf\u00e9rieure \u00e0 1,5 m\u00e8tre.<\/p>\n","protected":false},"excerpt":{"rendered":"<p>Ce Rig est l&#8217;outil ultime pour ceux qui veulent donner un mouvement naturel \u00e0 un groupe de formes inanim\u00e9es.\u00a0Pendant la chasse, il suffit de tirer la poign\u00e9e pour mettre en mouvement les 4 formes.<\/p>\n","protected":false},"featured_media":29403,"template":"","meta":[],"product_brand":[8127],"product_cat":[8165],"product_tag":[],"yoast_head":"<!-- This site is optimized with the Yoast SEO plugin v24.3 - https:\/\/yoast.com\/wordpress\/plugins\/seo\/ -->\n<title>Rig&#039;Em Right Step Up Jerk Rig - Maintenant disponible en Europe<\/title>\n<meta name=\"description\" content=\"Ce Rig est l&#039;outil ultime pour ceux qui veulent donner un mouvement naturel \u00e0 un groupe de formes inanim\u00e9es. Mise en mouvement facile de 4 leurres.\" \/>\n<meta name=\"robots\" content=\"noindex, follow, max-snippet:-1, max-image-preview:large, max-video-preview:-1\" \/>\n<meta property=\"og:locale\" content=\"fr_FR\" \/>\n<meta property=\"og:type\" content=\"article\" \/>\n<meta property=\"og:title\" content=\"Rig&#039;Em Right Step Up Jerk Rig - Maintenant disponible en Europe\" \/>\n<meta property=\"og:description\" content=\"Ce Rig est l&#039;outil ultime pour ceux qui veulent donner un mouvement naturel \u00e0 un groupe de formes inanim\u00e9es. Mise en mouvement facile de 4 leurres.\" \/>\n<meta property=\"og:url\" content=\"https:\/\/staging.lucky-hunter.com\/fr\/product\/rigem-right-step-jerk-rig\/\" \/>\n<meta property=\"og:site_name\" content=\"Lucky-Hunter\" \/>\n<meta property=\"article:modified_time\" content=\"2023-09-18T11:45:50+00:00\" \/>\n<meta property=\"og:image\" content=\"https:\/\/staging.lucky-hunter.com\/wp-content\/uploads\/2017\/04\/LF-405.png\" \/>\n\t<meta property=\"og:image:width\" content=\"1000\" \/>\n\t<meta property=\"og:image:height\" content=\"1000\" \/>\n\t<meta property=\"og:image:type\" content=\"image\/png\" \/>\n<meta name=\"twitter:card\" content=\"summary_large_image\" \/>\n<meta name=\"twitter:label1\" content=\"Dur\u00e9e de lecture estim\u00e9e\" \/>\n\t<meta name=\"twitter:data1\" content=\"1 minute\" \/>\n<script type=\"application\/ld+json\" class=\"yoast-schema-graph\">{\"@context\":\"https:\/\/schema.org\",\"@graph\":[{\"@type\":\"WebPage\",\"@id\":\"https:\/\/staging.lucky-hunter.com\/fr\/product\/rigem-right-step-jerk-rig\/\",\"url\":\"https:\/\/staging.lucky-hunter.com\/fr\/product\/rigem-right-step-jerk-rig\/\",\"name\":\"Rig'Em Right Step Up Jerk Rig - Maintenant disponible en Europe\",\"isPartOf\":{\"@id\":\"https:\/\/staging.lucky-hunter.com\/#website\"},\"primaryImageOfPage\":{\"@id\":\"https:\/\/staging.lucky-hunter.com\/fr\/product\/rigem-right-step-jerk-rig\/#primaryimage\"},\"image\":{\"@id\":\"https:\/\/staging.lucky-hunter.com\/fr\/product\/rigem-right-step-jerk-rig\/#primaryimage\"},\"thumbnailUrl\":\"https:\/\/staging.lucky-hunter.com\/wp-content\/uploads\/2017\/04\/LF-405.png\",\"datePublished\":\"2017-04-07T12:02:56+00:00\",\"dateModified\":\"2023-09-18T11:45:50+00:00\",\"description\":\"Ce Rig est l'outil ultime pour ceux qui veulent donner un mouvement naturel \u00e0 un groupe de formes inanim\u00e9es. Mise en mouvement facile de 4 leurres.\",\"breadcrumb\":{\"@id\":\"https:\/\/staging.lucky-hunter.com\/fr\/product\/rigem-right-step-jerk-rig\/#breadcrumb\"},\"inLanguage\":\"fr-FR\",\"potentialAction\":[{\"@type\":\"ReadAction\",\"target\":[\"https:\/\/staging.lucky-hunter.com\/fr\/product\/rigem-right-step-jerk-rig\/\"]}]},{\"@type\":\"ImageObject\",\"inLanguage\":\"fr-FR\",\"@id\":\"https:\/\/staging.lucky-hunter.com\/fr\/product\/rigem-right-step-jerk-rig\/#primaryimage\",\"url\":\"https:\/\/staging.lucky-hunter.com\/wp-content\/uploads\/2017\/04\/LF-405.png\",\"contentUrl\":\"https:\/\/staging.lucky-hunter.com\/wp-content\/uploads\/2017\/04\/LF-405.png\",\"width\":1000,\"height\":1000},{\"@type\":\"BreadcrumbList\",\"@id\":\"https:\/\/staging.lucky-hunter.com\/fr\/product\/rigem-right-step-jerk-rig\/#breadcrumb\",\"itemListElement\":[{\"@type\":\"ListItem\",\"position\":1,\"name\":\"Home\",\"item\":\"https:\/\/staging.lucky-hunter.com\/fr\/\"},{\"@type\":\"ListItem\",\"position\":2,\"name\":\"Boutique\",\"item\":\"https:\/\/staging.lucky-hunter.com\/fr\/shop\/\"},{\"@type\":\"ListItem\",\"position\":3,\"name\":\"Rig&#8217;Em Right Step Up Jerk Rig\"}]},{\"@type\":\"WebSite\",\"@id\":\"https:\/\/staging.lucky-hunter.com\/#website\",\"url\":\"https:\/\/staging.lucky-hunter.com\/\",\"name\":\"Lucky-Hunter\",\"description\":\"Gear Up or Give Up\",\"potentialAction\":[{\"@type\":\"SearchAction\",\"target\":{\"@type\":\"EntryPoint\",\"urlTemplate\":\"https:\/\/staging.lucky-hunter.com\/?s={search_term_string}\"},\"query-input\":{\"@type\":\"PropertyValueSpecification\",\"valueRequired\":true,\"valueName\":\"search_term_string\"}}],\"inLanguage\":\"fr-FR\"}]}<\/script>\n<!-- \/ Yoast SEO plugin. -->","yoast_head_json":{"title":"Rig'Em Right Step Up Jerk Rig - Maintenant disponible en Europe","description":"Ce Rig est l'outil ultime pour ceux qui veulent donner un mouvement naturel \u00e0 un groupe de formes inanim\u00e9es. Mise en mouvement facile de 4 leurres.","robots":{"index":"noindex","follow":"follow","max-snippet":"max-snippet:-1","max-image-preview":"max-image-preview:large","max-video-preview":"max-video-preview:-1"},"og_locale":"fr_FR","og_type":"article","og_title":"Rig'Em Right Step Up Jerk Rig - Maintenant disponible en Europe","og_description":"Ce Rig est l'outil ultime pour ceux qui veulent donner un mouvement naturel \u00e0 un groupe de formes inanim\u00e9es. Mise en mouvement facile de 4 leurres.","og_url":"https:\/\/staging.lucky-hunter.com\/fr\/product\/rigem-right-step-jerk-rig\/","og_site_name":"Lucky-Hunter","article_modified_time":"2023-09-18T11:45:50+00:00","og_image":[{"width":1000,"height":1000,"url":"https:\/\/staging.lucky-hunter.com\/wp-content\/uploads\/2017\/04\/LF-405.png","type":"image\/png"}],"twitter_card":"summary_large_image","twitter_misc":{"Dur\u00e9e de lecture estim\u00e9e":"1 minute"},"schema":{"@context":"https:\/\/schema.org","@graph":[{"@type":"WebPage","@id":"https:\/\/staging.lucky-hunter.com\/fr\/product\/rigem-right-step-jerk-rig\/","url":"https:\/\/staging.lucky-hunter.com\/fr\/product\/rigem-right-step-jerk-rig\/","name":"Rig'Em Right Step Up Jerk Rig - Maintenant disponible en Europe","isPartOf":{"@id":"https:\/\/staging.lucky-hunter.com\/#website"},"primaryImageOfPage":{"@id":"https:\/\/staging.lucky-hunter.com\/fr\/product\/rigem-right-step-jerk-rig\/#primaryimage"},"image":{"@id":"https:\/\/staging.lucky-hunter.com\/fr\/product\/rigem-right-step-jerk-rig\/#primaryimage"},"thumbnailUrl":"https:\/\/staging.lucky-hunter.com\/wp-content\/uploads\/2017\/04\/LF-405.png","datePublished":"2017-04-07T12:02:56+00:00","dateModified":"2023-09-18T11:45:50+00:00","description":"Ce Rig est l'outil ultime pour ceux qui veulent donner un mouvement naturel \u00e0 un groupe de formes inanim\u00e9es. Mise en mouvement facile de 4 leurres.","breadcrumb":{"@id":"https:\/\/staging.lucky-hunter.com\/fr\/product\/rigem-right-step-jerk-rig\/#breadcrumb"},"inLanguage":"fr-FR","potentialAction":[{"@type":"ReadAction","target":["https:\/\/staging.lucky-hunter.com\/fr\/product\/rigem-right-step-jerk-rig\/"]}]},{"@type":"ImageObject","inLanguage":"fr-FR","@id":"https:\/\/staging.lucky-hunter.com\/fr\/product\/rigem-right-step-jerk-rig\/#primaryimage","url":"https:\/\/staging.lucky-hunter.com\/wp-content\/uploads\/2017\/04\/LF-405.png","contentUrl":"https:\/\/staging.lucky-hunter.com\/wp-content\/uploads\/2017\/04\/LF-405.png","width":1000,"height":1000},{"@type":"BreadcrumbList","@id":"https:\/\/staging.lucky-hunter.com\/fr\/product\/rigem-right-step-jerk-rig\/#breadcrumb","itemListElement":[{"@type":"ListItem","position":1,"name":"Home","item":"https:\/\/staging.lucky-hunter.com\/fr\/"},{"@type":"ListItem","position":2,"name":"Boutique","item":"https:\/\/staging.lucky-hunter.com\/fr\/shop\/"},{"@type":"ListItem","position":3,"name":"Rig&#8217;Em Right Step Up Jerk Rig"}]},{"@type":"WebSite","@id":"https:\/\/staging.lucky-hunter.com\/#website","url":"https:\/\/staging.lucky-hunter.com\/","name":"Lucky-Hunter","description":"Gear Up or Give Up","potentialAction":[{"@type":"SearchAction","target":{"@type":"EntryPoint","urlTemplate":"https:\/\/staging.lucky-hunter.com\/?s={search_term_string}"},"query-input":{"@type":"PropertyValueSpecification","valueRequired":true,"valueName":"search_term_string"}}],"inLanguage":"fr-FR"}]}},"_links":{"self":[{"href":"https:\/\/staging.lucky-hunter.com\/fr\/wp-json\/wp\/v2\/product\/31784"}],"collection":[{"href":"https:\/\/staging.lucky-hunter.com\/fr\/wp-json\/wp\/v2\/product"}],"about":[{"href":"https:\/\/staging.lucky-hunter.com\/fr\/wp-json\/wp\/v2\/types\/product"}],"wp:featuredmedia":[{"embeddable":true,"href":"https:\/\/staging.lucky-hunter.com\/fr\/wp-json\/wp\/v2\/media\/29403"}],"wp:attachment":[{"href":"https:\/\/staging.lucky-hunter.com\/fr\/wp-json\/wp\/v2\/media?parent=31784"}],"wp:term":[{"taxonomy":"product_brand","embeddable":true,"href":"https:\/\/staging.lucky-hunter.com\/fr\/wp-json\/wp\/v2\/product_brand?post=31784"},{"taxonomy":"product_cat","embeddable":true,"href":"https:\/\/staging.lucky-hunter.com\/fr\/wp-json\/wp\/v2\/product_cat?post=31784"},{"taxonomy":"product_tag","embeddable":true,"href":"https:\/\/staging.lucky-hunter.com\/fr\/wp-json\/wp\/v2\/product_tag?post=31784"}],"curies":[{"name":"wp","href":"https:\/\/api.w.org\/{rel}","templated":true}]}}