{"id":31781,"date":"2016-11-07T16:17:46","date_gmt":"2016-11-07T15:17:46","guid":{"rendered":"https:\/\/staging.lucky-hunter.com\/product\/sillosocks-canada-sentry\/"},"modified":"2022-11-16T11:23:58","modified_gmt":"2022-11-16T10:23:58","slug":"sillosocks-canada-sentry","status":"publish","type":"product","link":"https:\/\/staging.lucky-hunter.com\/fr\/product\/sillosocks-canada-sentry\/","title":{"rendered":"Sillosocks Canada Sentry"},"content":{"rendered":"<p><iframe title=\"Sillosocks Canada Goose Decoys | Feeder Series\" width=\"1020\" height=\"574\" src=\"https:\/\/www.youtube.com\/embed\/E_8qnDacouw?wmode=transparent&amp;rel=0&amp;feature=oembed&#038;enablejsapi=1&#038;origin=https:\/\/staging.lucky-hunter.com\" frameborder=\"0\" allow=\"accelerometer; autoplay; clipboard-write; encrypted-media; gyroscope; picture-in-picture\" allowfullscreen><\/iframe><\/p>\n<h2><strong>Sillosocks Canada Sentry &#8211; mouvement \u00e9olien pour votre troupeau<\/strong><\/h2>\n<p>Tout comme les autres leurres propuls\u00e9s par le vent Sillosocks, ceux-ci ont un mouvement r\u00e9aliste. Ils viendront se fondre parmi vos leurre pour rendre toute votre sc\u00e8ne plus r\u00e9aliste et plus s\u00fbre. Un mouvement naturel qui attirera plus d&#8217;oiseaux.<\/p>\n<p>Ces leurres ont tous des t\u00eates floqu\u00e9es qui aident \u00e0 r\u00e9duire les reflets et \u00e0 les rendre beaucoup plus r\u00e9alistes \u00e0 la lumi\u00e8re, ce qui trompe les oiseaux en approche en leur faisant croire qu&#8217;il y a l\u00e0 leurs semblables. Vous avez une toutes nouvelles opportunit\u00e9 de d\u00e9jouer les oies mouchet\u00e9es et cendr\u00e9es m\u00eame tr\u00e8s vigilantes. Nous vous recommandons de m\u00e9langer ces sentinelles Sillosocks avec des mangeuses Sillosocks pour cr\u00e9er une installation de leurres tr\u00e8s proche d&#8217;un vrai troupeau d&#8217;oies sauvages.<\/p>\n<p>Vous obtenez de toutes nouvelles opportunit\u00e9s de d\u00e9jouer m\u00eame les oies rieuses et cendr\u00e9es tr\u00e8s vigilantes.<\/p>\n<p>Nous vous recommandons de m\u00e9langer ces sentinelles Sillosocks avec des mangeuses Sillosocks pour cr\u00e9er une installation de leurres tr\u00e8s proche d&#8217;un troupeau d&#8217;oies sauvages.<\/p>\n<p>Vendus en pack de 12.<\/p>\n","protected":false},"excerpt":{"rendered":"<p>Ces leurres exceptionnels sont con\u00e7us pour se d\u00e9placer dans le vent. L&#8217;utilisation de leurres \u00e0 vent et de leurres traditionnels cr\u00e9e une vivacit\u00e9 incroyable au sein du troupeau et attirera l&#8217;attention des oies migratrices.<\/p>\n","protected":false},"featured_media":28922,"template":"","meta":[],"product_brand":[8126],"product_cat":[8178,9736],"product_tag":[9446],"yoast_head":"<!-- This site is optimized with the Yoast SEO plugin v24.3 - https:\/\/yoast.com\/wordpress\/plugins\/seo\/ -->\n<title>Sillosocks Canada Sentry - Leurres l\u00e9gers | Chasseur chanceux<\/title>\n<meta name=\"description\" content=\"\u00c9olienne, l\u00e9g\u00e8re. Les leurres Sillosocks Canada Sentry sont le compl\u00e9ment parfait pour votre troupeau de leurres statiques pour ajouter du mouvement.\" \/>\n<meta name=\"robots\" content=\"noindex, follow, max-snippet:-1, max-image-preview:large, max-video-preview:-1\" \/>\n<meta property=\"og:locale\" content=\"fr_FR\" \/>\n<meta property=\"og:type\" content=\"article\" \/>\n<meta property=\"og:title\" content=\"Sillosocks Canada Sentry - Leurres l\u00e9gers | Chasseur chanceux\" \/>\n<meta property=\"og:description\" content=\"\u00c9olienne, l\u00e9g\u00e8re. Les leurres Sillosocks Canada Sentry sont le compl\u00e9ment parfait pour votre troupeau de leurres statiques pour ajouter du mouvement.\" \/>\n<meta property=\"og:url\" content=\"https:\/\/staging.lucky-hunter.com\/product\/sillosocks-canada-sentry\/\" \/>\n<meta property=\"og:site_name\" content=\"Lucky-Hunter\" \/>\n<meta property=\"article:modified_time\" content=\"2022-11-16T10:23:58+00:00\" \/>\n<meta property=\"og:image\" content=\"https:\/\/staging.lucky-hunter.com\/wp-content\/uploads\/2017\/06\/LF-129.png\" \/>\n\t<meta property=\"og:image:width\" content=\"1000\" \/>\n\t<meta property=\"og:image:height\" content=\"1000\" \/>\n\t<meta property=\"og:image:type\" content=\"image\/png\" \/>\n<meta name=\"twitter:card\" content=\"summary_large_image\" \/>\n<meta name=\"twitter:title\" content=\"Sillosocks Canada Sentry - Leurres l\u00e9gers | Chasseur chanceux\" \/>\n<meta name=\"twitter:description\" content=\"\u00c9olienne, l\u00e9g\u00e8re. Les leurres Sillosocks Canada Sentry sont le compl\u00e9ment parfait pour votre troupeau de leurres statiques pour ajouter du mouvement.\" \/>\n<meta name=\"twitter:label1\" content=\"Dur\u00e9e de lecture estim\u00e9e\" \/>\n\t<meta name=\"twitter:data1\" content=\"1 minute\" \/>\n<script type=\"application\/ld+json\" class=\"yoast-schema-graph\">{\"@context\":\"https:\/\/schema.org\",\"@graph\":[{\"@type\":\"WebPage\",\"@id\":\"https:\/\/staging.lucky-hunter.com\/product\/sillosocks-canada-sentry\/\",\"url\":\"https:\/\/staging.lucky-hunter.com\/product\/sillosocks-canada-sentry\/\",\"name\":\"Sillosocks Canada Sentry - Leurres l\u00e9gers | Chasseur chanceux\",\"isPartOf\":{\"@id\":\"https:\/\/staging.lucky-hunter.com\/#website\"},\"primaryImageOfPage\":{\"@id\":\"https:\/\/staging.lucky-hunter.com\/product\/sillosocks-canada-sentry\/#primaryimage\"},\"image\":{\"@id\":\"https:\/\/staging.lucky-hunter.com\/product\/sillosocks-canada-sentry\/#primaryimage\"},\"thumbnailUrl\":\"https:\/\/staging.lucky-hunter.com\/wp-content\/uploads\/2017\/06\/LF-129.png\",\"datePublished\":\"2016-11-07T15:17:46+00:00\",\"dateModified\":\"2022-11-16T10:23:58+00:00\",\"description\":\"\u00c9olienne, l\u00e9g\u00e8re. Les leurres Sillosocks Canada Sentry sont le compl\u00e9ment parfait pour votre troupeau de leurres statiques pour ajouter du mouvement.\",\"breadcrumb\":{\"@id\":\"https:\/\/staging.lucky-hunter.com\/product\/sillosocks-canada-sentry\/#breadcrumb\"},\"inLanguage\":\"fr-FR\",\"potentialAction\":[{\"@type\":\"ReadAction\",\"target\":[\"https:\/\/staging.lucky-hunter.com\/product\/sillosocks-canada-sentry\/\"]}]},{\"@type\":\"ImageObject\",\"inLanguage\":\"fr-FR\",\"@id\":\"https:\/\/staging.lucky-hunter.com\/product\/sillosocks-canada-sentry\/#primaryimage\",\"url\":\"https:\/\/staging.lucky-hunter.com\/wp-content\/uploads\/2017\/06\/LF-129.png\",\"contentUrl\":\"https:\/\/staging.lucky-hunter.com\/wp-content\/uploads\/2017\/06\/LF-129.png\",\"width\":1000,\"height\":1000},{\"@type\":\"BreadcrumbList\",\"@id\":\"https:\/\/staging.lucky-hunter.com\/product\/sillosocks-canada-sentry\/#breadcrumb\",\"itemListElement\":[{\"@type\":\"ListItem\",\"position\":1,\"name\":\"Home\",\"item\":\"https:\/\/staging.lucky-hunter.com\/fr\/\"},{\"@type\":\"ListItem\",\"position\":2,\"name\":\"Boutique\",\"item\":\"https:\/\/staging.lucky-hunter.com\/fr\/shop\/\"},{\"@type\":\"ListItem\",\"position\":3,\"name\":\"Sillosocks Canada Sentry\"}]},{\"@type\":\"WebSite\",\"@id\":\"https:\/\/staging.lucky-hunter.com\/#website\",\"url\":\"https:\/\/staging.lucky-hunter.com\/\",\"name\":\"Lucky-Hunter\",\"description\":\"Gear Up or Give Up\",\"potentialAction\":[{\"@type\":\"SearchAction\",\"target\":{\"@type\":\"EntryPoint\",\"urlTemplate\":\"https:\/\/staging.lucky-hunter.com\/?s={search_term_string}\"},\"query-input\":{\"@type\":\"PropertyValueSpecification\",\"valueRequired\":true,\"valueName\":\"search_term_string\"}}],\"inLanguage\":\"fr-FR\"}]}<\/script>\n<!-- \/ Yoast SEO plugin. -->","yoast_head_json":{"title":"Sillosocks Canada Sentry - Leurres l\u00e9gers | Chasseur chanceux","description":"\u00c9olienne, l\u00e9g\u00e8re. Les leurres Sillosocks Canada Sentry sont le compl\u00e9ment parfait pour votre troupeau de leurres statiques pour ajouter du mouvement.","robots":{"index":"noindex","follow":"follow","max-snippet":"max-snippet:-1","max-image-preview":"max-image-preview:large","max-video-preview":"max-video-preview:-1"},"og_locale":"fr_FR","og_type":"article","og_title":"Sillosocks Canada Sentry - Leurres l\u00e9gers | Chasseur chanceux","og_description":"\u00c9olienne, l\u00e9g\u00e8re. Les leurres Sillosocks Canada Sentry sont le compl\u00e9ment parfait pour votre troupeau de leurres statiques pour ajouter du mouvement.","og_url":"https:\/\/staging.lucky-hunter.com\/product\/sillosocks-canada-sentry\/","og_site_name":"Lucky-Hunter","article_modified_time":"2022-11-16T10:23:58+00:00","og_image":[{"width":1000,"height":1000,"url":"https:\/\/staging.lucky-hunter.com\/wp-content\/uploads\/2017\/06\/LF-129.png","type":"image\/png"}],"twitter_card":"summary_large_image","twitter_title":"Sillosocks Canada Sentry - Leurres l\u00e9gers | Chasseur chanceux","twitter_description":"\u00c9olienne, l\u00e9g\u00e8re. Les leurres Sillosocks Canada Sentry sont le compl\u00e9ment parfait pour votre troupeau de leurres statiques pour ajouter du mouvement.","twitter_misc":{"Dur\u00e9e de lecture estim\u00e9e":"1 minute"},"schema":{"@context":"https:\/\/schema.org","@graph":[{"@type":"WebPage","@id":"https:\/\/staging.lucky-hunter.com\/product\/sillosocks-canada-sentry\/","url":"https:\/\/staging.lucky-hunter.com\/product\/sillosocks-canada-sentry\/","name":"Sillosocks Canada Sentry - Leurres l\u00e9gers | Chasseur chanceux","isPartOf":{"@id":"https:\/\/staging.lucky-hunter.com\/#website"},"primaryImageOfPage":{"@id":"https:\/\/staging.lucky-hunter.com\/product\/sillosocks-canada-sentry\/#primaryimage"},"image":{"@id":"https:\/\/staging.lucky-hunter.com\/product\/sillosocks-canada-sentry\/#primaryimage"},"thumbnailUrl":"https:\/\/staging.lucky-hunter.com\/wp-content\/uploads\/2017\/06\/LF-129.png","datePublished":"2016-11-07T15:17:46+00:00","dateModified":"2022-11-16T10:23:58+00:00","description":"\u00c9olienne, l\u00e9g\u00e8re. Les leurres Sillosocks Canada Sentry sont le compl\u00e9ment parfait pour votre troupeau de leurres statiques pour ajouter du mouvement.","breadcrumb":{"@id":"https:\/\/staging.lucky-hunter.com\/product\/sillosocks-canada-sentry\/#breadcrumb"},"inLanguage":"fr-FR","potentialAction":[{"@type":"ReadAction","target":["https:\/\/staging.lucky-hunter.com\/product\/sillosocks-canada-sentry\/"]}]},{"@type":"ImageObject","inLanguage":"fr-FR","@id":"https:\/\/staging.lucky-hunter.com\/product\/sillosocks-canada-sentry\/#primaryimage","url":"https:\/\/staging.lucky-hunter.com\/wp-content\/uploads\/2017\/06\/LF-129.png","contentUrl":"https:\/\/staging.lucky-hunter.com\/wp-content\/uploads\/2017\/06\/LF-129.png","width":1000,"height":1000},{"@type":"BreadcrumbList","@id":"https:\/\/staging.lucky-hunter.com\/product\/sillosocks-canada-sentry\/#breadcrumb","itemListElement":[{"@type":"ListItem","position":1,"name":"Home","item":"https:\/\/staging.lucky-hunter.com\/fr\/"},{"@type":"ListItem","position":2,"name":"Boutique","item":"https:\/\/staging.lucky-hunter.com\/fr\/shop\/"},{"@type":"ListItem","position":3,"name":"Sillosocks Canada Sentry"}]},{"@type":"WebSite","@id":"https:\/\/staging.lucky-hunter.com\/#website","url":"https:\/\/staging.lucky-hunter.com\/","name":"Lucky-Hunter","description":"Gear Up or Give Up","potentialAction":[{"@type":"SearchAction","target":{"@type":"EntryPoint","urlTemplate":"https:\/\/staging.lucky-hunter.com\/?s={search_term_string}"},"query-input":{"@type":"PropertyValueSpecification","valueRequired":true,"valueName":"search_term_string"}}],"inLanguage":"fr-FR"}]}},"_links":{"self":[{"href":"https:\/\/staging.lucky-hunter.com\/fr\/wp-json\/wp\/v2\/product\/31781"}],"collection":[{"href":"https:\/\/staging.lucky-hunter.com\/fr\/wp-json\/wp\/v2\/product"}],"about":[{"href":"https:\/\/staging.lucky-hunter.com\/fr\/wp-json\/wp\/v2\/types\/product"}],"wp:featuredmedia":[{"embeddable":true,"href":"https:\/\/staging.lucky-hunter.com\/fr\/wp-json\/wp\/v2\/media\/28922"}],"wp:attachment":[{"href":"https:\/\/staging.lucky-hunter.com\/fr\/wp-json\/wp\/v2\/media?parent=31781"}],"wp:term":[{"taxonomy":"product_brand","embeddable":true,"href":"https:\/\/staging.lucky-hunter.com\/fr\/wp-json\/wp\/v2\/product_brand?post=31781"},{"taxonomy":"product_cat","embeddable":true,"href":"https:\/\/staging.lucky-hunter.com\/fr\/wp-json\/wp\/v2\/product_cat?post=31781"},{"taxonomy":"product_tag","embeddable":true,"href":"https:\/\/staging.lucky-hunter.com\/fr\/wp-json\/wp\/v2\/product_tag?post=31781"}],"curies":[{"name":"wp","href":"https:\/\/api.w.org\/{rel}","templated":true}]}}