{"id":31780,"date":"2017-04-06T17:34:26","date_gmt":"2017-04-06T15:34:26","guid":{"rendered":"https:\/\/staging.lucky-hunter.com\/product\/sillosocks-canada-feeder-2\/"},"modified":"2023-02-01T10:06:17","modified_gmt":"2023-02-01T09:06:17","slug":"sillosocks-canada-feeder-2","status":"publish","type":"product","link":"https:\/\/staging.lucky-hunter.com\/fr\/product\/sillosocks-canada-feeder-2\/","title":{"rendered":"Sillosocks Canada Feeder"},"content":{"rendered":"<p><iframe title=\"Sillosocks Canada Goose Decoys | Feeder Series\" width=\"1020\" height=\"574\" src=\"https:\/\/www.youtube.com\/embed\/E_8qnDacouw?wmode=transparent&amp;rel=0&amp;feature=oembed&#038;enablejsapi=1&#038;origin=https:\/\/staging.lucky-hunter.com\" frameborder=\"0\" allow=\"accelerometer; autoplay; clipboard-write; encrypted-media; gyroscope; picture-in-picture\" allowfullscreen><\/iframe><\/p>\n<h2><strong>Sillosocks Canada Feeder &#8211; des leurres propuls\u00e9s par le vent qui ajoutent du mouvement \u00e0 votre installation<\/strong><\/h2>\n<p>Les Windsocks de Sillosocks sont parmi les leurres les plus populaires aux \u00c9tats-Unis et ce n&#8217;est pas sans raison.<\/p>\n<p>Ces leurres exceptionnels sont con\u00e7us pour se d\u00e9placer dans le vent. L&#8217;utilisation de leurres \u00e0 vent aux c\u00f4t\u00e9s de leurres traditionnels insuffle une vivacit\u00e9 incroyable \u00e0 votre troupeau de leurres et attirera l&#8217;attention des oies migratrices.<\/p>\n<p>Un avantage majeur est qu&#8217;ils prennent tr\u00e8s peu de place pendant le transport et le stockage. Vous pouvez facilement transporter 24 leurres ou plus dans votre sac et gagner beaucoup de temps en \u00e9conomisant les allers-retours jusqu\u2019\u00e0 la voiture.<\/p>\n<p>Installez-les \u00e0 contrevent et voyez par vous-m\u00eame \u00e0 quel point ils ont l&#8217;air naturel.<\/p>\n<p>Vendu en pack de 12 avec t\u00eate en position de mangeuse.<\/p>\n","protected":false},"excerpt":{"rendered":"<p>Ces leurres exceptionnels sont con\u00e7us pour se d\u00e9placer dans le vent. L&#8217;utilisation de leurres \u00e0 vent et de leurres traditionnels cr\u00e9e une vivacit\u00e9 incroyable au sein du troupeau et attirera l&#8217;attention des oies migratrices.<\/p>\n","protected":false},"featured_media":28909,"template":"","meta":[],"product_brand":[8126],"product_cat":[8178,9736],"product_tag":[9446],"yoast_head":"<!-- This site is optimized with the Yoast SEO plugin v24.3 - https:\/\/yoast.com\/wordpress\/plugins\/seo\/ -->\n<title>Sillosocks Canada Feeder - Leurres l\u00e9gers | Chasseur chanceux<\/title>\n<meta name=\"description\" content=\"L\u00e9ger, aliment\u00e9 par le vent. Les leurres Sillosocks Canada Feeder sont parfaits pour ajouter un mouvement \u00e9olien \u00e0 votre diffusion de leurres.\" \/>\n<meta name=\"robots\" content=\"noindex, follow, max-snippet:-1, max-image-preview:large, max-video-preview:-1\" \/>\n<meta property=\"og:locale\" content=\"fr_FR\" \/>\n<meta property=\"og:type\" content=\"article\" \/>\n<meta property=\"og:title\" content=\"Sillosocks Canada Feeder - Leurres l\u00e9gers | Chasseur chanceux\" \/>\n<meta property=\"og:description\" content=\"L\u00e9ger, aliment\u00e9 par le vent. Les leurres Sillosocks Canada Feeder sont parfaits pour ajouter un mouvement \u00e9olien \u00e0 votre diffusion de leurres.\" \/>\n<meta property=\"og:url\" content=\"https:\/\/staging.lucky-hunter.com\/product\/sillosocks-canada-feeder-2\/\" \/>\n<meta property=\"og:site_name\" content=\"Lucky-Hunter\" \/>\n<meta property=\"article:modified_time\" content=\"2023-02-01T09:06:17+00:00\" \/>\n<meta property=\"og:image\" content=\"https:\/\/staging.lucky-hunter.com\/wp-content\/uploads\/2017\/06\/LF-109.png\" \/>\n\t<meta property=\"og:image:width\" content=\"1000\" \/>\n\t<meta property=\"og:image:height\" content=\"1000\" \/>\n\t<meta property=\"og:image:type\" content=\"image\/png\" \/>\n<meta name=\"twitter:card\" content=\"summary_large_image\" \/>\n<meta name=\"twitter:title\" content=\"Sillosocks Canada Feeder - Leurres l\u00e9gers | Chasseur chanceux\" \/>\n<meta name=\"twitter:description\" content=\"L\u00e9ger, aliment\u00e9 par le vent. Les leurres Sillosocks Canada Feeder sont parfaits pour ajouter un mouvement \u00e9olien \u00e0 votre diffusion de leurres.\" \/>\n<meta name=\"twitter:label1\" content=\"Dur\u00e9e de lecture estim\u00e9e\" \/>\n\t<meta name=\"twitter:data1\" content=\"1 minute\" \/>\n<script type=\"application\/ld+json\" class=\"yoast-schema-graph\">{\"@context\":\"https:\/\/schema.org\",\"@graph\":[{\"@type\":\"WebPage\",\"@id\":\"https:\/\/staging.lucky-hunter.com\/product\/sillosocks-canada-feeder-2\/\",\"url\":\"https:\/\/staging.lucky-hunter.com\/product\/sillosocks-canada-feeder-2\/\",\"name\":\"Sillosocks Canada Feeder - Leurres l\u00e9gers | Chasseur chanceux\",\"isPartOf\":{\"@id\":\"https:\/\/staging.lucky-hunter.com\/#website\"},\"primaryImageOfPage\":{\"@id\":\"https:\/\/staging.lucky-hunter.com\/product\/sillosocks-canada-feeder-2\/#primaryimage\"},\"image\":{\"@id\":\"https:\/\/staging.lucky-hunter.com\/product\/sillosocks-canada-feeder-2\/#primaryimage\"},\"thumbnailUrl\":\"https:\/\/staging.lucky-hunter.com\/wp-content\/uploads\/2017\/06\/LF-109.png\",\"datePublished\":\"2017-04-06T15:34:26+00:00\",\"dateModified\":\"2023-02-01T09:06:17+00:00\",\"description\":\"L\u00e9ger, aliment\u00e9 par le vent. Les leurres Sillosocks Canada Feeder sont parfaits pour ajouter un mouvement \u00e9olien \u00e0 votre diffusion de leurres.\",\"breadcrumb\":{\"@id\":\"https:\/\/staging.lucky-hunter.com\/product\/sillosocks-canada-feeder-2\/#breadcrumb\"},\"inLanguage\":\"fr-FR\",\"potentialAction\":[{\"@type\":\"ReadAction\",\"target\":[\"https:\/\/staging.lucky-hunter.com\/product\/sillosocks-canada-feeder-2\/\"]}]},{\"@type\":\"ImageObject\",\"inLanguage\":\"fr-FR\",\"@id\":\"https:\/\/staging.lucky-hunter.com\/product\/sillosocks-canada-feeder-2\/#primaryimage\",\"url\":\"https:\/\/staging.lucky-hunter.com\/wp-content\/uploads\/2017\/06\/LF-109.png\",\"contentUrl\":\"https:\/\/staging.lucky-hunter.com\/wp-content\/uploads\/2017\/06\/LF-109.png\",\"width\":1000,\"height\":1000},{\"@type\":\"BreadcrumbList\",\"@id\":\"https:\/\/staging.lucky-hunter.com\/product\/sillosocks-canada-feeder-2\/#breadcrumb\",\"itemListElement\":[{\"@type\":\"ListItem\",\"position\":1,\"name\":\"Home\",\"item\":\"https:\/\/staging.lucky-hunter.com\/fr\/\"},{\"@type\":\"ListItem\",\"position\":2,\"name\":\"Boutique\",\"item\":\"https:\/\/staging.lucky-hunter.com\/fr\/shop\/\"},{\"@type\":\"ListItem\",\"position\":3,\"name\":\"Sillosocks Canada Feeder\"}]},{\"@type\":\"WebSite\",\"@id\":\"https:\/\/staging.lucky-hunter.com\/#website\",\"url\":\"https:\/\/staging.lucky-hunter.com\/\",\"name\":\"Lucky-Hunter\",\"description\":\"Gear Up or Give Up\",\"potentialAction\":[{\"@type\":\"SearchAction\",\"target\":{\"@type\":\"EntryPoint\",\"urlTemplate\":\"https:\/\/staging.lucky-hunter.com\/?s={search_term_string}\"},\"query-input\":{\"@type\":\"PropertyValueSpecification\",\"valueRequired\":true,\"valueName\":\"search_term_string\"}}],\"inLanguage\":\"fr-FR\"}]}<\/script>\n<!-- \/ Yoast SEO plugin. -->","yoast_head_json":{"title":"Sillosocks Canada Feeder - Leurres l\u00e9gers | Chasseur chanceux","description":"L\u00e9ger, aliment\u00e9 par le vent. Les leurres Sillosocks Canada Feeder sont parfaits pour ajouter un mouvement \u00e9olien \u00e0 votre diffusion de leurres.","robots":{"index":"noindex","follow":"follow","max-snippet":"max-snippet:-1","max-image-preview":"max-image-preview:large","max-video-preview":"max-video-preview:-1"},"og_locale":"fr_FR","og_type":"article","og_title":"Sillosocks Canada Feeder - Leurres l\u00e9gers | Chasseur chanceux","og_description":"L\u00e9ger, aliment\u00e9 par le vent. Les leurres Sillosocks Canada Feeder sont parfaits pour ajouter un mouvement \u00e9olien \u00e0 votre diffusion de leurres.","og_url":"https:\/\/staging.lucky-hunter.com\/product\/sillosocks-canada-feeder-2\/","og_site_name":"Lucky-Hunter","article_modified_time":"2023-02-01T09:06:17+00:00","og_image":[{"width":1000,"height":1000,"url":"https:\/\/staging.lucky-hunter.com\/wp-content\/uploads\/2017\/06\/LF-109.png","type":"image\/png"}],"twitter_card":"summary_large_image","twitter_title":"Sillosocks Canada Feeder - Leurres l\u00e9gers | Chasseur chanceux","twitter_description":"L\u00e9ger, aliment\u00e9 par le vent. Les leurres Sillosocks Canada Feeder sont parfaits pour ajouter un mouvement \u00e9olien \u00e0 votre diffusion de leurres.","twitter_misc":{"Dur\u00e9e de lecture estim\u00e9e":"1 minute"},"schema":{"@context":"https:\/\/schema.org","@graph":[{"@type":"WebPage","@id":"https:\/\/staging.lucky-hunter.com\/product\/sillosocks-canada-feeder-2\/","url":"https:\/\/staging.lucky-hunter.com\/product\/sillosocks-canada-feeder-2\/","name":"Sillosocks Canada Feeder - Leurres l\u00e9gers | Chasseur chanceux","isPartOf":{"@id":"https:\/\/staging.lucky-hunter.com\/#website"},"primaryImageOfPage":{"@id":"https:\/\/staging.lucky-hunter.com\/product\/sillosocks-canada-feeder-2\/#primaryimage"},"image":{"@id":"https:\/\/staging.lucky-hunter.com\/product\/sillosocks-canada-feeder-2\/#primaryimage"},"thumbnailUrl":"https:\/\/staging.lucky-hunter.com\/wp-content\/uploads\/2017\/06\/LF-109.png","datePublished":"2017-04-06T15:34:26+00:00","dateModified":"2023-02-01T09:06:17+00:00","description":"L\u00e9ger, aliment\u00e9 par le vent. Les leurres Sillosocks Canada Feeder sont parfaits pour ajouter un mouvement \u00e9olien \u00e0 votre diffusion de leurres.","breadcrumb":{"@id":"https:\/\/staging.lucky-hunter.com\/product\/sillosocks-canada-feeder-2\/#breadcrumb"},"inLanguage":"fr-FR","potentialAction":[{"@type":"ReadAction","target":["https:\/\/staging.lucky-hunter.com\/product\/sillosocks-canada-feeder-2\/"]}]},{"@type":"ImageObject","inLanguage":"fr-FR","@id":"https:\/\/staging.lucky-hunter.com\/product\/sillosocks-canada-feeder-2\/#primaryimage","url":"https:\/\/staging.lucky-hunter.com\/wp-content\/uploads\/2017\/06\/LF-109.png","contentUrl":"https:\/\/staging.lucky-hunter.com\/wp-content\/uploads\/2017\/06\/LF-109.png","width":1000,"height":1000},{"@type":"BreadcrumbList","@id":"https:\/\/staging.lucky-hunter.com\/product\/sillosocks-canada-feeder-2\/#breadcrumb","itemListElement":[{"@type":"ListItem","position":1,"name":"Home","item":"https:\/\/staging.lucky-hunter.com\/fr\/"},{"@type":"ListItem","position":2,"name":"Boutique","item":"https:\/\/staging.lucky-hunter.com\/fr\/shop\/"},{"@type":"ListItem","position":3,"name":"Sillosocks Canada Feeder"}]},{"@type":"WebSite","@id":"https:\/\/staging.lucky-hunter.com\/#website","url":"https:\/\/staging.lucky-hunter.com\/","name":"Lucky-Hunter","description":"Gear Up or Give Up","potentialAction":[{"@type":"SearchAction","target":{"@type":"EntryPoint","urlTemplate":"https:\/\/staging.lucky-hunter.com\/?s={search_term_string}"},"query-input":{"@type":"PropertyValueSpecification","valueRequired":true,"valueName":"search_term_string"}}],"inLanguage":"fr-FR"}]}},"_links":{"self":[{"href":"https:\/\/staging.lucky-hunter.com\/fr\/wp-json\/wp\/v2\/product\/31780"}],"collection":[{"href":"https:\/\/staging.lucky-hunter.com\/fr\/wp-json\/wp\/v2\/product"}],"about":[{"href":"https:\/\/staging.lucky-hunter.com\/fr\/wp-json\/wp\/v2\/types\/product"}],"wp:featuredmedia":[{"embeddable":true,"href":"https:\/\/staging.lucky-hunter.com\/fr\/wp-json\/wp\/v2\/media\/28909"}],"wp:attachment":[{"href":"https:\/\/staging.lucky-hunter.com\/fr\/wp-json\/wp\/v2\/media?parent=31780"}],"wp:term":[{"taxonomy":"product_brand","embeddable":true,"href":"https:\/\/staging.lucky-hunter.com\/fr\/wp-json\/wp\/v2\/product_brand?post=31780"},{"taxonomy":"product_cat","embeddable":true,"href":"https:\/\/staging.lucky-hunter.com\/fr\/wp-json\/wp\/v2\/product_cat?post=31780"},{"taxonomy":"product_tag","embeddable":true,"href":"https:\/\/staging.lucky-hunter.com\/fr\/wp-json\/wp\/v2\/product_tag?post=31780"}],"curies":[{"name":"wp","href":"https:\/\/api.w.org\/{rel}","templated":true}]}}