{"id":31778,"date":"2016-11-07T16:17:07","date_gmt":"2016-11-07T15:17:07","guid":{"rendered":"https:\/\/staging.lucky-hunter.com\/product\/sillosocks-crow-flapper\/"},"modified":"2024-10-16T12:54:01","modified_gmt":"2024-10-16T10:54:01","slug":"sillosocks-crow-flapper","status":"publish","type":"product","link":"https:\/\/staging.lucky-hunter.com\/fr\/product\/sillosocks-crow-flapper\/","title":{"rendered":"Sillosocks Crow Flapper"},"content":{"rendered":"<h2><strong>Sillosocks Crow Flapper &#8211; leurre volant l\u00e9ger pour corbeaux<\/strong><\/h2>\n<p>Ce leurre de corbeau Sillosocks bat des ailes en utilisant le vent. Une image r\u00e9aliste du mouvement lent et silencieux des ailes lorsque le corbeau atterrit, pour ajouter plus de r\u00e9alisme \u00e0 votre collection de leurres. Les chasseurs de corbeaux r\u00e9clament depuis de nombreuses ann\u00e9es un leurre avec cette caract\u00e9ristique, et les leurres de corbeaux de Sillosocks sont fabriqu\u00e9s avec un rev\u00eatement en flocage l\u00e9g\u00e8rement plus lourd qui assure la bonne vitesse de mouvement des pales.<\/p>\n<p>Leur efficacit\u00e9 va vous surprendre.<\/p>\n<p>Placez ces leurres volants pr\u00e8s de vos autres leurres corbeaux.<\/p>\n<p>Vous n&#8217;en avez besoin que de quelques-uns pour accro\u00eetre l\u2019effet d&#8217;app\u00e2t sur les corbeaux qui passent. Les pales se plient facilement, ce qui les rend faciles \u00e0 transporter dans votre sac de leurres et vous permet d\u2019en emporter plus.<\/p>\n<p>Utilisez un b\u00e2ton de bambou ou de saule pour le montage. B\u00e2ton non inclus.<\/p>\n<p>Vendu par lot de 1. Remarque : le flocage de ce leurre est enti\u00e8rement noir.<\/p>\n<p>Vendu \u00e0 l\u2019unit\u00e9.<\/p>\n<p>NB \u2013 Le flocage de cet appelant est enti\u00e8rement noir. Par cons\u00e9quent, si vous en avez besoin, vous pouvez pulv\u00e9riser des d\u00e9tails gris sur l&#8217;oiseau.<\/p>\n<p>\u00a0<\/p>\n","protected":false},"excerpt":{"rendered":"<p>Ce leurre corbeau Sillosocks avec des ailes bat dans le vent et reproduit de fa\u00e7on tr\u00e8s r\u00e9aliste le mouvement lent et silencieux des ailes du corbeau qui se pose.<\/p>\n","protected":false},"featured_media":28910,"template":"","meta":[],"product_brand":[8126],"product_cat":[9757],"product_tag":[9443],"yoast_head":"<!-- This site is optimized with the Yoast SEO plugin v24.3 - https:\/\/yoast.com\/wordpress\/plugins\/seo\/ -->\n<title>Sillosocks Crow Flapper - Leurre \u00e9olien | Chasseur chanceux<\/title>\n<meta name=\"description\" content=\"\u00c9olienne et silencieuse. Ces leurres Sillosocks Crow Flapper sont parfaits pour ajouter un mouvement d&#039;atterrissage \u00e0 votre diffusion de leurres.\" \/>\n<meta name=\"robots\" content=\"noindex, follow, max-snippet:-1, max-image-preview:large, max-video-preview:-1\" \/>\n<meta property=\"og:locale\" content=\"fr_FR\" \/>\n<meta property=\"og:type\" content=\"article\" \/>\n<meta property=\"og:title\" content=\"Sillosocks Crow Flapper - Leurre \u00e9olien | Chasseur chanceux\" \/>\n<meta property=\"og:description\" content=\"\u00c9olienne et silencieuse. Ces leurres Sillosocks Crow Flapper sont parfaits pour ajouter un mouvement d&#039;atterrissage \u00e0 votre diffusion de leurres.\" \/>\n<meta property=\"og:url\" content=\"https:\/\/staging.lucky-hunter.com\/product\/sillosocks-crow-flapper\/\" \/>\n<meta property=\"og:site_name\" content=\"Lucky-Hunter\" \/>\n<meta property=\"article:modified_time\" content=\"2024-10-16T10:54:01+00:00\" \/>\n<meta property=\"og:image\" content=\"https:\/\/staging.lucky-hunter.com\/wp-content\/uploads\/2017\/06\/LF-114.png\" \/>\n\t<meta property=\"og:image:width\" content=\"1000\" \/>\n\t<meta property=\"og:image:height\" content=\"1000\" \/>\n\t<meta property=\"og:image:type\" content=\"image\/png\" \/>\n<meta name=\"twitter:card\" content=\"summary_large_image\" \/>\n<meta name=\"twitter:title\" content=\"Sillosocks Crow Flapper - Leurre \u00e9olien | Chasseur chanceux\" \/>\n<meta name=\"twitter:description\" content=\"\u00c9olienne et silencieuse. Ces leurres Sillosocks Crow Flapper sont parfaits pour ajouter un mouvement d&#039;atterrissage \u00e0 votre diffusion de leurres.\" \/>\n<meta name=\"twitter:label1\" content=\"Dur\u00e9e de lecture estim\u00e9e\" \/>\n\t<meta name=\"twitter:data1\" content=\"1 minute\" \/>\n<script type=\"application\/ld+json\" class=\"yoast-schema-graph\">{\"@context\":\"https:\/\/schema.org\",\"@graph\":[{\"@type\":\"WebPage\",\"@id\":\"https:\/\/staging.lucky-hunter.com\/product\/sillosocks-crow-flapper\/\",\"url\":\"https:\/\/staging.lucky-hunter.com\/product\/sillosocks-crow-flapper\/\",\"name\":\"Sillosocks Crow Flapper - Leurre \u00e9olien | Chasseur chanceux\",\"isPartOf\":{\"@id\":\"https:\/\/staging.lucky-hunter.com\/#website\"},\"primaryImageOfPage\":{\"@id\":\"https:\/\/staging.lucky-hunter.com\/product\/sillosocks-crow-flapper\/#primaryimage\"},\"image\":{\"@id\":\"https:\/\/staging.lucky-hunter.com\/product\/sillosocks-crow-flapper\/#primaryimage\"},\"thumbnailUrl\":\"https:\/\/staging.lucky-hunter.com\/wp-content\/uploads\/2017\/06\/LF-114.png\",\"datePublished\":\"2016-11-07T15:17:07+00:00\",\"dateModified\":\"2024-10-16T10:54:01+00:00\",\"description\":\"\u00c9olienne et silencieuse. Ces leurres Sillosocks Crow Flapper sont parfaits pour ajouter un mouvement d'atterrissage \u00e0 votre diffusion de leurres.\",\"breadcrumb\":{\"@id\":\"https:\/\/staging.lucky-hunter.com\/product\/sillosocks-crow-flapper\/#breadcrumb\"},\"inLanguage\":\"fr-FR\",\"potentialAction\":[{\"@type\":\"ReadAction\",\"target\":[\"https:\/\/staging.lucky-hunter.com\/product\/sillosocks-crow-flapper\/\"]}]},{\"@type\":\"ImageObject\",\"inLanguage\":\"fr-FR\",\"@id\":\"https:\/\/staging.lucky-hunter.com\/product\/sillosocks-crow-flapper\/#primaryimage\",\"url\":\"https:\/\/staging.lucky-hunter.com\/wp-content\/uploads\/2017\/06\/LF-114.png\",\"contentUrl\":\"https:\/\/staging.lucky-hunter.com\/wp-content\/uploads\/2017\/06\/LF-114.png\",\"width\":1000,\"height\":1000},{\"@type\":\"BreadcrumbList\",\"@id\":\"https:\/\/staging.lucky-hunter.com\/product\/sillosocks-crow-flapper\/#breadcrumb\",\"itemListElement\":[{\"@type\":\"ListItem\",\"position\":1,\"name\":\"Home\",\"item\":\"https:\/\/staging.lucky-hunter.com\/fr\/\"},{\"@type\":\"ListItem\",\"position\":2,\"name\":\"Boutique\",\"item\":\"https:\/\/staging.lucky-hunter.com\/fr\/shop\/\"},{\"@type\":\"ListItem\",\"position\":3,\"name\":\"Sillosocks Crow Flapper\"}]},{\"@type\":\"WebSite\",\"@id\":\"https:\/\/staging.lucky-hunter.com\/#website\",\"url\":\"https:\/\/staging.lucky-hunter.com\/\",\"name\":\"Lucky-Hunter\",\"description\":\"Gear Up or Give Up\",\"potentialAction\":[{\"@type\":\"SearchAction\",\"target\":{\"@type\":\"EntryPoint\",\"urlTemplate\":\"https:\/\/staging.lucky-hunter.com\/?s={search_term_string}\"},\"query-input\":{\"@type\":\"PropertyValueSpecification\",\"valueRequired\":true,\"valueName\":\"search_term_string\"}}],\"inLanguage\":\"fr-FR\"}]}<\/script>\n<!-- \/ Yoast SEO plugin. -->","yoast_head_json":{"title":"Sillosocks Crow Flapper - Leurre \u00e9olien | Chasseur chanceux","description":"\u00c9olienne et silencieuse. Ces leurres Sillosocks Crow Flapper sont parfaits pour ajouter un mouvement d'atterrissage \u00e0 votre diffusion de leurres.","robots":{"index":"noindex","follow":"follow","max-snippet":"max-snippet:-1","max-image-preview":"max-image-preview:large","max-video-preview":"max-video-preview:-1"},"og_locale":"fr_FR","og_type":"article","og_title":"Sillosocks Crow Flapper - Leurre \u00e9olien | Chasseur chanceux","og_description":"\u00c9olienne et silencieuse. Ces leurres Sillosocks Crow Flapper sont parfaits pour ajouter un mouvement d'atterrissage \u00e0 votre diffusion de leurres.","og_url":"https:\/\/staging.lucky-hunter.com\/product\/sillosocks-crow-flapper\/","og_site_name":"Lucky-Hunter","article_modified_time":"2024-10-16T10:54:01+00:00","og_image":[{"width":1000,"height":1000,"url":"https:\/\/staging.lucky-hunter.com\/wp-content\/uploads\/2017\/06\/LF-114.png","type":"image\/png"}],"twitter_card":"summary_large_image","twitter_title":"Sillosocks Crow Flapper - Leurre \u00e9olien | Chasseur chanceux","twitter_description":"\u00c9olienne et silencieuse. Ces leurres Sillosocks Crow Flapper sont parfaits pour ajouter un mouvement d'atterrissage \u00e0 votre diffusion de leurres.","twitter_misc":{"Dur\u00e9e de lecture estim\u00e9e":"1 minute"},"schema":{"@context":"https:\/\/schema.org","@graph":[{"@type":"WebPage","@id":"https:\/\/staging.lucky-hunter.com\/product\/sillosocks-crow-flapper\/","url":"https:\/\/staging.lucky-hunter.com\/product\/sillosocks-crow-flapper\/","name":"Sillosocks Crow Flapper - Leurre \u00e9olien | Chasseur chanceux","isPartOf":{"@id":"https:\/\/staging.lucky-hunter.com\/#website"},"primaryImageOfPage":{"@id":"https:\/\/staging.lucky-hunter.com\/product\/sillosocks-crow-flapper\/#primaryimage"},"image":{"@id":"https:\/\/staging.lucky-hunter.com\/product\/sillosocks-crow-flapper\/#primaryimage"},"thumbnailUrl":"https:\/\/staging.lucky-hunter.com\/wp-content\/uploads\/2017\/06\/LF-114.png","datePublished":"2016-11-07T15:17:07+00:00","dateModified":"2024-10-16T10:54:01+00:00","description":"\u00c9olienne et silencieuse. Ces leurres Sillosocks Crow Flapper sont parfaits pour ajouter un mouvement d'atterrissage \u00e0 votre diffusion de leurres.","breadcrumb":{"@id":"https:\/\/staging.lucky-hunter.com\/product\/sillosocks-crow-flapper\/#breadcrumb"},"inLanguage":"fr-FR","potentialAction":[{"@type":"ReadAction","target":["https:\/\/staging.lucky-hunter.com\/product\/sillosocks-crow-flapper\/"]}]},{"@type":"ImageObject","inLanguage":"fr-FR","@id":"https:\/\/staging.lucky-hunter.com\/product\/sillosocks-crow-flapper\/#primaryimage","url":"https:\/\/staging.lucky-hunter.com\/wp-content\/uploads\/2017\/06\/LF-114.png","contentUrl":"https:\/\/staging.lucky-hunter.com\/wp-content\/uploads\/2017\/06\/LF-114.png","width":1000,"height":1000},{"@type":"BreadcrumbList","@id":"https:\/\/staging.lucky-hunter.com\/product\/sillosocks-crow-flapper\/#breadcrumb","itemListElement":[{"@type":"ListItem","position":1,"name":"Home","item":"https:\/\/staging.lucky-hunter.com\/fr\/"},{"@type":"ListItem","position":2,"name":"Boutique","item":"https:\/\/staging.lucky-hunter.com\/fr\/shop\/"},{"@type":"ListItem","position":3,"name":"Sillosocks Crow Flapper"}]},{"@type":"WebSite","@id":"https:\/\/staging.lucky-hunter.com\/#website","url":"https:\/\/staging.lucky-hunter.com\/","name":"Lucky-Hunter","description":"Gear Up or Give Up","potentialAction":[{"@type":"SearchAction","target":{"@type":"EntryPoint","urlTemplate":"https:\/\/staging.lucky-hunter.com\/?s={search_term_string}"},"query-input":{"@type":"PropertyValueSpecification","valueRequired":true,"valueName":"search_term_string"}}],"inLanguage":"fr-FR"}]}},"_links":{"self":[{"href":"https:\/\/staging.lucky-hunter.com\/fr\/wp-json\/wp\/v2\/product\/31778"}],"collection":[{"href":"https:\/\/staging.lucky-hunter.com\/fr\/wp-json\/wp\/v2\/product"}],"about":[{"href":"https:\/\/staging.lucky-hunter.com\/fr\/wp-json\/wp\/v2\/types\/product"}],"wp:featuredmedia":[{"embeddable":true,"href":"https:\/\/staging.lucky-hunter.com\/fr\/wp-json\/wp\/v2\/media\/28910"}],"wp:attachment":[{"href":"https:\/\/staging.lucky-hunter.com\/fr\/wp-json\/wp\/v2\/media?parent=31778"}],"wp:term":[{"taxonomy":"product_brand","embeddable":true,"href":"https:\/\/staging.lucky-hunter.com\/fr\/wp-json\/wp\/v2\/product_brand?post=31778"},{"taxonomy":"product_cat","embeddable":true,"href":"https:\/\/staging.lucky-hunter.com\/fr\/wp-json\/wp\/v2\/product_cat?post=31778"},{"taxonomy":"product_tag","embeddable":true,"href":"https:\/\/staging.lucky-hunter.com\/fr\/wp-json\/wp\/v2\/product_tag?post=31778"}],"curies":[{"name":"wp","href":"https:\/\/api.w.org\/{rel}","templated":true}]}}