{"id":31777,"date":"2017-03-01T15:41:39","date_gmt":"2017-03-01T14:41:39","guid":{"rendered":"https:\/\/staging.lucky-hunter.com\/product\/sillosocks-crow-head-up\/"},"modified":"2022-11-16T11:12:46","modified_gmt":"2022-11-16T10:12:46","slug":"sillosocks-crow-head-up","status":"publish","type":"product","link":"https:\/\/staging.lucky-hunter.com\/fr\/product\/sillosocks-crow-head-up\/","title":{"rendered":"Corbeau t\u00eate relev\u00e9e de Sillosocks"},"content":{"rendered":"<h2><strong>Corbeau t\u00eate relev\u00e9e de Sillosocks &#8211; ajoutez du r\u00e9alisme \u00e0 votre troupeau<\/strong><\/h2>\n<p>Ce leurre corbeau manche \u00e0 air unique de Sillosocks attirera l&#8217;attention des corbeaux de loin et rendra votre groupe de leurres normaux plus r\u00e9alistes.<\/p>\n<p>Le vent fera bouger les leurres pour qu&#8217;ils ressemblent \u00e0 des corbeaux en train de se nourrir, signalant aux corbeaux qui passent qu\u2019ils peuvent atterrir en toute s\u00e9curit\u00e9.<\/p>\n<p>M\u00eame par temps tr\u00e8s calme, les corbeaux Sillosock fourniront un effet incroyable.<\/p>\n<p>Bien que la construction soit tr\u00e8s l\u00e9g\u00e8re, les leurres ont une durabilit\u00e9 extr\u00eame m\u00eame lorsqu&#8217;ils sont utilis\u00e9s par vent fort.<\/p>\n<p>Placez les leurres dans un champ en plantant le piquet fourni dans le sol.<\/p>\n<p>Le leurre est recouvert d&#8217;un mat\u00e9riau en velours ultra mat, antireflet et adapt\u00e9 \u00e0 toutes les conditions m\u00e9t\u00e9orologiques.<\/p>\n<p>Le leurre p\u00e8se moins de 600 grammes par pi\u00e8ce.<\/p>\n<p>Vendu \u00e0 l\u2019unit\u00e9.<\/p>\n","protected":false},"excerpt":{"rendered":"<p>Ce leurre corbeau manche \u00e0 air unique de Sillosocks attirera l&#8217;attention des corbeaux de loin et rendra votre groupe de leurres normaux plus r\u00e9alistes.<\/p>\n","protected":false},"featured_media":29511,"template":"","meta":[],"product_brand":[8126],"product_cat":[8243],"product_tag":[9443],"yoast_head":"<!-- This site is optimized with the Yoast SEO plugin v24.3 - https:\/\/yoast.com\/wordpress\/plugins\/seo\/ -->\n<title>Sillosocks Crow Head Up - Leurre de corbeau \u00e9olien | Chasseur chanceux<\/title>\n<meta name=\"description\" content=\"Ajoutez du r\u00e9alisme \u00e0 votre diffusion habituelle. Sillosocks Crow Head Up est le compl\u00e9ment parfait \u00e0 votre troupeau pour ajouter un r\u00e9alisme \u00e9olien.\" \/>\n<meta name=\"robots\" content=\"noindex, follow, max-snippet:-1, max-image-preview:large, max-video-preview:-1\" \/>\n<meta property=\"og:locale\" content=\"fr_FR\" \/>\n<meta property=\"og:type\" content=\"article\" \/>\n<meta property=\"og:title\" content=\"Sillosocks Crow Head Up - Leurre de corbeau \u00e9olien | Chasseur chanceux\" \/>\n<meta property=\"og:description\" content=\"Ajoutez du r\u00e9alisme \u00e0 votre diffusion habituelle. Sillosocks Crow Head Up est le compl\u00e9ment parfait \u00e0 votre troupeau pour ajouter un r\u00e9alisme \u00e9olien.\" \/>\n<meta property=\"og:url\" content=\"https:\/\/staging.lucky-hunter.com\/product\/sillosocks-crow-head-up\/\" \/>\n<meta property=\"og:site_name\" content=\"Lucky-Hunter\" \/>\n<meta property=\"article:modified_time\" content=\"2022-11-16T10:12:46+00:00\" \/>\n<meta property=\"og:image\" content=\"https:\/\/staging.lucky-hunter.com\/wp-content\/uploads\/2017\/03\/LF-107.png\" \/>\n\t<meta property=\"og:image:width\" content=\"1000\" \/>\n\t<meta property=\"og:image:height\" content=\"1000\" \/>\n\t<meta property=\"og:image:type\" content=\"image\/png\" \/>\n<meta name=\"twitter:card\" content=\"summary_large_image\" \/>\n<meta name=\"twitter:title\" content=\"Sillosocks Crow Head Up - Leurre de corbeau \u00e9olien | Chasseur chanceux\" \/>\n<meta name=\"twitter:description\" content=\"Ajoutez du r\u00e9alisme \u00e0 votre diffusion habituelle. Sillosocks Crow Head Up est le compl\u00e9ment parfait \u00e0 votre troupeau pour ajouter un r\u00e9alisme \u00e9olien.\" \/>\n<meta name=\"twitter:label1\" content=\"Dur\u00e9e de lecture estim\u00e9e\" \/>\n\t<meta name=\"twitter:data1\" content=\"1 minute\" \/>\n<script type=\"application\/ld+json\" class=\"yoast-schema-graph\">{\"@context\":\"https:\/\/schema.org\",\"@graph\":[{\"@type\":\"WebPage\",\"@id\":\"https:\/\/staging.lucky-hunter.com\/product\/sillosocks-crow-head-up\/\",\"url\":\"https:\/\/staging.lucky-hunter.com\/product\/sillosocks-crow-head-up\/\",\"name\":\"Sillosocks Crow Head Up - Leurre de corbeau \u00e9olien | Chasseur chanceux\",\"isPartOf\":{\"@id\":\"https:\/\/staging.lucky-hunter.com\/#website\"},\"primaryImageOfPage\":{\"@id\":\"https:\/\/staging.lucky-hunter.com\/product\/sillosocks-crow-head-up\/#primaryimage\"},\"image\":{\"@id\":\"https:\/\/staging.lucky-hunter.com\/product\/sillosocks-crow-head-up\/#primaryimage\"},\"thumbnailUrl\":\"https:\/\/staging.lucky-hunter.com\/wp-content\/uploads\/2017\/03\/LF-107.png\",\"datePublished\":\"2017-03-01T14:41:39+00:00\",\"dateModified\":\"2022-11-16T10:12:46+00:00\",\"description\":\"Ajoutez du r\u00e9alisme \u00e0 votre diffusion habituelle. Sillosocks Crow Head Up est le compl\u00e9ment parfait \u00e0 votre troupeau pour ajouter un r\u00e9alisme \u00e9olien.\",\"breadcrumb\":{\"@id\":\"https:\/\/staging.lucky-hunter.com\/product\/sillosocks-crow-head-up\/#breadcrumb\"},\"inLanguage\":\"fr-FR\",\"potentialAction\":[{\"@type\":\"ReadAction\",\"target\":[\"https:\/\/staging.lucky-hunter.com\/product\/sillosocks-crow-head-up\/\"]}]},{\"@type\":\"ImageObject\",\"inLanguage\":\"fr-FR\",\"@id\":\"https:\/\/staging.lucky-hunter.com\/product\/sillosocks-crow-head-up\/#primaryimage\",\"url\":\"https:\/\/staging.lucky-hunter.com\/wp-content\/uploads\/2017\/03\/LF-107.png\",\"contentUrl\":\"https:\/\/staging.lucky-hunter.com\/wp-content\/uploads\/2017\/03\/LF-107.png\",\"width\":1000,\"height\":1000},{\"@type\":\"BreadcrumbList\",\"@id\":\"https:\/\/staging.lucky-hunter.com\/product\/sillosocks-crow-head-up\/#breadcrumb\",\"itemListElement\":[{\"@type\":\"ListItem\",\"position\":1,\"name\":\"Home\",\"item\":\"https:\/\/staging.lucky-hunter.com\/fr\/\"},{\"@type\":\"ListItem\",\"position\":2,\"name\":\"Boutique\",\"item\":\"https:\/\/staging.lucky-hunter.com\/fr\/shop\/\"},{\"@type\":\"ListItem\",\"position\":3,\"name\":\"Corbeau t\u00eate relev\u00e9e de Sillosocks\"}]},{\"@type\":\"WebSite\",\"@id\":\"https:\/\/staging.lucky-hunter.com\/#website\",\"url\":\"https:\/\/staging.lucky-hunter.com\/\",\"name\":\"Lucky-Hunter\",\"description\":\"Gear Up or Give Up\",\"potentialAction\":[{\"@type\":\"SearchAction\",\"target\":{\"@type\":\"EntryPoint\",\"urlTemplate\":\"https:\/\/staging.lucky-hunter.com\/?s={search_term_string}\"},\"query-input\":{\"@type\":\"PropertyValueSpecification\",\"valueRequired\":true,\"valueName\":\"search_term_string\"}}],\"inLanguage\":\"fr-FR\"}]}<\/script>\n<!-- \/ Yoast SEO plugin. -->","yoast_head_json":{"title":"Sillosocks Crow Head Up - Leurre de corbeau \u00e9olien | Chasseur chanceux","description":"Ajoutez du r\u00e9alisme \u00e0 votre diffusion habituelle. Sillosocks Crow Head Up est le compl\u00e9ment parfait \u00e0 votre troupeau pour ajouter un r\u00e9alisme \u00e9olien.","robots":{"index":"noindex","follow":"follow","max-snippet":"max-snippet:-1","max-image-preview":"max-image-preview:large","max-video-preview":"max-video-preview:-1"},"og_locale":"fr_FR","og_type":"article","og_title":"Sillosocks Crow Head Up - Leurre de corbeau \u00e9olien | Chasseur chanceux","og_description":"Ajoutez du r\u00e9alisme \u00e0 votre diffusion habituelle. Sillosocks Crow Head Up est le compl\u00e9ment parfait \u00e0 votre troupeau pour ajouter un r\u00e9alisme \u00e9olien.","og_url":"https:\/\/staging.lucky-hunter.com\/product\/sillosocks-crow-head-up\/","og_site_name":"Lucky-Hunter","article_modified_time":"2022-11-16T10:12:46+00:00","og_image":[{"width":1000,"height":1000,"url":"https:\/\/staging.lucky-hunter.com\/wp-content\/uploads\/2017\/03\/LF-107.png","type":"image\/png"}],"twitter_card":"summary_large_image","twitter_title":"Sillosocks Crow Head Up - Leurre de corbeau \u00e9olien | Chasseur chanceux","twitter_description":"Ajoutez du r\u00e9alisme \u00e0 votre diffusion habituelle. Sillosocks Crow Head Up est le compl\u00e9ment parfait \u00e0 votre troupeau pour ajouter un r\u00e9alisme \u00e9olien.","twitter_misc":{"Dur\u00e9e de lecture estim\u00e9e":"1 minute"},"schema":{"@context":"https:\/\/schema.org","@graph":[{"@type":"WebPage","@id":"https:\/\/staging.lucky-hunter.com\/product\/sillosocks-crow-head-up\/","url":"https:\/\/staging.lucky-hunter.com\/product\/sillosocks-crow-head-up\/","name":"Sillosocks Crow Head Up - Leurre de corbeau \u00e9olien | Chasseur chanceux","isPartOf":{"@id":"https:\/\/staging.lucky-hunter.com\/#website"},"primaryImageOfPage":{"@id":"https:\/\/staging.lucky-hunter.com\/product\/sillosocks-crow-head-up\/#primaryimage"},"image":{"@id":"https:\/\/staging.lucky-hunter.com\/product\/sillosocks-crow-head-up\/#primaryimage"},"thumbnailUrl":"https:\/\/staging.lucky-hunter.com\/wp-content\/uploads\/2017\/03\/LF-107.png","datePublished":"2017-03-01T14:41:39+00:00","dateModified":"2022-11-16T10:12:46+00:00","description":"Ajoutez du r\u00e9alisme \u00e0 votre diffusion habituelle. Sillosocks Crow Head Up est le compl\u00e9ment parfait \u00e0 votre troupeau pour ajouter un r\u00e9alisme \u00e9olien.","breadcrumb":{"@id":"https:\/\/staging.lucky-hunter.com\/product\/sillosocks-crow-head-up\/#breadcrumb"},"inLanguage":"fr-FR","potentialAction":[{"@type":"ReadAction","target":["https:\/\/staging.lucky-hunter.com\/product\/sillosocks-crow-head-up\/"]}]},{"@type":"ImageObject","inLanguage":"fr-FR","@id":"https:\/\/staging.lucky-hunter.com\/product\/sillosocks-crow-head-up\/#primaryimage","url":"https:\/\/staging.lucky-hunter.com\/wp-content\/uploads\/2017\/03\/LF-107.png","contentUrl":"https:\/\/staging.lucky-hunter.com\/wp-content\/uploads\/2017\/03\/LF-107.png","width":1000,"height":1000},{"@type":"BreadcrumbList","@id":"https:\/\/staging.lucky-hunter.com\/product\/sillosocks-crow-head-up\/#breadcrumb","itemListElement":[{"@type":"ListItem","position":1,"name":"Home","item":"https:\/\/staging.lucky-hunter.com\/fr\/"},{"@type":"ListItem","position":2,"name":"Boutique","item":"https:\/\/staging.lucky-hunter.com\/fr\/shop\/"},{"@type":"ListItem","position":3,"name":"Corbeau t\u00eate relev\u00e9e de Sillosocks"}]},{"@type":"WebSite","@id":"https:\/\/staging.lucky-hunter.com\/#website","url":"https:\/\/staging.lucky-hunter.com\/","name":"Lucky-Hunter","description":"Gear Up or Give Up","potentialAction":[{"@type":"SearchAction","target":{"@type":"EntryPoint","urlTemplate":"https:\/\/staging.lucky-hunter.com\/?s={search_term_string}"},"query-input":{"@type":"PropertyValueSpecification","valueRequired":true,"valueName":"search_term_string"}}],"inLanguage":"fr-FR"}]}},"_links":{"self":[{"href":"https:\/\/staging.lucky-hunter.com\/fr\/wp-json\/wp\/v2\/product\/31777"}],"collection":[{"href":"https:\/\/staging.lucky-hunter.com\/fr\/wp-json\/wp\/v2\/product"}],"about":[{"href":"https:\/\/staging.lucky-hunter.com\/fr\/wp-json\/wp\/v2\/types\/product"}],"wp:featuredmedia":[{"embeddable":true,"href":"https:\/\/staging.lucky-hunter.com\/fr\/wp-json\/wp\/v2\/media\/29511"}],"wp:attachment":[{"href":"https:\/\/staging.lucky-hunter.com\/fr\/wp-json\/wp\/v2\/media?parent=31777"}],"wp:term":[{"taxonomy":"product_brand","embeddable":true,"href":"https:\/\/staging.lucky-hunter.com\/fr\/wp-json\/wp\/v2\/product_brand?post=31777"},{"taxonomy":"product_cat","embeddable":true,"href":"https:\/\/staging.lucky-hunter.com\/fr\/wp-json\/wp\/v2\/product_cat?post=31777"},{"taxonomy":"product_tag","embeddable":true,"href":"https:\/\/staging.lucky-hunter.com\/fr\/wp-json\/wp\/v2\/product_tag?post=31777"}],"curies":[{"name":"wp","href":"https:\/\/api.w.org\/{rel}","templated":true}]}}