{"id":31776,"date":"2017-04-07T09:30:30","date_gmt":"2017-04-07T07:30:30","guid":{"rendered":"https:\/\/staging.lucky-hunter.com\/product\/sillosocks-pigeon-feeder\/"},"modified":"2022-11-16T11:00:58","modified_gmt":"2022-11-16T10:00:58","slug":"sillosocks-pigeon-feeder","status":"publish","type":"product","link":"https:\/\/staging.lucky-hunter.com\/fr\/product\/sillosocks-pigeon-feeder\/","title":{"rendered":"Pigeon mangeur Sillosocks"},"content":{"rendered":"<h2><strong><span style=\"vertical-align: inherit;\"><span style=\"vertical-align: inherit;\">Pigeon mangeur Sillosocks : des leurres propuls\u00e9s par le vent pour compl\u00e9ter votre troupeau<\/span><\/span><\/strong><\/h2>\n<p>Ces leurres exceptionnels sont con\u00e7us pour se d\u00e9placer dans le vent. L&#8217;utilisation de leurres \u00e0 vent aux c\u00f4t\u00e9s de leurres traditionnels insuffle de la vie \u00e0 votre troupeau de leurres et attirera l&#8217;attention des pigeons sauvages.<\/p>\n<p>Un avantage majeur est qu&#8217;ils prennent tr\u00e8s peu de place pendant le transport et le stockage. Vous pouvez facilement transporter les leurres dans votre sac et gagner beaucoup de temps en \u00e9conomisant les allers-retours jusqu\u2019\u00e0 la voiture.<\/p>\n<p>Installez-les contre le vent et voyez par vous-m\u00eame \u00e0 quel point ils ont l&#8217;air naturel.<\/p>\n<p>Vendu \u00e0 l\u2019unit\u00e9.<\/p>\n","protected":false},"excerpt":{"rendered":"<p>Ces leurres exceptionnels sont con\u00e7us pour se d\u00e9placer dans le vent. L&#8217;utilisation de leurres propuls\u00e9s par le vent et de leurres traditionnels rend votre troupeau extr\u00eamement vivant et attirera l&#8217;attention des pigeons sauvages.<\/p>\n","protected":false},"featured_media":28913,"template":"","meta":[],"product_brand":[9550],"product_cat":[8163,9744],"product_tag":[9250],"yoast_head":"<!-- This site is optimized with the Yoast SEO plugin v24.3 - https:\/\/yoast.com\/wordpress\/plugins\/seo\/ -->\n<title>Sillosocks Pigeon Feeder - Leurre l\u00e9ger | Chasseur chanceux<\/title>\n<meta name=\"description\" content=\"L\u00e9ger et \u00e9olien. Con\u00e7u pour se d\u00e9placer dans le vent, le Sillosocks Pigeon Feeder est le compl\u00e9ment parfait \u00e0 votre troupeau de leurres.\" \/>\n<meta name=\"robots\" content=\"noindex, follow, max-snippet:-1, max-image-preview:large, max-video-preview:-1\" \/>\n<meta property=\"og:locale\" content=\"fr_FR\" \/>\n<meta property=\"og:type\" content=\"article\" \/>\n<meta property=\"og:title\" content=\"Sillosocks Pigeon Feeder - Leurre l\u00e9ger | Chasseur chanceux\" \/>\n<meta property=\"og:description\" content=\"L\u00e9ger et \u00e9olien. Con\u00e7u pour se d\u00e9placer dans le vent, le Sillosocks Pigeon Feeder est le compl\u00e9ment parfait \u00e0 votre troupeau de leurres.\" \/>\n<meta property=\"og:url\" content=\"https:\/\/staging.lucky-hunter.com\/product\/sillosocks-pigeon-feeder\/\" \/>\n<meta property=\"og:site_name\" content=\"Lucky-Hunter\" \/>\n<meta property=\"article:modified_time\" content=\"2022-11-16T10:00:58+00:00\" \/>\n<meta property=\"og:image\" content=\"https:\/\/staging.lucky-hunter.com\/wp-content\/uploads\/2017\/06\/LF-118.png\" \/>\n\t<meta property=\"og:image:width\" content=\"1000\" \/>\n\t<meta property=\"og:image:height\" content=\"1000\" \/>\n\t<meta property=\"og:image:type\" content=\"image\/png\" \/>\n<meta name=\"twitter:card\" content=\"summary_large_image\" \/>\n<meta name=\"twitter:title\" content=\"Sillosocks Pigeon Feeder - Leurre l\u00e9ger | Chasseur chanceux\" \/>\n<meta name=\"twitter:description\" content=\"L\u00e9ger et \u00e9olien. Con\u00e7u pour se d\u00e9placer dans le vent, le Sillosocks Pigeon Feeder est le compl\u00e9ment parfait \u00e0 votre troupeau de leurres.\" \/>\n<meta name=\"twitter:label1\" content=\"Dur\u00e9e de lecture estim\u00e9e\" \/>\n\t<meta name=\"twitter:data1\" content=\"1 minute\" \/>\n<script type=\"application\/ld+json\" class=\"yoast-schema-graph\">{\"@context\":\"https:\/\/schema.org\",\"@graph\":[{\"@type\":\"WebPage\",\"@id\":\"https:\/\/staging.lucky-hunter.com\/product\/sillosocks-pigeon-feeder\/\",\"url\":\"https:\/\/staging.lucky-hunter.com\/product\/sillosocks-pigeon-feeder\/\",\"name\":\"Sillosocks Pigeon Feeder - Leurre l\u00e9ger | Chasseur chanceux\",\"isPartOf\":{\"@id\":\"https:\/\/staging.lucky-hunter.com\/#website\"},\"primaryImageOfPage\":{\"@id\":\"https:\/\/staging.lucky-hunter.com\/product\/sillosocks-pigeon-feeder\/#primaryimage\"},\"image\":{\"@id\":\"https:\/\/staging.lucky-hunter.com\/product\/sillosocks-pigeon-feeder\/#primaryimage\"},\"thumbnailUrl\":\"https:\/\/staging.lucky-hunter.com\/wp-content\/uploads\/2017\/06\/LF-118.png\",\"datePublished\":\"2017-04-07T07:30:30+00:00\",\"dateModified\":\"2022-11-16T10:00:58+00:00\",\"description\":\"L\u00e9ger et \u00e9olien. Con\u00e7u pour se d\u00e9placer dans le vent, le Sillosocks Pigeon Feeder est le compl\u00e9ment parfait \u00e0 votre troupeau de leurres.\",\"breadcrumb\":{\"@id\":\"https:\/\/staging.lucky-hunter.com\/product\/sillosocks-pigeon-feeder\/#breadcrumb\"},\"inLanguage\":\"fr-FR\",\"potentialAction\":[{\"@type\":\"ReadAction\",\"target\":[\"https:\/\/staging.lucky-hunter.com\/product\/sillosocks-pigeon-feeder\/\"]}]},{\"@type\":\"ImageObject\",\"inLanguage\":\"fr-FR\",\"@id\":\"https:\/\/staging.lucky-hunter.com\/product\/sillosocks-pigeon-feeder\/#primaryimage\",\"url\":\"https:\/\/staging.lucky-hunter.com\/wp-content\/uploads\/2017\/06\/LF-118.png\",\"contentUrl\":\"https:\/\/staging.lucky-hunter.com\/wp-content\/uploads\/2017\/06\/LF-118.png\",\"width\":1000,\"height\":1000},{\"@type\":\"BreadcrumbList\",\"@id\":\"https:\/\/staging.lucky-hunter.com\/product\/sillosocks-pigeon-feeder\/#breadcrumb\",\"itemListElement\":[{\"@type\":\"ListItem\",\"position\":1,\"name\":\"Home\",\"item\":\"https:\/\/staging.lucky-hunter.com\/fr\/\"},{\"@type\":\"ListItem\",\"position\":2,\"name\":\"Boutique\",\"item\":\"https:\/\/staging.lucky-hunter.com\/fr\/shop\/\"},{\"@type\":\"ListItem\",\"position\":3,\"name\":\"Pigeon mangeur Sillosocks\"}]},{\"@type\":\"WebSite\",\"@id\":\"https:\/\/staging.lucky-hunter.com\/#website\",\"url\":\"https:\/\/staging.lucky-hunter.com\/\",\"name\":\"Lucky-Hunter\",\"description\":\"Gear Up or Give Up\",\"potentialAction\":[{\"@type\":\"SearchAction\",\"target\":{\"@type\":\"EntryPoint\",\"urlTemplate\":\"https:\/\/staging.lucky-hunter.com\/?s={search_term_string}\"},\"query-input\":{\"@type\":\"PropertyValueSpecification\",\"valueRequired\":true,\"valueName\":\"search_term_string\"}}],\"inLanguage\":\"fr-FR\"}]}<\/script>\n<!-- \/ Yoast SEO plugin. -->","yoast_head_json":{"title":"Sillosocks Pigeon Feeder - Leurre l\u00e9ger | Chasseur chanceux","description":"L\u00e9ger et \u00e9olien. Con\u00e7u pour se d\u00e9placer dans le vent, le Sillosocks Pigeon Feeder est le compl\u00e9ment parfait \u00e0 votre troupeau de leurres.","robots":{"index":"noindex","follow":"follow","max-snippet":"max-snippet:-1","max-image-preview":"max-image-preview:large","max-video-preview":"max-video-preview:-1"},"og_locale":"fr_FR","og_type":"article","og_title":"Sillosocks Pigeon Feeder - Leurre l\u00e9ger | Chasseur chanceux","og_description":"L\u00e9ger et \u00e9olien. Con\u00e7u pour se d\u00e9placer dans le vent, le Sillosocks Pigeon Feeder est le compl\u00e9ment parfait \u00e0 votre troupeau de leurres.","og_url":"https:\/\/staging.lucky-hunter.com\/product\/sillosocks-pigeon-feeder\/","og_site_name":"Lucky-Hunter","article_modified_time":"2022-11-16T10:00:58+00:00","og_image":[{"width":1000,"height":1000,"url":"https:\/\/staging.lucky-hunter.com\/wp-content\/uploads\/2017\/06\/LF-118.png","type":"image\/png"}],"twitter_card":"summary_large_image","twitter_title":"Sillosocks Pigeon Feeder - Leurre l\u00e9ger | Chasseur chanceux","twitter_description":"L\u00e9ger et \u00e9olien. Con\u00e7u pour se d\u00e9placer dans le vent, le Sillosocks Pigeon Feeder est le compl\u00e9ment parfait \u00e0 votre troupeau de leurres.","twitter_misc":{"Dur\u00e9e de lecture estim\u00e9e":"1 minute"},"schema":{"@context":"https:\/\/schema.org","@graph":[{"@type":"WebPage","@id":"https:\/\/staging.lucky-hunter.com\/product\/sillosocks-pigeon-feeder\/","url":"https:\/\/staging.lucky-hunter.com\/product\/sillosocks-pigeon-feeder\/","name":"Sillosocks Pigeon Feeder - Leurre l\u00e9ger | Chasseur chanceux","isPartOf":{"@id":"https:\/\/staging.lucky-hunter.com\/#website"},"primaryImageOfPage":{"@id":"https:\/\/staging.lucky-hunter.com\/product\/sillosocks-pigeon-feeder\/#primaryimage"},"image":{"@id":"https:\/\/staging.lucky-hunter.com\/product\/sillosocks-pigeon-feeder\/#primaryimage"},"thumbnailUrl":"https:\/\/staging.lucky-hunter.com\/wp-content\/uploads\/2017\/06\/LF-118.png","datePublished":"2017-04-07T07:30:30+00:00","dateModified":"2022-11-16T10:00:58+00:00","description":"L\u00e9ger et \u00e9olien. Con\u00e7u pour se d\u00e9placer dans le vent, le Sillosocks Pigeon Feeder est le compl\u00e9ment parfait \u00e0 votre troupeau de leurres.","breadcrumb":{"@id":"https:\/\/staging.lucky-hunter.com\/product\/sillosocks-pigeon-feeder\/#breadcrumb"},"inLanguage":"fr-FR","potentialAction":[{"@type":"ReadAction","target":["https:\/\/staging.lucky-hunter.com\/product\/sillosocks-pigeon-feeder\/"]}]},{"@type":"ImageObject","inLanguage":"fr-FR","@id":"https:\/\/staging.lucky-hunter.com\/product\/sillosocks-pigeon-feeder\/#primaryimage","url":"https:\/\/staging.lucky-hunter.com\/wp-content\/uploads\/2017\/06\/LF-118.png","contentUrl":"https:\/\/staging.lucky-hunter.com\/wp-content\/uploads\/2017\/06\/LF-118.png","width":1000,"height":1000},{"@type":"BreadcrumbList","@id":"https:\/\/staging.lucky-hunter.com\/product\/sillosocks-pigeon-feeder\/#breadcrumb","itemListElement":[{"@type":"ListItem","position":1,"name":"Home","item":"https:\/\/staging.lucky-hunter.com\/fr\/"},{"@type":"ListItem","position":2,"name":"Boutique","item":"https:\/\/staging.lucky-hunter.com\/fr\/shop\/"},{"@type":"ListItem","position":3,"name":"Pigeon mangeur Sillosocks"}]},{"@type":"WebSite","@id":"https:\/\/staging.lucky-hunter.com\/#website","url":"https:\/\/staging.lucky-hunter.com\/","name":"Lucky-Hunter","description":"Gear Up or Give Up","potentialAction":[{"@type":"SearchAction","target":{"@type":"EntryPoint","urlTemplate":"https:\/\/staging.lucky-hunter.com\/?s={search_term_string}"},"query-input":{"@type":"PropertyValueSpecification","valueRequired":true,"valueName":"search_term_string"}}],"inLanguage":"fr-FR"}]}},"_links":{"self":[{"href":"https:\/\/staging.lucky-hunter.com\/fr\/wp-json\/wp\/v2\/product\/31776"}],"collection":[{"href":"https:\/\/staging.lucky-hunter.com\/fr\/wp-json\/wp\/v2\/product"}],"about":[{"href":"https:\/\/staging.lucky-hunter.com\/fr\/wp-json\/wp\/v2\/types\/product"}],"wp:featuredmedia":[{"embeddable":true,"href":"https:\/\/staging.lucky-hunter.com\/fr\/wp-json\/wp\/v2\/media\/28913"}],"wp:attachment":[{"href":"https:\/\/staging.lucky-hunter.com\/fr\/wp-json\/wp\/v2\/media?parent=31776"}],"wp:term":[{"taxonomy":"product_brand","embeddable":true,"href":"https:\/\/staging.lucky-hunter.com\/fr\/wp-json\/wp\/v2\/product_brand?post=31776"},{"taxonomy":"product_cat","embeddable":true,"href":"https:\/\/staging.lucky-hunter.com\/fr\/wp-json\/wp\/v2\/product_cat?post=31776"},{"taxonomy":"product_tag","embeddable":true,"href":"https:\/\/staging.lucky-hunter.com\/fr\/wp-json\/wp\/v2\/product_tag?post=31776"}],"curies":[{"name":"wp","href":"https:\/\/api.w.org\/{rel}","templated":true}]}}