{"id":31773,"date":"2017-03-01T13:54:25","date_gmt":"2017-03-01T12:54:25","guid":{"rendered":"https:\/\/staging.lucky-hunter.com\/product\/pigeon-turbo-flapper\/"},"modified":"2022-11-16T11:13:51","modified_gmt":"2022-11-16T10:13:51","slug":"pigeon-turbo-flapper","status":"publish","type":"product","link":"https:\/\/staging.lucky-hunter.com\/fr\/product\/pigeon-turbo-flapper\/","title":{"rendered":"Pigeon Turbo Flapper"},"content":{"rendered":"<h2>Pigeon Turbo Flapper<\/h2>\n<p>Afin de donner une apparence beaucoup plus r\u00e9aliste \u00e0 votre troupeau de formes, pensez \u00e0 utiliser le Pigeon Turbo Flapper. Cet outil vous permet d\u2019installer un oiseau mort et de l\u2019animer afin de donner l\u2019impression qu\u2019il en train d\u2019atterrir parmi vos formes pour se nourrir. Cela contribue \u00e0 cr\u00e9er une illusion plus r\u00e9aliste pour les oiseaux en approche et devrait aider \u00e0 en attirer davantage.<\/p>\n<p>Le Pigeon Turbo Flapper est dot\u00e9 d\u2019un crochet d&#8217;aile au design unique qui \u00e9limine compl\u00e8tement le risque de voir l\u2019aile se d\u00e9tacher de l\u2019ensemble en cours d&#8217;utilisation \u2013 un probl\u00e8me fr\u00e9quent sur d&#8217;autres appareils.<\/p>\n<p>Il dispose \u00e9galement de supports pour maintenir les plumes de queue.<\/p>\n<p><strong>Tr\u00e8s facile \u00e0 utiliser\u00a0:<\/strong><\/p>\n<p>Placez l\u2019appareil au sol gr\u00e2ce au piquet de sol r\u00e9glable.<\/p>\n<p>Cassez les deux ailes du pigeon (elles doivent \u00eatre compl\u00e8tement cass\u00e9es, sans r\u00e9sistance).<\/p>\n<p>Installez le pigeon sur le piquet du milieu, de mani\u00e8re \u00e0 ce qu\u2019il traverse tout le corps jusqu&#8217;\u00e0 la t\u00eate.<\/p>\n<p>\u00c9tendez les ailes et fixez-les avec le crochet (au niveau du marqueur blanc sur le dessus de l&#8217;aile du pigeon).<\/p>\n<p>Connectez l\u2019appareil \u00e0 une batterie de 12 volts, et voil\u00e0 ! Vous avez une blette avec des mouvements d&#8217;ailes parfaitement r\u00e9alistes, comme un pigeon pr\u00eat \u00e0 atterrir.<\/p>\n<p>Le Pigeon Turbo Flapper est fabriqu\u00e9 en Angleterre.<\/p>\n<p><strong>Accessoires : <\/strong><\/p>\n<ul>\n<li>Batterie de 12 volts<\/li>\n<li>T\u00e9l\u00e9commande.<\/li>\n<\/ul>\n","protected":false},"excerpt":{"rendered":"<p>Il suffit d\u2019installer un oiseau mort sur l\u2019appareil pour cr\u00e9er l&#8217;illusion d&#8217;un oiseau en train d\u2019atterrir parmi vos formes pour se nourrir.<\/p>\n","protected":false},"featured_media":29483,"template":"","meta":[],"product_brand":[],"product_cat":[8163],"product_tag":[9250],"yoast_head":"<!-- This site is optimized with the Yoast SEO plugin v24.3 - https:\/\/yoast.com\/wordpress\/plugins\/seo\/ -->\n<title>Support de Blette R\u00e9aliste Pigeon Turbo Flapper | Lucky Hunter<\/title>\n<meta name=\"description\" content=\"Donnez un aspect plus r\u00e9aliste \u00e0 votre d\u00e9ploiement de formes. Montez un oiseau mort sur le Pigeon Turbo Flapper et cr\u00e9ez l&#039;illusion d&#039;un oiseau en train d\u2019atterrir au milieu du troupeau.\" \/>\n<meta name=\"robots\" content=\"noindex, follow, max-snippet:-1, max-image-preview:large, max-video-preview:-1\" \/>\n<meta property=\"og:locale\" content=\"fr_FR\" \/>\n<meta property=\"og:type\" content=\"article\" \/>\n<meta property=\"og:title\" content=\"Support de Blette R\u00e9aliste Pigeon Turbo Flapper | Lucky Hunter\" \/>\n<meta property=\"og:description\" content=\"Donnez un aspect plus r\u00e9aliste \u00e0 votre d\u00e9ploiement de formes. Montez un oiseau mort sur le Pigeon Turbo Flapper et cr\u00e9ez l&#039;illusion d&#039;un oiseau en train d\u2019atterrir au milieu du troupeau.\" \/>\n<meta property=\"og:url\" content=\"https:\/\/staging.lucky-hunter.com\/product\/pigeon-turbo-flapper\/\" \/>\n<meta property=\"og:site_name\" content=\"Lucky-Hunter\" \/>\n<meta property=\"article:modified_time\" content=\"2022-11-16T10:13:51+00:00\" \/>\n<meta property=\"og:image\" content=\"https:\/\/staging.lucky-hunter.com\/wp-content\/uploads\/2017\/03\/LF-210.png\" \/>\n\t<meta property=\"og:image:width\" content=\"1000\" \/>\n\t<meta property=\"og:image:height\" content=\"1000\" \/>\n\t<meta property=\"og:image:type\" content=\"image\/png\" \/>\n<meta name=\"twitter:card\" content=\"summary_large_image\" \/>\n<meta name=\"twitter:title\" content=\"Support de Blette R\u00e9aliste Pigeon Turbo Flapper | Lucky Hunter\" \/>\n<meta name=\"twitter:description\" content=\"Donnez un aspect plus r\u00e9aliste \u00e0 votre d\u00e9ploiement de formes. Montez un oiseau mort sur le Pigeon Turbo Flapper et cr\u00e9ez l&#039;illusion d&#039;un oiseau en train d\u2019atterrir au milieu du troupeau.\" \/>\n<meta name=\"twitter:label1\" content=\"Dur\u00e9e de lecture estim\u00e9e\" \/>\n\t<meta name=\"twitter:data1\" content=\"1 minute\" \/>\n<script type=\"application\/ld+json\" class=\"yoast-schema-graph\">{\"@context\":\"https:\/\/schema.org\",\"@graph\":[{\"@type\":\"WebPage\",\"@id\":\"https:\/\/staging.lucky-hunter.com\/product\/pigeon-turbo-flapper\/\",\"url\":\"https:\/\/staging.lucky-hunter.com\/product\/pigeon-turbo-flapper\/\",\"name\":\"Support de Blette R\u00e9aliste Pigeon Turbo Flapper | Lucky Hunter\",\"isPartOf\":{\"@id\":\"https:\/\/staging.lucky-hunter.com\/#website\"},\"primaryImageOfPage\":{\"@id\":\"https:\/\/staging.lucky-hunter.com\/product\/pigeon-turbo-flapper\/#primaryimage\"},\"image\":{\"@id\":\"https:\/\/staging.lucky-hunter.com\/product\/pigeon-turbo-flapper\/#primaryimage\"},\"thumbnailUrl\":\"https:\/\/staging.lucky-hunter.com\/wp-content\/uploads\/2017\/03\/LF-210.png\",\"datePublished\":\"2017-03-01T12:54:25+00:00\",\"dateModified\":\"2022-11-16T10:13:51+00:00\",\"description\":\"Donnez un aspect plus r\u00e9aliste \u00e0 votre d\u00e9ploiement de formes. Montez un oiseau mort sur le Pigeon Turbo Flapper et cr\u00e9ez l'illusion d'un oiseau en train d\u2019atterrir au milieu du troupeau.\",\"breadcrumb\":{\"@id\":\"https:\/\/staging.lucky-hunter.com\/product\/pigeon-turbo-flapper\/#breadcrumb\"},\"inLanguage\":\"fr-FR\",\"potentialAction\":[{\"@type\":\"ReadAction\",\"target\":[\"https:\/\/staging.lucky-hunter.com\/product\/pigeon-turbo-flapper\/\"]}]},{\"@type\":\"ImageObject\",\"inLanguage\":\"fr-FR\",\"@id\":\"https:\/\/staging.lucky-hunter.com\/product\/pigeon-turbo-flapper\/#primaryimage\",\"url\":\"https:\/\/staging.lucky-hunter.com\/wp-content\/uploads\/2017\/03\/LF-210.png\",\"contentUrl\":\"https:\/\/staging.lucky-hunter.com\/wp-content\/uploads\/2017\/03\/LF-210.png\",\"width\":1000,\"height\":1000},{\"@type\":\"BreadcrumbList\",\"@id\":\"https:\/\/staging.lucky-hunter.com\/product\/pigeon-turbo-flapper\/#breadcrumb\",\"itemListElement\":[{\"@type\":\"ListItem\",\"position\":1,\"name\":\"Home\",\"item\":\"https:\/\/staging.lucky-hunter.com\/fr\/\"},{\"@type\":\"ListItem\",\"position\":2,\"name\":\"Boutique\",\"item\":\"https:\/\/staging.lucky-hunter.com\/fr\/shop\/\"},{\"@type\":\"ListItem\",\"position\":3,\"name\":\"Pigeon Turbo Flapper\"}]},{\"@type\":\"WebSite\",\"@id\":\"https:\/\/staging.lucky-hunter.com\/#website\",\"url\":\"https:\/\/staging.lucky-hunter.com\/\",\"name\":\"Lucky-Hunter\",\"description\":\"Gear Up or Give Up\",\"potentialAction\":[{\"@type\":\"SearchAction\",\"target\":{\"@type\":\"EntryPoint\",\"urlTemplate\":\"https:\/\/staging.lucky-hunter.com\/?s={search_term_string}\"},\"query-input\":{\"@type\":\"PropertyValueSpecification\",\"valueRequired\":true,\"valueName\":\"search_term_string\"}}],\"inLanguage\":\"fr-FR\"}]}<\/script>\n<!-- \/ Yoast SEO plugin. -->","yoast_head_json":{"title":"Support de Blette R\u00e9aliste Pigeon Turbo Flapper | Lucky Hunter","description":"Donnez un aspect plus r\u00e9aliste \u00e0 votre d\u00e9ploiement de formes. Montez un oiseau mort sur le Pigeon Turbo Flapper et cr\u00e9ez l'illusion d'un oiseau en train d\u2019atterrir au milieu du troupeau.","robots":{"index":"noindex","follow":"follow","max-snippet":"max-snippet:-1","max-image-preview":"max-image-preview:large","max-video-preview":"max-video-preview:-1"},"og_locale":"fr_FR","og_type":"article","og_title":"Support de Blette R\u00e9aliste Pigeon Turbo Flapper | Lucky Hunter","og_description":"Donnez un aspect plus r\u00e9aliste \u00e0 votre d\u00e9ploiement de formes. Montez un oiseau mort sur le Pigeon Turbo Flapper et cr\u00e9ez l'illusion d'un oiseau en train d\u2019atterrir au milieu du troupeau.","og_url":"https:\/\/staging.lucky-hunter.com\/product\/pigeon-turbo-flapper\/","og_site_name":"Lucky-Hunter","article_modified_time":"2022-11-16T10:13:51+00:00","og_image":[{"width":1000,"height":1000,"url":"https:\/\/staging.lucky-hunter.com\/wp-content\/uploads\/2017\/03\/LF-210.png","type":"image\/png"}],"twitter_card":"summary_large_image","twitter_title":"Support de Blette R\u00e9aliste Pigeon Turbo Flapper | Lucky Hunter","twitter_description":"Donnez un aspect plus r\u00e9aliste \u00e0 votre d\u00e9ploiement de formes. Montez un oiseau mort sur le Pigeon Turbo Flapper et cr\u00e9ez l'illusion d'un oiseau en train d\u2019atterrir au milieu du troupeau.","twitter_misc":{"Dur\u00e9e de lecture estim\u00e9e":"1 minute"},"schema":{"@context":"https:\/\/schema.org","@graph":[{"@type":"WebPage","@id":"https:\/\/staging.lucky-hunter.com\/product\/pigeon-turbo-flapper\/","url":"https:\/\/staging.lucky-hunter.com\/product\/pigeon-turbo-flapper\/","name":"Support de Blette R\u00e9aliste Pigeon Turbo Flapper | Lucky Hunter","isPartOf":{"@id":"https:\/\/staging.lucky-hunter.com\/#website"},"primaryImageOfPage":{"@id":"https:\/\/staging.lucky-hunter.com\/product\/pigeon-turbo-flapper\/#primaryimage"},"image":{"@id":"https:\/\/staging.lucky-hunter.com\/product\/pigeon-turbo-flapper\/#primaryimage"},"thumbnailUrl":"https:\/\/staging.lucky-hunter.com\/wp-content\/uploads\/2017\/03\/LF-210.png","datePublished":"2017-03-01T12:54:25+00:00","dateModified":"2022-11-16T10:13:51+00:00","description":"Donnez un aspect plus r\u00e9aliste \u00e0 votre d\u00e9ploiement de formes. Montez un oiseau mort sur le Pigeon Turbo Flapper et cr\u00e9ez l'illusion d'un oiseau en train d\u2019atterrir au milieu du troupeau.","breadcrumb":{"@id":"https:\/\/staging.lucky-hunter.com\/product\/pigeon-turbo-flapper\/#breadcrumb"},"inLanguage":"fr-FR","potentialAction":[{"@type":"ReadAction","target":["https:\/\/staging.lucky-hunter.com\/product\/pigeon-turbo-flapper\/"]}]},{"@type":"ImageObject","inLanguage":"fr-FR","@id":"https:\/\/staging.lucky-hunter.com\/product\/pigeon-turbo-flapper\/#primaryimage","url":"https:\/\/staging.lucky-hunter.com\/wp-content\/uploads\/2017\/03\/LF-210.png","contentUrl":"https:\/\/staging.lucky-hunter.com\/wp-content\/uploads\/2017\/03\/LF-210.png","width":1000,"height":1000},{"@type":"BreadcrumbList","@id":"https:\/\/staging.lucky-hunter.com\/product\/pigeon-turbo-flapper\/#breadcrumb","itemListElement":[{"@type":"ListItem","position":1,"name":"Home","item":"https:\/\/staging.lucky-hunter.com\/fr\/"},{"@type":"ListItem","position":2,"name":"Boutique","item":"https:\/\/staging.lucky-hunter.com\/fr\/shop\/"},{"@type":"ListItem","position":3,"name":"Pigeon Turbo Flapper"}]},{"@type":"WebSite","@id":"https:\/\/staging.lucky-hunter.com\/#website","url":"https:\/\/staging.lucky-hunter.com\/","name":"Lucky-Hunter","description":"Gear Up or Give Up","potentialAction":[{"@type":"SearchAction","target":{"@type":"EntryPoint","urlTemplate":"https:\/\/staging.lucky-hunter.com\/?s={search_term_string}"},"query-input":{"@type":"PropertyValueSpecification","valueRequired":true,"valueName":"search_term_string"}}],"inLanguage":"fr-FR"}]}},"_links":{"self":[{"href":"https:\/\/staging.lucky-hunter.com\/fr\/wp-json\/wp\/v2\/product\/31773"}],"collection":[{"href":"https:\/\/staging.lucky-hunter.com\/fr\/wp-json\/wp\/v2\/product"}],"about":[{"href":"https:\/\/staging.lucky-hunter.com\/fr\/wp-json\/wp\/v2\/types\/product"}],"wp:featuredmedia":[{"embeddable":true,"href":"https:\/\/staging.lucky-hunter.com\/fr\/wp-json\/wp\/v2\/media\/29483"}],"wp:attachment":[{"href":"https:\/\/staging.lucky-hunter.com\/fr\/wp-json\/wp\/v2\/media?parent=31773"}],"wp:term":[{"taxonomy":"product_brand","embeddable":true,"href":"https:\/\/staging.lucky-hunter.com\/fr\/wp-json\/wp\/v2\/product_brand?post=31773"},{"taxonomy":"product_cat","embeddable":true,"href":"https:\/\/staging.lucky-hunter.com\/fr\/wp-json\/wp\/v2\/product_cat?post=31773"},{"taxonomy":"product_tag","embeddable":true,"href":"https:\/\/staging.lucky-hunter.com\/fr\/wp-json\/wp\/v2\/product_tag?post=31773"}],"curies":[{"name":"wp","href":"https:\/\/api.w.org\/{rel}","templated":true}]}}