{"id":31769,"date":"2016-11-04T12:18:32","date_gmt":"2016-11-04T11:18:32","guid":{"rendered":"https:\/\/staging.lucky-hunter.com\/product\/full-size-pigeon-decoy\/"},"modified":"2024-09-12T11:18:35","modified_gmt":"2024-09-12T09:18:35","slug":"full-size-pigeon-decoy","status":"publish","type":"product","link":"https:\/\/staging.lucky-hunter.com\/fr\/product\/full-size-pigeon-decoy\/","title":{"rendered":"Forme pigeon taille r\u00e9elle"},"content":{"rendered":"<h2><strong>Forme pigeon taille r\u00e9elle : forme floqu\u00e9 de qualit\u00e9 sup\u00e9rieure<\/strong><\/h2>\n<p>Gr\u00e2ce au flocage de qualit\u00e9, ce forme a un aspect tr\u00e8s naturel. M\u00eame par temps ensoleill\u00e9 ou humide, le forme ne brille pas et n\u2019a pas de reflets. C&#8217;est une caract\u00e9ristique essentielle car les oiseaux ne seront pas attir\u00e9s s\u2019il ne semble pas naturel.<\/p>\n<p>Vous pouvez placer une pointe dans l&#8217;une des deux ouvertures \u00e0 l&#8217;arri\u00e8re du forme pour imiter des pigeons en train de manger, ou varier les positions des t\u00eates. Vous devez utiliser au moins 10 formes pour votre sc\u00e8ne de chasse.<\/p>\n<p>Plus il y a de formes , plus ils sont efficaces. Mesure env. 40cm.<\/p>\n","protected":false},"excerpt":{"rendered":"<p>Gr\u00e2ce au flocage de qualit\u00e9, ce forme a un aspect tr\u00e8s naturel. M\u00eame par temps ensoleill\u00e9 ou humide, le forme ne brille pas et n\u2019a pas de reflets. Mesurer env. 40 cm.<\/p>\n","protected":false},"featured_media":64903,"template":"","meta":[],"product_brand":[8196],"product_cat":[8163],"product_tag":[9250],"yoast_head":"<!-- This site is optimized with the Yoast SEO plugin v24.3 - https:\/\/yoast.com\/wordpress\/plugins\/seo\/ -->\n<title>Forme pigeon taille r\u00e9elle : forme floqu\u00e9 de qualit\u00e9 sup\u00e9rieure<\/title>\n<meta name=\"description\" content=\"Aspect naturel, flocage de belle qualit\u00e9. M\u00eame au soleil ou sous la pluie, le forme Pigeon Full Size ne brillera pas et ne deviendra pas r\u00e9fl\u00e9chissant.\" \/>\n<meta name=\"robots\" content=\"noindex, follow, max-snippet:-1, max-image-preview:large, max-video-preview:-1\" \/>\n<meta property=\"og:locale\" content=\"fr_FR\" \/>\n<meta property=\"og:type\" content=\"article\" \/>\n<meta property=\"og:title\" content=\"{1&gt;Leurre pigeon taille r\u00e9elle : leurre floqu\u00e9 de qualit\u00e9 sup\u00e9rieure&lt;1}\" \/>\n<meta property=\"og:description\" content=\"Aspect naturel, flocage de belle qualit\u00e9. M\u00eame au soleil ou sous la pluie, le forme Pigeon Full Size ne brillera pas et ne deviendra pas r\u00e9fl\u00e9chissant.\" \/>\n<meta property=\"og:url\" content=\"https:\/\/staging.lucky-hunter.com\/fr\/product\/full-size-pigeon-decoy\/\" \/>\n<meta property=\"og:site_name\" content=\"Lucky-Hunter\" \/>\n<meta property=\"article:modified_time\" content=\"2024-09-12T09:18:35+00:00\" \/>\n<meta property=\"og:image\" content=\"https:\/\/staging.lucky-hunter.com\/wp-content\/uploads\/2016\/11\/510065-1.png\" \/>\n\t<meta property=\"og:image:width\" content=\"580\" \/>\n\t<meta property=\"og:image:height\" content=\"580\" \/>\n\t<meta property=\"og:image:type\" content=\"image\/png\" \/>\n<meta name=\"twitter:card\" content=\"summary_large_image\" \/>\n<meta name=\"twitter:title\" content=\"Forme pigeon taille r\u00e9elle : forme floqu\u00e9 de qualit\u00e9 sup\u00e9rieure\" \/>\n<meta name=\"twitter:description\" content=\"Aspect naturel, flocage de belle qualit\u00e9. M\u00eame au soleil ou sous la pluie, le forme Pigeon Full Size ne brillera pas et ne deviendra pas r\u00e9fl\u00e9chissant.\" \/>\n<meta name=\"twitter:label1\" content=\"Dur\u00e9e de lecture estim\u00e9e\" \/>\n\t<meta name=\"twitter:data1\" content=\"1 minute\" \/>\n<script type=\"application\/ld+json\" class=\"yoast-schema-graph\">{\"@context\":\"https:\/\/schema.org\",\"@graph\":[{\"@type\":\"WebPage\",\"@id\":\"https:\/\/staging.lucky-hunter.com\/fr\/product\/full-size-pigeon-decoy\/\",\"url\":\"https:\/\/staging.lucky-hunter.com\/fr\/product\/full-size-pigeon-decoy\/\",\"name\":\"Forme pigeon taille r\u00e9elle : forme floqu\u00e9 de qualit\u00e9 sup\u00e9rieure\",\"isPartOf\":{\"@id\":\"https:\/\/staging.lucky-hunter.com\/#website\"},\"primaryImageOfPage\":{\"@id\":\"https:\/\/staging.lucky-hunter.com\/fr\/product\/full-size-pigeon-decoy\/#primaryimage\"},\"image\":{\"@id\":\"https:\/\/staging.lucky-hunter.com\/fr\/product\/full-size-pigeon-decoy\/#primaryimage\"},\"thumbnailUrl\":\"https:\/\/staging.lucky-hunter.com\/wp-content\/uploads\/2016\/11\/510065-1.png\",\"datePublished\":\"2016-11-04T11:18:32+00:00\",\"dateModified\":\"2024-09-12T09:18:35+00:00\",\"description\":\"Aspect naturel, flocage de belle qualit\u00e9. M\u00eame au soleil ou sous la pluie, le forme Pigeon Full Size ne brillera pas et ne deviendra pas r\u00e9fl\u00e9chissant.\",\"breadcrumb\":{\"@id\":\"https:\/\/staging.lucky-hunter.com\/fr\/product\/full-size-pigeon-decoy\/#breadcrumb\"},\"inLanguage\":\"fr-FR\",\"potentialAction\":[{\"@type\":\"ReadAction\",\"target\":[\"https:\/\/staging.lucky-hunter.com\/fr\/product\/full-size-pigeon-decoy\/\"]}]},{\"@type\":\"ImageObject\",\"inLanguage\":\"fr-FR\",\"@id\":\"https:\/\/staging.lucky-hunter.com\/fr\/product\/full-size-pigeon-decoy\/#primaryimage\",\"url\":\"https:\/\/staging.lucky-hunter.com\/wp-content\/uploads\/2016\/11\/510065-1.png\",\"contentUrl\":\"https:\/\/staging.lucky-hunter.com\/wp-content\/uploads\/2016\/11\/510065-1.png\",\"width\":580,\"height\":580},{\"@type\":\"BreadcrumbList\",\"@id\":\"https:\/\/staging.lucky-hunter.com\/fr\/product\/full-size-pigeon-decoy\/#breadcrumb\",\"itemListElement\":[{\"@type\":\"ListItem\",\"position\":1,\"name\":\"Home\",\"item\":\"https:\/\/staging.lucky-hunter.com\/fr\/\"},{\"@type\":\"ListItem\",\"position\":2,\"name\":\"Boutique\",\"item\":\"https:\/\/staging.lucky-hunter.com\/fr\/shop\/\"},{\"@type\":\"ListItem\",\"position\":3,\"name\":\"Forme pigeon taille r\u00e9elle\"}]},{\"@type\":\"WebSite\",\"@id\":\"https:\/\/staging.lucky-hunter.com\/#website\",\"url\":\"https:\/\/staging.lucky-hunter.com\/\",\"name\":\"Lucky-Hunter\",\"description\":\"Gear Up or Give Up\",\"potentialAction\":[{\"@type\":\"SearchAction\",\"target\":{\"@type\":\"EntryPoint\",\"urlTemplate\":\"https:\/\/staging.lucky-hunter.com\/?s={search_term_string}\"},\"query-input\":{\"@type\":\"PropertyValueSpecification\",\"valueRequired\":true,\"valueName\":\"search_term_string\"}}],\"inLanguage\":\"fr-FR\"}]}<\/script>\n<!-- \/ Yoast SEO plugin. -->","yoast_head_json":{"title":"Forme pigeon taille r\u00e9elle : forme floqu\u00e9 de qualit\u00e9 sup\u00e9rieure","description":"Aspect naturel, flocage de belle qualit\u00e9. M\u00eame au soleil ou sous la pluie, le forme Pigeon Full Size ne brillera pas et ne deviendra pas r\u00e9fl\u00e9chissant.","robots":{"index":"noindex","follow":"follow","max-snippet":"max-snippet:-1","max-image-preview":"max-image-preview:large","max-video-preview":"max-video-preview:-1"},"og_locale":"fr_FR","og_type":"article","og_title":"{1>Leurre pigeon taille r\u00e9elle : leurre floqu\u00e9 de qualit\u00e9 sup\u00e9rieure&lt;1}","og_description":"Aspect naturel, flocage de belle qualit\u00e9. M\u00eame au soleil ou sous la pluie, le forme Pigeon Full Size ne brillera pas et ne deviendra pas r\u00e9fl\u00e9chissant.","og_url":"https:\/\/staging.lucky-hunter.com\/fr\/product\/full-size-pigeon-decoy\/","og_site_name":"Lucky-Hunter","article_modified_time":"2024-09-12T09:18:35+00:00","og_image":[{"width":580,"height":580,"url":"https:\/\/staging.lucky-hunter.com\/wp-content\/uploads\/2016\/11\/510065-1.png","type":"image\/png"}],"twitter_card":"summary_large_image","twitter_title":"Forme pigeon taille r\u00e9elle : forme floqu\u00e9 de qualit\u00e9 sup\u00e9rieure","twitter_description":"Aspect naturel, flocage de belle qualit\u00e9. M\u00eame au soleil ou sous la pluie, le forme Pigeon Full Size ne brillera pas et ne deviendra pas r\u00e9fl\u00e9chissant.","twitter_misc":{"Dur\u00e9e de lecture estim\u00e9e":"1 minute"},"schema":{"@context":"https:\/\/schema.org","@graph":[{"@type":"WebPage","@id":"https:\/\/staging.lucky-hunter.com\/fr\/product\/full-size-pigeon-decoy\/","url":"https:\/\/staging.lucky-hunter.com\/fr\/product\/full-size-pigeon-decoy\/","name":"Forme pigeon taille r\u00e9elle : forme floqu\u00e9 de qualit\u00e9 sup\u00e9rieure","isPartOf":{"@id":"https:\/\/staging.lucky-hunter.com\/#website"},"primaryImageOfPage":{"@id":"https:\/\/staging.lucky-hunter.com\/fr\/product\/full-size-pigeon-decoy\/#primaryimage"},"image":{"@id":"https:\/\/staging.lucky-hunter.com\/fr\/product\/full-size-pigeon-decoy\/#primaryimage"},"thumbnailUrl":"https:\/\/staging.lucky-hunter.com\/wp-content\/uploads\/2016\/11\/510065-1.png","datePublished":"2016-11-04T11:18:32+00:00","dateModified":"2024-09-12T09:18:35+00:00","description":"Aspect naturel, flocage de belle qualit\u00e9. M\u00eame au soleil ou sous la pluie, le forme Pigeon Full Size ne brillera pas et ne deviendra pas r\u00e9fl\u00e9chissant.","breadcrumb":{"@id":"https:\/\/staging.lucky-hunter.com\/fr\/product\/full-size-pigeon-decoy\/#breadcrumb"},"inLanguage":"fr-FR","potentialAction":[{"@type":"ReadAction","target":["https:\/\/staging.lucky-hunter.com\/fr\/product\/full-size-pigeon-decoy\/"]}]},{"@type":"ImageObject","inLanguage":"fr-FR","@id":"https:\/\/staging.lucky-hunter.com\/fr\/product\/full-size-pigeon-decoy\/#primaryimage","url":"https:\/\/staging.lucky-hunter.com\/wp-content\/uploads\/2016\/11\/510065-1.png","contentUrl":"https:\/\/staging.lucky-hunter.com\/wp-content\/uploads\/2016\/11\/510065-1.png","width":580,"height":580},{"@type":"BreadcrumbList","@id":"https:\/\/staging.lucky-hunter.com\/fr\/product\/full-size-pigeon-decoy\/#breadcrumb","itemListElement":[{"@type":"ListItem","position":1,"name":"Home","item":"https:\/\/staging.lucky-hunter.com\/fr\/"},{"@type":"ListItem","position":2,"name":"Boutique","item":"https:\/\/staging.lucky-hunter.com\/fr\/shop\/"},{"@type":"ListItem","position":3,"name":"Forme pigeon taille r\u00e9elle"}]},{"@type":"WebSite","@id":"https:\/\/staging.lucky-hunter.com\/#website","url":"https:\/\/staging.lucky-hunter.com\/","name":"Lucky-Hunter","description":"Gear Up or Give Up","potentialAction":[{"@type":"SearchAction","target":{"@type":"EntryPoint","urlTemplate":"https:\/\/staging.lucky-hunter.com\/?s={search_term_string}"},"query-input":{"@type":"PropertyValueSpecification","valueRequired":true,"valueName":"search_term_string"}}],"inLanguage":"fr-FR"}]}},"_links":{"self":[{"href":"https:\/\/staging.lucky-hunter.com\/fr\/wp-json\/wp\/v2\/product\/31769"}],"collection":[{"href":"https:\/\/staging.lucky-hunter.com\/fr\/wp-json\/wp\/v2\/product"}],"about":[{"href":"https:\/\/staging.lucky-hunter.com\/fr\/wp-json\/wp\/v2\/types\/product"}],"wp:featuredmedia":[{"embeddable":true,"href":"https:\/\/staging.lucky-hunter.com\/fr\/wp-json\/wp\/v2\/media\/64903"}],"wp:attachment":[{"href":"https:\/\/staging.lucky-hunter.com\/fr\/wp-json\/wp\/v2\/media?parent=31769"}],"wp:term":[{"taxonomy":"product_brand","embeddable":true,"href":"https:\/\/staging.lucky-hunter.com\/fr\/wp-json\/wp\/v2\/product_brand?post=31769"},{"taxonomy":"product_cat","embeddable":true,"href":"https:\/\/staging.lucky-hunter.com\/fr\/wp-json\/wp\/v2\/product_cat?post=31769"},{"taxonomy":"product_tag","embeddable":true,"href":"https:\/\/staging.lucky-hunter.com\/fr\/wp-json\/wp\/v2\/product_tag?post=31769"}],"curies":[{"name":"wp","href":"https:\/\/api.w.org\/{rel}","templated":true}]}}