{"id":31737,"date":"2016-11-07T16:10:37","date_gmt":"2016-11-07T15:10:37","guid":{"rendered":"https:\/\/staging.lucky-hunter.com\/product\/self-inflatable-waterproof-cushion\/"},"modified":"2023-03-14T15:38:39","modified_gmt":"2023-03-14T14:38:39","slug":"self-inflatable-waterproof-cushion","status":"publish","type":"product","link":"https:\/\/staging.lucky-hunter.com\/fr\/product\/self-inflatable-waterproof-cushion\/","title":{"rendered":"Hunters Specialties Bunsaver &#8211; Coussin autogonflant et imperm\u00e9able"},"content":{"rendered":"<h2>Hunters Specialties Bunsaver &#8211; Coussin autogonflant et imperm\u00e9able<\/h2>\n<p>Ce coussin Hunters Specialties assure une assise confortable en haut de votre \u00e9chelle de chasse pendant des heures.<\/p>\n<p>Il offre \u00e9galement une protection efficace contre le froid par le bas lorsque vous \u00eates \u00e0 l&#8217;ext\u00e9rieur. Il est parfait pour les nuits assis pr\u00e8s du feu de camp, pour \u00eatre perch\u00e9 en haut de l\u2019\u00e9chelle pendant la chasse, pour \u00eatre assis au bord de la rivi\u00e8re ou du lac pendant la p\u00eache, ou tout simplement pour aller \u00e0 un pique-nique ou \u00e0 un barbecue.<\/p>\n<p>La valve sp\u00e9ciale du coussin permet \u00e0 l\u2019air d\u2019entrer rapidement et de ressortir tout aussi rapidement lorsque vous n\u2019en avez plus besoin, ce qui rend ce coussin imperm\u00e9able id\u00e9al pour emporter avec vous \u00e0 la chasse ou lors d&#8217;un voyage o\u00f9 l&#8217;espace est limit\u00e9. Comme il se gonfle automatiquement, vous n&#8217;avez pas besoin de vous encombrer avec une pompe. Le coussin est fourni avec une sangle de transport qui facilite son utilisation, o\u00f9 que vous soyez. Le coussin int\u00e8gre le motif de camouflage Realtree\u00ae APG&#x2122;, garantissant une discr\u00e9tion totale en plus du confort.<\/p>\n<p>Le coussin est fourni avec une sangle de transport. Cela facilite son utilisation, o\u00f9 que vous soyez.<\/p>\n<p>Le coussin est fabriqu\u00e9 en motif de camouflage Realtree\u00ae APG&#x2122;. Cela garantit que vous resterez cach\u00e9, dans le confort.<\/p>\n<p>Compact et ne p\u00e8se presque rien.<\/p>\n","protected":false},"excerpt":{"rendered":"<p>Ce coussin Hunters Specialties assure une assise confortable en haut de votre \u00e9chelle de chasse pendant des heures. Il offre \u00e9galement une protection efficace contre le froid par le bas lorsque vous p\u00eachez, que vous campez et que vous faites de la voile ou de la randonn\u00e9e.<\/p>\n","protected":false},"featured_media":823585,"template":"","meta":[],"product_brand":[8193],"product_cat":[9383],"product_tag":[],"yoast_head":"<!-- This site is optimized with the Yoast SEO plugin v24.3 - https:\/\/yoast.com\/wordpress\/plugins\/seo\/ -->\n<title>Hunters Specialties Bunsaver - Coussin autogonflant et imperm\u00e9able<\/title>\n<meta name=\"description\" content=\"Chasseurs Sp\u00e9cialit\u00e9s Bunsaver. Ce coussin auto-gonflable et imperm\u00e9able est parfait pour une utilisation en ext\u00e9rieur ; sur l&#039;\u00e9chelle de chasse ou toute activit\u00e9 de plein air.\" \/>\n<meta name=\"robots\" content=\"noindex, follow, max-snippet:-1, max-image-preview:large, max-video-preview:-1\" \/>\n<meta property=\"og:locale\" content=\"fr_FR\" \/>\n<meta property=\"og:type\" content=\"article\" \/>\n<meta property=\"og:title\" content=\"Coussin auto-gonflable et imperm\u00e9able | Chasseur chanceux\" \/>\n<meta property=\"og:description\" content=\"Compact, confortable et \u00e9tanche. Ce coussin auto-gonflable et imperm\u00e9able est parfait pour une utilisation en ext\u00e9rieur ; sur l&#039;\u00e9chelle de chasse ou toute activit\u00e9 de plein air.\" \/>\n<meta property=\"og:url\" content=\"https:\/\/staging.lucky-hunter.com\/product\/self-inflatable-waterproof-cushion\/\" \/>\n<meta property=\"og:site_name\" content=\"Lucky-Hunter\" \/>\n<meta property=\"article:modified_time\" content=\"2023-03-14T14:38:39+00:00\" \/>\n<meta property=\"og:image\" content=\"https:\/\/staging.lucky-hunter.com\/wp-content\/uploads\/2016\/11\/image00001__1_-removebg.png\" \/>\n\t<meta property=\"og:image:width\" content=\"3024\" \/>\n\t<meta property=\"og:image:height\" content=\"4032\" \/>\n\t<meta property=\"og:image:type\" content=\"image\/png\" \/>\n<meta name=\"twitter:card\" content=\"summary_large_image\" \/>\n<meta name=\"twitter:title\" content=\"Coussin auto-gonflable et imperm\u00e9able | Chasseur chanceux\" \/>\n<meta name=\"twitter:description\" content=\"Compact, confortable et \u00e9tanche. Ce coussin auto-gonflable et imperm\u00e9able est parfait pour une utilisation en ext\u00e9rieur ; sur l&#039;\u00e9chelle de chasse ou toute activit\u00e9 de plein air.\" \/>\n<meta name=\"twitter:label1\" content=\"Dur\u00e9e de lecture estim\u00e9e\" \/>\n\t<meta name=\"twitter:data1\" content=\"1 minute\" \/>\n<script type=\"application\/ld+json\" class=\"yoast-schema-graph\">{\"@context\":\"https:\/\/schema.org\",\"@graph\":[{\"@type\":\"WebPage\",\"@id\":\"https:\/\/staging.lucky-hunter.com\/product\/self-inflatable-waterproof-cushion\/\",\"url\":\"https:\/\/staging.lucky-hunter.com\/product\/self-inflatable-waterproof-cushion\/\",\"name\":\"Hunters Specialties Bunsaver - Coussin autogonflant et imperm\u00e9able\",\"isPartOf\":{\"@id\":\"https:\/\/staging.lucky-hunter.com\/#website\"},\"primaryImageOfPage\":{\"@id\":\"https:\/\/staging.lucky-hunter.com\/product\/self-inflatable-waterproof-cushion\/#primaryimage\"},\"image\":{\"@id\":\"https:\/\/staging.lucky-hunter.com\/product\/self-inflatable-waterproof-cushion\/#primaryimage\"},\"thumbnailUrl\":\"https:\/\/staging.lucky-hunter.com\/wp-content\/uploads\/2016\/11\/image00001__1_-removebg.png\",\"datePublished\":\"2016-11-07T15:10:37+00:00\",\"dateModified\":\"2023-03-14T14:38:39+00:00\",\"description\":\"Chasseurs Sp\u00e9cialit\u00e9s Bunsaver. Ce coussin auto-gonflable et imperm\u00e9able est parfait pour une utilisation en ext\u00e9rieur ; sur l'\u00e9chelle de chasse ou toute activit\u00e9 de plein air.\",\"breadcrumb\":{\"@id\":\"https:\/\/staging.lucky-hunter.com\/product\/self-inflatable-waterproof-cushion\/#breadcrumb\"},\"inLanguage\":\"fr-FR\",\"potentialAction\":[{\"@type\":\"ReadAction\",\"target\":[\"https:\/\/staging.lucky-hunter.com\/product\/self-inflatable-waterproof-cushion\/\"]}]},{\"@type\":\"ImageObject\",\"inLanguage\":\"fr-FR\",\"@id\":\"https:\/\/staging.lucky-hunter.com\/product\/self-inflatable-waterproof-cushion\/#primaryimage\",\"url\":\"https:\/\/staging.lucky-hunter.com\/wp-content\/uploads\/2016\/11\/image00001__1_-removebg.png\",\"contentUrl\":\"https:\/\/staging.lucky-hunter.com\/wp-content\/uploads\/2016\/11\/image00001__1_-removebg.png\",\"width\":3024,\"height\":4032,\"caption\":\"7205323\"},{\"@type\":\"BreadcrumbList\",\"@id\":\"https:\/\/staging.lucky-hunter.com\/product\/self-inflatable-waterproof-cushion\/#breadcrumb\",\"itemListElement\":[{\"@type\":\"ListItem\",\"position\":1,\"name\":\"Home\",\"item\":\"https:\/\/staging.lucky-hunter.com\/fr\/\"},{\"@type\":\"ListItem\",\"position\":2,\"name\":\"Boutique\",\"item\":\"https:\/\/staging.lucky-hunter.com\/fr\/shop\/\"},{\"@type\":\"ListItem\",\"position\":3,\"name\":\"Hunters Specialties Bunsaver &#8211; Coussin autogonflant et imperm\u00e9able\"}]},{\"@type\":\"WebSite\",\"@id\":\"https:\/\/staging.lucky-hunter.com\/#website\",\"url\":\"https:\/\/staging.lucky-hunter.com\/\",\"name\":\"Lucky-Hunter\",\"description\":\"Gear Up or Give Up\",\"potentialAction\":[{\"@type\":\"SearchAction\",\"target\":{\"@type\":\"EntryPoint\",\"urlTemplate\":\"https:\/\/staging.lucky-hunter.com\/?s={search_term_string}\"},\"query-input\":{\"@type\":\"PropertyValueSpecification\",\"valueRequired\":true,\"valueName\":\"search_term_string\"}}],\"inLanguage\":\"fr-FR\"}]}<\/script>\n<!-- \/ Yoast SEO plugin. -->","yoast_head_json":{"title":"Hunters Specialties Bunsaver - Coussin autogonflant et imperm\u00e9able","description":"Chasseurs Sp\u00e9cialit\u00e9s Bunsaver. Ce coussin auto-gonflable et imperm\u00e9able est parfait pour une utilisation en ext\u00e9rieur ; sur l'\u00e9chelle de chasse ou toute activit\u00e9 de plein air.","robots":{"index":"noindex","follow":"follow","max-snippet":"max-snippet:-1","max-image-preview":"max-image-preview:large","max-video-preview":"max-video-preview:-1"},"og_locale":"fr_FR","og_type":"article","og_title":"Coussin auto-gonflable et imperm\u00e9able | Chasseur chanceux","og_description":"Compact, confortable et \u00e9tanche. Ce coussin auto-gonflable et imperm\u00e9able est parfait pour une utilisation en ext\u00e9rieur ; sur l'\u00e9chelle de chasse ou toute activit\u00e9 de plein air.","og_url":"https:\/\/staging.lucky-hunter.com\/product\/self-inflatable-waterproof-cushion\/","og_site_name":"Lucky-Hunter","article_modified_time":"2023-03-14T14:38:39+00:00","og_image":[{"url":"https:\/\/staging.lucky-hunter.com\/wp-content\/uploads\/2016\/11\/image00001__1_-removebg.png","width":3024,"height":4032,"type":"image\/png"}],"twitter_card":"summary_large_image","twitter_title":"Coussin auto-gonflable et imperm\u00e9able | Chasseur chanceux","twitter_description":"Compact, confortable et \u00e9tanche. Ce coussin auto-gonflable et imperm\u00e9able est parfait pour une utilisation en ext\u00e9rieur ; sur l'\u00e9chelle de chasse ou toute activit\u00e9 de plein air.","twitter_misc":{"Dur\u00e9e de lecture estim\u00e9e":"1 minute"},"schema":{"@context":"https:\/\/schema.org","@graph":[{"@type":"WebPage","@id":"https:\/\/staging.lucky-hunter.com\/product\/self-inflatable-waterproof-cushion\/","url":"https:\/\/staging.lucky-hunter.com\/product\/self-inflatable-waterproof-cushion\/","name":"Hunters Specialties Bunsaver - Coussin autogonflant et imperm\u00e9able","isPartOf":{"@id":"https:\/\/staging.lucky-hunter.com\/#website"},"primaryImageOfPage":{"@id":"https:\/\/staging.lucky-hunter.com\/product\/self-inflatable-waterproof-cushion\/#primaryimage"},"image":{"@id":"https:\/\/staging.lucky-hunter.com\/product\/self-inflatable-waterproof-cushion\/#primaryimage"},"thumbnailUrl":"https:\/\/staging.lucky-hunter.com\/wp-content\/uploads\/2016\/11\/image00001__1_-removebg.png","datePublished":"2016-11-07T15:10:37+00:00","dateModified":"2023-03-14T14:38:39+00:00","description":"Chasseurs Sp\u00e9cialit\u00e9s Bunsaver. Ce coussin auto-gonflable et imperm\u00e9able est parfait pour une utilisation en ext\u00e9rieur ; sur l'\u00e9chelle de chasse ou toute activit\u00e9 de plein air.","breadcrumb":{"@id":"https:\/\/staging.lucky-hunter.com\/product\/self-inflatable-waterproof-cushion\/#breadcrumb"},"inLanguage":"fr-FR","potentialAction":[{"@type":"ReadAction","target":["https:\/\/staging.lucky-hunter.com\/product\/self-inflatable-waterproof-cushion\/"]}]},{"@type":"ImageObject","inLanguage":"fr-FR","@id":"https:\/\/staging.lucky-hunter.com\/product\/self-inflatable-waterproof-cushion\/#primaryimage","url":"https:\/\/staging.lucky-hunter.com\/wp-content\/uploads\/2016\/11\/image00001__1_-removebg.png","contentUrl":"https:\/\/staging.lucky-hunter.com\/wp-content\/uploads\/2016\/11\/image00001__1_-removebg.png","width":3024,"height":4032,"caption":"7205323"},{"@type":"BreadcrumbList","@id":"https:\/\/staging.lucky-hunter.com\/product\/self-inflatable-waterproof-cushion\/#breadcrumb","itemListElement":[{"@type":"ListItem","position":1,"name":"Home","item":"https:\/\/staging.lucky-hunter.com\/fr\/"},{"@type":"ListItem","position":2,"name":"Boutique","item":"https:\/\/staging.lucky-hunter.com\/fr\/shop\/"},{"@type":"ListItem","position":3,"name":"Hunters Specialties Bunsaver &#8211; Coussin autogonflant et imperm\u00e9able"}]},{"@type":"WebSite","@id":"https:\/\/staging.lucky-hunter.com\/#website","url":"https:\/\/staging.lucky-hunter.com\/","name":"Lucky-Hunter","description":"Gear Up or Give Up","potentialAction":[{"@type":"SearchAction","target":{"@type":"EntryPoint","urlTemplate":"https:\/\/staging.lucky-hunter.com\/?s={search_term_string}"},"query-input":{"@type":"PropertyValueSpecification","valueRequired":true,"valueName":"search_term_string"}}],"inLanguage":"fr-FR"}]}},"_links":{"self":[{"href":"https:\/\/staging.lucky-hunter.com\/fr\/wp-json\/wp\/v2\/product\/31737"}],"collection":[{"href":"https:\/\/staging.lucky-hunter.com\/fr\/wp-json\/wp\/v2\/product"}],"about":[{"href":"https:\/\/staging.lucky-hunter.com\/fr\/wp-json\/wp\/v2\/types\/product"}],"wp:featuredmedia":[{"embeddable":true,"href":"https:\/\/staging.lucky-hunter.com\/fr\/wp-json\/wp\/v2\/media\/823585"}],"wp:attachment":[{"href":"https:\/\/staging.lucky-hunter.com\/fr\/wp-json\/wp\/v2\/media?parent=31737"}],"wp:term":[{"taxonomy":"product_brand","embeddable":true,"href":"https:\/\/staging.lucky-hunter.com\/fr\/wp-json\/wp\/v2\/product_brand?post=31737"},{"taxonomy":"product_cat","embeddable":true,"href":"https:\/\/staging.lucky-hunter.com\/fr\/wp-json\/wp\/v2\/product_cat?post=31737"},{"taxonomy":"product_tag","embeddable":true,"href":"https:\/\/staging.lucky-hunter.com\/fr\/wp-json\/wp\/v2\/product_tag?post=31737"}],"curies":[{"name":"wp","href":"https:\/\/api.w.org\/{rel}","templated":true}]}}