{"id":31733,"date":"2016-11-07T16:02:35","date_gmt":"2016-11-07T15:02:35","guid":{"rendered":"https:\/\/staging.lucky-hunter.com\/product\/telescopic-treestand-hs-50\/"},"modified":"2025-09-23T12:40:44","modified_gmt":"2025-09-23T10:40:44","slug":"telescopic-treestand-hs-50","status":"publish","type":"product","link":"https:\/\/staging.lucky-hunter.com\/fr\/product\/telescopic-treestand-hs-50\/","title":{"rendered":"Mirador t\u00e9lescopique HS-50"},"content":{"rendered":"<h2><strong>Mirador t\u00e9lescopique HS-50<\/strong><\/h2>\n<p>Ce mirador HS-50 en aluminium est con\u00e7u sur le m\u00eame principe qu&#8217;une \u00e9chelle t\u00e9lescopique. L&#8217;\u00e9chelle est en aluminium avec des vis et des boulons en acier inoxydable aux endroits expos\u00e9s. L&#8217;\u00e9chelle est \u00e9quip\u00e9e d&#8217;une barre de tir r\u00e9glable pour le meilleur support de tir possible.<\/p>\n<p>\u00c0 noter que l\u2019assise est en acier \u00e9lectrozingu\u00e9 car les profil\u00e9s en acier ordinaires rouilleraient tr\u00e8s vite. L&#8217;\u00e9chelle ne p\u00e8se que 15 kilogrammes et peut donc \u00eatre d\u00e9plac\u00e9e rapidement partout dans la zone de chasse.<\/p>\n<p>Le mirador est flexible et compact : il vous suffit de faire glisser autant de marches que n\u00e9cessaire, ce qui signifie que l&#8217;\u00e9chelle se montre utile dans plusieurs lieux de chasse.<\/p>\n<p>La hauteur maximale est d&#8217;environ 3,3 m\u00e8tres et sa capacit\u00e9 de charge est de 150 kg maximum. Avant de monter l&#8217;\u00e9chelle, v\u00e9rifiez toujours que le sol est stable.<\/p>\n<p>Sa taille compacte rend cette \u00e9chelle de chasse id\u00e9ale lors des voyages pour chasser \u00e0 l&#8217;\u00e9tranger, car elle prend tr\u00e8s peu de place dans la voiture.<\/p>\n<p>Nous savons tous \u00e0 quel point aller chasser \u00e0 l&#8217;\u00e9tranger et d\u00e9couvrir qu&#8217;il n&#8217;y a pas d&#8217;\u00e9chelles ou de tours de chasse disponibles est aga\u00e7ant.<\/p>\n<p>Avoir sa propre \u00e9chelle r\u00e8gle le probl\u00e8me. Une caract\u00e9ristique int\u00e9ressante de cette \u00e9chelle de chasse est la pr\u00e9sence de sangles, qui vous permettent de la porter comme un sac \u00e0 dos. Votre propre \u00e9chelle garantit que cela ne vous arrive pas.<\/p>\n<p>Une caract\u00e9ristique int\u00e9ressante est que l&#8217;\u00e9chelle de chasse a des sangles, vous pouvez donc la porter comme un sac \u00e0 dos.<\/p>\n<p>Il a \u00e9galement une poche de chaise pour les thermos, les munitions, etc. pour les longues journ\u00e9es de chasse.<\/p>\n<h4><strong>Propos\u00e9e en 2 versions :<\/strong><\/h4>\n<ul>\n<li>Avec des boulons en acier ordinaires<\/li>\n<li>Avec boulons en acier inoxydable et barre de tir en acier \u00e9lectrozingu\u00e9.<\/li>\n<\/ul>\n<h4><strong>Caract\u00e9ristiques\u00a0:<\/strong><\/h4>\n<ul>\n<li>Hauteur : 3,3 m\u00e8tres<\/li>\n<li>Poids : 15 g<\/li>\n<li>Hauteur pli\u00e9e : 72 x 50x 10 cm<\/li>\n<li>Hauteur d\u00e9pli\u00e9e : 350 x 50 x 10 cm<\/li>\n<li>Charge maximum : 150 kg<\/li>\n<li>Mat\u00e9riau : Aluminium<\/li>\n<li>Surface: Rev\u00eatement en poudre<\/li>\n<li>Assemblage non requis.<\/li>\n<\/ul>\n<p>Le mirador HS-50 est homologu\u00e9 EN-131 en mati\u00e8re de s\u00e9curit\u00e9. La norme EN-131 sert \u00e0 assurer \u00e0 l&#8217;utilisateur une s\u00e9curit\u00e9 maximale concernant la construction de l&#8217;\u00e9chelle. La norme exige \u00e9galement que l&#8217;utilisateur soit inform\u00e9 des dangers et des risques qui peuvent survenir si une \u00e9chelle de chasse n&#8217;est pas mont\u00e9e correctement.<\/p>\n<p>{1>T\u00e9l\u00e9chargez le manuel ici&lt;1}<\/p>\n<p>\u00a0<\/p>\n","protected":false},"excerpt":{"rendered":"<p>Ce mirador HS-50 en aluminium est con\u00e7u sur le m\u00eame principe qu&#8217;une \u00e9chelle t\u00e9lescopique. L&#8217;\u00e9chelle est en aluminium avec des vis et des boulons en acier inoxydable aux endroits expos\u00e9s. L&#8217;\u00e9chelle est \u00e9quip\u00e9e d&#8217;une barre de tir r\u00e9glable pour le meilleur support de tir possible.<\/p>\n","protected":false},"featured_media":28398,"template":"","meta":[],"product_brand":[8121],"product_cat":[8205],"product_tag":[9151,9445,9442],"yoast_head":"<!-- This site is optimized with the Yoast SEO plugin v24.3 - https:\/\/yoast.com\/wordpress\/plugins\/seo\/ -->\n<title>Mirador t\u00e9lescopique HS-50 Portez-le comme un sac \u00e0 dos | Chasseur chanceux<\/title>\n<meta name=\"description\" content=\"Respirant et l\u00e9ger Le treestand t\u00e9lescopique HS-50 signifie que vous ne pouvez retirer que les \u00e9chelons dont vous avez besoin. Portez-le comme un sac \u00e0 dos gr\u00e2ce aux bretelles int\u00e9gr\u00e9es.\" \/>\n<meta name=\"robots\" content=\"noindex, follow, max-snippet:-1, max-image-preview:large, max-video-preview:-1\" \/>\n<meta property=\"og:locale\" content=\"fr_FR\" \/>\n<meta property=\"og:type\" content=\"article\" \/>\n<meta property=\"og:title\" content=\"Mirador t\u00e9lescopique HS-50 Portez-le comme un sac \u00e0 dos | Chasseur chanceux\" \/>\n<meta property=\"og:description\" content=\"Respirant et l\u00e9ger Le treestand t\u00e9lescopique HS-50 signifie que vous ne pouvez retirer que les \u00e9chelons dont vous avez besoin. Portez-le comme un sac \u00e0 dos gr\u00e2ce aux bretelles int\u00e9gr\u00e9es.\" \/>\n<meta property=\"og:url\" content=\"https:\/\/staging.lucky-hunter.com\/product\/telescopic-treestand-hs-50\/\" \/>\n<meta property=\"og:site_name\" content=\"Lucky-Hunter\" \/>\n<meta property=\"article:modified_time\" content=\"2025-09-23T10:40:44+00:00\" \/>\n<meta property=\"og:image\" content=\"https:\/\/staging.lucky-hunter.com\/wp-content\/uploads\/2016\/11\/HS-50.png\" \/>\n\t<meta property=\"og:image:width\" content=\"1000\" \/>\n\t<meta property=\"og:image:height\" content=\"1000\" \/>\n\t<meta property=\"og:image:type\" content=\"image\/png\" \/>\n<meta name=\"twitter:card\" content=\"summary_large_image\" \/>\n<meta name=\"twitter:title\" content=\"Mirador t\u00e9lescopique HS-50 Portez-le comme un sac \u00e0 dos | Chasseur chanceux\" \/>\n<meta name=\"twitter:description\" content=\"Respirant et l\u00e9ger Le treestand t\u00e9lescopique HS-50 signifie que vous ne pouvez retirer que les \u00e9chelons dont vous avez besoin. Portez-le comme un sac \u00e0 dos gr\u00e2ce aux bretelles int\u00e9gr\u00e9es.\" \/>\n<meta name=\"twitter:label1\" content=\"Dur\u00e9e de lecture estim\u00e9e\" \/>\n\t<meta name=\"twitter:data1\" content=\"2 minutes\" \/>\n<script type=\"application\/ld+json\" class=\"yoast-schema-graph\">{\"@context\":\"https:\/\/schema.org\",\"@graph\":[{\"@type\":\"WebPage\",\"@id\":\"https:\/\/staging.lucky-hunter.com\/product\/telescopic-treestand-hs-50\/\",\"url\":\"https:\/\/staging.lucky-hunter.com\/product\/telescopic-treestand-hs-50\/\",\"name\":\"Mirador t\u00e9lescopique HS-50 Portez-le comme un sac \u00e0 dos | Chasseur chanceux\",\"isPartOf\":{\"@id\":\"https:\/\/staging.lucky-hunter.com\/#website\"},\"primaryImageOfPage\":{\"@id\":\"https:\/\/staging.lucky-hunter.com\/product\/telescopic-treestand-hs-50\/#primaryimage\"},\"image\":{\"@id\":\"https:\/\/staging.lucky-hunter.com\/product\/telescopic-treestand-hs-50\/#primaryimage\"},\"thumbnailUrl\":\"https:\/\/staging.lucky-hunter.com\/wp-content\/uploads\/2016\/11\/HS-50.png\",\"datePublished\":\"2016-11-07T15:02:35+00:00\",\"dateModified\":\"2025-09-23T10:40:44+00:00\",\"description\":\"Respirant et l\u00e9ger Le treestand t\u00e9lescopique HS-50 signifie que vous ne pouvez retirer que les \u00e9chelons dont vous avez besoin. Portez-le comme un sac \u00e0 dos gr\u00e2ce aux bretelles int\u00e9gr\u00e9es.\",\"breadcrumb\":{\"@id\":\"https:\/\/staging.lucky-hunter.com\/product\/telescopic-treestand-hs-50\/#breadcrumb\"},\"inLanguage\":\"fr-FR\",\"potentialAction\":[{\"@type\":\"ReadAction\",\"target\":[\"https:\/\/staging.lucky-hunter.com\/product\/telescopic-treestand-hs-50\/\"]}]},{\"@type\":\"ImageObject\",\"inLanguage\":\"fr-FR\",\"@id\":\"https:\/\/staging.lucky-hunter.com\/product\/telescopic-treestand-hs-50\/#primaryimage\",\"url\":\"https:\/\/staging.lucky-hunter.com\/wp-content\/uploads\/2016\/11\/HS-50.png\",\"contentUrl\":\"https:\/\/staging.lucky-hunter.com\/wp-content\/uploads\/2016\/11\/HS-50.png\",\"width\":1000,\"height\":1000},{\"@type\":\"BreadcrumbList\",\"@id\":\"https:\/\/staging.lucky-hunter.com\/product\/telescopic-treestand-hs-50\/#breadcrumb\",\"itemListElement\":[{\"@type\":\"ListItem\",\"position\":1,\"name\":\"Home\",\"item\":\"https:\/\/staging.lucky-hunter.com\/fr\/\"},{\"@type\":\"ListItem\",\"position\":2,\"name\":\"Boutique\",\"item\":\"https:\/\/staging.lucky-hunter.com\/fr\/shop\/\"},{\"@type\":\"ListItem\",\"position\":3,\"name\":\"Mirador t\u00e9lescopique HS-50\"}]},{\"@type\":\"WebSite\",\"@id\":\"https:\/\/staging.lucky-hunter.com\/#website\",\"url\":\"https:\/\/staging.lucky-hunter.com\/\",\"name\":\"Lucky-Hunter\",\"description\":\"Gear Up or Give Up\",\"potentialAction\":[{\"@type\":\"SearchAction\",\"target\":{\"@type\":\"EntryPoint\",\"urlTemplate\":\"https:\/\/staging.lucky-hunter.com\/?s={search_term_string}\"},\"query-input\":{\"@type\":\"PropertyValueSpecification\",\"valueRequired\":true,\"valueName\":\"search_term_string\"}}],\"inLanguage\":\"fr-FR\"}]}<\/script>\n<!-- \/ Yoast SEO plugin. -->","yoast_head_json":{"title":"Mirador t\u00e9lescopique HS-50 Portez-le comme un sac \u00e0 dos | Chasseur chanceux","description":"Respirant et l\u00e9ger Le treestand t\u00e9lescopique HS-50 signifie que vous ne pouvez retirer que les \u00e9chelons dont vous avez besoin. Portez-le comme un sac \u00e0 dos gr\u00e2ce aux bretelles int\u00e9gr\u00e9es.","robots":{"index":"noindex","follow":"follow","max-snippet":"max-snippet:-1","max-image-preview":"max-image-preview:large","max-video-preview":"max-video-preview:-1"},"og_locale":"fr_FR","og_type":"article","og_title":"Mirador t\u00e9lescopique HS-50 Portez-le comme un sac \u00e0 dos | Chasseur chanceux","og_description":"Respirant et l\u00e9ger Le treestand t\u00e9lescopique HS-50 signifie que vous ne pouvez retirer que les \u00e9chelons dont vous avez besoin. Portez-le comme un sac \u00e0 dos gr\u00e2ce aux bretelles int\u00e9gr\u00e9es.","og_url":"https:\/\/staging.lucky-hunter.com\/product\/telescopic-treestand-hs-50\/","og_site_name":"Lucky-Hunter","article_modified_time":"2025-09-23T10:40:44+00:00","og_image":[{"width":1000,"height":1000,"url":"https:\/\/staging.lucky-hunter.com\/wp-content\/uploads\/2016\/11\/HS-50.png","type":"image\/png"}],"twitter_card":"summary_large_image","twitter_title":"Mirador t\u00e9lescopique HS-50 Portez-le comme un sac \u00e0 dos | Chasseur chanceux","twitter_description":"Respirant et l\u00e9ger Le treestand t\u00e9lescopique HS-50 signifie que vous ne pouvez retirer que les \u00e9chelons dont vous avez besoin. Portez-le comme un sac \u00e0 dos gr\u00e2ce aux bretelles int\u00e9gr\u00e9es.","twitter_misc":{"Dur\u00e9e de lecture estim\u00e9e":"2 minutes"},"schema":{"@context":"https:\/\/schema.org","@graph":[{"@type":"WebPage","@id":"https:\/\/staging.lucky-hunter.com\/product\/telescopic-treestand-hs-50\/","url":"https:\/\/staging.lucky-hunter.com\/product\/telescopic-treestand-hs-50\/","name":"Mirador t\u00e9lescopique HS-50 Portez-le comme un sac \u00e0 dos | Chasseur chanceux","isPartOf":{"@id":"https:\/\/staging.lucky-hunter.com\/#website"},"primaryImageOfPage":{"@id":"https:\/\/staging.lucky-hunter.com\/product\/telescopic-treestand-hs-50\/#primaryimage"},"image":{"@id":"https:\/\/staging.lucky-hunter.com\/product\/telescopic-treestand-hs-50\/#primaryimage"},"thumbnailUrl":"https:\/\/staging.lucky-hunter.com\/wp-content\/uploads\/2016\/11\/HS-50.png","datePublished":"2016-11-07T15:02:35+00:00","dateModified":"2025-09-23T10:40:44+00:00","description":"Respirant et l\u00e9ger Le treestand t\u00e9lescopique HS-50 signifie que vous ne pouvez retirer que les \u00e9chelons dont vous avez besoin. Portez-le comme un sac \u00e0 dos gr\u00e2ce aux bretelles int\u00e9gr\u00e9es.","breadcrumb":{"@id":"https:\/\/staging.lucky-hunter.com\/product\/telescopic-treestand-hs-50\/#breadcrumb"},"inLanguage":"fr-FR","potentialAction":[{"@type":"ReadAction","target":["https:\/\/staging.lucky-hunter.com\/product\/telescopic-treestand-hs-50\/"]}]},{"@type":"ImageObject","inLanguage":"fr-FR","@id":"https:\/\/staging.lucky-hunter.com\/product\/telescopic-treestand-hs-50\/#primaryimage","url":"https:\/\/staging.lucky-hunter.com\/wp-content\/uploads\/2016\/11\/HS-50.png","contentUrl":"https:\/\/staging.lucky-hunter.com\/wp-content\/uploads\/2016\/11\/HS-50.png","width":1000,"height":1000},{"@type":"BreadcrumbList","@id":"https:\/\/staging.lucky-hunter.com\/product\/telescopic-treestand-hs-50\/#breadcrumb","itemListElement":[{"@type":"ListItem","position":1,"name":"Home","item":"https:\/\/staging.lucky-hunter.com\/fr\/"},{"@type":"ListItem","position":2,"name":"Boutique","item":"https:\/\/staging.lucky-hunter.com\/fr\/shop\/"},{"@type":"ListItem","position":3,"name":"Mirador t\u00e9lescopique HS-50"}]},{"@type":"WebSite","@id":"https:\/\/staging.lucky-hunter.com\/#website","url":"https:\/\/staging.lucky-hunter.com\/","name":"Lucky-Hunter","description":"Gear Up or Give Up","potentialAction":[{"@type":"SearchAction","target":{"@type":"EntryPoint","urlTemplate":"https:\/\/staging.lucky-hunter.com\/?s={search_term_string}"},"query-input":{"@type":"PropertyValueSpecification","valueRequired":true,"valueName":"search_term_string"}}],"inLanguage":"fr-FR"}]}},"_links":{"self":[{"href":"https:\/\/staging.lucky-hunter.com\/fr\/wp-json\/wp\/v2\/product\/31733"}],"collection":[{"href":"https:\/\/staging.lucky-hunter.com\/fr\/wp-json\/wp\/v2\/product"}],"about":[{"href":"https:\/\/staging.lucky-hunter.com\/fr\/wp-json\/wp\/v2\/types\/product"}],"wp:featuredmedia":[{"embeddable":true,"href":"https:\/\/staging.lucky-hunter.com\/fr\/wp-json\/wp\/v2\/media\/28398"}],"wp:attachment":[{"href":"https:\/\/staging.lucky-hunter.com\/fr\/wp-json\/wp\/v2\/media?parent=31733"}],"wp:term":[{"taxonomy":"product_brand","embeddable":true,"href":"https:\/\/staging.lucky-hunter.com\/fr\/wp-json\/wp\/v2\/product_brand?post=31733"},{"taxonomy":"product_cat","embeddable":true,"href":"https:\/\/staging.lucky-hunter.com\/fr\/wp-json\/wp\/v2\/product_cat?post=31733"},{"taxonomy":"product_tag","embeddable":true,"href":"https:\/\/staging.lucky-hunter.com\/fr\/wp-json\/wp\/v2\/product_tag?post=31733"}],"curies":[{"name":"wp","href":"https:\/\/api.w.org\/{rel}","templated":true}]}}