{"id":31730,"date":"2016-11-07T16:01:47","date_gmt":"2016-11-07T15:01:47","guid":{"rendered":"https:\/\/staging.lucky-hunter.com\/product\/foldable-treestand-hs-40\/"},"modified":"2025-09-30T08:22:38","modified_gmt":"2025-09-30T06:22:38","slug":"foldable-treestand-hs-40","status":"publish","type":"product","link":"https:\/\/staging.lucky-hunter.com\/fr\/product\/foldable-treestand-hs-40\/","title":{"rendered":"Mirador pliable HS-40"},"content":{"rendered":"<h2>Mirador pliable HS-40 Vainqueur du test dans le magazine de chasse danois avril 2020<\/h2>\n<p>Il s&#8217;agit d&#8217;un mirador pliable sp\u00e9cialement d\u00e9velopp\u00e9.<\/p>\n<p>En avril, le magazine de chasse danois J\u00e6ger a d\u00e9sign\u00e9 le HS-40 comme vainqueur incontest\u00e9 de son test et meilleur mirador pour cette gamme de prix. Le mirador a remport\u00e9 5 points sur tous les param\u00e8tres de test (installation, conception, confort d&#8217;assise, facilit\u00e9, stabilit\u00e9, usure et \u00e9paisseur de couche de mat\u00e9riaux).<\/p>\n<p>Unique en son genre, l\u2019\u00e9chelle d\u2019aff\u00fbt HS-40 se monte et se d\u00e9monte en moins d&#8217;une minute. Il est donc particuli\u00e8rement adapt\u00e9 si vous ne savez pas exactement o\u00f9 placer l&#8217;\u00e9chelle, ou si vous chassez pour une courte p\u00e9riode ou souhaitez essayer un nouvel emplacement.<\/p>\n<p>Gr\u00e2ce \u00e0 sa structure l\u00e9g\u00e8re et solide en aluminium, il n\u2019y a aucune difficult\u00e9 \u00e0 la d\u00e9placer plusieurs fois pendant la journ\u00e9e de chasse.<\/p>\n<p>Notez que la barre de tir est r\u00e9glable et dispose d&#8217;une plage de tir de 180 degr\u00e9s. L&#8217;\u00e9chelle a un si\u00e8ge moul\u00e9 et un bon dossier pour un confort maximum.<\/p>\n<p>Avant de vous asseoir sur l&#8217;\u00e9chelle, v\u00e9rifiez toujours que le crochet de s\u00e9curit\u00e9 est mont\u00e9 des deux c\u00f4t\u00e9s et que le sol est stable.<\/p>\n<p>La construction sous le si\u00e8ge est en acier enduit de poudre et n&#8217;est donc pas class\u00e9e comme inoxydable.<\/p>\n<p><strong>Propos\u00e9e en 2 versions :<\/strong><\/p>\n<ul>\n<li>Avec des boulons en acier ordinaires<\/li>\n<li>Avec boulons en acier inoxydable et barre de tir en acier \u00e9lectrozingu\u00e9.<\/li>\n<\/ul>\n<p><strong>Caract\u00e9ristiques\u00a0:<\/strong><\/p>\n<ul>\n<li>Poids : 13 g<\/li>\n<li>Dimensions pli\u00e9 : 125 x 50 x 22 cm.<\/li>\n<li>Hauteur : 3 m\u00e8tres<\/li>\n<li>Mat\u00e9riau : Aluminium<\/li>\n<li>Surface trait\u00e9e : rev\u00eatement en poudre<\/li>\n<li>Assemblage non requis.<\/li>\n<li>Charge maximale 120 kg.<\/li>\n<li>Boulons et vis en acier inoxydable A2.<\/li>\n<\/ul>\n<p><strong>Accessoires pour HS-40\u00a0:<\/strong><\/p>\n<ul>\n<li>Supports pour que l&#8217;\u00e9chelle tienne droit par elle-m\u00eame<\/li>\n<li>Extensions<\/li>\n<li>Repose pieds<\/li>\n<li>Coussins de si\u00e8ge<\/li>\n<li>Porte-fusil<\/li>\n<li>Filet de camouflage.<\/li>\n<\/ul>\n<p>Le mirador HS-40 est homologu\u00e9 EN-131 en mati\u00e8re de s\u00e9curit\u00e9. La norme EN-131 sert \u00e0 assurer \u00e0 l&#8217;utilisateur une s\u00e9curit\u00e9 maximale concernant la construction de l&#8217;\u00e9chelle. La norme exige \u00e9galement que l&#8217;utilisateur soit inform\u00e9 des dangers et des risques qui peuvent survenir si une \u00e9chelle de chasse n&#8217;est pas mont\u00e9e correctement.<\/p>\n","protected":false},"excerpt":{"rendered":"<p>Unique en son genre, l\u2019\u00e9chelle d\u2019aff\u00fbt HS-40 se monte et se d\u00e9monte en moins d&#8217;une minute.\u00a0Gr\u00e2ce \u00e0 sa structure l\u00e9g\u00e8re et solide en aluminium, il n\u2019y a aucune difficult\u00e9 \u00e0 la d\u00e9placer plusieurs fois pendant la journ\u00e9e de chasse.<\/p>\n","protected":false},"featured_media":30547,"template":"","meta":[],"product_brand":[8121],"product_cat":[8205],"product_tag":[9151,9445,9442],"yoast_head":"<!-- This site is optimized with the Yoast SEO plugin v24.3 - https:\/\/yoast.com\/wordpress\/plugins\/seo\/ -->\n<title>Test gagnant du Treestand pliable HS-40\u00a0: Le favori du tireur | Chasseur chanceux<\/title>\n<meta name=\"description\" content=\"Tirez avec style. Le Treestand pliable HS-40 est le favori du tireur. Jusqu&#039;\u00e0 trois m\u00e8tres de haut et seulement 13 kg de poids, c&#039;est le compl\u00e9ment parfait.\" \/>\n<meta name=\"robots\" content=\"noindex, follow, max-snippet:-1, max-image-preview:large, max-video-preview:-1\" \/>\n<meta property=\"og:locale\" content=\"fr_FR\" \/>\n<meta property=\"og:type\" content=\"article\" \/>\n<meta property=\"og:title\" content=\"Selle haute pliable HS-40\u00a0: Le favori du tireur | Chasseur chanceux\" \/>\n<meta property=\"og:description\" content=\"Tirez avec style. La selle haute pliable HS-40 est la pr\u00e9f\u00e9r\u00e9e des tireurs. Jusqu&#039;\u00e0 trois m\u00e8tres de haut et seulement 13 kg de poids, c&#039;est le compl\u00e9ment parfait.\" \/>\n<meta property=\"og:url\" content=\"https:\/\/staging.lucky-hunter.com\/product\/foldable-treestand-hs-40\/\" \/>\n<meta property=\"og:site_name\" content=\"Lucky-Hunter\" \/>\n<meta property=\"article:modified_time\" content=\"2025-09-30T06:22:38+00:00\" \/>\n<meta property=\"og:image\" content=\"https:\/\/staging.lucky-hunter.com\/wp-content\/uploads\/2016\/11\/HS-40-new-600x600.png.webp\" \/>\n\t<meta property=\"og:image:width\" content=\"600\" \/>\n\t<meta property=\"og:image:height\" content=\"600\" \/>\n\t<meta property=\"og:image:type\" content=\"image\/webp\" \/>\n<meta name=\"twitter:card\" content=\"summary_large_image\" \/>\n<meta name=\"twitter:title\" content=\"Selle haute pliable HS-40\u00a0: Le favori du tireur | Chasseur chanceux\" \/>\n<meta name=\"twitter:description\" content=\"Tirez avec style. La selle haute pliable HS-40 est la pr\u00e9f\u00e9r\u00e9e des tireurs. Jusqu&#039;\u00e0 trois m\u00e8tres de haut et seulement 13 kg de poids, c&#039;est le compl\u00e9ment parfait.\" \/>\n<meta name=\"twitter:label1\" content=\"Dur\u00e9e de lecture estim\u00e9e\" \/>\n\t<meta name=\"twitter:data1\" content=\"2 minutes\" \/>\n<script type=\"application\/ld+json\" class=\"yoast-schema-graph\">{\"@context\":\"https:\/\/schema.org\",\"@graph\":[{\"@type\":\"WebPage\",\"@id\":\"https:\/\/staging.lucky-hunter.com\/product\/foldable-treestand-hs-40\/\",\"url\":\"https:\/\/staging.lucky-hunter.com\/product\/foldable-treestand-hs-40\/\",\"name\":\"Test gagnant du Treestand pliable HS-40\u00a0: Le favori du tireur | Chasseur chanceux\",\"isPartOf\":{\"@id\":\"https:\/\/staging.lucky-hunter.com\/#website\"},\"primaryImageOfPage\":{\"@id\":\"https:\/\/staging.lucky-hunter.com\/product\/foldable-treestand-hs-40\/#primaryimage\"},\"image\":{\"@id\":\"https:\/\/staging.lucky-hunter.com\/product\/foldable-treestand-hs-40\/#primaryimage\"},\"thumbnailUrl\":\"https:\/\/staging.lucky-hunter.com\/wp-content\/uploads\/2016\/11\/HS-40-new-600x600.png.webp\",\"datePublished\":\"2016-11-07T15:01:47+00:00\",\"dateModified\":\"2025-09-30T06:22:38+00:00\",\"description\":\"Tirez avec style. Le Treestand pliable HS-40 est le favori du tireur. Jusqu'\u00e0 trois m\u00e8tres de haut et seulement 13 kg de poids, c'est le compl\u00e9ment parfait.\",\"breadcrumb\":{\"@id\":\"https:\/\/staging.lucky-hunter.com\/product\/foldable-treestand-hs-40\/#breadcrumb\"},\"inLanguage\":\"fr-FR\",\"potentialAction\":[{\"@type\":\"ReadAction\",\"target\":[\"https:\/\/staging.lucky-hunter.com\/product\/foldable-treestand-hs-40\/\"]}]},{\"@type\":\"ImageObject\",\"inLanguage\":\"fr-FR\",\"@id\":\"https:\/\/staging.lucky-hunter.com\/product\/foldable-treestand-hs-40\/#primaryimage\",\"url\":\"https:\/\/staging.lucky-hunter.com\/wp-content\/uploads\/2016\/11\/HS-40-new-600x600.png.webp\",\"contentUrl\":\"https:\/\/staging.lucky-hunter.com\/wp-content\/uploads\/2016\/11\/HS-40-new-600x600.png.webp\",\"width\":600,\"height\":600},{\"@type\":\"BreadcrumbList\",\"@id\":\"https:\/\/staging.lucky-hunter.com\/product\/foldable-treestand-hs-40\/#breadcrumb\",\"itemListElement\":[{\"@type\":\"ListItem\",\"position\":1,\"name\":\"Home\",\"item\":\"https:\/\/staging.lucky-hunter.com\/fr\/\"},{\"@type\":\"ListItem\",\"position\":2,\"name\":\"Boutique\",\"item\":\"https:\/\/staging.lucky-hunter.com\/fr\/shop\/\"},{\"@type\":\"ListItem\",\"position\":3,\"name\":\"Mirador pliable HS-40\"}]},{\"@type\":\"WebSite\",\"@id\":\"https:\/\/staging.lucky-hunter.com\/#website\",\"url\":\"https:\/\/staging.lucky-hunter.com\/\",\"name\":\"Lucky-Hunter\",\"description\":\"Gear Up or Give Up\",\"potentialAction\":[{\"@type\":\"SearchAction\",\"target\":{\"@type\":\"EntryPoint\",\"urlTemplate\":\"https:\/\/staging.lucky-hunter.com\/?s={search_term_string}\"},\"query-input\":{\"@type\":\"PropertyValueSpecification\",\"valueRequired\":true,\"valueName\":\"search_term_string\"}}],\"inLanguage\":\"fr-FR\"}]}<\/script>\n<!-- \/ Yoast SEO plugin. -->","yoast_head_json":{"title":"Test gagnant du Treestand pliable HS-40\u00a0: Le favori du tireur | Chasseur chanceux","description":"Tirez avec style. Le Treestand pliable HS-40 est le favori du tireur. Jusqu'\u00e0 trois m\u00e8tres de haut et seulement 13 kg de poids, c'est le compl\u00e9ment parfait.","robots":{"index":"noindex","follow":"follow","max-snippet":"max-snippet:-1","max-image-preview":"max-image-preview:large","max-video-preview":"max-video-preview:-1"},"og_locale":"fr_FR","og_type":"article","og_title":"Selle haute pliable HS-40\u00a0: Le favori du tireur | Chasseur chanceux","og_description":"Tirez avec style. La selle haute pliable HS-40 est la pr\u00e9f\u00e9r\u00e9e des tireurs. Jusqu'\u00e0 trois m\u00e8tres de haut et seulement 13 kg de poids, c'est le compl\u00e9ment parfait.","og_url":"https:\/\/staging.lucky-hunter.com\/product\/foldable-treestand-hs-40\/","og_site_name":"Lucky-Hunter","article_modified_time":"2025-09-30T06:22:38+00:00","og_image":[{"width":600,"height":600,"url":"https:\/\/staging.lucky-hunter.com\/wp-content\/uploads\/2016\/11\/HS-40-new-600x600.png.webp","type":"image\/webp"}],"twitter_card":"summary_large_image","twitter_title":"Selle haute pliable HS-40\u00a0: Le favori du tireur | Chasseur chanceux","twitter_description":"Tirez avec style. La selle haute pliable HS-40 est la pr\u00e9f\u00e9r\u00e9e des tireurs. Jusqu'\u00e0 trois m\u00e8tres de haut et seulement 13 kg de poids, c'est le compl\u00e9ment parfait.","twitter_misc":{"Dur\u00e9e de lecture estim\u00e9e":"2 minutes"},"schema":{"@context":"https:\/\/schema.org","@graph":[{"@type":"WebPage","@id":"https:\/\/staging.lucky-hunter.com\/product\/foldable-treestand-hs-40\/","url":"https:\/\/staging.lucky-hunter.com\/product\/foldable-treestand-hs-40\/","name":"Test gagnant du Treestand pliable HS-40\u00a0: Le favori du tireur | Chasseur chanceux","isPartOf":{"@id":"https:\/\/staging.lucky-hunter.com\/#website"},"primaryImageOfPage":{"@id":"https:\/\/staging.lucky-hunter.com\/product\/foldable-treestand-hs-40\/#primaryimage"},"image":{"@id":"https:\/\/staging.lucky-hunter.com\/product\/foldable-treestand-hs-40\/#primaryimage"},"thumbnailUrl":"https:\/\/staging.lucky-hunter.com\/wp-content\/uploads\/2016\/11\/HS-40-new-600x600.png.webp","datePublished":"2016-11-07T15:01:47+00:00","dateModified":"2025-09-30T06:22:38+00:00","description":"Tirez avec style. Le Treestand pliable HS-40 est le favori du tireur. Jusqu'\u00e0 trois m\u00e8tres de haut et seulement 13 kg de poids, c'est le compl\u00e9ment parfait.","breadcrumb":{"@id":"https:\/\/staging.lucky-hunter.com\/product\/foldable-treestand-hs-40\/#breadcrumb"},"inLanguage":"fr-FR","potentialAction":[{"@type":"ReadAction","target":["https:\/\/staging.lucky-hunter.com\/product\/foldable-treestand-hs-40\/"]}]},{"@type":"ImageObject","inLanguage":"fr-FR","@id":"https:\/\/staging.lucky-hunter.com\/product\/foldable-treestand-hs-40\/#primaryimage","url":"https:\/\/staging.lucky-hunter.com\/wp-content\/uploads\/2016\/11\/HS-40-new-600x600.png.webp","contentUrl":"https:\/\/staging.lucky-hunter.com\/wp-content\/uploads\/2016\/11\/HS-40-new-600x600.png.webp","width":600,"height":600},{"@type":"BreadcrumbList","@id":"https:\/\/staging.lucky-hunter.com\/product\/foldable-treestand-hs-40\/#breadcrumb","itemListElement":[{"@type":"ListItem","position":1,"name":"Home","item":"https:\/\/staging.lucky-hunter.com\/fr\/"},{"@type":"ListItem","position":2,"name":"Boutique","item":"https:\/\/staging.lucky-hunter.com\/fr\/shop\/"},{"@type":"ListItem","position":3,"name":"Mirador pliable HS-40"}]},{"@type":"WebSite","@id":"https:\/\/staging.lucky-hunter.com\/#website","url":"https:\/\/staging.lucky-hunter.com\/","name":"Lucky-Hunter","description":"Gear Up or Give Up","potentialAction":[{"@type":"SearchAction","target":{"@type":"EntryPoint","urlTemplate":"https:\/\/staging.lucky-hunter.com\/?s={search_term_string}"},"query-input":{"@type":"PropertyValueSpecification","valueRequired":true,"valueName":"search_term_string"}}],"inLanguage":"fr-FR"}]}},"_links":{"self":[{"href":"https:\/\/staging.lucky-hunter.com\/fr\/wp-json\/wp\/v2\/product\/31730"}],"collection":[{"href":"https:\/\/staging.lucky-hunter.com\/fr\/wp-json\/wp\/v2\/product"}],"about":[{"href":"https:\/\/staging.lucky-hunter.com\/fr\/wp-json\/wp\/v2\/types\/product"}],"wp:featuredmedia":[{"embeddable":true,"href":"https:\/\/staging.lucky-hunter.com\/fr\/wp-json\/wp\/v2\/media\/30547"}],"wp:attachment":[{"href":"https:\/\/staging.lucky-hunter.com\/fr\/wp-json\/wp\/v2\/media?parent=31730"}],"wp:term":[{"taxonomy":"product_brand","embeddable":true,"href":"https:\/\/staging.lucky-hunter.com\/fr\/wp-json\/wp\/v2\/product_brand?post=31730"},{"taxonomy":"product_cat","embeddable":true,"href":"https:\/\/staging.lucky-hunter.com\/fr\/wp-json\/wp\/v2\/product_cat?post=31730"},{"taxonomy":"product_tag","embeddable":true,"href":"https:\/\/staging.lucky-hunter.com\/fr\/wp-json\/wp\/v2\/product_tag?post=31730"}],"curies":[{"name":"wp","href":"https:\/\/api.w.org\/{rel}","templated":true}]}}