{"id":31700,"date":"2016-11-07T16:02:05","date_gmt":"2016-11-07T15:02:05","guid":{"rendered":"https:\/\/staging.lucky-hunter.com\/product\/extension-for-treestand-hs-40-and-hs-45\/"},"modified":"2023-02-02T00:49:11","modified_gmt":"2023-02-01T23:49:11","slug":"extension-for-treestand-hs-40-and-hs-45","status":"publish","type":"product","link":"https:\/\/staging.lucky-hunter.com\/fr\/product\/extension-for-treestand-hs-40-and-hs-45\/","title":{"rendered":"Extension pour mirador HS-40 et HS-45"},"content":{"rendered":"<h2>Extension pour mirador HS-40 et HS-45<\/h2>\n<p>Si jamais vous avez besoin d&#8217;une extension pour votre \u00e9chelle de chasse mais que vous n&#8217;avez pas les outils disponibles, voici peut-\u00eatre ce qu\u2019il vous faut.<br \/>\nIl s\u2019agit d\u2019un accessoire tr\u00e8s pratique pour vos \u00e9chelles car vous n&#8217;avez pas besoin d&#8217;emporter d&#8217;outils.<br \/>\nIl peut \u00eatre install\u00e9 sur l&#8217;\u00e9chelle et retir\u00e9 une fois que vous avez termin\u00e9 en quelques secondes.<\/p>\n<p>L&#8217;extension pour mirador se monte directement sur votre \u00e9chelle.<\/p>\n<p>Il n&#8217;y a donc pas de pi\u00e8ces mobiles une fois qu&#8217;elle est install\u00e9e.<\/p>\n<p>L&#8217;extension mesure 1,25 m\u00e8tre de haut et ajoute donc ce petit plus pour vous donner plus de hauteur. En conservant la s\u00e9curit\u00e9 et la stabilit\u00e9 de votre \u00e9chelle habituelle, cette extension est parfaite pour de nombreuses utilisations. L&#8217;extension ne p\u00e8se que 2 kg. Elle est donc facile et l\u00e9g\u00e8re \u00e0 transporter avec votre \u00e9chelle de chasse habituelle dans votre voiture ou votre remorque.<\/p>\n<p>\u00a0<\/p>\n","protected":false},"excerpt":{"rendered":"<p>Se monte et se d\u00e9monte pour le rangement directement et en quelques secondes sur l&#8217;\u00e9chelle de chasse sans avoir besoin d&#8217;outils. La hauteur totale de l&#8217;\u00e9chelle avec l&#8217;extension est port\u00e9e \u00e0 3,5 m.<\/p>\n","protected":false},"featured_media":29635,"template":"","meta":[],"product_brand":[8121],"product_cat":[8204],"product_tag":[],"yoast_head":"<!-- This site is optimized with the Yoast SEO plugin v24.3 - https:\/\/yoast.com\/wordpress\/plugins\/seo\/ -->\n<title>Extension pour mirador HS-40 et HS-45<\/title>\n<meta name=\"description\" content=\"\u00c9tendez votre mirador en quelques secondes. Avec l&#039;extension de si\u00e8ge de 1,25 m de haut, vous pouvez allonger votre \u00e9chelle en quelques secondes ; pas besoin d&#039;outils.\" \/>\n<meta name=\"robots\" content=\"noindex, follow, max-snippet:-1, max-image-preview:large, max-video-preview:-1\" \/>\n<meta property=\"og:locale\" content=\"fr_FR\" \/>\n<meta property=\"og:type\" content=\"article\" \/>\n<meta property=\"og:title\" content=\"Extension pour mirador HS-40 et HS-45\" \/>\n<meta property=\"og:description\" content=\"\u00c9tendez votre mirador en quelques secondes. Avec l&#039;extension de si\u00e8ge de 1,25 m de haut, vous pouvez allonger votre \u00e9chelle en quelques secondes ; pas besoin d&#039;outils.\" \/>\n<meta property=\"og:url\" content=\"https:\/\/staging.lucky-hunter.com\/fr\/product\/extension-for-treestand-hs-40-and-hs-45\/\" \/>\n<meta property=\"og:site_name\" content=\"Lucky-Hunter\" \/>\n<meta property=\"article:modified_time\" content=\"2023-02-01T23:49:11+00:00\" \/>\n<meta property=\"og:image\" content=\"https:\/\/staging.lucky-hunter.com\/wp-content\/uploads\/2016\/11\/HS-200.png\" \/>\n\t<meta property=\"og:image:width\" content=\"1000\" \/>\n\t<meta property=\"og:image:height\" content=\"1000\" \/>\n\t<meta property=\"og:image:type\" content=\"image\/png\" \/>\n<meta name=\"twitter:card\" content=\"summary_large_image\" \/>\n<meta name=\"twitter:title\" content=\"Extension pour mirador HS-40 et HS-45\" \/>\n<meta name=\"twitter:description\" content=\"\u00c9tendez votre mirador en quelques secondes. Avec l&#039;extension de si\u00e8ge de 1,25 m de haut, vous pouvez allonger votre \u00e9chelle en quelques secondes ; pas besoin d&#039;outils.\" \/>\n<meta name=\"twitter:label1\" content=\"Dur\u00e9e de lecture estim\u00e9e\" \/>\n\t<meta name=\"twitter:data1\" content=\"1 minute\" \/>\n<script type=\"application\/ld+json\" class=\"yoast-schema-graph\">{\"@context\":\"https:\/\/schema.org\",\"@graph\":[{\"@type\":\"WebPage\",\"@id\":\"https:\/\/staging.lucky-hunter.com\/fr\/product\/extension-for-treestand-hs-40-and-hs-45\/\",\"url\":\"https:\/\/staging.lucky-hunter.com\/fr\/product\/extension-for-treestand-hs-40-and-hs-45\/\",\"name\":\"Extension pour mirador HS-40 et HS-45\",\"isPartOf\":{\"@id\":\"https:\/\/staging.lucky-hunter.com\/#website\"},\"primaryImageOfPage\":{\"@id\":\"https:\/\/staging.lucky-hunter.com\/fr\/product\/extension-for-treestand-hs-40-and-hs-45\/#primaryimage\"},\"image\":{\"@id\":\"https:\/\/staging.lucky-hunter.com\/fr\/product\/extension-for-treestand-hs-40-and-hs-45\/#primaryimage\"},\"thumbnailUrl\":\"https:\/\/staging.lucky-hunter.com\/wp-content\/uploads\/2016\/11\/HS-200.png\",\"datePublished\":\"2016-11-07T15:02:05+00:00\",\"dateModified\":\"2023-02-01T23:49:11+00:00\",\"description\":\"\u00c9tendez votre mirador en quelques secondes. Avec l'extension de si\u00e8ge de 1,25 m de haut, vous pouvez allonger votre \u00e9chelle en quelques secondes ; pas besoin d'outils.\",\"breadcrumb\":{\"@id\":\"https:\/\/staging.lucky-hunter.com\/fr\/product\/extension-for-treestand-hs-40-and-hs-45\/#breadcrumb\"},\"inLanguage\":\"fr-FR\",\"potentialAction\":[{\"@type\":\"ReadAction\",\"target\":[\"https:\/\/staging.lucky-hunter.com\/fr\/product\/extension-for-treestand-hs-40-and-hs-45\/\"]}]},{\"@type\":\"ImageObject\",\"inLanguage\":\"fr-FR\",\"@id\":\"https:\/\/staging.lucky-hunter.com\/fr\/product\/extension-for-treestand-hs-40-and-hs-45\/#primaryimage\",\"url\":\"https:\/\/staging.lucky-hunter.com\/wp-content\/uploads\/2016\/11\/HS-200.png\",\"contentUrl\":\"https:\/\/staging.lucky-hunter.com\/wp-content\/uploads\/2016\/11\/HS-200.png\",\"width\":1000,\"height\":1000},{\"@type\":\"BreadcrumbList\",\"@id\":\"https:\/\/staging.lucky-hunter.com\/fr\/product\/extension-for-treestand-hs-40-and-hs-45\/#breadcrumb\",\"itemListElement\":[{\"@type\":\"ListItem\",\"position\":1,\"name\":\"Home\",\"item\":\"https:\/\/staging.lucky-hunter.com\/fr\/\"},{\"@type\":\"ListItem\",\"position\":2,\"name\":\"Boutique\",\"item\":\"https:\/\/staging.lucky-hunter.com\/fr\/shop\/\"},{\"@type\":\"ListItem\",\"position\":3,\"name\":\"Extension pour mirador HS-40 et HS-45\"}]},{\"@type\":\"WebSite\",\"@id\":\"https:\/\/staging.lucky-hunter.com\/#website\",\"url\":\"https:\/\/staging.lucky-hunter.com\/\",\"name\":\"Lucky-Hunter\",\"description\":\"Gear Up or Give Up\",\"potentialAction\":[{\"@type\":\"SearchAction\",\"target\":{\"@type\":\"EntryPoint\",\"urlTemplate\":\"https:\/\/staging.lucky-hunter.com\/?s={search_term_string}\"},\"query-input\":{\"@type\":\"PropertyValueSpecification\",\"valueRequired\":true,\"valueName\":\"search_term_string\"}}],\"inLanguage\":\"fr-FR\"}]}<\/script>\n<!-- \/ Yoast SEO plugin. -->","yoast_head_json":{"title":"Extension pour mirador HS-40 et HS-45","description":"\u00c9tendez votre mirador en quelques secondes. Avec l'extension de si\u00e8ge de 1,25 m de haut, vous pouvez allonger votre \u00e9chelle en quelques secondes ; pas besoin d'outils.","robots":{"index":"noindex","follow":"follow","max-snippet":"max-snippet:-1","max-image-preview":"max-image-preview:large","max-video-preview":"max-video-preview:-1"},"og_locale":"fr_FR","og_type":"article","og_title":"Extension pour mirador HS-40 et HS-45","og_description":"\u00c9tendez votre mirador en quelques secondes. Avec l'extension de si\u00e8ge de 1,25 m de haut, vous pouvez allonger votre \u00e9chelle en quelques secondes ; pas besoin d'outils.","og_url":"https:\/\/staging.lucky-hunter.com\/fr\/product\/extension-for-treestand-hs-40-and-hs-45\/","og_site_name":"Lucky-Hunter","article_modified_time":"2023-02-01T23:49:11+00:00","og_image":[{"width":1000,"height":1000,"url":"https:\/\/staging.lucky-hunter.com\/wp-content\/uploads\/2016\/11\/HS-200.png","type":"image\/png"}],"twitter_card":"summary_large_image","twitter_title":"Extension pour mirador HS-40 et HS-45","twitter_description":"\u00c9tendez votre mirador en quelques secondes. Avec l'extension de si\u00e8ge de 1,25 m de haut, vous pouvez allonger votre \u00e9chelle en quelques secondes ; pas besoin d'outils.","twitter_misc":{"Dur\u00e9e de lecture estim\u00e9e":"1 minute"},"schema":{"@context":"https:\/\/schema.org","@graph":[{"@type":"WebPage","@id":"https:\/\/staging.lucky-hunter.com\/fr\/product\/extension-for-treestand-hs-40-and-hs-45\/","url":"https:\/\/staging.lucky-hunter.com\/fr\/product\/extension-for-treestand-hs-40-and-hs-45\/","name":"Extension pour mirador HS-40 et HS-45","isPartOf":{"@id":"https:\/\/staging.lucky-hunter.com\/#website"},"primaryImageOfPage":{"@id":"https:\/\/staging.lucky-hunter.com\/fr\/product\/extension-for-treestand-hs-40-and-hs-45\/#primaryimage"},"image":{"@id":"https:\/\/staging.lucky-hunter.com\/fr\/product\/extension-for-treestand-hs-40-and-hs-45\/#primaryimage"},"thumbnailUrl":"https:\/\/staging.lucky-hunter.com\/wp-content\/uploads\/2016\/11\/HS-200.png","datePublished":"2016-11-07T15:02:05+00:00","dateModified":"2023-02-01T23:49:11+00:00","description":"\u00c9tendez votre mirador en quelques secondes. Avec l'extension de si\u00e8ge de 1,25 m de haut, vous pouvez allonger votre \u00e9chelle en quelques secondes ; pas besoin d'outils.","breadcrumb":{"@id":"https:\/\/staging.lucky-hunter.com\/fr\/product\/extension-for-treestand-hs-40-and-hs-45\/#breadcrumb"},"inLanguage":"fr-FR","potentialAction":[{"@type":"ReadAction","target":["https:\/\/staging.lucky-hunter.com\/fr\/product\/extension-for-treestand-hs-40-and-hs-45\/"]}]},{"@type":"ImageObject","inLanguage":"fr-FR","@id":"https:\/\/staging.lucky-hunter.com\/fr\/product\/extension-for-treestand-hs-40-and-hs-45\/#primaryimage","url":"https:\/\/staging.lucky-hunter.com\/wp-content\/uploads\/2016\/11\/HS-200.png","contentUrl":"https:\/\/staging.lucky-hunter.com\/wp-content\/uploads\/2016\/11\/HS-200.png","width":1000,"height":1000},{"@type":"BreadcrumbList","@id":"https:\/\/staging.lucky-hunter.com\/fr\/product\/extension-for-treestand-hs-40-and-hs-45\/#breadcrumb","itemListElement":[{"@type":"ListItem","position":1,"name":"Home","item":"https:\/\/staging.lucky-hunter.com\/fr\/"},{"@type":"ListItem","position":2,"name":"Boutique","item":"https:\/\/staging.lucky-hunter.com\/fr\/shop\/"},{"@type":"ListItem","position":3,"name":"Extension pour mirador HS-40 et HS-45"}]},{"@type":"WebSite","@id":"https:\/\/staging.lucky-hunter.com\/#website","url":"https:\/\/staging.lucky-hunter.com\/","name":"Lucky-Hunter","description":"Gear Up or Give Up","potentialAction":[{"@type":"SearchAction","target":{"@type":"EntryPoint","urlTemplate":"https:\/\/staging.lucky-hunter.com\/?s={search_term_string}"},"query-input":{"@type":"PropertyValueSpecification","valueRequired":true,"valueName":"search_term_string"}}],"inLanguage":"fr-FR"}]}},"_links":{"self":[{"href":"https:\/\/staging.lucky-hunter.com\/fr\/wp-json\/wp\/v2\/product\/31700"}],"collection":[{"href":"https:\/\/staging.lucky-hunter.com\/fr\/wp-json\/wp\/v2\/product"}],"about":[{"href":"https:\/\/staging.lucky-hunter.com\/fr\/wp-json\/wp\/v2\/types\/product"}],"wp:featuredmedia":[{"embeddable":true,"href":"https:\/\/staging.lucky-hunter.com\/fr\/wp-json\/wp\/v2\/media\/29635"}],"wp:attachment":[{"href":"https:\/\/staging.lucky-hunter.com\/fr\/wp-json\/wp\/v2\/media?parent=31700"}],"wp:term":[{"taxonomy":"product_brand","embeddable":true,"href":"https:\/\/staging.lucky-hunter.com\/fr\/wp-json\/wp\/v2\/product_brand?post=31700"},{"taxonomy":"product_cat","embeddable":true,"href":"https:\/\/staging.lucky-hunter.com\/fr\/wp-json\/wp\/v2\/product_cat?post=31700"},{"taxonomy":"product_tag","embeddable":true,"href":"https:\/\/staging.lucky-hunter.com\/fr\/wp-json\/wp\/v2\/product_tag?post=31700"}],"curies":[{"name":"wp","href":"https:\/\/api.w.org\/{rel}","templated":true}]}}