{"id":31699,"date":"2016-11-07T16:02:04","date_gmt":"2016-11-07T15:02:04","guid":{"rendered":"https:\/\/staging.lucky-hunter.com\/product\/stands-for-treestand-hs-40\/"},"modified":"2023-02-02T00:49:10","modified_gmt":"2023-02-01T23:49:10","slug":"stands-for-treestand-hs-40","status":"publish","type":"product","link":"https:\/\/staging.lucky-hunter.com\/fr\/product\/stands-for-treestand-hs-40\/","title":{"rendered":"Support ind\u00e9pendant pour mirador HS-40"},"content":{"rendered":"<h2>Support ind\u00e9pendant pour mirador HS-40<\/h2>\n<p>Gr\u00e2ce \u00e0 ce support, le mirador HS-40 peut tenir debout sans avoir besoin d&#8217;ancrage sur un arbre ou similaire. Cela fait du HS-40 l&#8217;\u00e9chelle de chasse la plus polyvalente du march\u00e9, utilisable dans de nombreux cas de figure. Plus besoin besoin de chercher un arbre bien plac\u00e9 dans la zone de chasse pour y fixer votre \u00e9chelle : il vous suffit simplement emporter le support pour si\u00e8ge sur\u00e9lev\u00e9 en sachant que d\u00e9sormais, o\u00f9 que vous soyez, vous pourrez utiliser votre \u00e9chelle. Les pieds peuvent \u00eatre mont\u00e9s sur l&#8217;\u00e9chelle de chasse en quelques minutes, ce qui vous fait gagner du temps pour chasser, et celle-ci reste tr\u00e8s stable gr\u00e2ce \u00e0 la structure sp\u00e9ciale des pieds.<\/p>\n<p>Les pieds peuvent \u00eatre mont\u00e9s sur l&#8217;\u00e9chelle de chasse en quelques minutes, ce qui vous fait gagner plus de temps pour chasser. L&#8217;\u00e9chelle est tr\u00e8s stable gr\u00e2ce \u00e0 la construction sp\u00e9ciale des pieds.<\/p>\n<p>Le support est livr\u00e9 dans un sac en toile pratique pour un transport facile et permet de tout ranger.<\/p>\n<h4><strong>Propos\u00e9e en 2 versions :<\/strong><\/h4>\n<ul>\n<li>Une version standard \u00e0 monter sans le pied avant (HS-220).<\/li>\n<li>Une version XL \u00e0 monter avec le pied avant (HS-220).<\/li>\n<\/ul>\n","protected":false},"excerpt":{"rendered":"<p>Avec ce support, l\u2019\u00e9chelle d\u2019aff\u00fbt HS-40 peut tenir debout sans avoir besoin d&#8217;\u00eatre appuy\u00e9e contre un arbre ou contre une autre surface. Cela fait du HS-40 l&#8217;\u00e9chelle de chasse la plus polyvalente du march\u00e9, utilisable dans de nombreux cas de figure.\u00a0Les pieds se montent sur l&#8217;\u00e9chelle de chasse en quelques minutes.<\/p>\n","protected":false},"featured_media":30709,"template":"","meta":[],"product_brand":[8121],"product_cat":[8204],"product_tag":[],"yoast_head":"<!-- This site is optimized with the Yoast SEO plugin v24.3 - https:\/\/yoast.com\/wordpress\/plugins\/seo\/ -->\n<title>Support ind\u00e9pendant pour mirador HS-40<\/title>\n<meta name=\"description\" content=\"Tenez votre treestand HS-40 tout seul. Avec le support ind\u00e9pendant pour HS-40, vous pouvez, en quelques minutes, vous assurer que votre si\u00e8ge haut est debout ind\u00e9pendamment.\" \/>\n<meta name=\"robots\" content=\"noindex, follow, max-snippet:-1, max-image-preview:large, max-video-preview:-1\" \/>\n<meta property=\"og:locale\" content=\"fr_FR\" \/>\n<meta property=\"og:type\" content=\"article\" \/>\n<meta property=\"og:title\" content=\"Support ind\u00e9pendant pour mirador HS-40\" \/>\n<meta property=\"og:description\" content=\"Tenez votre \u00e9chelle de chasse HS-40 seule. Avec le support ind\u00e9pendant pour HS-40, vous pouvez, en quelques minutes, vous assurer que votre si\u00e8ge haut est debout ind\u00e9pendamment.\" \/>\n<meta property=\"og:url\" content=\"https:\/\/staging.lucky-hunter.com\/fr\/product\/stands-for-treestand-hs-40\/\" \/>\n<meta property=\"og:site_name\" content=\"Lucky-Hunter\" \/>\n<meta property=\"article:modified_time\" content=\"2023-02-01T23:49:10+00:00\" \/>\n<meta property=\"og:image\" content=\"https:\/\/staging.lucky-hunter.com\/wp-content\/uploads\/2016\/11\/HS-200-1.png\" \/>\n\t<meta property=\"og:image:width\" content=\"1000\" \/>\n\t<meta property=\"og:image:height\" content=\"1000\" \/>\n\t<meta property=\"og:image:type\" content=\"image\/png\" \/>\n<meta name=\"twitter:card\" content=\"summary_large_image\" \/>\n<meta name=\"twitter:title\" content=\"Support ind\u00e9pendant pour mirador HS-40\" \/>\n<meta name=\"twitter:description\" content=\"Tenez votre \u00e9chelle de chasse HS-40 seule. Avec le support ind\u00e9pendant pour HS-40, vous pouvez, en quelques minutes, vous assurer que votre si\u00e8ge haut est debout ind\u00e9pendamment.\" \/>\n<meta name=\"twitter:label1\" content=\"Dur\u00e9e de lecture estim\u00e9e\" \/>\n\t<meta name=\"twitter:data1\" content=\"1 minute\" \/>\n<script type=\"application\/ld+json\" class=\"yoast-schema-graph\">{\"@context\":\"https:\/\/schema.org\",\"@graph\":[{\"@type\":\"WebPage\",\"@id\":\"https:\/\/staging.lucky-hunter.com\/fr\/product\/stands-for-treestand-hs-40\/\",\"url\":\"https:\/\/staging.lucky-hunter.com\/fr\/product\/stands-for-treestand-hs-40\/\",\"name\":\"Support ind\u00e9pendant pour mirador HS-40\",\"isPartOf\":{\"@id\":\"https:\/\/staging.lucky-hunter.com\/#website\"},\"primaryImageOfPage\":{\"@id\":\"https:\/\/staging.lucky-hunter.com\/fr\/product\/stands-for-treestand-hs-40\/#primaryimage\"},\"image\":{\"@id\":\"https:\/\/staging.lucky-hunter.com\/fr\/product\/stands-for-treestand-hs-40\/#primaryimage\"},\"thumbnailUrl\":\"https:\/\/staging.lucky-hunter.com\/wp-content\/uploads\/2016\/11\/HS-200-1.png\",\"datePublished\":\"2016-11-07T15:02:04+00:00\",\"dateModified\":\"2023-02-01T23:49:10+00:00\",\"description\":\"Tenez votre treestand HS-40 tout seul. Avec le support ind\u00e9pendant pour HS-40, vous pouvez, en quelques minutes, vous assurer que votre si\u00e8ge haut est debout ind\u00e9pendamment.\",\"breadcrumb\":{\"@id\":\"https:\/\/staging.lucky-hunter.com\/fr\/product\/stands-for-treestand-hs-40\/#breadcrumb\"},\"inLanguage\":\"fr-FR\",\"potentialAction\":[{\"@type\":\"ReadAction\",\"target\":[\"https:\/\/staging.lucky-hunter.com\/fr\/product\/stands-for-treestand-hs-40\/\"]}]},{\"@type\":\"ImageObject\",\"inLanguage\":\"fr-FR\",\"@id\":\"https:\/\/staging.lucky-hunter.com\/fr\/product\/stands-for-treestand-hs-40\/#primaryimage\",\"url\":\"https:\/\/staging.lucky-hunter.com\/wp-content\/uploads\/2016\/11\/HS-200-1.png\",\"contentUrl\":\"https:\/\/staging.lucky-hunter.com\/wp-content\/uploads\/2016\/11\/HS-200-1.png\",\"width\":1000,\"height\":1000},{\"@type\":\"BreadcrumbList\",\"@id\":\"https:\/\/staging.lucky-hunter.com\/fr\/product\/stands-for-treestand-hs-40\/#breadcrumb\",\"itemListElement\":[{\"@type\":\"ListItem\",\"position\":1,\"name\":\"Home\",\"item\":\"https:\/\/staging.lucky-hunter.com\/fr\/\"},{\"@type\":\"ListItem\",\"position\":2,\"name\":\"Boutique\",\"item\":\"https:\/\/staging.lucky-hunter.com\/fr\/shop\/\"},{\"@type\":\"ListItem\",\"position\":3,\"name\":\"Support ind\u00e9pendant pour mirador HS-40\"}]},{\"@type\":\"WebSite\",\"@id\":\"https:\/\/staging.lucky-hunter.com\/#website\",\"url\":\"https:\/\/staging.lucky-hunter.com\/\",\"name\":\"Lucky-Hunter\",\"description\":\"Gear Up or Give Up\",\"potentialAction\":[{\"@type\":\"SearchAction\",\"target\":{\"@type\":\"EntryPoint\",\"urlTemplate\":\"https:\/\/staging.lucky-hunter.com\/?s={search_term_string}\"},\"query-input\":{\"@type\":\"PropertyValueSpecification\",\"valueRequired\":true,\"valueName\":\"search_term_string\"}}],\"inLanguage\":\"fr-FR\"}]}<\/script>\n<!-- \/ Yoast SEO plugin. -->","yoast_head_json":{"title":"Support ind\u00e9pendant pour mirador HS-40","description":"Tenez votre treestand HS-40 tout seul. Avec le support ind\u00e9pendant pour HS-40, vous pouvez, en quelques minutes, vous assurer que votre si\u00e8ge haut est debout ind\u00e9pendamment.","robots":{"index":"noindex","follow":"follow","max-snippet":"max-snippet:-1","max-image-preview":"max-image-preview:large","max-video-preview":"max-video-preview:-1"},"og_locale":"fr_FR","og_type":"article","og_title":"Support ind\u00e9pendant pour mirador HS-40","og_description":"Tenez votre \u00e9chelle de chasse HS-40 seule. Avec le support ind\u00e9pendant pour HS-40, vous pouvez, en quelques minutes, vous assurer que votre si\u00e8ge haut est debout ind\u00e9pendamment.","og_url":"https:\/\/staging.lucky-hunter.com\/fr\/product\/stands-for-treestand-hs-40\/","og_site_name":"Lucky-Hunter","article_modified_time":"2023-02-01T23:49:10+00:00","og_image":[{"width":1000,"height":1000,"url":"https:\/\/staging.lucky-hunter.com\/wp-content\/uploads\/2016\/11\/HS-200-1.png","type":"image\/png"}],"twitter_card":"summary_large_image","twitter_title":"Support ind\u00e9pendant pour mirador HS-40","twitter_description":"Tenez votre \u00e9chelle de chasse HS-40 seule. Avec le support ind\u00e9pendant pour HS-40, vous pouvez, en quelques minutes, vous assurer que votre si\u00e8ge haut est debout ind\u00e9pendamment.","twitter_misc":{"Dur\u00e9e de lecture estim\u00e9e":"1 minute"},"schema":{"@context":"https:\/\/schema.org","@graph":[{"@type":"WebPage","@id":"https:\/\/staging.lucky-hunter.com\/fr\/product\/stands-for-treestand-hs-40\/","url":"https:\/\/staging.lucky-hunter.com\/fr\/product\/stands-for-treestand-hs-40\/","name":"Support ind\u00e9pendant pour mirador HS-40","isPartOf":{"@id":"https:\/\/staging.lucky-hunter.com\/#website"},"primaryImageOfPage":{"@id":"https:\/\/staging.lucky-hunter.com\/fr\/product\/stands-for-treestand-hs-40\/#primaryimage"},"image":{"@id":"https:\/\/staging.lucky-hunter.com\/fr\/product\/stands-for-treestand-hs-40\/#primaryimage"},"thumbnailUrl":"https:\/\/staging.lucky-hunter.com\/wp-content\/uploads\/2016\/11\/HS-200-1.png","datePublished":"2016-11-07T15:02:04+00:00","dateModified":"2023-02-01T23:49:10+00:00","description":"Tenez votre treestand HS-40 tout seul. Avec le support ind\u00e9pendant pour HS-40, vous pouvez, en quelques minutes, vous assurer que votre si\u00e8ge haut est debout ind\u00e9pendamment.","breadcrumb":{"@id":"https:\/\/staging.lucky-hunter.com\/fr\/product\/stands-for-treestand-hs-40\/#breadcrumb"},"inLanguage":"fr-FR","potentialAction":[{"@type":"ReadAction","target":["https:\/\/staging.lucky-hunter.com\/fr\/product\/stands-for-treestand-hs-40\/"]}]},{"@type":"ImageObject","inLanguage":"fr-FR","@id":"https:\/\/staging.lucky-hunter.com\/fr\/product\/stands-for-treestand-hs-40\/#primaryimage","url":"https:\/\/staging.lucky-hunter.com\/wp-content\/uploads\/2016\/11\/HS-200-1.png","contentUrl":"https:\/\/staging.lucky-hunter.com\/wp-content\/uploads\/2016\/11\/HS-200-1.png","width":1000,"height":1000},{"@type":"BreadcrumbList","@id":"https:\/\/staging.lucky-hunter.com\/fr\/product\/stands-for-treestand-hs-40\/#breadcrumb","itemListElement":[{"@type":"ListItem","position":1,"name":"Home","item":"https:\/\/staging.lucky-hunter.com\/fr\/"},{"@type":"ListItem","position":2,"name":"Boutique","item":"https:\/\/staging.lucky-hunter.com\/fr\/shop\/"},{"@type":"ListItem","position":3,"name":"Support ind\u00e9pendant pour mirador HS-40"}]},{"@type":"WebSite","@id":"https:\/\/staging.lucky-hunter.com\/#website","url":"https:\/\/staging.lucky-hunter.com\/","name":"Lucky-Hunter","description":"Gear Up or Give Up","potentialAction":[{"@type":"SearchAction","target":{"@type":"EntryPoint","urlTemplate":"https:\/\/staging.lucky-hunter.com\/?s={search_term_string}"},"query-input":{"@type":"PropertyValueSpecification","valueRequired":true,"valueName":"search_term_string"}}],"inLanguage":"fr-FR"}]}},"_links":{"self":[{"href":"https:\/\/staging.lucky-hunter.com\/fr\/wp-json\/wp\/v2\/product\/31699"}],"collection":[{"href":"https:\/\/staging.lucky-hunter.com\/fr\/wp-json\/wp\/v2\/product"}],"about":[{"href":"https:\/\/staging.lucky-hunter.com\/fr\/wp-json\/wp\/v2\/types\/product"}],"wp:featuredmedia":[{"embeddable":true,"href":"https:\/\/staging.lucky-hunter.com\/fr\/wp-json\/wp\/v2\/media\/30709"}],"wp:attachment":[{"href":"https:\/\/staging.lucky-hunter.com\/fr\/wp-json\/wp\/v2\/media?parent=31699"}],"wp:term":[{"taxonomy":"product_brand","embeddable":true,"href":"https:\/\/staging.lucky-hunter.com\/fr\/wp-json\/wp\/v2\/product_brand?post=31699"},{"taxonomy":"product_cat","embeddable":true,"href":"https:\/\/staging.lucky-hunter.com\/fr\/wp-json\/wp\/v2\/product_cat?post=31699"},{"taxonomy":"product_tag","embeddable":true,"href":"https:\/\/staging.lucky-hunter.com\/fr\/wp-json\/wp\/v2\/product_tag?post=31699"}],"curies":[{"name":"wp","href":"https:\/\/api.w.org\/{rel}","templated":true}]}}