{"id":31649,"date":"2021-11-17T14:51:27","date_gmt":"2021-11-17T13:51:27","guid":{"rendered":"https:\/\/staging.lucky-hunter.com\/?post_type=product&#038;p=31649"},"modified":"2023-01-26T09:53:05","modified_gmt":"2023-01-26T08:53:05","slug":"lucky-duck-floater-mallard-drake","status":"publish","type":"product","link":"https:\/\/staging.lucky-hunter.com\/fr\/product\/lucky-duck-floater-mallard-drake\/","title":{"rendered":"Lucky Duck Floater &#8211; Canard Colvert"},"content":{"rendered":"<h2><strong>Nouvelle Forme de Canard \u00e0 Ailes Tournantes pour passionn\u00e9 de chasse au canard<\/strong><\/h2>\n<p>Laissez les piquets \u00e0 la maison, le Lucky Duck HD Floater est votre nouvel alli\u00e9 \u00e0 ailes tournantes pour les zones avec des eaux profondes ou des courants forts.<\/p>\n<p>Il s\u2019agit d\u2019un colvert flottant surdimensionn\u00e9 avec une quille lest\u00e9e et des ailes ondul\u00e9es noires qui attirent l\u2019attention de loin.<\/p>\n<p>Le nouveau module se glisse dans le haut du leurre.<\/p>\n<p><strong>Il est &#8220;r\u00e9sistant aux \u00e9claboussures&#8221; et non \u00e9tanche, sachez donc que le module m\u00e9canique ne doit pas \u00eatre sous l&#8217;eau.<\/strong><\/p>\n<p>Le Lucky HD Floater fonctionne pendant 12 \u00e0 14 heures avec 4 piles AA de qualit\u00e9.<\/p>\n<p>Compatible avec le kit de t\u00e9l\u00e9commande HD 2.0 (vendu s\u00e9par\u00e9ment)<\/p>\n<p><strong>Caract\u00e9ristiques\u00a0:<\/strong><\/p>\n<ul>\n<li>Forme surdimensionn\u00e9e qui r\u00e9sistera \u00e0 des ann\u00e9es d&#8217;utilisation<\/li>\n<li>Design flottant avec gorge lest\u00e9e<\/li>\n<li>Dot\u00e9 d\u2019ailes ondul\u00e9es magn\u00e9tiques<\/li>\n<li>L&#8217;unit\u00e9 m\u00e9canique se glisse dans le haut du leurre<\/li>\n<li>N\u00e9cessite 4 piles AA<\/li>\n<li>Fonctionne pendant 12 \u00e0 14 heures.<\/li>\n<\/ul>\n","protected":false},"excerpt":{"rendered":"<p>Laissez les piquets \u00e0 la maison, le Lucky Duck HD Floater est votre nouvel alli\u00e9 \u00e0 ailes tournantes pour les zones avec des eaux profondes ou des courants forts.<\/p>\n","protected":false},"featured_media":56573,"template":"","meta":[],"product_brand":[8124],"product_cat":[9737,8180],"product_tag":[9235],"yoast_head":"<!-- This site is optimized with the Yoast SEO plugin v24.3 - https:\/\/yoast.com\/wordpress\/plugins\/seo\/ -->\n<title>Lucky Duck Mallard Drake - Sculpture surdimensionn\u00e9e et quille lest\u00e9e<\/title>\n<meta name=\"description\" content=\"Laissez les piquets \u00e0 la maison, le Lucky Duck HD Floater est votre nouvel alli\u00e9 \u00e0 ailes tournantes pour les zones avec des eaux profondes ou des courants forts.\" \/>\n<meta name=\"robots\" content=\"noindex, follow, max-snippet:-1, max-image-preview:large, max-video-preview:-1\" \/>\n<meta property=\"og:locale\" content=\"fr_FR\" \/>\n<meta property=\"og:type\" content=\"article\" \/>\n<meta property=\"og:title\" content=\"Lucky Duck Mallard Drake - Sculpture surdimensionn\u00e9e et quille lest\u00e9e\" \/>\n<meta property=\"og:description\" content=\"Laissez les piquets \u00e0 la maison, le Lucky Duck HD Floater est votre nouvel alli\u00e9 \u00e0 ailes tournantes pour les zones avec des eaux profondes ou des courants forts.\" \/>\n<meta property=\"og:url\" content=\"https:\/\/staging.lucky-hunter.com\/fr\/product\/lucky-duck-floater-mallard-drake\/\" \/>\n<meta property=\"og:site_name\" content=\"Lucky-Hunter\" \/>\n<meta property=\"article:modified_time\" content=\"2023-01-26T08:53:05+00:00\" \/>\n<meta property=\"og:image\" content=\"https:\/\/staging.lucky-hunter.com\/wp-content\/uploads\/2021\/11\/LF-286-1.png\" \/>\n\t<meta property=\"og:image:width\" content=\"1000\" \/>\n\t<meta property=\"og:image:height\" content=\"1000\" \/>\n\t<meta property=\"og:image:type\" content=\"image\/png\" \/>\n<meta name=\"twitter:card\" content=\"summary_large_image\" \/>\n<meta name=\"twitter:label1\" content=\"Dur\u00e9e de lecture estim\u00e9e\" \/>\n\t<meta name=\"twitter:data1\" content=\"1 minute\" \/>\n<script type=\"application\/ld+json\" class=\"yoast-schema-graph\">{\"@context\":\"https:\/\/schema.org\",\"@graph\":[{\"@type\":\"WebPage\",\"@id\":\"https:\/\/staging.lucky-hunter.com\/fr\/product\/lucky-duck-floater-mallard-drake\/\",\"url\":\"https:\/\/staging.lucky-hunter.com\/fr\/product\/lucky-duck-floater-mallard-drake\/\",\"name\":\"Lucky Duck Mallard Drake - Sculpture surdimensionn\u00e9e et quille lest\u00e9e\",\"isPartOf\":{\"@id\":\"https:\/\/staging.lucky-hunter.com\/#website\"},\"primaryImageOfPage\":{\"@id\":\"https:\/\/staging.lucky-hunter.com\/fr\/product\/lucky-duck-floater-mallard-drake\/#primaryimage\"},\"image\":{\"@id\":\"https:\/\/staging.lucky-hunter.com\/fr\/product\/lucky-duck-floater-mallard-drake\/#primaryimage\"},\"thumbnailUrl\":\"https:\/\/staging.lucky-hunter.com\/wp-content\/uploads\/2021\/11\/LF-286-1.png\",\"datePublished\":\"2021-11-17T13:51:27+00:00\",\"dateModified\":\"2023-01-26T08:53:05+00:00\",\"description\":\"Laissez les piquets \u00e0 la maison, le Lucky Duck HD Floater est votre nouvel alli\u00e9 \u00e0 ailes tournantes pour les zones avec des eaux profondes ou des courants forts.\",\"breadcrumb\":{\"@id\":\"https:\/\/staging.lucky-hunter.com\/fr\/product\/lucky-duck-floater-mallard-drake\/#breadcrumb\"},\"inLanguage\":\"fr-FR\",\"potentialAction\":[{\"@type\":\"ReadAction\",\"target\":[\"https:\/\/staging.lucky-hunter.com\/fr\/product\/lucky-duck-floater-mallard-drake\/\"]}]},{\"@type\":\"ImageObject\",\"inLanguage\":\"fr-FR\",\"@id\":\"https:\/\/staging.lucky-hunter.com\/fr\/product\/lucky-duck-floater-mallard-drake\/#primaryimage\",\"url\":\"https:\/\/staging.lucky-hunter.com\/wp-content\/uploads\/2021\/11\/LF-286-1.png\",\"contentUrl\":\"https:\/\/staging.lucky-hunter.com\/wp-content\/uploads\/2021\/11\/LF-286-1.png\",\"width\":1000,\"height\":1000},{\"@type\":\"BreadcrumbList\",\"@id\":\"https:\/\/staging.lucky-hunter.com\/fr\/product\/lucky-duck-floater-mallard-drake\/#breadcrumb\",\"itemListElement\":[{\"@type\":\"ListItem\",\"position\":1,\"name\":\"Home\",\"item\":\"https:\/\/staging.lucky-hunter.com\/fr\/\"},{\"@type\":\"ListItem\",\"position\":2,\"name\":\"Boutique\",\"item\":\"https:\/\/staging.lucky-hunter.com\/fr\/shop\/\"},{\"@type\":\"ListItem\",\"position\":3,\"name\":\"Lucky Duck Floater &#8211; Canard Colvert\"}]},{\"@type\":\"WebSite\",\"@id\":\"https:\/\/staging.lucky-hunter.com\/#website\",\"url\":\"https:\/\/staging.lucky-hunter.com\/\",\"name\":\"Lucky-Hunter\",\"description\":\"Gear Up or Give Up\",\"potentialAction\":[{\"@type\":\"SearchAction\",\"target\":{\"@type\":\"EntryPoint\",\"urlTemplate\":\"https:\/\/staging.lucky-hunter.com\/?s={search_term_string}\"},\"query-input\":{\"@type\":\"PropertyValueSpecification\",\"valueRequired\":true,\"valueName\":\"search_term_string\"}}],\"inLanguage\":\"fr-FR\"}]}<\/script>\n<!-- \/ Yoast SEO plugin. -->","yoast_head_json":{"title":"Lucky Duck Mallard Drake - Sculpture surdimensionn\u00e9e et quille lest\u00e9e","description":"Laissez les piquets \u00e0 la maison, le Lucky Duck HD Floater est votre nouvel alli\u00e9 \u00e0 ailes tournantes pour les zones avec des eaux profondes ou des courants forts.","robots":{"index":"noindex","follow":"follow","max-snippet":"max-snippet:-1","max-image-preview":"max-image-preview:large","max-video-preview":"max-video-preview:-1"},"og_locale":"fr_FR","og_type":"article","og_title":"Lucky Duck Mallard Drake - Sculpture surdimensionn\u00e9e et quille lest\u00e9e","og_description":"Laissez les piquets \u00e0 la maison, le Lucky Duck HD Floater est votre nouvel alli\u00e9 \u00e0 ailes tournantes pour les zones avec des eaux profondes ou des courants forts.","og_url":"https:\/\/staging.lucky-hunter.com\/fr\/product\/lucky-duck-floater-mallard-drake\/","og_site_name":"Lucky-Hunter","article_modified_time":"2023-01-26T08:53:05+00:00","og_image":[{"width":1000,"height":1000,"url":"https:\/\/staging.lucky-hunter.com\/wp-content\/uploads\/2021\/11\/LF-286-1.png","type":"image\/png"}],"twitter_card":"summary_large_image","twitter_misc":{"Dur\u00e9e de lecture estim\u00e9e":"1 minute"},"schema":{"@context":"https:\/\/schema.org","@graph":[{"@type":"WebPage","@id":"https:\/\/staging.lucky-hunter.com\/fr\/product\/lucky-duck-floater-mallard-drake\/","url":"https:\/\/staging.lucky-hunter.com\/fr\/product\/lucky-duck-floater-mallard-drake\/","name":"Lucky Duck Mallard Drake - Sculpture surdimensionn\u00e9e et quille lest\u00e9e","isPartOf":{"@id":"https:\/\/staging.lucky-hunter.com\/#website"},"primaryImageOfPage":{"@id":"https:\/\/staging.lucky-hunter.com\/fr\/product\/lucky-duck-floater-mallard-drake\/#primaryimage"},"image":{"@id":"https:\/\/staging.lucky-hunter.com\/fr\/product\/lucky-duck-floater-mallard-drake\/#primaryimage"},"thumbnailUrl":"https:\/\/staging.lucky-hunter.com\/wp-content\/uploads\/2021\/11\/LF-286-1.png","datePublished":"2021-11-17T13:51:27+00:00","dateModified":"2023-01-26T08:53:05+00:00","description":"Laissez les piquets \u00e0 la maison, le Lucky Duck HD Floater est votre nouvel alli\u00e9 \u00e0 ailes tournantes pour les zones avec des eaux profondes ou des courants forts.","breadcrumb":{"@id":"https:\/\/staging.lucky-hunter.com\/fr\/product\/lucky-duck-floater-mallard-drake\/#breadcrumb"},"inLanguage":"fr-FR","potentialAction":[{"@type":"ReadAction","target":["https:\/\/staging.lucky-hunter.com\/fr\/product\/lucky-duck-floater-mallard-drake\/"]}]},{"@type":"ImageObject","inLanguage":"fr-FR","@id":"https:\/\/staging.lucky-hunter.com\/fr\/product\/lucky-duck-floater-mallard-drake\/#primaryimage","url":"https:\/\/staging.lucky-hunter.com\/wp-content\/uploads\/2021\/11\/LF-286-1.png","contentUrl":"https:\/\/staging.lucky-hunter.com\/wp-content\/uploads\/2021\/11\/LF-286-1.png","width":1000,"height":1000},{"@type":"BreadcrumbList","@id":"https:\/\/staging.lucky-hunter.com\/fr\/product\/lucky-duck-floater-mallard-drake\/#breadcrumb","itemListElement":[{"@type":"ListItem","position":1,"name":"Home","item":"https:\/\/staging.lucky-hunter.com\/fr\/"},{"@type":"ListItem","position":2,"name":"Boutique","item":"https:\/\/staging.lucky-hunter.com\/fr\/shop\/"},{"@type":"ListItem","position":3,"name":"Lucky Duck Floater &#8211; Canard Colvert"}]},{"@type":"WebSite","@id":"https:\/\/staging.lucky-hunter.com\/#website","url":"https:\/\/staging.lucky-hunter.com\/","name":"Lucky-Hunter","description":"Gear Up or Give Up","potentialAction":[{"@type":"SearchAction","target":{"@type":"EntryPoint","urlTemplate":"https:\/\/staging.lucky-hunter.com\/?s={search_term_string}"},"query-input":{"@type":"PropertyValueSpecification","valueRequired":true,"valueName":"search_term_string"}}],"inLanguage":"fr-FR"}]}},"_links":{"self":[{"href":"https:\/\/staging.lucky-hunter.com\/fr\/wp-json\/wp\/v2\/product\/31649"}],"collection":[{"href":"https:\/\/staging.lucky-hunter.com\/fr\/wp-json\/wp\/v2\/product"}],"about":[{"href":"https:\/\/staging.lucky-hunter.com\/fr\/wp-json\/wp\/v2\/types\/product"}],"wp:featuredmedia":[{"embeddable":true,"href":"https:\/\/staging.lucky-hunter.com\/fr\/wp-json\/wp\/v2\/media\/56573"}],"wp:attachment":[{"href":"https:\/\/staging.lucky-hunter.com\/fr\/wp-json\/wp\/v2\/media?parent=31649"}],"wp:term":[{"taxonomy":"product_brand","embeddable":true,"href":"https:\/\/staging.lucky-hunter.com\/fr\/wp-json\/wp\/v2\/product_brand?post=31649"},{"taxonomy":"product_cat","embeddable":true,"href":"https:\/\/staging.lucky-hunter.com\/fr\/wp-json\/wp\/v2\/product_cat?post=31649"},{"taxonomy":"product_tag","embeddable":true,"href":"https:\/\/staging.lucky-hunter.com\/fr\/wp-json\/wp\/v2\/product_tag?post=31649"}],"curies":[{"name":"wp","href":"https:\/\/api.w.org\/{rel}","templated":true}]}}