{"id":31648,"date":"2021-11-02T10:17:19","date_gmt":"2021-11-02T09:17:19","guid":{"rendered":"https:\/\/staging.lucky-hunter.com\/?post_type=product&#038;p=31648"},"modified":"2025-06-24T15:31:48","modified_gmt":"2025-06-24T13:31:48","slug":"kit-wobbler-auto-reglable-do-all","status":"publish","type":"product","link":"https:\/\/staging.lucky-hunter.com\/fr\/product\/kit-wobbler-auto-reglable-do-all\/","title":{"rendered":"Kit Wobbler Auto-R\u00e9glable &#8211; DO ALL"},"content":{"rendered":"<h2><strong>Parfait pour am\u00e9liorer votre tir sur cible mobile ainsi que vos comp\u00e9tences au stand de tir<\/strong><\/h2>\n<p>Le Kit Wobbler Auto-R\u00e9glable est un accessoire indispensable pour votre pi\u00e8ge automatique Do-All Outdoors.<\/p>\n<p>Le wobbler motoris\u00e9 positionnera automatiquement chaque cible de mani\u00e8re al\u00e9atoire, sans qu&#8217;aucune ne soit au m\u00eame endroit deux fois de suite. Ainsi, chaque tireur peut b\u00e9n\u00e9ficier de tous les types de pr\u00e9sentation de cible de mani\u00e8re automatique et sans les mains.<\/p>\n<p>La vari\u00e9t\u00e9 suppl\u00e9mentaire des tirs vous aidera \u00e0 rester concentr\u00e9 et \u00e0 ne pas tomber dans l&#8217;ennui que peut provoquer le m\u00eame tir r\u00e9p\u00e9titif.<\/p>\n<p>Ce simple lanceur de pi\u00e8ges optionnel met au d\u00e9fi vos comp\u00e9tences de tir avec des angles et des directions de cibles al\u00e9atoires.<\/p>\n<p>Se monte facilement sur les pi\u00e8ges automatiques Do-All Outdoors en rempla\u00e7ant le support pivotant.<\/p>\n<p>Compatible avec les mod\u00e8les Do All suivants :<\/p>\n<ul>\n<li>Raven<\/li>\n<li>Aerial Assault<\/li>\n<li>White Wing<\/li>\n<li>White Quail<\/li>\n<li>Double Eagle<\/li>\n<li>Fowl Play<\/li>\n<li>FlyWay 60<\/li>\n<li>FlyWay 80<\/li>\n<li>FlyWay 90<\/li>\n<\/ul>\n<p>NB ! Non compatible avec FireFly ou FlyWay 30<\/p>\n<p><strong>Sp\u00e9cifications :<\/strong><\/p>\n<ul>\n<li>Se d\u00e9place de 45\u00ba de gauche \u00e0 droite<\/li>\n<li>Se d\u00e9place de 15\u00ba \u00e0 45\u00ba de haut en bas<\/li>\n<li>Construction en acier r\u00e9sistant aux intemp\u00e9ries<\/li>\n<li>Aliment\u00e9 par une batterie de 12 volts (non incluse)<\/li>\n<li>Comprend des plaques directionnelles pour le mouvement de gauche \u00e0 droite et le mouvement oscillant.<\/li>\n<\/ul>\n<p><iframe title=\"The Wobbler by Do All Outdoors\" width=\"1020\" height=\"574\" src=\"https:\/\/www.youtube.com\/embed\/vGQRmB9OoAo?wmode=transparent&amp;rel=0&amp;feature=oembed&#038;enablejsapi=1&#038;origin=https:\/\/staging.lucky-hunter.com\" frameborder=\"0\" allow=\"accelerometer; autoplay; clipboard-write; encrypted-media; gyroscope; picture-in-picture; web-share\" referrerpolicy=\"strict-origin-when-cross-origin\" allowfullscreen><\/iframe><\/p>\n","protected":false},"excerpt":{"rendered":"<p>Le Kit Wobbler Auto-R\u00e9glable est un accessoire indispensable pour votre pi\u00e8ge automatique Do-All Outdoors.<\/p>\n","protected":false},"featured_media":30604,"template":"","meta":[],"product_brand":[8134],"product_cat":[8172],"product_tag":[],"yoast_head":"<!-- This site is optimized with the Yoast SEO plugin v24.3 - https:\/\/yoast.com\/wordpress\/plugins\/seo\/ -->\n<title>Kit Wobbler Auto-R\u00e9glable - DO ALL<\/title>\n<meta name=\"description\" content=\"Le Kit Wobbler Auto-R\u00e9glable est un accessoire indispensable pour votre pi\u00e8ge automatique Do-All Outdoors.\" \/>\n<meta name=\"robots\" content=\"noindex, follow, max-snippet:-1, max-image-preview:large, max-video-preview:-1\" \/>\n<meta property=\"og:locale\" content=\"fr_FR\" \/>\n<meta property=\"og:type\" content=\"article\" \/>\n<meta property=\"og:title\" content=\"Kit Wobbler Auto-R\u00e9glable - DO ALL\" \/>\n<meta property=\"og:description\" content=\"Le Kit Wobbler Auto-R\u00e9glable est un accessoire indispensable pour votre pi\u00e8ge automatique Do-All Outdoors.\" \/>\n<meta property=\"og:url\" content=\"https:\/\/staging.lucky-hunter.com\/fr\/product\/kit-wobbler-auto-reglable-do-all\/\" \/>\n<meta property=\"og:site_name\" content=\"Lucky-Hunter\" \/>\n<meta property=\"article:modified_time\" content=\"2025-06-24T13:31:48+00:00\" \/>\n<meta property=\"og:image\" content=\"https:\/\/staging.lucky-hunter.com\/wp-content\/uploads\/2021\/11\/ST-40-1.png\" \/>\n\t<meta property=\"og:image:width\" content=\"800\" \/>\n\t<meta property=\"og:image:height\" content=\"600\" \/>\n\t<meta property=\"og:image:type\" content=\"image\/png\" \/>\n<meta name=\"twitter:card\" content=\"summary_large_image\" \/>\n<meta name=\"twitter:label1\" content=\"Dur\u00e9e de lecture estim\u00e9e\" \/>\n\t<meta name=\"twitter:data1\" content=\"2 minutes\" \/>\n<script type=\"application\/ld+json\" class=\"yoast-schema-graph\">{\"@context\":\"https:\/\/schema.org\",\"@graph\":[{\"@type\":\"WebPage\",\"@id\":\"https:\/\/staging.lucky-hunter.com\/fr\/product\/kit-wobbler-auto-reglable-do-all\/\",\"url\":\"https:\/\/staging.lucky-hunter.com\/fr\/product\/kit-wobbler-auto-reglable-do-all\/\",\"name\":\"Kit Wobbler Auto-R\u00e9glable - DO ALL\",\"isPartOf\":{\"@id\":\"https:\/\/staging.lucky-hunter.com\/#website\"},\"primaryImageOfPage\":{\"@id\":\"https:\/\/staging.lucky-hunter.com\/fr\/product\/kit-wobbler-auto-reglable-do-all\/#primaryimage\"},\"image\":{\"@id\":\"https:\/\/staging.lucky-hunter.com\/fr\/product\/kit-wobbler-auto-reglable-do-all\/#primaryimage\"},\"thumbnailUrl\":\"https:\/\/staging.lucky-hunter.com\/wp-content\/uploads\/2021\/11\/ST-40-1.png\",\"datePublished\":\"2021-11-02T09:17:19+00:00\",\"dateModified\":\"2025-06-24T13:31:48+00:00\",\"description\":\"Le Kit Wobbler Auto-R\u00e9glable est un accessoire indispensable pour votre pi\u00e8ge automatique Do-All Outdoors.\",\"breadcrumb\":{\"@id\":\"https:\/\/staging.lucky-hunter.com\/fr\/product\/kit-wobbler-auto-reglable-do-all\/#breadcrumb\"},\"inLanguage\":\"fr-FR\",\"potentialAction\":[{\"@type\":\"ReadAction\",\"target\":[\"https:\/\/staging.lucky-hunter.com\/fr\/product\/kit-wobbler-auto-reglable-do-all\/\"]}]},{\"@type\":\"ImageObject\",\"inLanguage\":\"fr-FR\",\"@id\":\"https:\/\/staging.lucky-hunter.com\/fr\/product\/kit-wobbler-auto-reglable-do-all\/#primaryimage\",\"url\":\"https:\/\/staging.lucky-hunter.com\/wp-content\/uploads\/2021\/11\/ST-40-1.png\",\"contentUrl\":\"https:\/\/staging.lucky-hunter.com\/wp-content\/uploads\/2021\/11\/ST-40-1.png\",\"width\":800,\"height\":600},{\"@type\":\"BreadcrumbList\",\"@id\":\"https:\/\/staging.lucky-hunter.com\/fr\/product\/kit-wobbler-auto-reglable-do-all\/#breadcrumb\",\"itemListElement\":[{\"@type\":\"ListItem\",\"position\":1,\"name\":\"Home\",\"item\":\"https:\/\/staging.lucky-hunter.com\/fr\/\"},{\"@type\":\"ListItem\",\"position\":2,\"name\":\"Boutique\",\"item\":\"https:\/\/staging.lucky-hunter.com\/fr\/shop\/\"},{\"@type\":\"ListItem\",\"position\":3,\"name\":\"Kit Wobbler Auto-R\u00e9glable &#8211; DO ALL\"}]},{\"@type\":\"WebSite\",\"@id\":\"https:\/\/staging.lucky-hunter.com\/#website\",\"url\":\"https:\/\/staging.lucky-hunter.com\/\",\"name\":\"Lucky-Hunter\",\"description\":\"Gear Up or Give Up\",\"potentialAction\":[{\"@type\":\"SearchAction\",\"target\":{\"@type\":\"EntryPoint\",\"urlTemplate\":\"https:\/\/staging.lucky-hunter.com\/?s={search_term_string}\"},\"query-input\":{\"@type\":\"PropertyValueSpecification\",\"valueRequired\":true,\"valueName\":\"search_term_string\"}}],\"inLanguage\":\"fr-FR\"}]}<\/script>\n<!-- \/ Yoast SEO plugin. -->","yoast_head_json":{"title":"Kit Wobbler Auto-R\u00e9glable - DO ALL","description":"Le Kit Wobbler Auto-R\u00e9glable est un accessoire indispensable pour votre pi\u00e8ge automatique Do-All Outdoors.","robots":{"index":"noindex","follow":"follow","max-snippet":"max-snippet:-1","max-image-preview":"max-image-preview:large","max-video-preview":"max-video-preview:-1"},"og_locale":"fr_FR","og_type":"article","og_title":"Kit Wobbler Auto-R\u00e9glable - DO ALL","og_description":"Le Kit Wobbler Auto-R\u00e9glable est un accessoire indispensable pour votre pi\u00e8ge automatique Do-All Outdoors.","og_url":"https:\/\/staging.lucky-hunter.com\/fr\/product\/kit-wobbler-auto-reglable-do-all\/","og_site_name":"Lucky-Hunter","article_modified_time":"2025-06-24T13:31:48+00:00","og_image":[{"width":800,"height":600,"url":"https:\/\/staging.lucky-hunter.com\/wp-content\/uploads\/2021\/11\/ST-40-1.png","type":"image\/png"}],"twitter_card":"summary_large_image","twitter_misc":{"Dur\u00e9e de lecture estim\u00e9e":"2 minutes"},"schema":{"@context":"https:\/\/schema.org","@graph":[{"@type":"WebPage","@id":"https:\/\/staging.lucky-hunter.com\/fr\/product\/kit-wobbler-auto-reglable-do-all\/","url":"https:\/\/staging.lucky-hunter.com\/fr\/product\/kit-wobbler-auto-reglable-do-all\/","name":"Kit Wobbler Auto-R\u00e9glable - DO ALL","isPartOf":{"@id":"https:\/\/staging.lucky-hunter.com\/#website"},"primaryImageOfPage":{"@id":"https:\/\/staging.lucky-hunter.com\/fr\/product\/kit-wobbler-auto-reglable-do-all\/#primaryimage"},"image":{"@id":"https:\/\/staging.lucky-hunter.com\/fr\/product\/kit-wobbler-auto-reglable-do-all\/#primaryimage"},"thumbnailUrl":"https:\/\/staging.lucky-hunter.com\/wp-content\/uploads\/2021\/11\/ST-40-1.png","datePublished":"2021-11-02T09:17:19+00:00","dateModified":"2025-06-24T13:31:48+00:00","description":"Le Kit Wobbler Auto-R\u00e9glable est un accessoire indispensable pour votre pi\u00e8ge automatique Do-All Outdoors.","breadcrumb":{"@id":"https:\/\/staging.lucky-hunter.com\/fr\/product\/kit-wobbler-auto-reglable-do-all\/#breadcrumb"},"inLanguage":"fr-FR","potentialAction":[{"@type":"ReadAction","target":["https:\/\/staging.lucky-hunter.com\/fr\/product\/kit-wobbler-auto-reglable-do-all\/"]}]},{"@type":"ImageObject","inLanguage":"fr-FR","@id":"https:\/\/staging.lucky-hunter.com\/fr\/product\/kit-wobbler-auto-reglable-do-all\/#primaryimage","url":"https:\/\/staging.lucky-hunter.com\/wp-content\/uploads\/2021\/11\/ST-40-1.png","contentUrl":"https:\/\/staging.lucky-hunter.com\/wp-content\/uploads\/2021\/11\/ST-40-1.png","width":800,"height":600},{"@type":"BreadcrumbList","@id":"https:\/\/staging.lucky-hunter.com\/fr\/product\/kit-wobbler-auto-reglable-do-all\/#breadcrumb","itemListElement":[{"@type":"ListItem","position":1,"name":"Home","item":"https:\/\/staging.lucky-hunter.com\/fr\/"},{"@type":"ListItem","position":2,"name":"Boutique","item":"https:\/\/staging.lucky-hunter.com\/fr\/shop\/"},{"@type":"ListItem","position":3,"name":"Kit Wobbler Auto-R\u00e9glable &#8211; DO ALL"}]},{"@type":"WebSite","@id":"https:\/\/staging.lucky-hunter.com\/#website","url":"https:\/\/staging.lucky-hunter.com\/","name":"Lucky-Hunter","description":"Gear Up or Give Up","potentialAction":[{"@type":"SearchAction","target":{"@type":"EntryPoint","urlTemplate":"https:\/\/staging.lucky-hunter.com\/?s={search_term_string}"},"query-input":{"@type":"PropertyValueSpecification","valueRequired":true,"valueName":"search_term_string"}}],"inLanguage":"fr-FR"}]}},"_links":{"self":[{"href":"https:\/\/staging.lucky-hunter.com\/fr\/wp-json\/wp\/v2\/product\/31648"}],"collection":[{"href":"https:\/\/staging.lucky-hunter.com\/fr\/wp-json\/wp\/v2\/product"}],"about":[{"href":"https:\/\/staging.lucky-hunter.com\/fr\/wp-json\/wp\/v2\/types\/product"}],"wp:featuredmedia":[{"embeddable":true,"href":"https:\/\/staging.lucky-hunter.com\/fr\/wp-json\/wp\/v2\/media\/30604"}],"wp:attachment":[{"href":"https:\/\/staging.lucky-hunter.com\/fr\/wp-json\/wp\/v2\/media?parent=31648"}],"wp:term":[{"taxonomy":"product_brand","embeddable":true,"href":"https:\/\/staging.lucky-hunter.com\/fr\/wp-json\/wp\/v2\/product_brand?post=31648"},{"taxonomy":"product_cat","embeddable":true,"href":"https:\/\/staging.lucky-hunter.com\/fr\/wp-json\/wp\/v2\/product_cat?post=31648"},{"taxonomy":"product_tag","embeddable":true,"href":"https:\/\/staging.lucky-hunter.com\/fr\/wp-json\/wp\/v2\/product_tag?post=31648"}],"curies":[{"name":"wp","href":"https:\/\/api.w.org\/{rel}","templated":true}]}}